{"id":10723,"date":"2021-12-28T14:36:20","date_gmt":"2021-12-28T14:36:20","guid":{"rendered":"https:\/\/fcpr.org\/?page_id=10723"},"modified":"2022-12-05T11:17:07","modified_gmt":"2022-12-05T15:17:07","slug":"guia-para-comunicar-donativo-usd","status":"publish","type":"page","link":"https:\/\/www.fcpr.org\/en\/guia-para-comunicar-donativo-usd\/","title":{"rendered":"Donation Communication Guide (USF)"},"content":{"rendered":"<p>A la <strong>Puerto Rico Community Foundation<\/strong> (FCPR) is excited about each grant and the results it generates in your nonprofit organization and in your community. With the grant, as well as technical assistance, training and funding, we continue to contribute to the development of our communities by increasing and strengthening community capital: physical, financial, human, social, ecological and cultural. We encourage you to tell the story behind this grant - how it benefits your community - in internal communications such as newsletters, social media and broad public communications. <strong>By communicating your story, you provide transparency about your work, build trust with your community and donors, and inspire others to join you in your work.<\/strong>.<\/p>\n\n\n\n<h2 class=\"wp-block-heading\">Guide for <a href=\"https:\/\/www.fcpr.org\/wp-content\/uploads\/2022\/12\/Guia-para-comunicar-donativo-Servicios-al-Donante-OCT-2022.pdf\" target=\"_blank\" rel=\"noreferrer noopener\">communicate donation<\/a> <\/h2>\n\n\n\n<h2 class=\"wp-block-heading\">Guide for<a href=\"https:\/\/www.fcpr.org\/wp-content\/uploads\/2022\/12\/Guia-para-comunicar-beca-de-FCPR-OCT-2022.pdf\" target=\"_blank\" rel=\"noreferrer noopener\"> report scholarship <\/a><\/h2>\n\n\n\n<h2 class=\"wp-block-heading\">Example of <a href=\"https:\/\/fcpr.org\/wp-content\/uploads\/2015\/11\/Ejemplo-de-comunicado-para-ONG-Servicios-al-Donante-1.pdf\" target=\"_blank\" rel=\"noreferrer noopener\">communication to communicate donation <\/a><\/h2>","protected":false},"excerpt":{"rendered":"<p>A la Fundaci\u00f3n Comunitaria de Puerto Rico (FCPR) le entusiasma el otorgamiento de cada donativo y el resultado que genera en su organizaci\u00f3n sin fines de lucro y en su comunidad. Con el donativo, as\u00ed como con la asistencia t\u00e9cnica, las capacitaciones y el financiamiento, continuamos contribuyendo al desarrollo de nuestras comunidades incrementando y fortaleciendo [&hellip;]<\/p>\n","protected":false},"author":7,"featured_media":0,"parent":0,"menu_order":0,"comment_status":"closed","ping_status":"closed","template":"","meta":{"give_campaign_id":0,"footnotes":""},"class_list":["post-10723","page","type-page","status-publish","hentry"],"yoast_head":"<!-- This site is optimized with the Yoast SEO Premium plugin v27.2 (Yoast SEO v27.3) - https:\/\/yoast.com\/product\/yoast-seo-premium-wordpress\/ -->\n<title>Gu\u00eda para comunicar donativo (USF) - Fundaci\u00f3n Comunitaria de Puerto Rico<\/title>\n<meta name=\"robots\" content=\"index, follow, max-snippet:-1, max-image-preview:large, max-video-preview:-1\" \/>\n<link rel=\"canonical\" href=\"https:\/\/www.fcpr.org\/en\/guia-para-comunicar-donativo-usd\/\" \/>\n<meta property=\"og:locale\" content=\"en_US\" \/>\n<meta property=\"og:type\" content=\"article\" \/>\n<meta property=\"og:title\" content=\"Gu\u00eda para comunicar donativo (USF)\" \/>\n<meta property=\"og:description\" content=\"A la Fundaci\u00f3n Comunitaria de Puerto Rico (FCPR) le entusiasma el otorgamiento de cada donativo y el resultado que genera en su organizaci\u00f3n sin fines de lucro y en su comunidad. Con el donativo, as\u00ed como con la asistencia t\u00e9cnica, las capacitaciones y el financiamiento, continuamos contribuyendo al desarrollo de nuestras comunidades incrementando y fortaleciendo [&hellip;]\" \/>\n<meta property=\"og:url\" content=\"https:\/\/www.fcpr.org\/en\/guia-para-comunicar-donativo-usd\/\" \/>\n<meta property=\"og:site_name\" content=\"Fundaci\u00f3n Comunitaria de Puerto Rico\" \/>\n<meta property=\"article:publisher\" content=\"https:\/\/www.facebook.com\/FundacionComunitaria\" \/>\n<meta property=\"article:modified_time\" content=\"2022-12-05T15:17:07+00:00\" \/>\n<meta name=\"twitter:card\" content=\"summary_large_image\" \/>\n<meta name=\"twitter:site\" content=\"@FComunitaria\" \/>\n<meta name=\"twitter:label1\" content=\"Est. reading time\" \/>\n\t<meta name=\"twitter:data1\" content=\"1 minute\" \/>\n<script type=\"application\/ld+json\" class=\"yoast-schema-graph\">{\"@context\":\"https:\\\/\\\/schema.org\",\"@graph\":[{\"@type\":\"WebPage\",\"@id\":\"https:\\\/\\\/www.fcpr.org\\\/guia-para-comunicar-donativo-usd\\\/\",\"url\":\"https:\\\/\\\/www.fcpr.org\\\/guia-para-comunicar-donativo-usd\\\/\",\"name\":\"Gu\u00eda para comunicar donativo (USF) - Fundaci\u00f3n Comunitaria de Puerto Rico\",\"isPartOf\":{\"@id\":\"https:\\\/\\\/www.fcpr.org\\\/#website\"},\"datePublished\":\"2021-12-28T14:36:20+00:00\",\"dateModified\":\"2022-12-05T15:17:07+00:00\",\"breadcrumb\":{\"@id\":\"https:\\\/\\\/www.fcpr.org\\\/guia-para-comunicar-donativo-usd\\\/#breadcrumb\"},\"inLanguage\":\"en-US\",\"potentialAction\":[{\"@type\":\"ReadAction\",\"target\":[\"https:\\\/\\\/www.fcpr.org\\\/guia-para-comunicar-donativo-usd\\\/\"]}]},{\"@type\":\"BreadcrumbList\",\"@id\":\"https:\\\/\\\/www.fcpr.org\\\/guia-para-comunicar-donativo-usd\\\/#breadcrumb\",\"itemListElement\":[{\"@type\":\"ListItem\",\"position\":1,\"name\":\"Home\",\"item\":\"https:\\\/\\\/www.fcpr.org\\\/\"},{\"@type\":\"ListItem\",\"position\":2,\"name\":\"Gu\u00eda para comunicar donativo (USF)\"}]},{\"@type\":\"WebSite\",\"@id\":\"https:\\\/\\\/www.fcpr.org\\\/#website\",\"url\":\"https:\\\/\\\/www.fcpr.org\\\/\",\"name\":\"Fundaci\u00f3n Comunitaria de Puerto Rico\",\"description\":\"Fortaleciendo el Capital Comunitario\",\"publisher\":{\"@id\":\"https:\\\/\\\/www.fcpr.org\\\/#organization\"},\"potentialAction\":[{\"@type\":\"SearchAction\",\"target\":{\"@type\":\"EntryPoint\",\"urlTemplate\":\"https:\\\/\\\/www.fcpr.org\\\/?s={search_term_string}\"},\"query-input\":{\"@type\":\"PropertyValueSpecification\",\"valueRequired\":true,\"valueName\":\"search_term_string\"}}],\"inLanguage\":\"en-US\"},{\"@type\":\"Organization\",\"@id\":\"https:\\\/\\\/www.fcpr.org\\\/#organization\",\"name\":\"Fundaci\u00f3n Comunitaria de Puerto Rico\",\"url\":\"https:\\\/\\\/www.fcpr.org\\\/\",\"logo\":{\"@type\":\"ImageObject\",\"inLanguage\":\"en-US\",\"@id\":\"https:\\\/\\\/www.fcpr.org\\\/#\\\/schema\\\/logo\\\/image\\\/\",\"url\":\"https:\\\/\\\/www.fcpr.org\\\/wp-content\\\/uploads\\\/2016\\\/08\\\/logo-corp-red.png\",\"contentUrl\":\"https:\\\/\\\/www.fcpr.org\\\/wp-content\\\/uploads\\\/2016\\\/08\\\/logo-corp-red.png\",\"width\":221,\"height\":32,\"caption\":\"Fundaci\u00f3n Comunitaria de Puerto Rico\"},\"image\":{\"@id\":\"https:\\\/\\\/www.fcpr.org\\\/#\\\/schema\\\/logo\\\/image\\\/\"},\"sameAs\":[\"https:\\\/\\\/www.facebook.com\\\/FundacionComunitaria\",\"https:\\\/\\\/x.com\\\/FComunitaria\",\"https:\\\/\\\/www.instagram.com\\\/fundacioncomunitaria\\\/\",\"https:\\\/\\\/www.youtube.com\\\/channel\\\/UCGGW21eIGw6NRin0BrylmWg\"]}]}<\/script>\n<!-- \/ Yoast SEO Premium plugin. -->","yoast_head_json":{"title":"Guide for communicating donations (USF) - Fundaci\u00f3n Comunitaria de Puerto Rico","robots":{"index":"index","follow":"follow","max-snippet":"max-snippet:-1","max-image-preview":"max-image-preview:large","max-video-preview":"max-video-preview:-1"},"canonical":"https:\/\/www.fcpr.org\/en\/guia-para-comunicar-donativo-usd\/","og_locale":"en_US","og_type":"article","og_title":"Gu\u00eda para comunicar donativo (USF)","og_description":"A la Fundaci\u00f3n Comunitaria de Puerto Rico (FCPR) le entusiasma el otorgamiento de cada donativo y el resultado que genera en su organizaci\u00f3n sin fines de lucro y en su comunidad. Con el donativo, as\u00ed como con la asistencia t\u00e9cnica, las capacitaciones y el financiamiento, continuamos contribuyendo al desarrollo de nuestras comunidades incrementando y fortaleciendo [&hellip;]","og_url":"https:\/\/www.fcpr.org\/en\/guia-para-comunicar-donativo-usd\/","og_site_name":"Fundaci\u00f3n Comunitaria de Puerto Rico","article_publisher":"https:\/\/www.facebook.com\/FundacionComunitaria","article_modified_time":"2022-12-05T15:17:07+00:00","twitter_card":"summary_large_image","twitter_site":"@FComunitaria","twitter_misc":{"Est. reading time":"1 minute"},"schema":{"@context":"https:\/\/schema.org","@graph":[{"@type":"WebPage","@id":"https:\/\/www.fcpr.org\/guia-para-comunicar-donativo-usd\/","url":"https:\/\/www.fcpr.org\/guia-para-comunicar-donativo-usd\/","name":"Guide for communicating donations (USF) - Fundaci\u00f3n Comunitaria de Puerto Rico","isPartOf":{"@id":"https:\/\/www.fcpr.org\/#website"},"datePublished":"2021-12-28T14:36:20+00:00","dateModified":"2022-12-05T15:17:07+00:00","breadcrumb":{"@id":"https:\/\/www.fcpr.org\/guia-para-comunicar-donativo-usd\/#breadcrumb"},"inLanguage":"en-US","potentialAction":[{"@type":"ReadAction","target":["https:\/\/www.fcpr.org\/guia-para-comunicar-donativo-usd\/"]}]},{"@type":"BreadcrumbList","@id":"https:\/\/www.fcpr.org\/guia-para-comunicar-donativo-usd\/#breadcrumb","itemListElement":[{"@type":"ListItem","position":1,"name":"Home","item":"https:\/\/www.fcpr.org\/"},{"@type":"ListItem","position":2,"name":"Gu\u00eda para comunicar donativo (USF)"}]},{"@type":"WebSite","@id":"https:\/\/www.fcpr.org\/#website","url":"https:\/\/www.fcpr.org\/","name":"Puerto Rico Community Foundation","description":"Strengthening Community Capital","publisher":{"@id":"https:\/\/www.fcpr.org\/#organization"},"potentialAction":[{"@type":"SearchAction","target":{"@type":"EntryPoint","urlTemplate":"https:\/\/www.fcpr.org\/?s={search_term_string}"},"query-input":{"@type":"PropertyValueSpecification","valueRequired":true,"valueName":"search_term_string"}}],"inLanguage":"en-US"},{"@type":"Organization","@id":"https:\/\/www.fcpr.org\/#organization","name":"Puerto Rico Community Foundation","url":"https:\/\/www.fcpr.org\/","logo":{"@type":"ImageObject","inLanguage":"en-US","@id":"https:\/\/www.fcpr.org\/#\/schema\/logo\/image\/","url":"https:\/\/www.fcpr.org\/wp-content\/uploads\/2016\/08\/logo-corp-red.png","contentUrl":"https:\/\/www.fcpr.org\/wp-content\/uploads\/2016\/08\/logo-corp-red.png","width":221,"height":32,"caption":"Fundaci\u00f3n Comunitaria de Puerto Rico"},"image":{"@id":"https:\/\/www.fcpr.org\/#\/schema\/logo\/image\/"},"sameAs":["https:\/\/www.facebook.com\/FundacionComunitaria","https:\/\/x.com\/FComunitaria","https:\/\/www.instagram.com\/fundacioncomunitaria\/","https:\/\/www.youtube.com\/channel\/UCGGW21eIGw6NRin0BrylmWg"]}]}},"campaignId":"","_links":{"self":[{"href":"https:\/\/www.fcpr.org\/en\/wp-json\/wp\/v2\/pages\/10723","targetHints":{"allow":["GET"]}}],"collection":[{"href":"https:\/\/www.fcpr.org\/en\/wp-json\/wp\/v2\/pages"}],"about":[{"href":"https:\/\/www.fcpr.org\/en\/wp-json\/wp\/v2\/types\/page"}],"author":[{"embeddable":true,"href":"https:\/\/www.fcpr.org\/en\/wp-json\/wp\/v2\/users\/7"}],"replies":[{"embeddable":true,"href":"https:\/\/www.fcpr.org\/en\/wp-json\/wp\/v2\/comments?post=10723"}],"version-history":[{"count":6,"href":"https:\/\/www.fcpr.org\/en\/wp-json\/wp\/v2\/pages\/10723\/revisions"}],"predecessor-version":[{"id":12374,"href":"https:\/\/www.fcpr.org\/en\/wp-json\/wp\/v2\/pages\/10723\/revisions\/12374"}],"wp:attachment":[{"href":"https:\/\/www.fcpr.org\/en\/wp-json\/wp\/v2\/media?parent=10723"}],"curies":[{"name":"wp","href":"https:\/\/api.w.org\/{rel}","templated":true}]}}