{"id":10743,"date":"2022-01-03T14:26:19","date_gmt":"2022-01-03T14:26:19","guid":{"rendered":"https:\/\/fcpr.org\/?page_id=10743"},"modified":"2024-04-16T11:00:58","modified_gmt":"2024-04-16T15:00:58","slug":"empleo","status":"publish","type":"page","link":"https:\/\/www.fcpr.org\/en\/empleo\/","title":{"rendered":"Employment opportunities"},"content":{"rendered":"<h2 class=\"wp-block-heading\" id=\"oportunidades-de-empleo\"><strong>The Puerto Rico Community Foundation<\/strong> (FCPR) is a philanthropic organization 1101.1 of the Puerto Rico Internal Revenue Code and a 501(c)(3) organization under the Federal Internal Revenue Code.<\/h2>\n\n\n\n<p>Since 1984, donors have contributed to the development of Puerto Rican communities through the FCPR. Individuals, families, corporations or foundations have found in the FCPR the ideal philanthropic ally, an entity that has helped them turn into reality the desire to support the causes they are passionate about through the <strong>establishment, custody and administration of funds<\/strong>.<\/p>\n\n\n\n<p>The Foundation, in addition, <strong>facilitates transformation processes <\/strong>in communities, promoting access to renewable energy, potable water, housing, community economic development and education. Through access, tenure, and management of these resources, it promotes <strong>equity, social justice and community prosperity.<\/strong><\/p>\n\n\n\n<p>In summary, FCPR performs several roles: grant-maker\/grant-seeker; and serves as program manager, philanthropic leader, community coordinator, fund manager and custodian of the community endowment fund.<\/p>\n\n\n\n<h6 class=\"wp-block-heading\"><a href=\"https:\/\/www.fcpr.org\/en\/2024\/03\/08\/convocatoria-de-coordinador-a-de-servicios-filantropicos-posicion-exenta-a-tiempo-completo\/\"><br><\/a><a href=\"https:\/\/www.fcpr.org\/en\/2024\/04\/16\/announcement-energy-program-officer-exempt-full-time-position-temporary-contract\/\">Energy program officer<\/a><\/h6>\n\n\n\n<h6 class=\"wp-block-heading\"><a href=\"https:\/\/www.fcpr.org\/en\/2024\/04\/16\/announcement-energy-program-coordinator-exempt-full-time-position-temporary-contract\/\">Energy program coordinator<\/a><\/h6>\n\n\n\n<h6 class=\"wp-block-heading\"><\/h6>\n\n\n\n<h6 class=\"wp-block-heading\"><\/h6>\n\n\n\n<p><\/p>","protected":false},"excerpt":{"rendered":"<p>La Fundaci\u00f3n Comunitaria de Puerto Rico (FCPR) es una organizaci\u00f3n filantr\u00f3pica 1101.1 del C\u00f3digo de Rentas Internas de Puerto Rico y una organizaci\u00f3n 501(c)(3) del C\u00f3digo de Rentas Internas Federal. Desde 1984, donantes han aportado al desarrollo de las comunidades puertorrique\u00f1as a trav\u00e9s de la FCPR. Individuos, familias, corporaciones o fundaciones, han encontrado en la [&hellip;]<\/p>\n","protected":false},"author":7,"featured_media":0,"parent":0,"menu_order":0,"comment_status":"closed","ping_status":"closed","template":"","meta":{"give_campaign_id":0,"footnotes":""},"class_list":["post-10743","page","type-page","status-publish","hentry"],"yoast_head":"<!-- This site is optimized with the Yoast SEO Premium plugin v27.2 (Yoast SEO v27.3) - https:\/\/yoast.com\/product\/yoast-seo-premium-wordpress\/ -->\n<title>Opotunidades de empleo - Fundaci\u00f3n Comunitaria de Puerto Rico<\/title>\n<meta name=\"robots\" content=\"index, follow, max-snippet:-1, max-image-preview:large, max-video-preview:-1\" \/>\n<link rel=\"canonical\" href=\"https:\/\/www.fcpr.org\/en\/empleo\/\" \/>\n<meta property=\"og:locale\" content=\"en_US\" \/>\n<meta property=\"og:type\" content=\"article\" \/>\n<meta property=\"og:title\" content=\"Opotunidades de empleo\" \/>\n<meta property=\"og:description\" content=\"La Fundaci\u00f3n Comunitaria de Puerto Rico (FCPR) es una organizaci\u00f3n filantr\u00f3pica 1101.1 del C\u00f3digo de Rentas Internas de Puerto Rico y una organizaci\u00f3n 501(c)(3) del C\u00f3digo de Rentas Internas Federal. Desde 1984, donantes han aportado al desarrollo de las comunidades puertorrique\u00f1as a trav\u00e9s de la FCPR. Individuos, familias, corporaciones o fundaciones, han encontrado en la [&hellip;]\" \/>\n<meta property=\"og:url\" content=\"https:\/\/www.fcpr.org\/en\/empleo\/\" \/>\n<meta property=\"og:site_name\" content=\"Fundaci\u00f3n Comunitaria de Puerto Rico\" \/>\n<meta property=\"article:publisher\" content=\"https:\/\/www.facebook.com\/FundacionComunitaria\" \/>\n<meta property=\"article:modified_time\" content=\"2024-04-16T15:00:58+00:00\" \/>\n<meta name=\"twitter:card\" content=\"summary_large_image\" \/>\n<meta name=\"twitter:site\" content=\"@FComunitaria\" \/>\n<meta name=\"twitter:label1\" content=\"Est. reading time\" \/>\n\t<meta name=\"twitter:data1\" content=\"1 minute\" \/>\n<script type=\"application\/ld+json\" class=\"yoast-schema-graph\">{\"@context\":\"https:\\\/\\\/schema.org\",\"@graph\":[{\"@type\":\"WebPage\",\"@id\":\"https:\\\/\\\/www.fcpr.org\\\/empleo\\\/\",\"url\":\"https:\\\/\\\/www.fcpr.org\\\/empleo\\\/\",\"name\":\"Opotunidades de empleo - Fundaci\u00f3n Comunitaria de Puerto Rico\",\"isPartOf\":{\"@id\":\"https:\\\/\\\/www.fcpr.org\\\/#website\"},\"datePublished\":\"2022-01-03T14:26:19+00:00\",\"dateModified\":\"2024-04-16T15:00:58+00:00\",\"breadcrumb\":{\"@id\":\"https:\\\/\\\/www.fcpr.org\\\/empleo\\\/#breadcrumb\"},\"inLanguage\":\"en-US\",\"potentialAction\":[{\"@type\":\"ReadAction\",\"target\":[\"https:\\\/\\\/www.fcpr.org\\\/empleo\\\/\"]}]},{\"@type\":\"BreadcrumbList\",\"@id\":\"https:\\\/\\\/www.fcpr.org\\\/empleo\\\/#breadcrumb\",\"itemListElement\":[{\"@type\":\"ListItem\",\"position\":1,\"name\":\"Home\",\"item\":\"https:\\\/\\\/www.fcpr.org\\\/\"},{\"@type\":\"ListItem\",\"position\":2,\"name\":\"Opotunidades de empleo\"}]},{\"@type\":\"WebSite\",\"@id\":\"https:\\\/\\\/www.fcpr.org\\\/#website\",\"url\":\"https:\\\/\\\/www.fcpr.org\\\/\",\"name\":\"Fundaci\u00f3n Comunitaria de Puerto Rico\",\"description\":\"Fortaleciendo el Capital Comunitario\",\"publisher\":{\"@id\":\"https:\\\/\\\/www.fcpr.org\\\/#organization\"},\"potentialAction\":[{\"@type\":\"SearchAction\",\"target\":{\"@type\":\"EntryPoint\",\"urlTemplate\":\"https:\\\/\\\/www.fcpr.org\\\/?s={search_term_string}\"},\"query-input\":{\"@type\":\"PropertyValueSpecification\",\"valueRequired\":true,\"valueName\":\"search_term_string\"}}],\"inLanguage\":\"en-US\"},{\"@type\":\"Organization\",\"@id\":\"https:\\\/\\\/www.fcpr.org\\\/#organization\",\"name\":\"Fundaci\u00f3n Comunitaria de Puerto Rico\",\"url\":\"https:\\\/\\\/www.fcpr.org\\\/\",\"logo\":{\"@type\":\"ImageObject\",\"inLanguage\":\"en-US\",\"@id\":\"https:\\\/\\\/www.fcpr.org\\\/#\\\/schema\\\/logo\\\/image\\\/\",\"url\":\"https:\\\/\\\/www.fcpr.org\\\/wp-content\\\/uploads\\\/2016\\\/08\\\/logo-corp-red.png\",\"contentUrl\":\"https:\\\/\\\/www.fcpr.org\\\/wp-content\\\/uploads\\\/2016\\\/08\\\/logo-corp-red.png\",\"width\":221,\"height\":32,\"caption\":\"Fundaci\u00f3n Comunitaria de Puerto Rico\"},\"image\":{\"@id\":\"https:\\\/\\\/www.fcpr.org\\\/#\\\/schema\\\/logo\\\/image\\\/\"},\"sameAs\":[\"https:\\\/\\\/www.facebook.com\\\/FundacionComunitaria\",\"https:\\\/\\\/x.com\\\/FComunitaria\",\"https:\\\/\\\/www.instagram.com\\\/fundacioncomunitaria\\\/\",\"https:\\\/\\\/www.youtube.com\\\/channel\\\/UCGGW21eIGw6NRin0BrylmWg\"]}]}<\/script>\n<!-- \/ Yoast SEO Premium plugin. -->","yoast_head_json":{"title":"Employment opportunities - Community Foundation of Puerto Rico","robots":{"index":"index","follow":"follow","max-snippet":"max-snippet:-1","max-image-preview":"max-image-preview:large","max-video-preview":"max-video-preview:-1"},"canonical":"https:\/\/www.fcpr.org\/en\/empleo\/","og_locale":"en_US","og_type":"article","og_title":"Opotunidades de empleo","og_description":"La Fundaci\u00f3n Comunitaria de Puerto Rico (FCPR) es una organizaci\u00f3n filantr\u00f3pica 1101.1 del C\u00f3digo de Rentas Internas de Puerto Rico y una organizaci\u00f3n 501(c)(3) del C\u00f3digo de Rentas Internas Federal. Desde 1984, donantes han aportado al desarrollo de las comunidades puertorrique\u00f1as a trav\u00e9s de la FCPR. Individuos, familias, corporaciones o fundaciones, han encontrado en la [&hellip;]","og_url":"https:\/\/www.fcpr.org\/en\/empleo\/","og_site_name":"Fundaci\u00f3n Comunitaria de Puerto Rico","article_publisher":"https:\/\/www.facebook.com\/FundacionComunitaria","article_modified_time":"2024-04-16T15:00:58+00:00","twitter_card":"summary_large_image","twitter_site":"@FComunitaria","twitter_misc":{"Est. reading time":"1 minute"},"schema":{"@context":"https:\/\/schema.org","@graph":[{"@type":"WebPage","@id":"https:\/\/www.fcpr.org\/empleo\/","url":"https:\/\/www.fcpr.org\/empleo\/","name":"Employment opportunities - Community Foundation of Puerto Rico","isPartOf":{"@id":"https:\/\/www.fcpr.org\/#website"},"datePublished":"2022-01-03T14:26:19+00:00","dateModified":"2024-04-16T15:00:58+00:00","breadcrumb":{"@id":"https:\/\/www.fcpr.org\/empleo\/#breadcrumb"},"inLanguage":"en-US","potentialAction":[{"@type":"ReadAction","target":["https:\/\/www.fcpr.org\/empleo\/"]}]},{"@type":"BreadcrumbList","@id":"https:\/\/www.fcpr.org\/empleo\/#breadcrumb","itemListElement":[{"@type":"ListItem","position":1,"name":"Home","item":"https:\/\/www.fcpr.org\/"},{"@type":"ListItem","position":2,"name":"Opotunidades de empleo"}]},{"@type":"WebSite","@id":"https:\/\/www.fcpr.org\/#website","url":"https:\/\/www.fcpr.org\/","name":"Puerto Rico Community Foundation","description":"Strengthening Community Capital","publisher":{"@id":"https:\/\/www.fcpr.org\/#organization"},"potentialAction":[{"@type":"SearchAction","target":{"@type":"EntryPoint","urlTemplate":"https:\/\/www.fcpr.org\/?s={search_term_string}"},"query-input":{"@type":"PropertyValueSpecification","valueRequired":true,"valueName":"search_term_string"}}],"inLanguage":"en-US"},{"@type":"Organization","@id":"https:\/\/www.fcpr.org\/#organization","name":"Puerto Rico Community Foundation","url":"https:\/\/www.fcpr.org\/","logo":{"@type":"ImageObject","inLanguage":"en-US","@id":"https:\/\/www.fcpr.org\/#\/schema\/logo\/image\/","url":"https:\/\/www.fcpr.org\/wp-content\/uploads\/2016\/08\/logo-corp-red.png","contentUrl":"https:\/\/www.fcpr.org\/wp-content\/uploads\/2016\/08\/logo-corp-red.png","width":221,"height":32,"caption":"Fundaci\u00f3n Comunitaria de Puerto Rico"},"image":{"@id":"https:\/\/www.fcpr.org\/#\/schema\/logo\/image\/"},"sameAs":["https:\/\/www.facebook.com\/FundacionComunitaria","https:\/\/x.com\/FComunitaria","https:\/\/www.instagram.com\/fundacioncomunitaria\/","https:\/\/www.youtube.com\/channel\/UCGGW21eIGw6NRin0BrylmWg"]}]}},"campaignId":"","_links":{"self":[{"href":"https:\/\/www.fcpr.org\/en\/wp-json\/wp\/v2\/pages\/10743","targetHints":{"allow":["GET"]}}],"collection":[{"href":"https:\/\/www.fcpr.org\/en\/wp-json\/wp\/v2\/pages"}],"about":[{"href":"https:\/\/www.fcpr.org\/en\/wp-json\/wp\/v2\/types\/page"}],"author":[{"embeddable":true,"href":"https:\/\/www.fcpr.org\/en\/wp-json\/wp\/v2\/users\/7"}],"replies":[{"embeddable":true,"href":"https:\/\/www.fcpr.org\/en\/wp-json\/wp\/v2\/comments?post=10743"}],"version-history":[{"count":46,"href":"https:\/\/www.fcpr.org\/en\/wp-json\/wp\/v2\/pages\/10743\/revisions"}],"predecessor-version":[{"id":15584,"href":"https:\/\/www.fcpr.org\/en\/wp-json\/wp\/v2\/pages\/10743\/revisions\/15584"}],"wp:attachment":[{"href":"https:\/\/www.fcpr.org\/en\/wp-json\/wp\/v2\/media?parent=10743"}],"curies":[{"name":"wp","href":"https:\/\/api.w.org\/{rel}","templated":true}]}}