{"id":11862,"date":"2022-11-02T20:04:15","date_gmt":"2022-11-02T20:04:15","guid":{"rendered":"https:\/\/fcpr.org\/?page_id=11862"},"modified":"2023-11-02T09:37:38","modified_gmt":"2023-11-02T13:37:38","slug":"puerto-rico-acoge-el-dialogo-sobre-los-objetivos-de-desarrollo-sostenible","status":"publish","type":"page","link":"https:\/\/www.fcpr.org\/en\/puerto-rico-acoge-el-dialogo-sobre-los-objetivos-de-desarrollo-sostenible\/","title":{"rendered":"Puerto Rico hosts Dialogue on Sustainable Development Goals"},"content":{"rendered":"<div style=\"height:23px\" aria-hidden=\"true\" class=\"wp-block-spacer\"><\/div>\n\n\n\n<div class=\"wp-block-media-text alignfull is-stacked-on-mobile\"><figure class=\"wp-block-media-text__media\"><img loading=\"lazy\" decoding=\"async\" width=\"1024\" height=\"576\" src=\"https:\/\/www.fcpr.org\/wp-content\/uploads\/2022\/06\/Intelligent-Automation-Exchange-Miami-3-1024x576.png\" alt=\"\" class=\"wp-image-11420 size-full\" srcset=\"https:\/\/www.fcpr.org\/wp-content\/uploads\/2022\/06\/Intelligent-Automation-Exchange-Miami-3-1024x576.png 1024w, https:\/\/www.fcpr.org\/wp-content\/uploads\/2022\/06\/Intelligent-Automation-Exchange-Miami-3-300x169.png 300w, https:\/\/www.fcpr.org\/wp-content\/uploads\/2022\/06\/Intelligent-Automation-Exchange-Miami-3-768x432.png 768w, https:\/\/www.fcpr.org\/wp-content\/uploads\/2022\/06\/Intelligent-Automation-Exchange-Miami-3-1536x864.png 1536w, https:\/\/www.fcpr.org\/wp-content\/uploads\/2022\/06\/Intelligent-Automation-Exchange-Miami-3.png 1920w\" sizes=\"auto, (max-width: 1024px) 100vw, 1024px\" \/><\/figure><div class=\"wp-block-media-text__content\">\n<p> <p>The United Nations (UN) adopted in 2015, 17 Sustainable Development Goals (SDGs) to guide global transformations that promote sustainable and inclusive societies. In this space you will find information to\u00a0<strong>adopt and\/or expand<\/strong>\u00a0the implementation of the SDGs in our Puerto Rican archipelago, and<strong>\u00a0make visible<\/strong>\u00a0your work. <a href=\"https:\/\/www.fcpr.org\/en\/2022\/11\/02\/que-son-los-objetivos-de-desarrollo-sostenible\/\">Learn more.<\/a><\/p> <strong style=\"font-size: revert; color: initial;\"><em>Sponsored by CS <\/em><\/strong><a style=\"font-size: revert;\" href=\"https:\/\/www.mott.org\/\" target=\"_blank\" rel=\"noreferrer noopener\"><strong><em>Mott Foundation<\/em><\/strong><\/a><strong style=\"font-size: revert; color: initial;\"><em>\u00a0 Fundaci\u00f3n Comunitaria de Puerto Rico is a philanthropic organization committed to the promotion and strengthening of the SDGs in Puerto Rico.\u00a0\u00a0<\/em><\/strong> <\/p>\n<\/div><\/div>\n\n\n\n<p><\/p>\n\n\n\n<div style=\"height:23px\" aria-hidden=\"true\" class=\"wp-block-spacer\"><\/div>\n\n\n\n<h2 class=\"wp-block-heading\">A universal appeal <\/h2>\n\n\n\n<p>The Sustainable Development Goals (SDGs), adopted by the UN, constitute a call to&nbsp;<strong>universal to action<\/strong>&nbsp;to end poverty, protect the planet and improve the lives and prospects of people on planet Earth. <\/p>\n\n\n\n<p>For some time now, Puerto Rico, guided by several non-profit and private institutions, has been working on the issue and promoting sustainable practices from its different platforms. The Puerto Rico Community Foundation proposes the development of a Local Voluntary Report to have a look at the situation of the archipelago with respect to these objectives.<\/p>\n\n\n\n<p><strong>Each objective<\/strong>&nbsp;groups a series of&nbsp;<strong>goals<\/strong> and indicators, which allow a better understanding of the meaning behind each SDG and how progress can be measured. UN member countries committed to adopting the SDGs and making them part of their decisions over the next 15 years (2015-2030). <a href=\"https:\/\/www.fcpr.org\/en\/2022\/11\/02\/que-son-los-objetivos-de-desarrollo-sostenible\/\">Learn more.<\/a><\/p>\n\n\n\n<div style=\"height:24px\" aria-hidden=\"true\" class=\"wp-block-spacer\"><\/div>\n\n\n\n<h2 class=\"wp-block-heading has-text-align-center\">A local look at the SDGs <\/h2>\n\n\n\n<div style=\"height:21px\" aria-hidden=\"true\" class=\"wp-block-spacer\"><\/div>\n\n\n\n<div class=\"wp-block-media-text alignwide is-stacked-on-mobile\"><figure class=\"wp-block-media-text__media\"><img loading=\"lazy\" decoding=\"async\" width=\"1024\" height=\"576\" src=\"https:\/\/fcpr.org\/wp-content\/uploads\/2022\/06\/Desarrollo-Sostenible-3-1-1024x576.png\" alt=\"\" class=\"wp-image-11379 size-full\" srcset=\"https:\/\/www.fcpr.org\/wp-content\/uploads\/2022\/06\/Desarrollo-Sostenible-3-1-1024x576.png 1024w, https:\/\/www.fcpr.org\/wp-content\/uploads\/2022\/06\/Desarrollo-Sostenible-3-1-300x169.png 300w, https:\/\/www.fcpr.org\/wp-content\/uploads\/2022\/06\/Desarrollo-Sostenible-3-1-768x432.png 768w, https:\/\/www.fcpr.org\/wp-content\/uploads\/2022\/06\/Desarrollo-Sostenible-3-1-1536x864.png 1536w, https:\/\/www.fcpr.org\/wp-content\/uploads\/2022\/06\/Desarrollo-Sostenible-3-1.png 1920w\" sizes=\"auto, (max-width: 1024px) 100vw, 1024px\" \/><\/figure><div class=\"wp-block-media-text__content\">\n<h2 class=\"wp-block-heading\"><strong>17 goals to achieve sustainable and inclusive societies<\/strong><\/h2>\n\n\n\n<p><strong>Ending poverty and hunger and promoting health and wellness<\/strong>&nbsp;are just three of the 17 SDGs. Learn about each goal, its targets and the organizations that are using them locally. <a href=\"https:\/\/www.fcpr.org\/wp-content\/uploads\/2022\/11\/ODS-e-indicadores-tabla-nov-.pdf\">Learn more. <\/a><\/p>\n<\/div><\/div>\n\n\n\n<div class=\"wp-block-media-text alignwide has-media-on-the-right is-stacked-on-mobile\"><div class=\"wp-block-media-text__content\">\n<h2 class=\"wp-block-heading\"><strong>Tell us about yourself!<\/strong><\/h2>\n\n\n\n<p>If you belong to a nonprofit organization that is already adopting the SDGs, we invite you to showcase what you are doing in our <strong>Directory of ODS in Puerto Rico.<\/strong><\/p>\n\n\n\n<p>It's easy! Just fill out this short survey.&nbsp;<\/p>\n\n\n\n<p><a href=\"https:\/\/docs.google.com\/forms\/d\/e\/1FAIpQLSf5xHQBgKGVFvUPClbys5AKdJ1nduH7Lx_ACOoMm-B_tMZ7NQ\/viewform\">I want to fill out the survey. <\/a><\/p>\n<\/div><figure class=\"wp-block-media-text__media\"><img loading=\"lazy\" decoding=\"async\" width=\"864\" height=\"576\" src=\"https:\/\/fcpr.org\/wp-content\/uploads\/2022\/06\/avel-chuklanov-DUmFLtMeAbQ-unsplash.jpg\" alt=\"\" class=\"wp-image-11362 size-full\" srcset=\"https:\/\/www.fcpr.org\/wp-content\/uploads\/2022\/06\/avel-chuklanov-DUmFLtMeAbQ-unsplash.jpg 864w, https:\/\/www.fcpr.org\/wp-content\/uploads\/2022\/06\/avel-chuklanov-DUmFLtMeAbQ-unsplash-300x200.jpg 300w, https:\/\/www.fcpr.org\/wp-content\/uploads\/2022\/06\/avel-chuklanov-DUmFLtMeAbQ-unsplash-768x512.jpg 768w\" sizes=\"auto, (max-width: 864px) 100vw, 864px\" \/><\/figure><\/div>\n\n\n\n<div style=\"height:26px\" aria-hidden=\"true\" class=\"wp-block-spacer\"><\/div>\n\n\n\n<div style=\"height:33px\" aria-hidden=\"true\" class=\"wp-block-spacer\"><\/div>\n\n\n\n<h2 class=\"wp-block-heading has-text-align-center\"><a href=\"https:\/\/www.fcpr.org\/en\/2022\/11\/11\/organizaciones-sin-fines-de-lucro-y-otras-instituciones-que-integran-los-objetivos-de-desarrollo-sostenible-en-sus-iniciativas\/\" target=\"_blank\" rel=\"noreferrer noopener\">Meet the organizations that integrate the SDGs into their initiatives<\/a><\/h2>\n\n\n\n<div style=\"height:17px\" aria-hidden=\"true\" class=\"wp-block-spacer\"><\/div>\n\n\n\n<div class=\"wp-block-media-text alignwide is-stacked-on-mobile\"><figure class=\"wp-block-media-text__media\"><img loading=\"lazy\" decoding=\"async\" width=\"576\" height=\"379\" src=\"https:\/\/fcpr.org\/wp-content\/uploads\/2022\/06\/ODS-1-copy.jpg\" alt=\"\" class=\"wp-image-11352 size-full\" srcset=\"https:\/\/www.fcpr.org\/wp-content\/uploads\/2022\/06\/ODS-1-copy.jpg 576w, https:\/\/www.fcpr.org\/wp-content\/uploads\/2022\/06\/ODS-1-copy-300x197.jpg 300w\" sizes=\"auto, (max-width: 576px) 100vw, 576px\" \/><\/figure><div class=\"wp-block-media-text__content\">\n<h2 class=\"wp-block-heading\"><strong>FCPR and the SDGs<\/strong><\/h2>\n\n\n\n<p>The FCPR designed a Plan for Puerto Rico that seeks to promote the implementation of the SDGs in the Puerto Rican archipelago.<\/p>\n\n\n\n<p>The initiative is focused on educating, collecting and disseminating information on the SDGs and promoting the sustainability of the program for Puerto Rico. <a href=\"https:\/\/www.fcpr.org\/en\/2022\/11\/02\/los-ods-y-la-fcpr\/\" target=\"_blank\" rel=\"noreferrer noopener\">Learn more. <\/a><\/p>\n<\/div><\/div>\n\n\n\n<div style=\"height:26px\" aria-hidden=\"true\" class=\"wp-block-spacer\"><\/div>\n\n\n\n<blockquote class=\"wp-block-quote has-text-align-center is-layout-flow wp-block-quote-is-layout-flow\">\n<p>\u00abThis proposal of the SDGs integrates, improving the living condition of people with respect to all their rights, protecting the environment and seeking prosperity and peace as a result of this process.\u00bb. <\/p>\n<cite>Dr. Palmira R\u00edos, Professor, University of Puerto Rico <\/cite><\/blockquote>\n\n\n\n<div class=\"wp-block-media-text alignwide has-media-on-the-right is-stacked-on-mobile\"><div class=\"wp-block-media-text__content\">\n<h2 class=\"wp-block-heading\"><strong>Podcast: Towards a sustainable and inclusive Puerto Rico<\/strong><\/h2>\n\n\n\n<p>The podcast Towards a Sustainable and Inclusive Puerto Rico, a special series from EnPR\/GFR Media, educates about the SDGs and how they relate to Puerto Rico. Each episode will address two topics related to the SDGs and will present examples of how they are being worked on in community-based non-profit organizations.<br>Toward a Sustainable and Inclusive Puerto Rico is sponsored by the Puerto Rico Community Foundation. <\/p>\n\n\n\n<h6 class=\"wp-block-heading\"><\/h6>\n\n\n\n<p><\/p>\n<\/div><figure class=\"wp-block-media-text__media\"><img loading=\"lazy\" decoding=\"async\" width=\"1024\" height=\"586\" src=\"https:\/\/fcpr.org\/wp-content\/uploads\/2022\/11\/1-002-min-1-1024x586.jpg\" alt=\"\" class=\"wp-image-11869 size-full\" srcset=\"https:\/\/www.fcpr.org\/wp-content\/uploads\/2022\/11\/1-002-min-1-1024x586.jpg 1024w, https:\/\/www.fcpr.org\/wp-content\/uploads\/2022\/11\/1-002-min-1-300x172.jpg 300w, https:\/\/www.fcpr.org\/wp-content\/uploads\/2022\/11\/1-002-min-1-768x439.jpg 768w, https:\/\/www.fcpr.org\/wp-content\/uploads\/2022\/11\/1-002-min-1-1536x879.jpg 1536w, https:\/\/www.fcpr.org\/wp-content\/uploads\/2022\/11\/1-002-min-1-2048x1171.jpg 2048w\" sizes=\"auto, (max-width: 1024px) 100vw, 1024px\" \/><\/figure><\/div>\n\n\n\n<h2 class=\"wp-block-heading has-text-align-center\">Episodes  <\/h2>\n\n\n\n<ul class=\"wp-block-list\">\n<li><a href=\"https:\/\/podcasts.apple.com\/us\/podcast\/hacia-un-puerto-rico-sostenible-e-inclusivo-ep-1\/id1447302306?i=1000578566367\">Episode 1<\/a> Sustainable Development in Puerto Rico  <\/li>\n\n\n\n<li><a href=\"https:\/\/podcasts.apple.com\/us\/podcast\/hacia-un-puerto-rico-sostenible-e-inclusivo-ep-2\/id1447302306?i=1000579509401\">Episode 2<\/a> Poverty and hunger reduction <\/li>\n\n\n\n<li><a href=\"https:\/\/podcasts.apple.com\/us\/podcast\/hacia-un-puerto-rico-sostenible-e-inclusivo-ep-3\/id1447302306?i=1000580139063\">Episode 3<\/a> Empowering for equity <\/li>\n\n\n\n<li><a href=\"https:\/\/podcasts.apple.com\/us\/podcast\/hacia-un-puerto-rico-sostenible-e-inclusivo-ep-4\/id1447302306?i=1000580866735\">Episode 4<\/a> Water security in Puerto Rico  <\/li>\n\n\n\n<li><a href=\"https:\/\/podcasts.apple.com\/us\/podcast\/hacia-un-puerto-rico-sostenible-e-inclusivo-ep-5\/id1447302306?i=1000581707876\">Episode 5<\/a> Quality education, teachers' jobs and economic growth <\/li>\n\n\n\n<li><a href=\"https:\/\/podcasts.apple.com\/us\/podcast\/hacia-un-puerto-rico-sostenible-e-inclusivo-ep-6\/id1447302306?i=1000582437091\">Episode 6<\/a> Affordable energy and responsible production and consumption  <\/li>\n\n\n\n<li><a href=\"https:\/\/podcasts.apple.com\/us\/podcast\/hacia-un-puerto-rico-sostenible-e-inclusivo-ep-7\/id1447302306?i=1000583310434\">Episode 7<\/a> Sustainable communities and cities in Puerto Rico <\/li>\n\n\n\n<li><a href=\"https:\/\/podcasts.apple.com\/us\/podcast\/hacia-un-puerto-rico-sostenible-e-inclusivo-ep-8\/id1447302306?i=1000584144906\">Episode 8<\/a> Human, marine and terrestrial ecosystems in the face of climate change <\/li>\n\n\n\n<li><a href=\"https:\/\/conversaciones.elnuevodia.com\/e\/hacia-un-puerto-rico-sostenible-e-inclusivo-ep-9-paz-justicia-e-instituciones-solidas-para-un-puerto-rico-inclusivo\/\">Episo<\/a><a href=\"https:\/\/podcasts.apple.com\/us\/podcast\/hacia-un-puerto-rico-sostenible-e-inclusivo-ep-9-paz\/id1447302306?i=1000584708364\">d<\/a><a href=\"https:\/\/conversaciones.elnuevodia.com\/e\/hacia-un-puerto-rico-sostenible-e-inclusivo-ep-9-paz-justicia-e-instituciones-solidas-para-un-puerto-rico-inclusivo\/\">io 9<\/a> Peace, justice and strong institutions for an inclusive Puerto Rico <\/li>\n\n\n\n<li><a href=\"https:\/\/podcasts.apple.com\/us\/podcast\/hacia-un-puerto-rico-sostenible-e-inclusivo-ep-10\/id1447302306?i=1000585553289\">Episode 10<\/a> SDGs: Basis for partnerships in Puerto Rico  <\/li>\n<\/ul>\n\n\n\n<div class=\"wp-block-media-text alignwide is-stacked-on-mobile\"><figure class=\"wp-block-media-text__media\"><img decoding=\"async\" src=\"https:\/\/fcpr.org\/wp-content\/uploads\/2022\/02\/derecho-1024x600.jpg\" alt=\"\" class=\"wp-image-10954 size-full\"\/><\/figure><div class=\"wp-block-media-text__content\">\n<h2 class=\"wp-block-heading\"><strong>References<\/strong><\/h2>\n\n\n\n<p>Learn about studies, research and more about the SDGs. <\/p>\n\n\n\n<h6 class=\"wp-block-heading\">Press&nbsp;<a href=\"https:\/\/www.fcpr.org\/en\/2022\/08\/01\/referencias\/\">here.<\/a><\/h6>\n<\/div><\/div>","protected":false},"excerpt":{"rendered":"<p>La Organizaci\u00f3n de las Naciones Unidas (ONU) adopt\u00f3 en el 2015, 17 Objetivos de Desarrollo Sostenible (ODS) para guiar transformaciones mundiales que promuevan sociedades sostenibles e inclusivas. En este espacio encontrar\u00e1s informaci\u00f3n para\u00a0adoptar y\/o ampliar\u00a0la implantaci\u00f3n de los ODS en nuestro archipi\u00e9lago puertorrique\u00f1o y\u00a0visibilizar\u00a0tu trabajo. Conocer m\u00e1s. Auspiciado por\u00a0CS Mott Foundation\u00a0 Fundaci\u00f3n Comunitaria de Puerto [&hellip;]<\/p>\n","protected":false},"author":4,"featured_media":0,"parent":0,"menu_order":0,"comment_status":"closed","ping_status":"closed","template":"","meta":{"give_campaign_id":0,"footnotes":""},"class_list":["post-11862","page","type-page","status-publish","hentry"],"yoast_head":"<!-- This site is optimized with the Yoast SEO Premium plugin v27.3 (Yoast SEO v27.3) - https:\/\/yoast.com\/product\/yoast-seo-premium-wordpress\/ -->\n<title>Puerto Rico acoge di\u00e1logo sobre los Objetivos de Desarrollo Sostenible - Fundaci\u00f3n Comunitaria de Puerto Rico<\/title>\n<meta name=\"robots\" content=\"index, follow, max-snippet:-1, max-image-preview:large, max-video-preview:-1\" \/>\n<link rel=\"canonical\" href=\"https:\/\/www.fcpr.org\/en\/puerto-rico-acoge-el-dialogo-sobre-los-objetivos-de-desarrollo-sostenible\/\" \/>\n<meta property=\"og:locale\" content=\"en_US\" \/>\n<meta property=\"og:type\" content=\"article\" \/>\n<meta property=\"og:title\" content=\"Puerto Rico acoge di\u00e1logo sobre los Objetivos de Desarrollo Sostenible\" \/>\n<meta property=\"og:description\" content=\"La Organizaci\u00f3n de las Naciones Unidas (ONU) adopt\u00f3 en el 2015, 17 Objetivos de Desarrollo Sostenible (ODS) para guiar transformaciones mundiales que promuevan sociedades sostenibles e inclusivas. En este espacio encontrar\u00e1s informaci\u00f3n para\u00a0adoptar y\/o ampliar\u00a0la implantaci\u00f3n de los ODS en nuestro archipi\u00e9lago puertorrique\u00f1o y\u00a0visibilizar\u00a0tu trabajo. Conocer m\u00e1s. Auspiciado por\u00a0CS Mott Foundation\u00a0 Fundaci\u00f3n Comunitaria de Puerto [&hellip;]\" \/>\n<meta property=\"og:url\" content=\"https:\/\/www.fcpr.org\/en\/puerto-rico-acoge-el-dialogo-sobre-los-objetivos-de-desarrollo-sostenible\/\" \/>\n<meta property=\"og:site_name\" content=\"Fundaci\u00f3n Comunitaria de Puerto Rico\" \/>\n<meta property=\"article:publisher\" content=\"https:\/\/www.facebook.com\/FundacionComunitaria\" \/>\n<meta property=\"article:modified_time\" content=\"2023-11-02T13:37:38+00:00\" \/>\n<meta property=\"og:image\" content=\"https:\/\/www.fcpr.org\/wp-content\/uploads\/2022\/06\/Intelligent-Automation-Exchange-Miami-3-1024x576.png\" \/>\n<meta name=\"twitter:card\" content=\"summary_large_image\" \/>\n<meta name=\"twitter:site\" content=\"@FComunitaria\" \/>\n<meta name=\"twitter:label1\" content=\"Est. reading time\" \/>\n\t<meta name=\"twitter:data1\" content=\"3 minutes\" \/>\n<script type=\"application\/ld+json\" class=\"yoast-schema-graph\">{\"@context\":\"https:\\\/\\\/schema.org\",\"@graph\":[{\"@type\":\"WebPage\",\"@id\":\"https:\\\/\\\/www.fcpr.org\\\/puerto-rico-acoge-el-dialogo-sobre-los-objetivos-de-desarrollo-sostenible\\\/\",\"url\":\"https:\\\/\\\/www.fcpr.org\\\/puerto-rico-acoge-el-dialogo-sobre-los-objetivos-de-desarrollo-sostenible\\\/\",\"name\":\"Puerto Rico acoge di\u00e1logo sobre los Objetivos de Desarrollo Sostenible - Fundaci\u00f3n Comunitaria de Puerto Rico\",\"isPartOf\":{\"@id\":\"https:\\\/\\\/www.fcpr.org\\\/#website\"},\"primaryImageOfPage\":{\"@id\":\"https:\\\/\\\/www.fcpr.org\\\/puerto-rico-acoge-el-dialogo-sobre-los-objetivos-de-desarrollo-sostenible\\\/#primaryimage\"},\"image\":{\"@id\":\"https:\\\/\\\/www.fcpr.org\\\/puerto-rico-acoge-el-dialogo-sobre-los-objetivos-de-desarrollo-sostenible\\\/#primaryimage\"},\"thumbnailUrl\":\"https:\\\/\\\/www.fcpr.org\\\/wp-content\\\/uploads\\\/2022\\\/06\\\/Intelligent-Automation-Exchange-Miami-3-1024x576.png\",\"datePublished\":\"2022-11-02T20:04:15+00:00\",\"dateModified\":\"2023-11-02T13:37:38+00:00\",\"breadcrumb\":{\"@id\":\"https:\\\/\\\/www.fcpr.org\\\/puerto-rico-acoge-el-dialogo-sobre-los-objetivos-de-desarrollo-sostenible\\\/#breadcrumb\"},\"inLanguage\":\"en-US\",\"potentialAction\":[{\"@type\":\"ReadAction\",\"target\":[\"https:\\\/\\\/www.fcpr.org\\\/puerto-rico-acoge-el-dialogo-sobre-los-objetivos-de-desarrollo-sostenible\\\/\"]}]},{\"@type\":\"ImageObject\",\"inLanguage\":\"en-US\",\"@id\":\"https:\\\/\\\/www.fcpr.org\\\/puerto-rico-acoge-el-dialogo-sobre-los-objetivos-de-desarrollo-sostenible\\\/#primaryimage\",\"url\":\"https:\\\/\\\/www.fcpr.org\\\/wp-content\\\/uploads\\\/2022\\\/06\\\/Intelligent-Automation-Exchange-Miami-3-1024x576.png\",\"contentUrl\":\"https:\\\/\\\/www.fcpr.org\\\/wp-content\\\/uploads\\\/2022\\\/06\\\/Intelligent-Automation-Exchange-Miami-3-1024x576.png\"},{\"@type\":\"BreadcrumbList\",\"@id\":\"https:\\\/\\\/www.fcpr.org\\\/puerto-rico-acoge-el-dialogo-sobre-los-objetivos-de-desarrollo-sostenible\\\/#breadcrumb\",\"itemListElement\":[{\"@type\":\"ListItem\",\"position\":1,\"name\":\"Home\",\"item\":\"https:\\\/\\\/www.fcpr.org\\\/\"},{\"@type\":\"ListItem\",\"position\":2,\"name\":\"Puerto Rico acoge di\u00e1logo sobre los Objetivos de Desarrollo Sostenible\"}]},{\"@type\":\"WebSite\",\"@id\":\"https:\\\/\\\/www.fcpr.org\\\/#website\",\"url\":\"https:\\\/\\\/www.fcpr.org\\\/\",\"name\":\"Fundaci\u00f3n Comunitaria de Puerto Rico\",\"description\":\"Fortaleciendo el Capital Comunitario\",\"publisher\":{\"@id\":\"https:\\\/\\\/www.fcpr.org\\\/#organization\"},\"potentialAction\":[{\"@type\":\"SearchAction\",\"target\":{\"@type\":\"EntryPoint\",\"urlTemplate\":\"https:\\\/\\\/www.fcpr.org\\\/?s={search_term_string}\"},\"query-input\":{\"@type\":\"PropertyValueSpecification\",\"valueRequired\":true,\"valueName\":\"search_term_string\"}}],\"inLanguage\":\"en-US\"},{\"@type\":\"Organization\",\"@id\":\"https:\\\/\\\/www.fcpr.org\\\/#organization\",\"name\":\"Fundaci\u00f3n Comunitaria de Puerto Rico\",\"url\":\"https:\\\/\\\/www.fcpr.org\\\/\",\"logo\":{\"@type\":\"ImageObject\",\"inLanguage\":\"en-US\",\"@id\":\"https:\\\/\\\/www.fcpr.org\\\/#\\\/schema\\\/logo\\\/image\\\/\",\"url\":\"https:\\\/\\\/www.fcpr.org\\\/wp-content\\\/uploads\\\/2016\\\/08\\\/logo-corp-red.png\",\"contentUrl\":\"https:\\\/\\\/www.fcpr.org\\\/wp-content\\\/uploads\\\/2016\\\/08\\\/logo-corp-red.png\",\"width\":221,\"height\":32,\"caption\":\"Fundaci\u00f3n Comunitaria de Puerto Rico\"},\"image\":{\"@id\":\"https:\\\/\\\/www.fcpr.org\\\/#\\\/schema\\\/logo\\\/image\\\/\"},\"sameAs\":[\"https:\\\/\\\/www.facebook.com\\\/FundacionComunitaria\",\"https:\\\/\\\/x.com\\\/FComunitaria\",\"https:\\\/\\\/www.instagram.com\\\/fundacioncomunitaria\\\/\",\"https:\\\/\\\/www.youtube.com\\\/channel\\\/UCGGW21eIGw6NRin0BrylmWg\"]}]}<\/script>\n<!-- \/ Yoast SEO Premium plugin. -->","yoast_head_json":{"title":"Puerto Rico hosts dialogue on Sustainable Development Goals - Fundaci\u00f3n Comunitaria de Puerto Rico","robots":{"index":"index","follow":"follow","max-snippet":"max-snippet:-1","max-image-preview":"max-image-preview:large","max-video-preview":"max-video-preview:-1"},"canonical":"https:\/\/www.fcpr.org\/en\/puerto-rico-acoge-el-dialogo-sobre-los-objetivos-de-desarrollo-sostenible\/","og_locale":"en_US","og_type":"article","og_title":"Puerto Rico acoge di\u00e1logo sobre los Objetivos de Desarrollo Sostenible","og_description":"La Organizaci\u00f3n de las Naciones Unidas (ONU) adopt\u00f3 en el 2015, 17 Objetivos de Desarrollo Sostenible (ODS) para guiar transformaciones mundiales que promuevan sociedades sostenibles e inclusivas. En este espacio encontrar\u00e1s informaci\u00f3n para\u00a0adoptar y\/o ampliar\u00a0la implantaci\u00f3n de los ODS en nuestro archipi\u00e9lago puertorrique\u00f1o y\u00a0visibilizar\u00a0tu trabajo. Conocer m\u00e1s. Auspiciado por\u00a0CS Mott Foundation\u00a0 Fundaci\u00f3n Comunitaria de Puerto [&hellip;]","og_url":"https:\/\/www.fcpr.org\/en\/puerto-rico-acoge-el-dialogo-sobre-los-objetivos-de-desarrollo-sostenible\/","og_site_name":"Fundaci\u00f3n Comunitaria de Puerto Rico","article_publisher":"https:\/\/www.facebook.com\/FundacionComunitaria","article_modified_time":"2023-11-02T13:37:38+00:00","og_image":[{"url":"https:\/\/www.fcpr.org\/wp-content\/uploads\/2022\/06\/Intelligent-Automation-Exchange-Miami-3-1024x576.png","type":"","width":"","height":""}],"twitter_card":"summary_large_image","twitter_site":"@FComunitaria","twitter_misc":{"Est. reading time":"3 minutes"},"schema":{"@context":"https:\/\/schema.org","@graph":[{"@type":"WebPage","@id":"https:\/\/www.fcpr.org\/puerto-rico-acoge-el-dialogo-sobre-los-objetivos-de-desarrollo-sostenible\/","url":"https:\/\/www.fcpr.org\/puerto-rico-acoge-el-dialogo-sobre-los-objetivos-de-desarrollo-sostenible\/","name":"Puerto Rico hosts dialogue on Sustainable Development Goals - Fundaci\u00f3n Comunitaria de Puerto Rico","isPartOf":{"@id":"https:\/\/www.fcpr.org\/#website"},"primaryImageOfPage":{"@id":"https:\/\/www.fcpr.org\/puerto-rico-acoge-el-dialogo-sobre-los-objetivos-de-desarrollo-sostenible\/#primaryimage"},"image":{"@id":"https:\/\/www.fcpr.org\/puerto-rico-acoge-el-dialogo-sobre-los-objetivos-de-desarrollo-sostenible\/#primaryimage"},"thumbnailUrl":"https:\/\/www.fcpr.org\/wp-content\/uploads\/2022\/06\/Intelligent-Automation-Exchange-Miami-3-1024x576.png","datePublished":"2022-11-02T20:04:15+00:00","dateModified":"2023-11-02T13:37:38+00:00","breadcrumb":{"@id":"https:\/\/www.fcpr.org\/puerto-rico-acoge-el-dialogo-sobre-los-objetivos-de-desarrollo-sostenible\/#breadcrumb"},"inLanguage":"en-US","potentialAction":[{"@type":"ReadAction","target":["https:\/\/www.fcpr.org\/puerto-rico-acoge-el-dialogo-sobre-los-objetivos-de-desarrollo-sostenible\/"]}]},{"@type":"ImageObject","inLanguage":"en-US","@id":"https:\/\/www.fcpr.org\/puerto-rico-acoge-el-dialogo-sobre-los-objetivos-de-desarrollo-sostenible\/#primaryimage","url":"https:\/\/www.fcpr.org\/wp-content\/uploads\/2022\/06\/Intelligent-Automation-Exchange-Miami-3-1024x576.png","contentUrl":"https:\/\/www.fcpr.org\/wp-content\/uploads\/2022\/06\/Intelligent-Automation-Exchange-Miami-3-1024x576.png"},{"@type":"BreadcrumbList","@id":"https:\/\/www.fcpr.org\/puerto-rico-acoge-el-dialogo-sobre-los-objetivos-de-desarrollo-sostenible\/#breadcrumb","itemListElement":[{"@type":"ListItem","position":1,"name":"Home","item":"https:\/\/www.fcpr.org\/"},{"@type":"ListItem","position":2,"name":"Puerto Rico acoge di\u00e1logo sobre los Objetivos de Desarrollo Sostenible"}]},{"@type":"WebSite","@id":"https:\/\/www.fcpr.org\/#website","url":"https:\/\/www.fcpr.org\/","name":"Puerto Rico Community Foundation","description":"Strengthening Community Capital","publisher":{"@id":"https:\/\/www.fcpr.org\/#organization"},"potentialAction":[{"@type":"SearchAction","target":{"@type":"EntryPoint","urlTemplate":"https:\/\/www.fcpr.org\/?s={search_term_string}"},"query-input":{"@type":"PropertyValueSpecification","valueRequired":true,"valueName":"search_term_string"}}],"inLanguage":"en-US"},{"@type":"Organization","@id":"https:\/\/www.fcpr.org\/#organization","name":"Puerto Rico Community Foundation","url":"https:\/\/www.fcpr.org\/","logo":{"@type":"ImageObject","inLanguage":"en-US","@id":"https:\/\/www.fcpr.org\/#\/schema\/logo\/image\/","url":"https:\/\/www.fcpr.org\/wp-content\/uploads\/2016\/08\/logo-corp-red.png","contentUrl":"https:\/\/www.fcpr.org\/wp-content\/uploads\/2016\/08\/logo-corp-red.png","width":221,"height":32,"caption":"Fundaci\u00f3n Comunitaria de Puerto Rico"},"image":{"@id":"https:\/\/www.fcpr.org\/#\/schema\/logo\/image\/"},"sameAs":["https:\/\/www.facebook.com\/FundacionComunitaria","https:\/\/x.com\/FComunitaria","https:\/\/www.instagram.com\/fundacioncomunitaria\/","https:\/\/www.youtube.com\/channel\/UCGGW21eIGw6NRin0BrylmWg"]}]}},"campaignId":"","_links":{"self":[{"href":"https:\/\/www.fcpr.org\/en\/wp-json\/wp\/v2\/pages\/11862","targetHints":{"allow":["GET"]}}],"collection":[{"href":"https:\/\/www.fcpr.org\/en\/wp-json\/wp\/v2\/pages"}],"about":[{"href":"https:\/\/www.fcpr.org\/en\/wp-json\/wp\/v2\/types\/page"}],"author":[{"embeddable":true,"href":"https:\/\/www.fcpr.org\/en\/wp-json\/wp\/v2\/users\/4"}],"replies":[{"embeddable":true,"href":"https:\/\/www.fcpr.org\/en\/wp-json\/wp\/v2\/comments?post=11862"}],"version-history":[{"count":47,"href":"https:\/\/www.fcpr.org\/en\/wp-json\/wp\/v2\/pages\/11862\/revisions"}],"predecessor-version":[{"id":14898,"href":"https:\/\/www.fcpr.org\/en\/wp-json\/wp\/v2\/pages\/11862\/revisions\/14898"}],"wp:attachment":[{"href":"https:\/\/www.fcpr.org\/en\/wp-json\/wp\/v2\/media?parent=11862"}],"curies":[{"name":"wp","href":"https:\/\/api.w.org\/{rel}","templated":true}]}}