{"id":12948,"date":"2023-02-02T13:31:33","date_gmt":"2023-02-02T17:31:33","guid":{"rendered":"https:\/\/www.fcpr.org\/?page_id=12948"},"modified":"2025-05-28T14:18:46","modified_gmt":"2025-05-28T18:18:46","slug":"fondos-filantropiocos-en-campana-de-recaudo","status":"publish","type":"page","link":"https:\/\/www.fcpr.org\/en\/fondos-filantropiocos-en-campana-de-recaudo\/","title":{"rendered":"Philanthropic funds in fundraising campaign"},"content":{"rendered":"<div style=\"height:12px\" aria-hidden=\"true\" class=\"wp-block-spacer\"><\/div>\n\n\n\n<h3 class=\"wp-block-heading\"> <h3 class=\"wp-block-heading\"><strong>Learn about the philanthropic funds, administered or held by the Puerto Rico Community Foundation, which are in fundraising campaigns to benefit their geographic or functional communities.<\/strong> <\/h3><h3 class=\"wp-block-heading\"><strong>Meet, donate or share!<\/strong><\/h3> <\/h3>\n\n\n\n<div style=\"height:34px\" aria-hidden=\"true\" class=\"wp-block-spacer\"><\/div>\n\n\n\n<div class=\"wp-block-media-text alignwide has-media-on-the-right is-stacked-on-mobile\"><div class=\"wp-block-media-text__content\">\n<h4 class=\"wp-block-heading\" id=\"h-un-legado-de-amor-para-promover-la-salud-mental\"><a href=\"https:\/\/www.fcpr.org\/en\/donations\/ffjma\/\">A legacy of love to promote mental health <\/a><\/h4>\n\n\n\n<p>The Jos\u00e9 Miguel Agrelot Foundation Fund supports mental health through grants to non-profit organizations with artistic and educational programs or projects that promote the mental wellbeing of their participants. <\/p>\n<\/div><figure class=\"wp-block-media-text__media\"><a href=\"https:\/\/www.fcpr.org\/en\/donations\/ffjma\/\"><img loading=\"lazy\" decoding=\"async\" width=\"1024\" height=\"682\" src=\"https:\/\/www.fcpr.org\/wp-content\/uploads\/2025\/01\/qtq80-vdbdS8-1024x682.jpeg\" alt=\"\" class=\"wp-image-17306 size-full\" srcset=\"https:\/\/www.fcpr.org\/wp-content\/uploads\/2025\/01\/qtq80-vdbdS8-1024x682.jpeg 1024w, https:\/\/www.fcpr.org\/wp-content\/uploads\/2025\/01\/qtq80-vdbdS8-300x200.jpeg 300w, https:\/\/www.fcpr.org\/wp-content\/uploads\/2025\/01\/qtq80-vdbdS8-768x512.jpeg 768w, https:\/\/www.fcpr.org\/wp-content\/uploads\/2025\/01\/qtq80-vdbdS8.jpeg 1255w\" sizes=\"auto, (max-width: 1024px) 100vw, 1024px\" \/><\/a><\/figure><\/div>\n\n\n\n<div class=\"wp-block-media-text alignwide is-stacked-on-mobile\"><figure class=\"wp-block-media-text__media\"><a href=\"https:\/\/www.fcpr.org\/en\/donations\/iachep\/\"><img loading=\"lazy\" decoding=\"async\" width=\"1024\" height=\"683\" src=\"https:\/\/www.fcpr.org\/wp-content\/uploads\/2024\/09\/holberton-page-26--1024x683.jpg\" alt=\"\" class=\"wp-image-16588 size-full\" srcset=\"https:\/\/www.fcpr.org\/wp-content\/uploads\/2024\/09\/holberton-page-26--1024x683.jpg 1024w, https:\/\/www.fcpr.org\/wp-content\/uploads\/2024\/09\/holberton-page-26--300x200.jpg 300w, https:\/\/www.fcpr.org\/wp-content\/uploads\/2024\/09\/holberton-page-26--768x512.jpg 768w, https:\/\/www.fcpr.org\/wp-content\/uploads\/2024\/09\/holberton-page-26--1536x1024.jpg 1536w, https:\/\/www.fcpr.org\/wp-content\/uploads\/2024\/09\/holberton-page-26--2048x1365.jpg 2048w\" sizes=\"auto, (max-width: 1024px) 100vw, 1024px\" \/><\/a><\/figure><div class=\"wp-block-media-text__content\">\n<h4 class=\"wp-block-heading\" id=\"h-holberton-puerto-rico-scholarship-fund\"><a href=\"https:\/\/www.fcpr.org\/en\/donations\/iachep\/\">Holberton Puerto Rico Scholarship Fund<\/a><\/h4>\n\n\n\n<p>The Holberton Puerto Rico Scholarship Fund, established at the Fundaci\u00f3n Comunitaria de Puerto Rico (FCPR), offers Holberton Puerto Rico students a supplemental scholarship to ease their financial burden and encourage them to concentrate on their studies.<\/p>\n<\/div><\/div>\n\n\n\n<div class=\"wp-block-media-text alignwide has-media-on-the-right is-stacked-on-mobile\"><div class=\"wp-block-media-text__content\">\n<h4 class=\"wp-block-heading\" id=\"h-pga-legacy-fund-for-puerto-rico-0\"><a href=\"https:\/\/www.fcpr.org\/en\/donations\/pgalf\/\">PGA Legacy Fund for Puerto Rico  <\/a><\/h4>\n\n\n\n<p>The PGA Legacy Fund for Puerto Rico supports initiatives that benefit students (scholarships) and non-profit organizations in Puerto Rico (grants), focused on youth leadership and social welfare, in particular, to support veterans in need of a service dog.&nbsp;<\/p>\n<\/div><figure class=\"wp-block-media-text__media\"><a href=\"https:\/\/www.fcpr.org\/en\/donations\/pgalf\/\"><img loading=\"lazy\" decoding=\"async\" width=\"1024\" height=\"683\" src=\"https:\/\/www.fcpr.org\/wp-content\/uploads\/2023\/03\/IMG_4369-Copy-min-1024x683.jpg\" alt=\"\" class=\"wp-image-13336 size-full\" srcset=\"https:\/\/www.fcpr.org\/wp-content\/uploads\/2023\/03\/IMG_4369-Copy-min-1024x683.jpg 1024w, https:\/\/www.fcpr.org\/wp-content\/uploads\/2023\/03\/IMG_4369-Copy-min-300x200.jpg 300w, https:\/\/www.fcpr.org\/wp-content\/uploads\/2023\/03\/IMG_4369-Copy-min-768x512.jpg 768w, https:\/\/www.fcpr.org\/wp-content\/uploads\/2023\/03\/IMG_4369-Copy-min-1536x1024.jpg 1536w, https:\/\/www.fcpr.org\/wp-content\/uploads\/2023\/03\/IMG_4369-Copy-min-2048x1365.jpg 2048w\" sizes=\"auto, (max-width: 1024px) 100vw, 1024px\" \/><\/a><\/figure><\/div>\n\n\n\n<div class=\"wp-block-media-text alignwide is-stacked-on-mobile\"><figure class=\"wp-block-media-text__media\"><a href=\"https:\/\/www.fcpr.org\/en\/donations\/ffga\/\"><img loading=\"lazy\" decoding=\"async\" width=\"1024\" height=\"576\" src=\"https:\/\/www.fcpr.org\/wp-content\/uploads\/2024\/04\/2-1024x576.png\" alt=\"\" class=\"wp-image-15631 size-full\" srcset=\"https:\/\/www.fcpr.org\/wp-content\/uploads\/2024\/04\/2-1024x576.png 1024w, https:\/\/www.fcpr.org\/wp-content\/uploads\/2024\/04\/2-300x169.png 300w, https:\/\/www.fcpr.org\/wp-content\/uploads\/2024\/04\/2-768x432.png 768w, https:\/\/www.fcpr.org\/wp-content\/uploads\/2024\/04\/2-1536x864.png 1536w, https:\/\/www.fcpr.org\/wp-content\/uploads\/2024\/04\/2.png 1920w\" sizes=\"auto, (max-width: 1024px) 100vw, 1024px\" \/><\/a><\/figure><div class=\"wp-block-media-text__content\">\n<h4 class=\"wp-block-heading\" id=\"h-fondo-fundacion-gonzalo-aponte\"><a href=\"https:\/\/www.fcpr.org\/en\/donations\/ffga\/\" target=\"_blank\" rel=\"noreferrer noopener\">Gonzalo Aponte Foundation Fund <\/a><\/h4>\n\n\n\n<p>Be part of the transformation of students and communities in Puerto Rico!<\/p>\n<\/div><\/div>\n\n\n\n<div class=\"wp-block-media-text alignwide has-media-on-the-right is-stacked-on-mobile\"><div class=\"wp-block-media-text__content\">\n<h4 class=\"wp-block-heading\" id=\"h-fondo-alfredo-salazar-conde\"><a href=\"https:\/\/www.fcpr.org\/en\/donations\/fondoalfredosalazar\/\" target=\"_blank\" rel=\"noreferrer noopener\">Alfredo Salazar Conde Fund <\/a><\/h4>\n\n\n\n<p>We celebrate the life of Alfredo Salazar Conde. To continue his legacy of service to Puerto Rico, donate to the Alfredo Salazar Conde Fund.<\/p>\n<\/div><figure class=\"wp-block-media-text__media\"><a href=\"https:\/\/www.fcpr.org\/en\/donations\/fondoalfredosalazar\/\"><img loading=\"lazy\" decoding=\"async\" width=\"1024\" height=\"503\" src=\"https:\/\/www.fcpr.org\/wp-content\/uploads\/2023\/11\/IMG_3705-scaled-e1709227186775-1024x503.jpg\" alt=\"\" class=\"wp-image-14957 size-full\" srcset=\"https:\/\/www.fcpr.org\/wp-content\/uploads\/2023\/11\/IMG_3705-scaled-e1709227186775-1024x503.jpg 1024w, https:\/\/www.fcpr.org\/wp-content\/uploads\/2023\/11\/IMG_3705-scaled-e1709227186775-300x147.jpg 300w, https:\/\/www.fcpr.org\/wp-content\/uploads\/2023\/11\/IMG_3705-scaled-e1709227186775-768x377.jpg 768w, https:\/\/www.fcpr.org\/wp-content\/uploads\/2023\/11\/IMG_3705-scaled-e1709227186775-1536x755.jpg 1536w, https:\/\/www.fcpr.org\/wp-content\/uploads\/2023\/11\/IMG_3705-scaled-e1709227186775-2048x1006.jpg 2048w\" sizes=\"auto, (max-width: 1024px) 100vw, 1024px\" \/><\/a><\/figure><\/div>\n\n\n\n<div class=\"wp-block-media-text alignwide is-stacked-on-mobile\"><figure class=\"wp-block-media-text__media\"><a href=\"https:\/\/www.fcpr.org\/en\/donations\/fondo-maria-taty-garay-csi-clase-1993\/\"><img loading=\"lazy\" decoding=\"async\" width=\"692\" height=\"362\" src=\"https:\/\/www.fcpr.org\/wp-content\/uploads\/2022\/12\/taty-2-min-1.jpg\" alt=\"\" class=\"wp-image-12473 size-full\" srcset=\"https:\/\/www.fcpr.org\/wp-content\/uploads\/2022\/12\/taty-2-min-1.jpg 692w, https:\/\/www.fcpr.org\/wp-content\/uploads\/2022\/12\/taty-2-min-1-300x157.jpg 300w\" sizes=\"auto, (max-width: 692px) 100vw, 692px\" \/><\/a><\/figure><div class=\"wp-block-media-text__content\">\n<h4 class=\"wp-block-heading\" id=\"h-nbsp-fondo-maria-taty-garay-csi-clase-1993\"><a rel=\"noreferrer noopener\" href=\"https:\/\/www.fcpr.org\/en\/donations\/fondo-maria-taty-garay-csi-clase-1993\/\" target=\"_blank\">&nbsp;Mar\u00eda \u201cTaty\u201d Garay Fund\/CSI Class of 1993<\/a><\/h4>\n\n\n\n<p>The Mar\u00eda \u201cTaty\u201d Garay\/CSI Class of 1993 Fund was established at the Puerto Rico Community Foundation (PRCF) to provide an annual grant to Colegio San Ignacio de Loyola, which in turn awards a scholarship to a student in the mentor's name.<\/p>\n<\/div><\/div>\n\n\n\n<div class=\"wp-block-media-text alignwide has-media-on-the-right is-stacked-on-mobile\"><div class=\"wp-block-media-text__content\">\n<h4 class=\"wp-block-heading\" id=\"h-nbsp-fondo-academia-maria-reina\"><a rel=\"noreferrer noopener\" href=\"https:\/\/www.fcpr.org\/en\/donations\/apoyemos-la-educacion-de-estudianes-talentosas-en-maria-reina\/\" target=\"_blank\">&nbsp;Maria Reina Academy Fund <\/a><\/h4>\n\n\n\n<p>In 2005, a group of Maria Reina Academy graduates established the Maria Reina Academy Class of 1980 Fund at the Community Foundation of Puerto Rico (FCPR) to support the institution's scholarship program, which covers academic expenses for talented young women.<\/p>\n<\/div><figure class=\"wp-block-media-text__media\"><a href=\"https:\/\/www.fcpr.org\/en\/donations\/apoyemos-la-educacion-de-estudianes-talentosas-en-maria-reina\/\"><img loading=\"lazy\" decoding=\"async\" width=\"875\" height=\"469\" src=\"https:\/\/www.fcpr.org\/wp-content\/uploads\/2023\/06\/clase-80-e1690399314444.jpg\" alt=\"\" class=\"wp-image-14184 size-full\" srcset=\"https:\/\/www.fcpr.org\/wp-content\/uploads\/2023\/06\/clase-80-e1690399314444.jpg 875w, https:\/\/www.fcpr.org\/wp-content\/uploads\/2023\/06\/clase-80-e1690399314444-300x161.jpg 300w, https:\/\/www.fcpr.org\/wp-content\/uploads\/2023\/06\/clase-80-e1690399314444-768x412.jpg 768w\" sizes=\"auto, (max-width: 875px) 100vw, 875px\" \/><\/a><\/figure><\/div>\n\n\n\n<div class=\"wp-block-media-text alignwide is-stacked-on-mobile\"><figure class=\"wp-block-media-text__media\"><a href=\"https:\/\/www.fcpr.org\/en\/donations\/jovenes-de-lares\/\" target=\"_blank\" rel=\"noreferrer noopener\"><img loading=\"lazy\" decoding=\"async\" width=\"402\" height=\"255\" src=\"https:\/\/www.fcpr.org\/wp-content\/uploads\/2023\/09\/sombra-e1709227229155.png\" alt=\"\" class=\"wp-image-14497 size-full\" srcset=\"https:\/\/www.fcpr.org\/wp-content\/uploads\/2023\/09\/sombra-e1709227229155.png 402w, https:\/\/www.fcpr.org\/wp-content\/uploads\/2023\/09\/sombra-e1709227229155-300x190.png 300w\" sizes=\"auto, (max-width: 402px) 100vw, 402px\" \/><\/a><\/figure><div class=\"wp-block-media-text__content\">\n<h4 class=\"wp-block-heading\" id=\"h-nbsp-fondo-de-becas-la-sombra-larena\"><a href=\"https:\/\/www.fcpr.org\/en\/donations\/jovenes-de-lares\/\">&nbsp;La Sombra Lare\u00f1a Scholarship Fund<\/a><\/h4>\n\n\n\n<p>The La Sombra Lare\u00f1a Scholarship Fund provides supplemental financial assistance to students who have graduated from one of the Lares high schools and are pursuing a college education. In addition, the applicant must demonstrate financial need, satisfactory academic achievement, leadership and interest in community development.<\/p>\n<\/div><\/div>","protected":false},"excerpt":{"rendered":"<p>Conoce los fondos filantr\u00f3picos, administrados o custodiados por la Fundaci\u00f3n Comunitaria de Puerto Rico, que est\u00e1n en campa\u00f1a de recaudo para beneficiar a sus comunidades geogr\u00e1ficas o funcionales. \u00a1Conoce, dona o comparte! Un legado de amor para promover la salud mental El Fondo Fundaci\u00f3n Jos\u00e9 Miguel Agrelot apoya la salud mental a trav\u00e9s de donativos [&hellip;]<\/p>\n","protected":false},"author":7,"featured_media":0,"parent":0,"menu_order":0,"comment_status":"closed","ping_status":"closed","template":"","meta":{"give_campaign_id":0,"footnotes":""},"class_list":["post-12948","page","type-page","status-publish","hentry"],"yoast_head":"<!-- This site is optimized with the Yoast SEO Premium plugin v27.3 (Yoast SEO v27.3) - https:\/\/yoast.com\/product\/yoast-seo-premium-wordpress\/ -->\n<title>Fondos filantr\u00f3picos en campa\u00f1a de recaudo - Fundaci\u00f3n Comunitaria de Puerto Rico<\/title>\n<meta name=\"robots\" content=\"index, follow, max-snippet:-1, max-image-preview:large, max-video-preview:-1\" \/>\n<link rel=\"canonical\" href=\"https:\/\/www.fcpr.org\/en\/fondos-filantropiocos-en-campana-de-recaudo\/\" \/>\n<meta property=\"og:locale\" content=\"en_US\" \/>\n<meta property=\"og:type\" content=\"article\" \/>\n<meta property=\"og:title\" content=\"Fondos filantr\u00f3picos en campa\u00f1a de recaudo\" \/>\n<meta property=\"og:description\" content=\"Conoce los fondos filantr\u00f3picos, administrados o custodiados por la Fundaci\u00f3n Comunitaria de Puerto Rico, que est\u00e1n en campa\u00f1a de recaudo para beneficiar a sus comunidades geogr\u00e1ficas o funcionales. \u00a1Conoce, dona o comparte! Un legado de amor para promover la salud mental El Fondo Fundaci\u00f3n Jos\u00e9 Miguel Agrelot apoya la salud mental a trav\u00e9s de donativos [&hellip;]\" \/>\n<meta property=\"og:url\" content=\"https:\/\/www.fcpr.org\/en\/fondos-filantropiocos-en-campana-de-recaudo\/\" \/>\n<meta property=\"og:site_name\" content=\"Fundaci\u00f3n Comunitaria de Puerto Rico\" \/>\n<meta property=\"article:publisher\" content=\"https:\/\/www.facebook.com\/FundacionComunitaria\" \/>\n<meta property=\"article:modified_time\" content=\"2025-05-28T18:18:46+00:00\" \/>\n<meta property=\"og:image\" content=\"https:\/\/www.fcpr.org\/wp-content\/uploads\/2025\/01\/qtq80-vdbdS8-1024x682.jpeg\" \/>\n<meta name=\"twitter:card\" content=\"summary_large_image\" \/>\n<meta name=\"twitter:site\" content=\"@FComunitaria\" \/>\n<meta name=\"twitter:label1\" content=\"Est. reading time\" \/>\n\t<meta name=\"twitter:data1\" content=\"4 minutes\" \/>\n<script type=\"application\/ld+json\" class=\"yoast-schema-graph\">{\"@context\":\"https:\\\/\\\/schema.org\",\"@graph\":[{\"@type\":\"WebPage\",\"@id\":\"https:\\\/\\\/www.fcpr.org\\\/fondos-filantropiocos-en-campana-de-recaudo\\\/\",\"url\":\"https:\\\/\\\/www.fcpr.org\\\/fondos-filantropiocos-en-campana-de-recaudo\\\/\",\"name\":\"Fondos filantr\u00f3picos en campa\u00f1a de recaudo - Fundaci\u00f3n Comunitaria de Puerto Rico\",\"isPartOf\":{\"@id\":\"https:\\\/\\\/www.fcpr.org\\\/#website\"},\"primaryImageOfPage\":{\"@id\":\"https:\\\/\\\/www.fcpr.org\\\/fondos-filantropiocos-en-campana-de-recaudo\\\/#primaryimage\"},\"image\":{\"@id\":\"https:\\\/\\\/www.fcpr.org\\\/fondos-filantropiocos-en-campana-de-recaudo\\\/#primaryimage\"},\"thumbnailUrl\":\"https:\\\/\\\/www.fcpr.org\\\/wp-content\\\/uploads\\\/2025\\\/01\\\/qtq80-vdbdS8-1024x682.jpeg\",\"datePublished\":\"2023-02-02T17:31:33+00:00\",\"dateModified\":\"2025-05-28T18:18:46+00:00\",\"breadcrumb\":{\"@id\":\"https:\\\/\\\/www.fcpr.org\\\/fondos-filantropiocos-en-campana-de-recaudo\\\/#breadcrumb\"},\"inLanguage\":\"en-US\",\"potentialAction\":[{\"@type\":\"ReadAction\",\"target\":[\"https:\\\/\\\/www.fcpr.org\\\/fondos-filantropiocos-en-campana-de-recaudo\\\/\"]}]},{\"@type\":\"ImageObject\",\"inLanguage\":\"en-US\",\"@id\":\"https:\\\/\\\/www.fcpr.org\\\/fondos-filantropiocos-en-campana-de-recaudo\\\/#primaryimage\",\"url\":\"https:\\\/\\\/www.fcpr.org\\\/wp-content\\\/uploads\\\/2025\\\/01\\\/qtq80-vdbdS8-1024x682.jpeg\",\"contentUrl\":\"https:\\\/\\\/www.fcpr.org\\\/wp-content\\\/uploads\\\/2025\\\/01\\\/qtq80-vdbdS8-1024x682.jpeg\"},{\"@type\":\"BreadcrumbList\",\"@id\":\"https:\\\/\\\/www.fcpr.org\\\/fondos-filantropiocos-en-campana-de-recaudo\\\/#breadcrumb\",\"itemListElement\":[{\"@type\":\"ListItem\",\"position\":1,\"name\":\"Home\",\"item\":\"https:\\\/\\\/www.fcpr.org\\\/\"},{\"@type\":\"ListItem\",\"position\":2,\"name\":\"Fondos filantr\u00f3picos en campa\u00f1a de recaudo\"}]},{\"@type\":\"WebSite\",\"@id\":\"https:\\\/\\\/www.fcpr.org\\\/#website\",\"url\":\"https:\\\/\\\/www.fcpr.org\\\/\",\"name\":\"Fundaci\u00f3n Comunitaria de Puerto Rico\",\"description\":\"Fortaleciendo el Capital Comunitario\",\"publisher\":{\"@id\":\"https:\\\/\\\/www.fcpr.org\\\/#organization\"},\"potentialAction\":[{\"@type\":\"SearchAction\",\"target\":{\"@type\":\"EntryPoint\",\"urlTemplate\":\"https:\\\/\\\/www.fcpr.org\\\/?s={search_term_string}\"},\"query-input\":{\"@type\":\"PropertyValueSpecification\",\"valueRequired\":true,\"valueName\":\"search_term_string\"}}],\"inLanguage\":\"en-US\"},{\"@type\":\"Organization\",\"@id\":\"https:\\\/\\\/www.fcpr.org\\\/#organization\",\"name\":\"Fundaci\u00f3n Comunitaria de Puerto Rico\",\"url\":\"https:\\\/\\\/www.fcpr.org\\\/\",\"logo\":{\"@type\":\"ImageObject\",\"inLanguage\":\"en-US\",\"@id\":\"https:\\\/\\\/www.fcpr.org\\\/#\\\/schema\\\/logo\\\/image\\\/\",\"url\":\"https:\\\/\\\/www.fcpr.org\\\/wp-content\\\/uploads\\\/2016\\\/08\\\/logo-corp-red.png\",\"contentUrl\":\"https:\\\/\\\/www.fcpr.org\\\/wp-content\\\/uploads\\\/2016\\\/08\\\/logo-corp-red.png\",\"width\":221,\"height\":32,\"caption\":\"Fundaci\u00f3n Comunitaria de Puerto Rico\"},\"image\":{\"@id\":\"https:\\\/\\\/www.fcpr.org\\\/#\\\/schema\\\/logo\\\/image\\\/\"},\"sameAs\":[\"https:\\\/\\\/www.facebook.com\\\/FundacionComunitaria\",\"https:\\\/\\\/x.com\\\/FComunitaria\",\"https:\\\/\\\/www.instagram.com\\\/fundacioncomunitaria\\\/\",\"https:\\\/\\\/www.youtube.com\\\/channel\\\/UCGGW21eIGw6NRin0BrylmWg\"]}]}<\/script>\n<!-- \/ Yoast SEO Premium plugin. -->","yoast_head_json":{"title":"Philanthropic funds in fund-raising campaign - Fundaci\u00f3n Comunitaria de Puerto Rico","robots":{"index":"index","follow":"follow","max-snippet":"max-snippet:-1","max-image-preview":"max-image-preview:large","max-video-preview":"max-video-preview:-1"},"canonical":"https:\/\/www.fcpr.org\/en\/fondos-filantropiocos-en-campana-de-recaudo\/","og_locale":"en_US","og_type":"article","og_title":"Fondos filantr\u00f3picos en campa\u00f1a de recaudo","og_description":"Conoce los fondos filantr\u00f3picos, administrados o custodiados por la Fundaci\u00f3n Comunitaria de Puerto Rico, que est\u00e1n en campa\u00f1a de recaudo para beneficiar a sus comunidades geogr\u00e1ficas o funcionales. \u00a1Conoce, dona o comparte! Un legado de amor para promover la salud mental El Fondo Fundaci\u00f3n Jos\u00e9 Miguel Agrelot apoya la salud mental a trav\u00e9s de donativos [&hellip;]","og_url":"https:\/\/www.fcpr.org\/en\/fondos-filantropiocos-en-campana-de-recaudo\/","og_site_name":"Fundaci\u00f3n Comunitaria de Puerto Rico","article_publisher":"https:\/\/www.facebook.com\/FundacionComunitaria","article_modified_time":"2025-05-28T18:18:46+00:00","og_image":[{"url":"https:\/\/www.fcpr.org\/wp-content\/uploads\/2025\/01\/qtq80-vdbdS8-1024x682.jpeg","type":"","width":"","height":""}],"twitter_card":"summary_large_image","twitter_site":"@FComunitaria","twitter_misc":{"Est. reading time":"4 minutes"},"schema":{"@context":"https:\/\/schema.org","@graph":[{"@type":"WebPage","@id":"https:\/\/www.fcpr.org\/fondos-filantropiocos-en-campana-de-recaudo\/","url":"https:\/\/www.fcpr.org\/fondos-filantropiocos-en-campana-de-recaudo\/","name":"Philanthropic funds in fund-raising campaign - Fundaci\u00f3n Comunitaria de Puerto Rico","isPartOf":{"@id":"https:\/\/www.fcpr.org\/#website"},"primaryImageOfPage":{"@id":"https:\/\/www.fcpr.org\/fondos-filantropiocos-en-campana-de-recaudo\/#primaryimage"},"image":{"@id":"https:\/\/www.fcpr.org\/fondos-filantropiocos-en-campana-de-recaudo\/#primaryimage"},"thumbnailUrl":"https:\/\/www.fcpr.org\/wp-content\/uploads\/2025\/01\/qtq80-vdbdS8-1024x682.jpeg","datePublished":"2023-02-02T17:31:33+00:00","dateModified":"2025-05-28T18:18:46+00:00","breadcrumb":{"@id":"https:\/\/www.fcpr.org\/fondos-filantropiocos-en-campana-de-recaudo\/#breadcrumb"},"inLanguage":"en-US","potentialAction":[{"@type":"ReadAction","target":["https:\/\/www.fcpr.org\/fondos-filantropiocos-en-campana-de-recaudo\/"]}]},{"@type":"ImageObject","inLanguage":"en-US","@id":"https:\/\/www.fcpr.org\/fondos-filantropiocos-en-campana-de-recaudo\/#primaryimage","url":"https:\/\/www.fcpr.org\/wp-content\/uploads\/2025\/01\/qtq80-vdbdS8-1024x682.jpeg","contentUrl":"https:\/\/www.fcpr.org\/wp-content\/uploads\/2025\/01\/qtq80-vdbdS8-1024x682.jpeg"},{"@type":"BreadcrumbList","@id":"https:\/\/www.fcpr.org\/fondos-filantropiocos-en-campana-de-recaudo\/#breadcrumb","itemListElement":[{"@type":"ListItem","position":1,"name":"Home","item":"https:\/\/www.fcpr.org\/"},{"@type":"ListItem","position":2,"name":"Fondos filantr\u00f3picos en campa\u00f1a de recaudo"}]},{"@type":"WebSite","@id":"https:\/\/www.fcpr.org\/#website","url":"https:\/\/www.fcpr.org\/","name":"Puerto Rico Community Foundation","description":"Strengthening Community Capital","publisher":{"@id":"https:\/\/www.fcpr.org\/#organization"},"potentialAction":[{"@type":"SearchAction","target":{"@type":"EntryPoint","urlTemplate":"https:\/\/www.fcpr.org\/?s={search_term_string}"},"query-input":{"@type":"PropertyValueSpecification","valueRequired":true,"valueName":"search_term_string"}}],"inLanguage":"en-US"},{"@type":"Organization","@id":"https:\/\/www.fcpr.org\/#organization","name":"Puerto Rico Community Foundation","url":"https:\/\/www.fcpr.org\/","logo":{"@type":"ImageObject","inLanguage":"en-US","@id":"https:\/\/www.fcpr.org\/#\/schema\/logo\/image\/","url":"https:\/\/www.fcpr.org\/wp-content\/uploads\/2016\/08\/logo-corp-red.png","contentUrl":"https:\/\/www.fcpr.org\/wp-content\/uploads\/2016\/08\/logo-corp-red.png","width":221,"height":32,"caption":"Fundaci\u00f3n Comunitaria de Puerto Rico"},"image":{"@id":"https:\/\/www.fcpr.org\/#\/schema\/logo\/image\/"},"sameAs":["https:\/\/www.facebook.com\/FundacionComunitaria","https:\/\/x.com\/FComunitaria","https:\/\/www.instagram.com\/fundacioncomunitaria\/","https:\/\/www.youtube.com\/channel\/UCGGW21eIGw6NRin0BrylmWg"]}]}},"campaignId":"","_links":{"self":[{"href":"https:\/\/www.fcpr.org\/en\/wp-json\/wp\/v2\/pages\/12948","targetHints":{"allow":["GET"]}}],"collection":[{"href":"https:\/\/www.fcpr.org\/en\/wp-json\/wp\/v2\/pages"}],"about":[{"href":"https:\/\/www.fcpr.org\/en\/wp-json\/wp\/v2\/types\/page"}],"author":[{"embeddable":true,"href":"https:\/\/www.fcpr.org\/en\/wp-json\/wp\/v2\/users\/7"}],"replies":[{"embeddable":true,"href":"https:\/\/www.fcpr.org\/en\/wp-json\/wp\/v2\/comments?post=12948"}],"version-history":[{"count":28,"href":"https:\/\/www.fcpr.org\/en\/wp-json\/wp\/v2\/pages\/12948\/revisions"}],"predecessor-version":[{"id":17832,"href":"https:\/\/www.fcpr.org\/en\/wp-json\/wp\/v2\/pages\/12948\/revisions\/17832"}],"wp:attachment":[{"href":"https:\/\/www.fcpr.org\/en\/wp-json\/wp\/v2\/media?parent=12948"}],"curies":[{"name":"wp","href":"https:\/\/api.w.org\/{rel}","templated":true}]}}