{"id":13747,"date":"2023-04-25T16:33:57","date_gmt":"2023-04-25T20:33:57","guid":{"rendered":"https:\/\/www.fcpr.org\/?page_id=13747"},"modified":"2023-12-01T11:44:20","modified_gmt":"2023-12-01T15:44:20","slug":"historias-de-fundacion","status":"publish","type":"page","link":"https:\/\/www.fcpr.org\/en\/historias-de-fundacion\/","title":{"rendered":""},"content":{"rendered":"<div class=\"wp-block-group alignfull has-text-color has-background\" style=\"color:#000000;background-color:#ffffff\"><div class=\"wp-block-group__inner-container is-layout-flow wp-block-group-is-layout-flow\">\n<h5 class=\"wp-block-heading has-text-align-center\" id=\"schedule-a-visit\" style=\"font-size:59px;line-height:1.15\"><strong>Legacies of love... Stories<\/strong><\/h5>\n\n\n\n<h2 class=\"wp-block-heading has-text-align-center\"><strong>Meet the faces behind our scholarships<\/strong><\/h2>\n\n\n\n<h2 class=\"wp-block-heading has-text-align-center\"><strong> and donations to non-profit organizations.<\/strong><\/h2>\n\n\n\n<div style=\"height:64px\" aria-hidden=\"true\" class=\"wp-block-spacer\"><\/div>\n<\/div><\/div>\n\n\n\n<div class=\"wp-block-media-text alignwide is-stacked-on-mobile\"><figure class=\"wp-block-media-text__media\"><a href=\"https:\/\/www.fcpr.org\/en\/2023\/11\/30\/pga-legacy-fund-un-legado-testamentario-por-amor-a-puerto-rico\/\" target=\"_blank\" rel=\"noreferrer noopener\"><img loading=\"lazy\" decoding=\"async\" width=\"1024\" height=\"536\" src=\"https:\/\/www.fcpr.org\/wp-content\/uploads\/2023\/11\/PGA-COLLAGE-min-e1701359646128-1024x536.png\" alt=\"\" class=\"wp-image-15104 size-full\" srcset=\"https:\/\/www.fcpr.org\/wp-content\/uploads\/2023\/11\/PGA-COLLAGE-min-e1701359646128-1024x536.png 1024w, https:\/\/www.fcpr.org\/wp-content\/uploads\/2023\/11\/PGA-COLLAGE-min-e1701359646128-300x157.png 300w, https:\/\/www.fcpr.org\/wp-content\/uploads\/2023\/11\/PGA-COLLAGE-min-e1701359646128-768x402.png 768w, https:\/\/www.fcpr.org\/wp-content\/uploads\/2023\/11\/PGA-COLLAGE-min-e1701359646128.png 1202w\" sizes=\"auto, (max-width: 1024px) 100vw, 1024px\" \/><\/a><\/figure><div class=\"wp-block-media-text__content\">\n<h3 class=\"wp-block-heading\">PGA Legacy Fund: A testamentary legacy for the love of Puerto Rico \u00a0<\/h3>\n\n\n\n<p><a href=\"https:\/\/www.fcpr.org\/en\/author\/lisanfcpr\/\"><\/a><\/p>\n\n\n\n<p><strong>With the objective\u00a0<\/strong>to contribute to the welfare of Puerto Rican society, Peter G. Alfond left a testamentary bequest that established in the Puerto Rico Community Foundation (PRCF), the\u00a0<strong><em>PGA Legacy Fund for Puerto Rico<\/em><\/strong><em>.<\/em>\u00a0The fund was motivated by Peter's love for Puerto Rico, a love he demonstrated during his lifetime with other philanthropic initiatives that he executed under anonymity.\u00a0<\/p>\n\n\n\n<p><a href=\"https:\/\/www.fcpr.org\/en\/2023\/11\/30\/pga-legacy-fund-un-legado-testamentario-por-amor-a-puerto-rico\/\">Read more <\/a><\/p>\n<\/div><\/div>\n\n\n\n<div class=\"wp-block-media-text alignwide is-stacked-on-mobile\"><figure class=\"wp-block-media-text__media\"><a href=\"\/en\/Incubaci\u00f3n y aceleraci\u00f3n para activar la econom\u00eda\/\" target=\"_blank\" rel=\"noreferrer noopener\"><img loading=\"lazy\" decoding=\"async\" width=\"1024\" height=\"768\" src=\"https:\/\/www.fcpr.org\/wp-content\/uploads\/2023\/10\/LA-ESQUINA-1-min-1024x768.jpg\" alt=\"\" class=\"wp-image-14679 size-full\" srcset=\"https:\/\/www.fcpr.org\/wp-content\/uploads\/2023\/10\/LA-ESQUINA-1-min-1024x768.jpg 1024w, https:\/\/www.fcpr.org\/wp-content\/uploads\/2023\/10\/LA-ESQUINA-1-min-300x225.jpg 300w, https:\/\/www.fcpr.org\/wp-content\/uploads\/2023\/10\/LA-ESQUINA-1-min-768x576.jpg 768w, https:\/\/www.fcpr.org\/wp-content\/uploads\/2023\/10\/LA-ESQUINA-1-min-1536x1152.jpg 1536w, https:\/\/www.fcpr.org\/wp-content\/uploads\/2023\/10\/LA-ESQUINA-1-min.jpg 1600w\" sizes=\"auto, (max-width: 1024px) 100vw, 1024px\" \/><\/a><\/figure><div class=\"wp-block-media-text__content\">\n<h3 class=\"wp-block-heading\">Incubation and acceleration to activate the economy<\/h3>\n\n\n\n<p><a href=\"https:\/\/www.fcpr.org\/en\/author\/lisanfcpr\/\"><\/a>Since its inception in the 1980s, the Puerto Rico Community Foundation (PRCF) has recognized and supported business incubation as a philanthropic strategy for economic activation in the communities.<\/p>\n\n\n\n<p><a href=\"https:\/\/www.fcpr.org\/en\/2023\/10\/11\/incubacion-y-aceleracion-para-activar-la-economia\/\">Read more <\/a><\/p>\n<\/div><\/div>\n\n\n\n<div class=\"wp-block-media-text alignwide is-stacked-on-mobile\"><figure class=\"wp-block-media-text__media\"><a href=\"https:\/\/www.fcpr.org\/en\/2023\/10\/11\/se-fortalece-el-capital-social-de-los-acueductos-comunitarios-con-la-union-de-voces-bajo-la-asociacion-de-acueductos-comunitarios-de-puerto-rico\/\" target=\"_blank\" rel=\"noreferrer noopener\"><img loading=\"lazy\" decoding=\"async\" width=\"1024\" height=\"683\" src=\"https:\/\/www.fcpr.org\/wp-content\/uploads\/2023\/10\/IMG_3120-min-1024x683.jpg\" alt=\"\" class=\"wp-image-14667 size-full\" srcset=\"https:\/\/www.fcpr.org\/wp-content\/uploads\/2023\/10\/IMG_3120-min-1024x683.jpg 1024w, https:\/\/www.fcpr.org\/wp-content\/uploads\/2023\/10\/IMG_3120-min-300x200.jpg 300w, https:\/\/www.fcpr.org\/wp-content\/uploads\/2023\/10\/IMG_3120-min-768x512.jpg 768w, https:\/\/www.fcpr.org\/wp-content\/uploads\/2023\/10\/IMG_3120-min-1536x1024.jpg 1536w, https:\/\/www.fcpr.org\/wp-content\/uploads\/2023\/10\/IMG_3120-min-2048x1365.jpg 2048w\" sizes=\"auto, (max-width: 1024px) 100vw, 1024px\" \/><\/a><\/figure><div class=\"wp-block-media-text__content\">\n<h3 class=\"wp-block-heading\">The social capital of community aqueducts is strengthened with the union of voices under the Association of Community Aqueducts of Puerto Rico.<\/h3>\n\n\n\n<p>Before the anniversary of its constitutive assembly, the Association of Community Aqueducts of Puerto Rico Inc. (AACPR) had already achieved two of its main goals: to attract the leadership of dozens of community aqueducts to promote an organizational structure that would represent them; and the recognition by local and federal government institutions of an organization that groups and represents the interests of the community.<\/p>\n\n\n\n<p><a href=\"https:\/\/www.fcpr.org\/en\/2023\/10\/11\/se-fortalece-el-capital-social-de-los-acueductos-comunitarios-con-la-union-de-voces-bajo-la-asociacion-de-acueductos-comunitarios-de-puerto-rico\/\">Read more <\/a><\/p>\n<\/div><\/div>\n\n\n\n<div class=\"wp-block-media-text alignwide is-stacked-on-mobile\"><figure class=\"wp-block-media-text__media\"><a href=\"https:\/\/www.fcpr.org\/en\/2023\/10\/11\/se-establece-el-fondo-maria-taty-garay-para-apoyar-el-programa-de-becas-del-colegio-san-ignacio-de-loyola\/\" target=\"_blank\" rel=\"noreferrer noopener\"><img loading=\"lazy\" decoding=\"async\" width=\"692\" height=\"442\" src=\"https:\/\/www.fcpr.org\/wp-content\/uploads\/2022\/12\/taty-2-min.jpg\" alt=\"\" class=\"wp-image-12471 size-full\" srcset=\"https:\/\/www.fcpr.org\/wp-content\/uploads\/2022\/12\/taty-2-min.jpg 692w, https:\/\/www.fcpr.org\/wp-content\/uploads\/2022\/12\/taty-2-min-300x192.jpg 300w\" sizes=\"auto, (max-width: 692px) 100vw, 692px\" \/><\/a><\/figure><div class=\"wp-block-media-text__content\">\n<h3 class=\"wp-block-heading\">The Mar\u00eda \u201cTaty\u201d Garay Fund is established to support the scholarship program of Colegio San Ignacio de Loyola.<\/h3>\n\n\n\n<p><a href=\"https:\/\/www.fcpr.org\/en\/author\/lisanfcpr\/\"><\/a>A group of friends and alumni of Colegio San Ignacio de Loyola, in San Juan - Class of 1993, had been raising funds for more than a decade to strengthen the school's Project Program, which offers scholarships to low-income students with high academic potential, mostly from the public education system.<\/p>\n\n\n\n<p><a href=\"https:\/\/www.fcpr.org\/en\/2023\/10\/11\/se-establece-el-fondo-maria-taty-garay-para-apoyar-el-programa-de-becas-del-colegio-san-ignacio-de-loyola\/\">Read more <\/a><\/p>\n<\/div><\/div>\n\n\n\n<div class=\"wp-block-media-text alignwide is-stacked-on-mobile\"><figure class=\"wp-block-media-text__media\"><a href=\"https:\/\/www.fcpr.org\/en\/2023\/09\/12\/sophia-reyes-robles-volvere-a-culebra\/\" target=\"_blank\" rel=\"noreferrer noopener\"><img loading=\"lazy\" decoding=\"async\" width=\"1024\" height=\"488\" src=\"https:\/\/www.fcpr.org\/wp-content\/uploads\/2023\/09\/trio-cut--1024x488.png\" alt=\"\" class=\"wp-image-14404 size-full\" srcset=\"https:\/\/www.fcpr.org\/wp-content\/uploads\/2023\/09\/trio-cut--1024x488.png 1024w, https:\/\/www.fcpr.org\/wp-content\/uploads\/2023\/09\/trio-cut--300x143.png 300w, https:\/\/www.fcpr.org\/wp-content\/uploads\/2023\/09\/trio-cut--768x366.png 768w, https:\/\/www.fcpr.org\/wp-content\/uploads\/2023\/09\/trio-cut-.png 1306w\" sizes=\"auto, (max-width: 1024px) 100vw, 1024px\" \/><\/a><\/figure><div class=\"wp-block-media-text__content\">\n<h3 class=\"wp-block-heading\">Sophia Reyes Robles: \u201cI will return to Culebra\u201d.\u201d<\/h3>\n\n\n\n<p>A Sandy Hill Memorial Fund scholarship recipient, she is pursuing a bachelor's degree in Social Sciences at the University of Puerto Rico, Humacao Campus, and longs to return to the island municipality to contribute to its progress.<\/p>\n\n\n\n<p><a href=\"https:\/\/www.fcpr.org\/en\/2023\/09\/12\/sophia-reyes-robles-volvere-a-culebra\/\">Read more <\/a><\/p>\n<\/div><\/div>\n\n\n\n<div class=\"wp-block-media-text alignwide is-stacked-on-mobile\"><figure class=\"wp-block-media-text__media\"><a href=\"https:\/\/www.fcpr.org\/en\/2023\/06\/09\/fondo-solidario-liliana-cotto-morales-impulsa-las-misiones-de-organizaciones-jovenes-que-fortalecen-la-participacion-ciudadana\/\"><img loading=\"lazy\" decoding=\"async\" width=\"1024\" height=\"575\" src=\"https:\/\/www.fcpr.org\/wp-content\/uploads\/2023\/06\/name_-gravity-_AdUs32i0jc-unsplash-min-1024x575.jpg\" alt=\"\" class=\"wp-image-14064 size-full\" srcset=\"https:\/\/www.fcpr.org\/wp-content\/uploads\/2023\/06\/name_-gravity-_AdUs32i0jc-unsplash-min-1024x575.jpg 1024w, https:\/\/www.fcpr.org\/wp-content\/uploads\/2023\/06\/name_-gravity-_AdUs32i0jc-unsplash-min-300x169.jpg 300w, https:\/\/www.fcpr.org\/wp-content\/uploads\/2023\/06\/name_-gravity-_AdUs32i0jc-unsplash-min-768x431.jpg 768w, https:\/\/www.fcpr.org\/wp-content\/uploads\/2023\/06\/name_-gravity-_AdUs32i0jc-unsplash-min-1536x863.jpg 1536w, https:\/\/www.fcpr.org\/wp-content\/uploads\/2023\/06\/name_-gravity-_AdUs32i0jc-unsplash-min-2048x1151.jpg 2048w\" sizes=\"auto, (max-width: 1024px) 100vw, 1024px\" \/><\/a><\/figure><div class=\"wp-block-media-text__content\">\n<h3 class=\"wp-block-heading\">Liliana Cotto Morales Solidarity Fund promotes missions of youth organizations that strengthen citizen participation <\/h3>\n\n\n\n<p>The urban sociologist hopes that others will see this philanthropic vehicle as an alternative to support transformations that stimulate autonomy, decolonization and the exercise of our multiple sovereignties from the community base.<\/p>\n\n\n\n<p><a href=\"https:\/\/www.fcpr.org\/en\/2023\/06\/09\/fondo-solidario-liliana-cotto-morales-impulsa-las-misiones-de-organizaciones-jovenes-que-fortalecen-la-participacion-ciudadana\/\">Read more <\/a><\/p>\n<\/div><\/div>\n\n\n\n<div class=\"wp-block-media-text alignwide is-stacked-on-mobile\"><figure class=\"wp-block-media-text__media\"><a href=\"https:\/\/www.fcpr.org\/en\/2023\/03\/24\/egresada-del-colegio-rosa-bell-crea-pintura-para-agradecer-y-honrar-la-memoria-de-sebastian-deliz\/\"><img loading=\"lazy\" decoding=\"async\" width=\"1024\" height=\"790\" src=\"https:\/\/www.fcpr.org\/wp-content\/uploads\/2023\/03\/IMG_3818-min-scaled-e1677700998936-1024x790.jpg\" alt=\"\" class=\"wp-image-13127 size-full\" srcset=\"https:\/\/www.fcpr.org\/wp-content\/uploads\/2023\/03\/IMG_3818-min-scaled-e1677700998936-1024x790.jpg 1024w, https:\/\/www.fcpr.org\/wp-content\/uploads\/2023\/03\/IMG_3818-min-scaled-e1677700998936-300x231.jpg 300w, https:\/\/www.fcpr.org\/wp-content\/uploads\/2023\/03\/IMG_3818-min-scaled-e1677700998936-768x592.jpg 768w, https:\/\/www.fcpr.org\/wp-content\/uploads\/2023\/03\/IMG_3818-min-scaled-e1677700998936-1536x1184.jpg 1536w, https:\/\/www.fcpr.org\/wp-content\/uploads\/2023\/03\/IMG_3818-min-scaled-e1677700998936.jpg 1756w\" sizes=\"auto, (max-width: 1024px) 100vw, 1024px\" \/><\/a><\/figure><div class=\"wp-block-media-text__content\">\n<h3 class=\"wp-block-heading\">Rosa Bell School graduate creates painting to thank and honor the memory of Sebastian Deliz<\/h3>\n\n\n\n<p>In 1998, his twin brother, friends and family established the Sebasti\u00e1n Deliz Foundation Scholarship Fund at the Community Foundation of Puerto Rico (FCPR) to help dozens of students continue their studies at the educational institution where he had studied. <\/p>\n\n\n\n<p><a href=\"https:\/\/www.fcpr.org\/en\/2023\/03\/24\/egresada-del-colegio-rosa-bell-crea-pintura-para-agradecer-y-honrar-la-memoria-de-sebastian-deliz\/\" target=\"_blank\" rel=\"noreferrer noopener\">Read more <\/a><\/p>\n<\/div><\/div>\n\n\n\n<div class=\"wp-block-media-text alignwide is-stacked-on-mobile\"><figure class=\"wp-block-media-text__media\"><a href=\"https:\/\/www.fcpr.org\/en\/2023\/03\/23\/encuentro-entre-un-donante-y-su-becario\/\"><img loading=\"lazy\" decoding=\"async\" width=\"1024\" height=\"683\" src=\"https:\/\/www.fcpr.org\/wp-content\/uploads\/2023\/03\/IMG_4315-min-1024x683.jpg\" alt=\"\" class=\"wp-image-13337 size-full\" srcset=\"https:\/\/www.fcpr.org\/wp-content\/uploads\/2023\/03\/IMG_4315-min-1024x683.jpg 1024w, https:\/\/www.fcpr.org\/wp-content\/uploads\/2023\/03\/IMG_4315-min-300x200.jpg 300w, https:\/\/www.fcpr.org\/wp-content\/uploads\/2023\/03\/IMG_4315-min-768x512.jpg 768w\" sizes=\"auto, (max-width: 1024px) 100vw, 1024px\" \/><\/a><\/figure><div class=\"wp-block-media-text__content\">\n<h3 class=\"wp-block-heading\">Encounter between a donor and his grantee...<\/h3>\n\n\n\n<p>The scholarship representative of the&nbsp;<em><strong>PGA Legacy Fund for Puerto Rico,<\/strong><\/em>&nbsp;Jos\u00e9 Ismael Irizarry, recently had the opportunity to meet the fund's second grantee, Francisco Betancourt Morej\u00f3n. &nbsp;<\/p>\n\n\n\n<p><a href=\"https:\/\/www.fcpr.org\/en\/2023\/03\/23\/encuentro-entre-un-donante-y-su-becario\/\" target=\"_blank\" rel=\"noreferrer noopener\">Read more<\/a><\/p>\n\n\n\n<p><a href=\"https:\/\/www.fcpr.org\/en\/author\/lisanfcpr\/\"><\/a><\/p>\n<\/div><\/div>\n\n\n\n<div class=\"wp-block-media-text alignwide is-stacked-on-mobile\"><figure class=\"wp-block-media-text__media\"><img loading=\"lazy\" decoding=\"async\" width=\"1024\" height=\"683\" src=\"https:\/\/www.fcpr.org\/wp-content\/uploads\/2022\/11\/IMG_3562-min-1024x683.jpg\" alt=\"\" class=\"wp-image-11956 size-full\" srcset=\"https:\/\/www.fcpr.org\/wp-content\/uploads\/2022\/11\/IMG_3562-min-1024x683.jpg 1024w, https:\/\/www.fcpr.org\/wp-content\/uploads\/2022\/11\/IMG_3562-min-300x200.jpg 300w, https:\/\/www.fcpr.org\/wp-content\/uploads\/2022\/11\/IMG_3562-min-768x512.jpg 768w, https:\/\/www.fcpr.org\/wp-content\/uploads\/2022\/11\/IMG_3562-min-1536x1024.jpg 1536w, https:\/\/www.fcpr.org\/wp-content\/uploads\/2022\/11\/IMG_3562-min-2048x1365.jpg 2048w\" sizes=\"auto, (max-width: 1024px) 100vw, 1024px\" \/><\/figure><div class=\"wp-block-media-text__content\">\n<h3 class=\"wp-block-heading\">May water never be lacking...<\/h3>\n\n\n\n<p>The goal and objective are very clear: to have energy redundancy, that is, more than one source of energy, to avoid interruption of the water service that reaches their homes through the community aqueducts.<\/p>\n\n\n\n<p><a href=\"https:\/\/www.fcpr.org\/en\/2022\/11\/09\/que-el-agua-nunca-les-falte\/\" target=\"_blank\" rel=\"noreferrer noopener\">Read more<\/a><a href=\"https:\/\/www.fcpr.org\/en\/author\/lisanfcpr\/\"><\/a><\/p>\n<\/div><\/div>\n\n\n\n<div class=\"wp-block-media-text alignwide is-stacked-on-mobile\"><figure class=\"wp-block-media-text__media\"><a href=\"https:\/\/www.fcpr.org\/en\/2021\/07\/02\/fondo-fundacion-gonzalo-aponte-celebra-dos-decadas-de-un-legado-de-amor-a-las-comunidades-de-puerto-rico\/\"><img loading=\"lazy\" decoding=\"async\" width=\"1024\" height=\"555\" src=\"https:\/\/www.fcpr.org\/wp-content\/uploads\/2021\/06\/Gonzalo-Aponte-3-min-1024x555.jpg\" alt=\"\" class=\"wp-image-10121 size-full\" srcset=\"https:\/\/www.fcpr.org\/wp-content\/uploads\/2021\/06\/Gonzalo-Aponte-3-min-1024x555.jpg 1024w, https:\/\/www.fcpr.org\/wp-content\/uploads\/2021\/06\/Gonzalo-Aponte-3-min-300x163.jpg 300w, https:\/\/www.fcpr.org\/wp-content\/uploads\/2021\/06\/Gonzalo-Aponte-3-min-768x417.jpg 768w, https:\/\/www.fcpr.org\/wp-content\/uploads\/2021\/06\/Gonzalo-Aponte-3-min-1536x833.jpg 1536w, https:\/\/www.fcpr.org\/wp-content\/uploads\/2021\/06\/Gonzalo-Aponte-3-min-2048x1111.jpg 2048w\" sizes=\"auto, (max-width: 1024px) 100vw, 1024px\" \/><\/a><\/figure><div class=\"wp-block-media-text__content\">\n<h3 class=\"wp-block-heading\">Gonzalo Aponte Foundation Fund celebrates two decades of a legacy of love for Puerto Rico's communities <\/h3>\n\n\n\n<p>In the summer of 2001, exactly two decades ago, the Aponte Family decided to look for a way to perpetuate the philanthropic legacy of&nbsp;<strong>Mr. Gonzalo Aponte<\/strong>, a born philanthropist who understood the value of giving to others. Since then, there have been many who have benefited from the philanthropic investment of the&nbsp;<strong>Gonzalo Aponte Foundation Fund<\/strong>&nbsp;which already exceeds one million dollars.&nbsp;<\/p>\n\n\n\n<p><a href=\"https:\/\/www.fcpr.org\/en\/2021\/07\/02\/fondo-fundacion-gonzalo-aponte-celebra-dos-decadas-de-un-legado-de-amor-a-las-comunidades-de-puerto-rico\/\" target=\"_blank\" rel=\"noreferrer noopener\">Read more<\/a><\/p>\n<\/div><\/div>","protected":false},"excerpt":{"rendered":"<p>Legados de amor&#8230; Historias Conoce los rostros detr\u00e1s de nuestras becas y donativos a organizaciones sin fines de lucro. PGA Legacy Fund: Un legado testamentario por amor a Puerto Rico \u00a0 Con el objetivo\u00a0de aportar al bienestar de la sociedad puertorrique\u00f1a, Peter G. Alfond dej\u00f3 un legado testamentario que establec\u00eda en la Fundaci\u00f3n Comunitaria de [&hellip;]<\/p>\n","protected":false},"author":4,"featured_media":0,"parent":0,"menu_order":0,"comment_status":"closed","ping_status":"closed","template":"","meta":{"give_campaign_id":0,"footnotes":""},"class_list":["post-13747","page","type-page","status-publish","hentry"],"yoast_head":"<!-- This site is optimized with the Yoast SEO Premium plugin v27.2 (Yoast SEO v27.3) - https:\/\/yoast.com\/product\/yoast-seo-premium-wordpress\/ -->\n<title>- Fundaci\u00f3n Comunitaria de Puerto Rico<\/title>\n<meta name=\"robots\" content=\"index, follow, max-snippet:-1, max-image-preview:large, max-video-preview:-1\" \/>\n<link rel=\"canonical\" href=\"https:\/\/www.fcpr.org\/en\/historias-de-fundacion\/\" \/>\n<meta property=\"og:locale\" content=\"en_US\" \/>\n<meta property=\"og:type\" content=\"article\" \/>\n<meta property=\"og:description\" content=\"Legados de amor&#8230; Historias Conoce los rostros detr\u00e1s de nuestras becas y donativos a organizaciones sin fines de lucro. PGA Legacy Fund: Un legado testamentario por amor a Puerto Rico \u00a0 Con el objetivo\u00a0de aportar al bienestar de la sociedad puertorrique\u00f1a, Peter G. Alfond dej\u00f3 un legado testamentario que establec\u00eda en la Fundaci\u00f3n Comunitaria de [&hellip;]\" \/>\n<meta property=\"og:url\" content=\"https:\/\/www.fcpr.org\/en\/historias-de-fundacion\/\" \/>\n<meta property=\"og:site_name\" content=\"Fundaci\u00f3n Comunitaria de Puerto Rico\" \/>\n<meta property=\"article:publisher\" content=\"https:\/\/www.facebook.com\/FundacionComunitaria\" \/>\n<meta property=\"article:modified_time\" content=\"2023-12-01T15:44:20+00:00\" \/>\n<meta property=\"og:image\" content=\"https:\/\/www.fcpr.org\/wp-content\/uploads\/2023\/11\/PGA-COLLAGE-min-e1701359646128-1024x536.png\" \/>\n<meta name=\"twitter:card\" content=\"summary_large_image\" \/>\n<meta name=\"twitter:site\" content=\"@FComunitaria\" \/>\n<meta name=\"twitter:label1\" content=\"Est. reading time\" \/>\n\t<meta name=\"twitter:data1\" content=\"4 minutes\" \/>\n<script type=\"application\/ld+json\" class=\"yoast-schema-graph\">{\"@context\":\"https:\\\/\\\/schema.org\",\"@graph\":[{\"@type\":\"WebPage\",\"@id\":\"https:\\\/\\\/www.fcpr.org\\\/historias-de-fundacion\\\/\",\"url\":\"https:\\\/\\\/www.fcpr.org\\\/historias-de-fundacion\\\/\",\"name\":\"- Fundaci\u00f3n Comunitaria de Puerto Rico\",\"isPartOf\":{\"@id\":\"https:\\\/\\\/www.fcpr.org\\\/#website\"},\"primaryImageOfPage\":{\"@id\":\"https:\\\/\\\/www.fcpr.org\\\/historias-de-fundacion\\\/#primaryimage\"},\"image\":{\"@id\":\"https:\\\/\\\/www.fcpr.org\\\/historias-de-fundacion\\\/#primaryimage\"},\"thumbnailUrl\":\"https:\\\/\\\/www.fcpr.org\\\/wp-content\\\/uploads\\\/2023\\\/11\\\/PGA-COLLAGE-min-e1701359646128-1024x536.png\",\"datePublished\":\"2023-04-25T20:33:57+00:00\",\"dateModified\":\"2023-12-01T15:44:20+00:00\",\"inLanguage\":\"en-US\",\"potentialAction\":[{\"@type\":\"ReadAction\",\"target\":[\"https:\\\/\\\/www.fcpr.org\\\/historias-de-fundacion\\\/\"]}]},{\"@type\":\"ImageObject\",\"inLanguage\":\"en-US\",\"@id\":\"https:\\\/\\\/www.fcpr.org\\\/historias-de-fundacion\\\/#primaryimage\",\"url\":\"https:\\\/\\\/www.fcpr.org\\\/wp-content\\\/uploads\\\/2023\\\/11\\\/PGA-COLLAGE-min-e1701359646128-1024x536.png\",\"contentUrl\":\"https:\\\/\\\/www.fcpr.org\\\/wp-content\\\/uploads\\\/2023\\\/11\\\/PGA-COLLAGE-min-e1701359646128-1024x536.png\"},{\"@type\":\"WebSite\",\"@id\":\"https:\\\/\\\/www.fcpr.org\\\/#website\",\"url\":\"https:\\\/\\\/www.fcpr.org\\\/\",\"name\":\"Fundaci\u00f3n Comunitaria de Puerto Rico\",\"description\":\"Fortaleciendo el Capital Comunitario\",\"publisher\":{\"@id\":\"https:\\\/\\\/www.fcpr.org\\\/#organization\"},\"potentialAction\":[{\"@type\":\"SearchAction\",\"target\":{\"@type\":\"EntryPoint\",\"urlTemplate\":\"https:\\\/\\\/www.fcpr.org\\\/?s={search_term_string}\"},\"query-input\":{\"@type\":\"PropertyValueSpecification\",\"valueRequired\":true,\"valueName\":\"search_term_string\"}}],\"inLanguage\":\"en-US\"},{\"@type\":\"Organization\",\"@id\":\"https:\\\/\\\/www.fcpr.org\\\/#organization\",\"name\":\"Fundaci\u00f3n Comunitaria de Puerto Rico\",\"url\":\"https:\\\/\\\/www.fcpr.org\\\/\",\"logo\":{\"@type\":\"ImageObject\",\"inLanguage\":\"en-US\",\"@id\":\"https:\\\/\\\/www.fcpr.org\\\/#\\\/schema\\\/logo\\\/image\\\/\",\"url\":\"https:\\\/\\\/www.fcpr.org\\\/wp-content\\\/uploads\\\/2016\\\/08\\\/logo-corp-red.png\",\"contentUrl\":\"https:\\\/\\\/www.fcpr.org\\\/wp-content\\\/uploads\\\/2016\\\/08\\\/logo-corp-red.png\",\"width\":221,\"height\":32,\"caption\":\"Fundaci\u00f3n Comunitaria de Puerto Rico\"},\"image\":{\"@id\":\"https:\\\/\\\/www.fcpr.org\\\/#\\\/schema\\\/logo\\\/image\\\/\"},\"sameAs\":[\"https:\\\/\\\/www.facebook.com\\\/FundacionComunitaria\",\"https:\\\/\\\/x.com\\\/FComunitaria\",\"https:\\\/\\\/www.instagram.com\\\/fundacioncomunitaria\\\/\",\"https:\\\/\\\/www.youtube.com\\\/channel\\\/UCGGW21eIGw6NRin0BrylmWg\"]}]}<\/script>\n<!-- \/ Yoast SEO Premium plugin. -->","yoast_head_json":{"title":"- Puerto Rico Community Foundation","robots":{"index":"index","follow":"follow","max-snippet":"max-snippet:-1","max-image-preview":"max-image-preview:large","max-video-preview":"max-video-preview:-1"},"canonical":"https:\/\/www.fcpr.org\/en\/historias-de-fundacion\/","og_locale":"en_US","og_type":"article","og_description":"Legados de amor&#8230; Historias Conoce los rostros detr\u00e1s de nuestras becas y donativos a organizaciones sin fines de lucro. PGA Legacy Fund: Un legado testamentario por amor a Puerto Rico \u00a0 Con el objetivo\u00a0de aportar al bienestar de la sociedad puertorrique\u00f1a, Peter G. Alfond dej\u00f3 un legado testamentario que establec\u00eda en la Fundaci\u00f3n Comunitaria de [&hellip;]","og_url":"https:\/\/www.fcpr.org\/en\/historias-de-fundacion\/","og_site_name":"Fundaci\u00f3n Comunitaria de Puerto Rico","article_publisher":"https:\/\/www.facebook.com\/FundacionComunitaria","article_modified_time":"2023-12-01T15:44:20+00:00","og_image":[{"url":"https:\/\/www.fcpr.org\/wp-content\/uploads\/2023\/11\/PGA-COLLAGE-min-e1701359646128-1024x536.png","type":"","width":"","height":""}],"twitter_card":"summary_large_image","twitter_site":"@FComunitaria","twitter_misc":{"Est. reading time":"4 minutes"},"schema":{"@context":"https:\/\/schema.org","@graph":[{"@type":"WebPage","@id":"https:\/\/www.fcpr.org\/historias-de-fundacion\/","url":"https:\/\/www.fcpr.org\/historias-de-fundacion\/","name":"- Puerto Rico Community Foundation","isPartOf":{"@id":"https:\/\/www.fcpr.org\/#website"},"primaryImageOfPage":{"@id":"https:\/\/www.fcpr.org\/historias-de-fundacion\/#primaryimage"},"image":{"@id":"https:\/\/www.fcpr.org\/historias-de-fundacion\/#primaryimage"},"thumbnailUrl":"https:\/\/www.fcpr.org\/wp-content\/uploads\/2023\/11\/PGA-COLLAGE-min-e1701359646128-1024x536.png","datePublished":"2023-04-25T20:33:57+00:00","dateModified":"2023-12-01T15:44:20+00:00","inLanguage":"en-US","potentialAction":[{"@type":"ReadAction","target":["https:\/\/www.fcpr.org\/historias-de-fundacion\/"]}]},{"@type":"ImageObject","inLanguage":"en-US","@id":"https:\/\/www.fcpr.org\/historias-de-fundacion\/#primaryimage","url":"https:\/\/www.fcpr.org\/wp-content\/uploads\/2023\/11\/PGA-COLLAGE-min-e1701359646128-1024x536.png","contentUrl":"https:\/\/www.fcpr.org\/wp-content\/uploads\/2023\/11\/PGA-COLLAGE-min-e1701359646128-1024x536.png"},{"@type":"WebSite","@id":"https:\/\/www.fcpr.org\/#website","url":"https:\/\/www.fcpr.org\/","name":"Puerto Rico Community Foundation","description":"Strengthening Community Capital","publisher":{"@id":"https:\/\/www.fcpr.org\/#organization"},"potentialAction":[{"@type":"SearchAction","target":{"@type":"EntryPoint","urlTemplate":"https:\/\/www.fcpr.org\/?s={search_term_string}"},"query-input":{"@type":"PropertyValueSpecification","valueRequired":true,"valueName":"search_term_string"}}],"inLanguage":"en-US"},{"@type":"Organization","@id":"https:\/\/www.fcpr.org\/#organization","name":"Puerto Rico Community Foundation","url":"https:\/\/www.fcpr.org\/","logo":{"@type":"ImageObject","inLanguage":"en-US","@id":"https:\/\/www.fcpr.org\/#\/schema\/logo\/image\/","url":"https:\/\/www.fcpr.org\/wp-content\/uploads\/2016\/08\/logo-corp-red.png","contentUrl":"https:\/\/www.fcpr.org\/wp-content\/uploads\/2016\/08\/logo-corp-red.png","width":221,"height":32,"caption":"Fundaci\u00f3n Comunitaria de Puerto Rico"},"image":{"@id":"https:\/\/www.fcpr.org\/#\/schema\/logo\/image\/"},"sameAs":["https:\/\/www.facebook.com\/FundacionComunitaria","https:\/\/x.com\/FComunitaria","https:\/\/www.instagram.com\/fundacioncomunitaria\/","https:\/\/www.youtube.com\/channel\/UCGGW21eIGw6NRin0BrylmWg"]}]}},"campaignId":"","_links":{"self":[{"href":"https:\/\/www.fcpr.org\/en\/wp-json\/wp\/v2\/pages\/13747","targetHints":{"allow":["GET"]}}],"collection":[{"href":"https:\/\/www.fcpr.org\/en\/wp-json\/wp\/v2\/pages"}],"about":[{"href":"https:\/\/www.fcpr.org\/en\/wp-json\/wp\/v2\/types\/page"}],"author":[{"embeddable":true,"href":"https:\/\/www.fcpr.org\/en\/wp-json\/wp\/v2\/users\/4"}],"replies":[{"embeddable":true,"href":"https:\/\/www.fcpr.org\/en\/wp-json\/wp\/v2\/comments?post=13747"}],"version-history":[{"count":26,"href":"https:\/\/www.fcpr.org\/en\/wp-json\/wp\/v2\/pages\/13747\/revisions"}],"predecessor-version":[{"id":15129,"href":"https:\/\/www.fcpr.org\/en\/wp-json\/wp\/v2\/pages\/13747\/revisions\/15129"}],"wp:attachment":[{"href":"https:\/\/www.fcpr.org\/en\/wp-json\/wp\/v2\/media?parent=13747"}],"curies":[{"name":"wp","href":"https:\/\/api.w.org\/{rel}","templated":true}]}}