{"id":17015,"date":"2024-11-12T09:32:27","date_gmt":"2024-11-12T13:32:27","guid":{"rendered":"https:\/\/www.fcpr.org\/?page_id=17015"},"modified":"2024-11-21T14:17:00","modified_gmt":"2024-11-21T18:17:00","slug":"libro-fundacion-comunitaria","status":"publish","type":"page","link":"https:\/\/www.fcpr.org\/en\/libro-fundacion-comunitaria\/","title":{"rendered":"Evolution and philanthropic trajectory of the Community Foundation of Puerto Rico"},"content":{"rendered":"<div class=\"wp-block-cover alignfull is-light\" style=\"margin-top:0;padding-top:5vw;padding-right:5vw;padding-bottom:5vw;padding-left:5vw;min-height:66vh;aspect-ratio:unset;\"><span aria-hidden=\"true\" class=\"wp-block-cover__background has-background-dim-100 has-background-dim\" style=\"background-color:#7fbc42\"><\/span><div class=\"wp-block-cover__inner-container is-layout-flow wp-block-cover-is-layout-flow\">\n<div class=\"wp-block-group has-white-background-color has-background wp-container-content-9cfa9a5a\"><div class=\"wp-block-group__inner-container is-layout-constrained wp-container-core-group-is-layout-a1274fd4 wp-block-group-is-layout-constrained\">\n<div style=\"height:100px\" aria-hidden=\"true\" class=\"wp-block-spacer\"><\/div>\n\n\n\n<figure class=\"wp-block-image size-full is-style-default\"><img loading=\"lazy\" decoding=\"async\" width=\"356\" height=\"429\" src=\"https:\/\/www.fcpr.org\/wp-content\/uploads\/2024\/11\/PORTADA-min.png\" alt=\"\" class=\"wp-image-17016\" srcset=\"https:\/\/www.fcpr.org\/wp-content\/uploads\/2024\/11\/PORTADA-min.png 356w, https:\/\/www.fcpr.org\/wp-content\/uploads\/2024\/11\/PORTADA-min-249x300.png 249w\" sizes=\"auto, (max-width: 356px) 100vw, 356px\" \/><\/figure>\n\n\n\n<div style=\"height:48px\" aria-hidden=\"true\" class=\"wp-block-spacer\"><\/div>\n\n\n\n<h3 class=\"wp-block-heading alignwide has-text-align-center has-black-color has-text-color\" id=\"h-nuestra-historia\" style=\"padding-left:32px;font-size:27px;font-style:normal;font-weight:400;letter-spacing:7px;line-height:1;text-transform:uppercase\">our history... <\/h3>\n\n\n\n<div style=\"height:100px\" aria-hidden=\"true\" class=\"wp-block-spacer\"><\/div>\n<\/div><\/div>\n<\/div><\/div>\n\n\n\n<p class=\"has-text-align-left\">With his book <em>A<\/em> <em>community foundation for all time: 38 years of philanthropic action<\/em>, the <strong>Puerto Rico Community Foundation<\/strong> (FCPR) presents to the Puerto Rican community its evolution and philanthropic trajectory. <\/p>\n\n\n\n<p class=\"has-text-align-left\">The content was written by the writer and journalist <strong>Tatiana Perez Rivera<\/strong> and the foreword by <strong>Luis Alberto Ferr\u00e9 Rangel<\/strong>; the graphic design was in charge of <strong>Edder Gonz\u00e1lez Palacios<\/strong>. The text includes testimonials from non-profit organizations such as. <strong>FISH<\/strong>, the<strong> Sister Isolina Ferr\u00e9 Centers<\/strong> and the communities of <strong>Black Bull<\/strong>, in Ciales, and <strong>Corcovada<\/strong>, in A\u00f1asco. In addition, scholarship recipients of some funds. It also integrates the voices of donors, members of the Board of Directors -present and past- and representatives of allied foundations in the United States.<\/p>\n\n\n\n<p class=\"has-text-align-left\">Sixty people related in one way or another to FCPR funds or programs were interviewed, among them: C\u00e9sar Rey, former secretary of the <strong>Puerto Rico Department of Education;<\/strong> architects Elio Martinez Joffre and Edwin Quiles, former director and founder, respectively, of the <strong>Community Design Workshop of the School of Architecture<\/strong> <strong>of the<\/strong> <strong>University of Puerto Rico<\/strong>; the mayor of <strong>Lo\u00edza,<\/strong> Julia Nazario; and past members of the Board of Directors, including Manuel Cidre, Secretary of the Board of Directors. <strong>Economic Development Department<\/strong>; Manuel \u201cCoco\u201d Morales, Carlos J. V\u00e1zquez Camu\u00f1as.&nbsp;<\/p>\n\n\n\n<p class=\"has-text-align-left\">Enjoy what you will read in its pages, testimony of a Puerto Rico that works in unity to transform its reality. <\/p>\n\n\n\n<div style=\"height:100px\" aria-hidden=\"true\" class=\"wp-block-spacer\"><\/div>\n\n\n\n<div class=\"wp-block-media-text is-stacked-on-mobile\"><figure class=\"wp-block-media-text__media\"><img loading=\"lazy\" decoding=\"async\" width=\"1024\" height=\"313\" src=\"https:\/\/www.fcpr.org\/wp-content\/uploads\/2024\/11\/BOOKMARK2-1-2-min-1024x313.png\" alt=\"\" class=\"wp-image-17030 size-full\" srcset=\"https:\/\/www.fcpr.org\/wp-content\/uploads\/2024\/11\/BOOKMARK2-1-2-min-1024x313.png 1024w, https:\/\/www.fcpr.org\/wp-content\/uploads\/2024\/11\/BOOKMARK2-1-2-min-300x92.png 300w, https:\/\/www.fcpr.org\/wp-content\/uploads\/2024\/11\/BOOKMARK2-1-2-min-768x235.png 768w, https:\/\/www.fcpr.org\/wp-content\/uploads\/2024\/11\/BOOKMARK2-1-2-min-1536x469.png 1536w, https:\/\/www.fcpr.org\/wp-content\/uploads\/2024\/11\/BOOKMARK2-1-2-min-2048x625.png 2048w\" sizes=\"auto, (max-width: 1024px) 100vw, 1024px\" \/><\/figure><div class=\"wp-block-media-text__content\">\n<h3 class=\"wp-block-heading\" id=\"h-adquiere-el-libro-hoy\">Get the book today!<\/h3>\n\n\n\n<p>Visit the bookstores of <strong>The Bookmark<\/strong> in Guaynabo, San Juan or Hatillo. <\/p>\n\n\n\n<p><em>Proceeds from the book will strengthen the operation of the Puerto Rico Community Foundation. <\/em><\/p>\n<\/div><\/div>\n\n\n\n<div style=\"height:100px\" aria-hidden=\"true\" class=\"wp-block-spacer\"><\/div>\n\n\n\n<h4 class=\"wp-block-heading has-text-align-center has-black-color has-text-color has-link-color wp-elements-c73337a01fdd5e3635ba499251e9e7ed\" id=\"h-este-libro-nos-presenta-una-honrosa-trayectoria-de-labor-patriotica-y-ejemplos-concretos-que-validan-la-formula-exitosa-de-una-fundacion-de-servicio-para-todos-los-tiempos-nos-presenta-mas-una-ruta-clara-hacia-lo-que-es-posible-construir-en-forma-de-nuevos-proyectos-comunitarios-sectoriales-y-de-pais\">\u201cThis book presents us with an honorable trajectory of patriotic work and concrete examples that validate the successful formula of a service foundation for all times. It presents us with more: A clear path towards what is possible to build in the form of new community, sector and country projects.\u201d.<\/h4>\n\n\n\n<p class=\"has-text-align-center has-black-color has-text-color has-link-color wp-elements-0ca6322ae2a51238ca1b6e75a8a8163b\"><em>-Luis A. Ferr\u00e9 Rangel<\/em><\/p>\n\n\n\n<p class=\"has-text-align-center has-black-color has-text-color has-link-color wp-elements-89524833267682c2498fc3cc82dea065\"><em>Foreword &nbsp;&nbsp;<\/em><\/p>\n\n\n\n<p><\/p>","protected":false},"excerpt":{"rendered":"<p>Con su libro Una fundaci\u00f3n comunitaria para todos los tiempos: 38 a\u00f1os de acci\u00f3n filantr\u00f3pica, la Fundaci\u00f3n Comunitaria de Puerto Rico (FCPR) presenta a la comunidad puertorrique\u00f1a su evoluci\u00f3n y trayectoria filantr\u00f3pica. El contenido fue escrito por la escritora y periodista Tatiana P\u00e9rez Rivera y el pr\u00f3logo por Luis Alberto Ferr\u00e9 Rangel; el dise\u00f1o gr\u00e1fico [&hellip;]<\/p>\n","protected":false},"author":7,"featured_media":0,"parent":0,"menu_order":0,"comment_status":"closed","ping_status":"closed","template":"","meta":{"give_campaign_id":0,"footnotes":""},"class_list":["post-17015","page","type-page","status-publish","hentry"],"yoast_head":"<!-- This site is optimized with the Yoast SEO Premium plugin v27.2 (Yoast SEO v27.3) - https:\/\/yoast.com\/product\/yoast-seo-premium-wordpress\/ -->\n<title>Evoluci\u00f3n y trayectoria filantr\u00f3pica de la Fundaci\u00f3n Comunitaria de Puerto Rico - Fundaci\u00f3n Comunitaria de Puerto Rico<\/title>\n<meta name=\"robots\" content=\"index, follow, max-snippet:-1, max-image-preview:large, max-video-preview:-1\" \/>\n<link rel=\"canonical\" href=\"https:\/\/www.fcpr.org\/en\/libro-fundacion-comunitaria\/\" \/>\n<meta property=\"og:locale\" content=\"en_US\" \/>\n<meta property=\"og:type\" content=\"article\" \/>\n<meta property=\"og:title\" content=\"Evoluci\u00f3n y trayectoria filantr\u00f3pica de la Fundaci\u00f3n Comunitaria de Puerto Rico\" \/>\n<meta property=\"og:description\" content=\"Con su libro Una fundaci\u00f3n comunitaria para todos los tiempos: 38 a\u00f1os de acci\u00f3n filantr\u00f3pica, la Fundaci\u00f3n Comunitaria de Puerto Rico (FCPR) presenta a la comunidad puertorrique\u00f1a su evoluci\u00f3n y trayectoria filantr\u00f3pica. El contenido fue escrito por la escritora y periodista Tatiana P\u00e9rez Rivera y el pr\u00f3logo por Luis Alberto Ferr\u00e9 Rangel; el dise\u00f1o gr\u00e1fico [&hellip;]\" \/>\n<meta property=\"og:url\" content=\"https:\/\/www.fcpr.org\/en\/libro-fundacion-comunitaria\/\" \/>\n<meta property=\"og:site_name\" content=\"Fundaci\u00f3n Comunitaria de Puerto Rico\" \/>\n<meta property=\"article:publisher\" content=\"https:\/\/www.facebook.com\/FundacionComunitaria\" \/>\n<meta property=\"article:modified_time\" content=\"2024-11-21T18:17:00+00:00\" \/>\n<meta property=\"og:image\" content=\"https:\/\/www.fcpr.org\/wp-content\/uploads\/2024\/11\/PORTADA-min.png\" \/>\n<meta name=\"twitter:card\" content=\"summary_large_image\" \/>\n<meta name=\"twitter:site\" content=\"@FComunitaria\" \/>\n<meta name=\"twitter:label1\" content=\"Est. reading time\" \/>\n\t<meta name=\"twitter:data1\" content=\"2 minutes\" \/>\n<script type=\"application\/ld+json\" class=\"yoast-schema-graph\">{\"@context\":\"https:\\\/\\\/schema.org\",\"@graph\":[{\"@type\":\"WebPage\",\"@id\":\"https:\\\/\\\/www.fcpr.org\\\/libro-fundacion-comunitaria\\\/\",\"url\":\"https:\\\/\\\/www.fcpr.org\\\/libro-fundacion-comunitaria\\\/\",\"name\":\"Evoluci\u00f3n y trayectoria filantr\u00f3pica de la Fundaci\u00f3n Comunitaria de Puerto Rico - Fundaci\u00f3n Comunitaria de Puerto Rico\",\"isPartOf\":{\"@id\":\"https:\\\/\\\/www.fcpr.org\\\/#website\"},\"primaryImageOfPage\":{\"@id\":\"https:\\\/\\\/www.fcpr.org\\\/libro-fundacion-comunitaria\\\/#primaryimage\"},\"image\":{\"@id\":\"https:\\\/\\\/www.fcpr.org\\\/libro-fundacion-comunitaria\\\/#primaryimage\"},\"thumbnailUrl\":\"https:\\\/\\\/www.fcpr.org\\\/wp-content\\\/uploads\\\/2024\\\/11\\\/PORTADA-min.png\",\"datePublished\":\"2024-11-12T13:32:27+00:00\",\"dateModified\":\"2024-11-21T18:17:00+00:00\",\"breadcrumb\":{\"@id\":\"https:\\\/\\\/www.fcpr.org\\\/libro-fundacion-comunitaria\\\/#breadcrumb\"},\"inLanguage\":\"en-US\",\"potentialAction\":[{\"@type\":\"ReadAction\",\"target\":[\"https:\\\/\\\/www.fcpr.org\\\/libro-fundacion-comunitaria\\\/\"]}]},{\"@type\":\"ImageObject\",\"inLanguage\":\"en-US\",\"@id\":\"https:\\\/\\\/www.fcpr.org\\\/libro-fundacion-comunitaria\\\/#primaryimage\",\"url\":\"https:\\\/\\\/www.fcpr.org\\\/wp-content\\\/uploads\\\/2024\\\/11\\\/PORTADA-min.png\",\"contentUrl\":\"https:\\\/\\\/www.fcpr.org\\\/wp-content\\\/uploads\\\/2024\\\/11\\\/PORTADA-min.png\"},{\"@type\":\"BreadcrumbList\",\"@id\":\"https:\\\/\\\/www.fcpr.org\\\/libro-fundacion-comunitaria\\\/#breadcrumb\",\"itemListElement\":[{\"@type\":\"ListItem\",\"position\":1,\"name\":\"Home\",\"item\":\"https:\\\/\\\/www.fcpr.org\\\/\"},{\"@type\":\"ListItem\",\"position\":2,\"name\":\"Evoluci\u00f3n y trayectoria filantr\u00f3pica de la Fundaci\u00f3n Comunitaria de Puerto Rico\"}]},{\"@type\":\"WebSite\",\"@id\":\"https:\\\/\\\/www.fcpr.org\\\/#website\",\"url\":\"https:\\\/\\\/www.fcpr.org\\\/\",\"name\":\"Fundaci\u00f3n Comunitaria de Puerto Rico\",\"description\":\"Fortaleciendo el Capital Comunitario\",\"publisher\":{\"@id\":\"https:\\\/\\\/www.fcpr.org\\\/#organization\"},\"potentialAction\":[{\"@type\":\"SearchAction\",\"target\":{\"@type\":\"EntryPoint\",\"urlTemplate\":\"https:\\\/\\\/www.fcpr.org\\\/?s={search_term_string}\"},\"query-input\":{\"@type\":\"PropertyValueSpecification\",\"valueRequired\":true,\"valueName\":\"search_term_string\"}}],\"inLanguage\":\"en-US\"},{\"@type\":\"Organization\",\"@id\":\"https:\\\/\\\/www.fcpr.org\\\/#organization\",\"name\":\"Fundaci\u00f3n Comunitaria de Puerto Rico\",\"url\":\"https:\\\/\\\/www.fcpr.org\\\/\",\"logo\":{\"@type\":\"ImageObject\",\"inLanguage\":\"en-US\",\"@id\":\"https:\\\/\\\/www.fcpr.org\\\/#\\\/schema\\\/logo\\\/image\\\/\",\"url\":\"https:\\\/\\\/www.fcpr.org\\\/wp-content\\\/uploads\\\/2016\\\/08\\\/logo-corp-red.png\",\"contentUrl\":\"https:\\\/\\\/www.fcpr.org\\\/wp-content\\\/uploads\\\/2016\\\/08\\\/logo-corp-red.png\",\"width\":221,\"height\":32,\"caption\":\"Fundaci\u00f3n Comunitaria de Puerto Rico\"},\"image\":{\"@id\":\"https:\\\/\\\/www.fcpr.org\\\/#\\\/schema\\\/logo\\\/image\\\/\"},\"sameAs\":[\"https:\\\/\\\/www.facebook.com\\\/FundacionComunitaria\",\"https:\\\/\\\/x.com\\\/FComunitaria\",\"https:\\\/\\\/www.instagram.com\\\/fundacioncomunitaria\\\/\",\"https:\\\/\\\/www.youtube.com\\\/channel\\\/UCGGW21eIGw6NRin0BrylmWg\"]}]}<\/script>\n<!-- \/ Yoast SEO Premium plugin. -->","yoast_head_json":{"title":"Evolution and philanthropic trajectory of the Puerto Rico Community Foundation - Fundaci\u00f3n Comunitaria de Puerto Rico","robots":{"index":"index","follow":"follow","max-snippet":"max-snippet:-1","max-image-preview":"max-image-preview:large","max-video-preview":"max-video-preview:-1"},"canonical":"https:\/\/www.fcpr.org\/en\/libro-fundacion-comunitaria\/","og_locale":"en_US","og_type":"article","og_title":"Evoluci\u00f3n y trayectoria filantr\u00f3pica de la Fundaci\u00f3n Comunitaria de Puerto Rico","og_description":"Con su libro Una fundaci\u00f3n comunitaria para todos los tiempos: 38 a\u00f1os de acci\u00f3n filantr\u00f3pica, la Fundaci\u00f3n Comunitaria de Puerto Rico (FCPR) presenta a la comunidad puertorrique\u00f1a su evoluci\u00f3n y trayectoria filantr\u00f3pica. El contenido fue escrito por la escritora y periodista Tatiana P\u00e9rez Rivera y el pr\u00f3logo por Luis Alberto Ferr\u00e9 Rangel; el dise\u00f1o gr\u00e1fico [&hellip;]","og_url":"https:\/\/www.fcpr.org\/en\/libro-fundacion-comunitaria\/","og_site_name":"Fundaci\u00f3n Comunitaria de Puerto Rico","article_publisher":"https:\/\/www.facebook.com\/FundacionComunitaria","article_modified_time":"2024-11-21T18:17:00+00:00","og_image":[{"url":"https:\/\/www.fcpr.org\/wp-content\/uploads\/2024\/11\/PORTADA-min.png","type":"","width":"","height":""}],"twitter_card":"summary_large_image","twitter_site":"@FComunitaria","twitter_misc":{"Est. reading time":"2 minutes"},"schema":{"@context":"https:\/\/schema.org","@graph":[{"@type":"WebPage","@id":"https:\/\/www.fcpr.org\/libro-fundacion-comunitaria\/","url":"https:\/\/www.fcpr.org\/libro-fundacion-comunitaria\/","name":"Evolution and philanthropic trajectory of the Puerto Rico Community Foundation - Fundaci\u00f3n Comunitaria de Puerto Rico","isPartOf":{"@id":"https:\/\/www.fcpr.org\/#website"},"primaryImageOfPage":{"@id":"https:\/\/www.fcpr.org\/libro-fundacion-comunitaria\/#primaryimage"},"image":{"@id":"https:\/\/www.fcpr.org\/libro-fundacion-comunitaria\/#primaryimage"},"thumbnailUrl":"https:\/\/www.fcpr.org\/wp-content\/uploads\/2024\/11\/PORTADA-min.png","datePublished":"2024-11-12T13:32:27+00:00","dateModified":"2024-11-21T18:17:00+00:00","breadcrumb":{"@id":"https:\/\/www.fcpr.org\/libro-fundacion-comunitaria\/#breadcrumb"},"inLanguage":"en-US","potentialAction":[{"@type":"ReadAction","target":["https:\/\/www.fcpr.org\/libro-fundacion-comunitaria\/"]}]},{"@type":"ImageObject","inLanguage":"en-US","@id":"https:\/\/www.fcpr.org\/libro-fundacion-comunitaria\/#primaryimage","url":"https:\/\/www.fcpr.org\/wp-content\/uploads\/2024\/11\/PORTADA-min.png","contentUrl":"https:\/\/www.fcpr.org\/wp-content\/uploads\/2024\/11\/PORTADA-min.png"},{"@type":"BreadcrumbList","@id":"https:\/\/www.fcpr.org\/libro-fundacion-comunitaria\/#breadcrumb","itemListElement":[{"@type":"ListItem","position":1,"name":"Home","item":"https:\/\/www.fcpr.org\/"},{"@type":"ListItem","position":2,"name":"Evoluci\u00f3n y trayectoria filantr\u00f3pica de la Fundaci\u00f3n Comunitaria de Puerto Rico"}]},{"@type":"WebSite","@id":"https:\/\/www.fcpr.org\/#website","url":"https:\/\/www.fcpr.org\/","name":"Puerto Rico Community Foundation","description":"Strengthening Community Capital","publisher":{"@id":"https:\/\/www.fcpr.org\/#organization"},"potentialAction":[{"@type":"SearchAction","target":{"@type":"EntryPoint","urlTemplate":"https:\/\/www.fcpr.org\/?s={search_term_string}"},"query-input":{"@type":"PropertyValueSpecification","valueRequired":true,"valueName":"search_term_string"}}],"inLanguage":"en-US"},{"@type":"Organization","@id":"https:\/\/www.fcpr.org\/#organization","name":"Puerto Rico Community Foundation","url":"https:\/\/www.fcpr.org\/","logo":{"@type":"ImageObject","inLanguage":"en-US","@id":"https:\/\/www.fcpr.org\/#\/schema\/logo\/image\/","url":"https:\/\/www.fcpr.org\/wp-content\/uploads\/2016\/08\/logo-corp-red.png","contentUrl":"https:\/\/www.fcpr.org\/wp-content\/uploads\/2016\/08\/logo-corp-red.png","width":221,"height":32,"caption":"Fundaci\u00f3n Comunitaria de Puerto Rico"},"image":{"@id":"https:\/\/www.fcpr.org\/#\/schema\/logo\/image\/"},"sameAs":["https:\/\/www.facebook.com\/FundacionComunitaria","https:\/\/x.com\/FComunitaria","https:\/\/www.instagram.com\/fundacioncomunitaria\/","https:\/\/www.youtube.com\/channel\/UCGGW21eIGw6NRin0BrylmWg"]}]}},"campaignId":"","_links":{"self":[{"href":"https:\/\/www.fcpr.org\/en\/wp-json\/wp\/v2\/pages\/17015","targetHints":{"allow":["GET"]}}],"collection":[{"href":"https:\/\/www.fcpr.org\/en\/wp-json\/wp\/v2\/pages"}],"about":[{"href":"https:\/\/www.fcpr.org\/en\/wp-json\/wp\/v2\/types\/page"}],"author":[{"embeddable":true,"href":"https:\/\/www.fcpr.org\/en\/wp-json\/wp\/v2\/users\/7"}],"replies":[{"embeddable":true,"href":"https:\/\/www.fcpr.org\/en\/wp-json\/wp\/v2\/comments?post=17015"}],"version-history":[{"count":38,"href":"https:\/\/www.fcpr.org\/en\/wp-json\/wp\/v2\/pages\/17015\/revisions"}],"predecessor-version":[{"id":17101,"href":"https:\/\/www.fcpr.org\/en\/wp-json\/wp\/v2\/pages\/17015\/revisions\/17101"}],"wp:attachment":[{"href":"https:\/\/www.fcpr.org\/en\/wp-json\/wp\/v2\/media?parent=17015"}],"curies":[{"name":"wp","href":"https:\/\/api.w.org\/{rel}","templated":true}]}}