{"id":17103,"date":"2024-11-20T15:34:01","date_gmt":"2024-11-20T19:34:01","guid":{"rendered":"https:\/\/www.fcpr.org\/?page_id=17103"},"modified":"2025-01-04T11:21:23","modified_gmt":"2025-01-04T15:21:23","slug":"solicitudceri","status":"publish","type":"page","link":"https:\/\/www.fcpr.org\/en\/solicitudceri\/","title":{"rendered":"Solicitud CERI"},"content":{"rendered":"<figure class=\"wp-block-image alignfull size-full\"><img loading=\"lazy\" decoding=\"async\" width=\"3840\" height=\"1200\" src=\"https:\/\/www.fcpr.org\/wp-content\/uploads\/2024\/10\/Landing-Page-CERI-1.png\" alt=\"\" class=\"wp-image-16859\" srcset=\"https:\/\/www.fcpr.org\/wp-content\/uploads\/2024\/10\/Landing-Page-CERI-1.png 3840w, https:\/\/www.fcpr.org\/wp-content\/uploads\/2024\/10\/Landing-Page-CERI-1-300x94.png 300w, https:\/\/www.fcpr.org\/wp-content\/uploads\/2024\/10\/Landing-Page-CERI-1-1024x320.png 1024w, https:\/\/www.fcpr.org\/wp-content\/uploads\/2024\/10\/Landing-Page-CERI-1-768x240.png 768w, https:\/\/www.fcpr.org\/wp-content\/uploads\/2024\/10\/Landing-Page-CERI-1-1536x480.png 1536w, https:\/\/www.fcpr.org\/wp-content\/uploads\/2024\/10\/Landing-Page-CERI-1-2048x640.png 2048w\" sizes=\"auto, (max-width: 3840px) 100vw, 3840px\" \/><\/figure>\n\n\n\n<h1 class=\"wp-block-heading has-text-align-center\" id=\"h-\"><\/h1>\n\n\n\n<p class=\"has-text-align-left\"><strong>La Iniciativa de Resiliencia Energ\u00e9tica Comunitaria (CERI)<\/strong>, liderada por GEAPP y gestionada por la Fundaci\u00f3n Comunitaria de Puerto Rico, busca fortalecer la resiliencia de comunidades en Puerto Rico frente a apagones mediante subsidios, donativos y financiamiento. El proyecto financia negocios esenciales y organizaciones sin fines de lucro que act\u00faan como centros comunitarios cr\u00edticos. Los recursos provienen de GEAPP, Banco Popular y Mellon Foundation, y se distribuyen bajo aprobaci\u00f3n y disponibilidad de fondos, con el fin de garantizar servicios esenciales durante emergencias o fallos el\u00e9ctricos.<\/p>\n\n\n\n<p class=\"has-text-align-left\">Para iniciar el proceso de cualificaci\u00f3n al programa, complete la informaci\u00f3n utilizando nuestro WebTool:<\/p>\n\n\n\n<p class=\"has-text-align-left\"><\/p>\n\n\n\n<br>\n\n\n\n<div class=\"wp-block-buttons is-content-justification-center is-layout-flex wp-container-core-buttons-is-layout-a89b3969 wp-block-buttons-is-layout-flex\">\n<div class=\"wp-block-button is-style-fill\"><a class=\"wp-block-button__link has-black-color has-light-green-cyan-background-color has-text-color has-background has-link-color wp-element-button\" href=\"https:\/\/www.fcpr.org\/en\/solicitudcerit1231\/\">Solicita aqu\u00ed<\/a><\/div>\n<\/div>\n\n\n\n<p><\/p>","protected":false},"excerpt":{"rendered":"<p>La Iniciativa de Resiliencia Energ\u00e9tica Comunitaria (CERI), liderada por GEAPP y gestionada por la Fundaci\u00f3n Comunitaria de Puerto Rico, busca fortalecer la resiliencia de comunidades en Puerto Rico frente a apagones mediante subsidios, donativos y financiamiento. El proyecto financia negocios esenciales y organizaciones sin fines de lucro que act\u00faan como centros comunitarios cr\u00edticos. Los recursos [&hellip;]<\/p>\n","protected":false},"author":4,"featured_media":0,"parent":0,"menu_order":0,"comment_status":"closed","ping_status":"closed","template":"template\/fullwidth.php","meta":{"give_campaign_id":0,"footnotes":""},"class_list":["post-17103","page","type-page","status-publish","hentry"],"yoast_head":"<!-- This site is optimized with the Yoast SEO Premium plugin v27.5 (Yoast SEO v27.5) - https:\/\/yoast.com\/product\/yoast-seo-premium-wordpress\/ -->\n<title>Solicitud CERI - Fundaci\u00f3n Comunitaria de Puerto Rico<\/title>\n<meta name=\"robots\" content=\"index, follow, max-snippet:-1, max-image-preview:large, max-video-preview:-1\" \/>\n<link rel=\"canonical\" href=\"https:\/\/www.fcpr.org\/en\/solicitudceri\/\" \/>\n<meta property=\"og:locale\" content=\"en_US\" \/>\n<meta property=\"og:type\" content=\"article\" \/>\n<meta property=\"og:title\" content=\"Solicitud CERI\" \/>\n<meta property=\"og:description\" content=\"La Iniciativa de Resiliencia Energ\u00e9tica Comunitaria (CERI), liderada por GEAPP y gestionada por la Fundaci\u00f3n Comunitaria de Puerto Rico, busca fortalecer la resiliencia de comunidades en Puerto Rico frente a apagones mediante subsidios, donativos y financiamiento. El proyecto financia negocios esenciales y organizaciones sin fines de lucro que act\u00faan como centros comunitarios cr\u00edticos. Los recursos [&hellip;]\" \/>\n<meta property=\"og:url\" content=\"https:\/\/www.fcpr.org\/en\/solicitudceri\/\" \/>\n<meta property=\"og:site_name\" content=\"Fundaci\u00f3n Comunitaria de Puerto Rico\" \/>\n<meta property=\"article:publisher\" content=\"https:\/\/www.facebook.com\/FundacionComunitaria\" \/>\n<meta property=\"article:modified_time\" content=\"2025-01-04T15:21:23+00:00\" \/>\n<meta property=\"og:image\" content=\"https:\/\/www.fcpr.org\/wp-content\/uploads\/2024\/10\/Landing-Page-CERI-1.png\" \/>\n<meta name=\"twitter:card\" content=\"summary_large_image\" \/>\n<meta name=\"twitter:site\" content=\"@FComunitaria\" \/>\n<meta name=\"twitter:label1\" content=\"Est. reading time\" \/>\n\t<meta name=\"twitter:data1\" content=\"1 minute\" \/>\n<script type=\"application\/ld+json\" class=\"yoast-schema-graph\">{\"@context\":\"https:\\\/\\\/schema.org\",\"@graph\":[{\"@type\":\"WebPage\",\"@id\":\"https:\\\/\\\/www.fcpr.org\\\/solicitudceri\\\/\",\"url\":\"https:\\\/\\\/www.fcpr.org\\\/solicitudceri\\\/\",\"name\":\"Solicitud CERI - Fundaci\u00f3n Comunitaria de Puerto Rico\",\"isPartOf\":{\"@id\":\"https:\\\/\\\/www.fcpr.org\\\/#website\"},\"primaryImageOfPage\":{\"@id\":\"https:\\\/\\\/www.fcpr.org\\\/solicitudceri\\\/#primaryimage\"},\"image\":{\"@id\":\"https:\\\/\\\/www.fcpr.org\\\/solicitudceri\\\/#primaryimage\"},\"thumbnailUrl\":\"https:\\\/\\\/www.fcpr.org\\\/wp-content\\\/uploads\\\/2024\\\/10\\\/Landing-Page-CERI-1.png\",\"datePublished\":\"2024-11-20T19:34:01+00:00\",\"dateModified\":\"2025-01-04T15:21:23+00:00\",\"breadcrumb\":{\"@id\":\"https:\\\/\\\/www.fcpr.org\\\/solicitudceri\\\/#breadcrumb\"},\"inLanguage\":\"en-US\",\"potentialAction\":[{\"@type\":\"ReadAction\",\"target\":[\"https:\\\/\\\/www.fcpr.org\\\/solicitudceri\\\/\"]}]},{\"@type\":\"ImageObject\",\"inLanguage\":\"en-US\",\"@id\":\"https:\\\/\\\/www.fcpr.org\\\/solicitudceri\\\/#primaryimage\",\"url\":\"https:\\\/\\\/www.fcpr.org\\\/wp-content\\\/uploads\\\/2024\\\/10\\\/Landing-Page-CERI-1.png\",\"contentUrl\":\"https:\\\/\\\/www.fcpr.org\\\/wp-content\\\/uploads\\\/2024\\\/10\\\/Landing-Page-CERI-1.png\"},{\"@type\":\"BreadcrumbList\",\"@id\":\"https:\\\/\\\/www.fcpr.org\\\/solicitudceri\\\/#breadcrumb\",\"itemListElement\":[{\"@type\":\"ListItem\",\"position\":1,\"name\":\"Home\",\"item\":\"https:\\\/\\\/www.fcpr.org\\\/\"},{\"@type\":\"ListItem\",\"position\":2,\"name\":\"Solicitud CERI\"}]},{\"@type\":\"WebSite\",\"@id\":\"https:\\\/\\\/www.fcpr.org\\\/#website\",\"url\":\"https:\\\/\\\/www.fcpr.org\\\/\",\"name\":\"Fundaci\u00f3n Comunitaria de Puerto Rico\",\"description\":\"Fortaleciendo el Capital Comunitario\",\"publisher\":{\"@id\":\"https:\\\/\\\/www.fcpr.org\\\/#organization\"},\"potentialAction\":[{\"@type\":\"SearchAction\",\"target\":{\"@type\":\"EntryPoint\",\"urlTemplate\":\"https:\\\/\\\/www.fcpr.org\\\/?s={search_term_string}\"},\"query-input\":{\"@type\":\"PropertyValueSpecification\",\"valueRequired\":true,\"valueName\":\"search_term_string\"}}],\"inLanguage\":\"en-US\"},{\"@type\":\"Organization\",\"@id\":\"https:\\\/\\\/www.fcpr.org\\\/#organization\",\"name\":\"Fundaci\u00f3n Comunitaria de Puerto Rico\",\"url\":\"https:\\\/\\\/www.fcpr.org\\\/\",\"logo\":{\"@type\":\"ImageObject\",\"inLanguage\":\"en-US\",\"@id\":\"https:\\\/\\\/www.fcpr.org\\\/#\\\/schema\\\/logo\\\/image\\\/\",\"url\":\"https:\\\/\\\/www.fcpr.org\\\/wp-content\\\/uploads\\\/2016\\\/08\\\/logo-corp-red.png\",\"contentUrl\":\"https:\\\/\\\/www.fcpr.org\\\/wp-content\\\/uploads\\\/2016\\\/08\\\/logo-corp-red.png\",\"width\":221,\"height\":32,\"caption\":\"Fundaci\u00f3n Comunitaria de Puerto Rico\"},\"image\":{\"@id\":\"https:\\\/\\\/www.fcpr.org\\\/#\\\/schema\\\/logo\\\/image\\\/\"},\"sameAs\":[\"https:\\\/\\\/www.facebook.com\\\/FundacionComunitaria\",\"https:\\\/\\\/x.com\\\/FComunitaria\",\"https:\\\/\\\/www.instagram.com\\\/fundacioncomunitaria\\\/\",\"https:\\\/\\\/www.youtube.com\\\/channel\\\/UCGGW21eIGw6NRin0BrylmWg\"]}]}<\/script>\n<!-- \/ Yoast SEO Premium plugin. -->","yoast_head_json":{"title":"Solicitud CERI - Fundaci\u00f3n Comunitaria de Puerto Rico","robots":{"index":"index","follow":"follow","max-snippet":"max-snippet:-1","max-image-preview":"max-image-preview:large","max-video-preview":"max-video-preview:-1"},"canonical":"https:\/\/www.fcpr.org\/en\/solicitudceri\/","og_locale":"en_US","og_type":"article","og_title":"Solicitud CERI","og_description":"La Iniciativa de Resiliencia Energ\u00e9tica Comunitaria (CERI), liderada por GEAPP y gestionada por la Fundaci\u00f3n Comunitaria de Puerto Rico, busca fortalecer la resiliencia de comunidades en Puerto Rico frente a apagones mediante subsidios, donativos y financiamiento. El proyecto financia negocios esenciales y organizaciones sin fines de lucro que act\u00faan como centros comunitarios cr\u00edticos. Los recursos [&hellip;]","og_url":"https:\/\/www.fcpr.org\/en\/solicitudceri\/","og_site_name":"Fundaci\u00f3n Comunitaria de Puerto Rico","article_publisher":"https:\/\/www.facebook.com\/FundacionComunitaria","article_modified_time":"2025-01-04T15:21:23+00:00","og_image":[{"url":"https:\/\/www.fcpr.org\/wp-content\/uploads\/2024\/10\/Landing-Page-CERI-1.png","type":"","width":"","height":""}],"twitter_card":"summary_large_image","twitter_site":"@FComunitaria","twitter_misc":{"Est. reading time":"1 minute"},"schema":{"@context":"https:\/\/schema.org","@graph":[{"@type":"WebPage","@id":"https:\/\/www.fcpr.org\/solicitudceri\/","url":"https:\/\/www.fcpr.org\/solicitudceri\/","name":"Solicitud CERI - Fundaci\u00f3n Comunitaria de Puerto Rico","isPartOf":{"@id":"https:\/\/www.fcpr.org\/#website"},"primaryImageOfPage":{"@id":"https:\/\/www.fcpr.org\/solicitudceri\/#primaryimage"},"image":{"@id":"https:\/\/www.fcpr.org\/solicitudceri\/#primaryimage"},"thumbnailUrl":"https:\/\/www.fcpr.org\/wp-content\/uploads\/2024\/10\/Landing-Page-CERI-1.png","datePublished":"2024-11-20T19:34:01+00:00","dateModified":"2025-01-04T15:21:23+00:00","breadcrumb":{"@id":"https:\/\/www.fcpr.org\/solicitudceri\/#breadcrumb"},"inLanguage":"en-US","potentialAction":[{"@type":"ReadAction","target":["https:\/\/www.fcpr.org\/solicitudceri\/"]}]},{"@type":"ImageObject","inLanguage":"en-US","@id":"https:\/\/www.fcpr.org\/solicitudceri\/#primaryimage","url":"https:\/\/www.fcpr.org\/wp-content\/uploads\/2024\/10\/Landing-Page-CERI-1.png","contentUrl":"https:\/\/www.fcpr.org\/wp-content\/uploads\/2024\/10\/Landing-Page-CERI-1.png"},{"@type":"BreadcrumbList","@id":"https:\/\/www.fcpr.org\/solicitudceri\/#breadcrumb","itemListElement":[{"@type":"ListItem","position":1,"name":"Home","item":"https:\/\/www.fcpr.org\/"},{"@type":"ListItem","position":2,"name":"Solicitud CERI"}]},{"@type":"WebSite","@id":"https:\/\/www.fcpr.org\/#website","url":"https:\/\/www.fcpr.org\/","name":"Puerto Rico Community Foundation","description":"Strengthening Community Capital","publisher":{"@id":"https:\/\/www.fcpr.org\/#organization"},"potentialAction":[{"@type":"SearchAction","target":{"@type":"EntryPoint","urlTemplate":"https:\/\/www.fcpr.org\/?s={search_term_string}"},"query-input":{"@type":"PropertyValueSpecification","valueRequired":true,"valueName":"search_term_string"}}],"inLanguage":"en-US"},{"@type":"Organization","@id":"https:\/\/www.fcpr.org\/#organization","name":"Puerto Rico Community Foundation","url":"https:\/\/www.fcpr.org\/","logo":{"@type":"ImageObject","inLanguage":"en-US","@id":"https:\/\/www.fcpr.org\/#\/schema\/logo\/image\/","url":"https:\/\/www.fcpr.org\/wp-content\/uploads\/2016\/08\/logo-corp-red.png","contentUrl":"https:\/\/www.fcpr.org\/wp-content\/uploads\/2016\/08\/logo-corp-red.png","width":221,"height":32,"caption":"Fundaci\u00f3n Comunitaria de Puerto Rico"},"image":{"@id":"https:\/\/www.fcpr.org\/#\/schema\/logo\/image\/"},"sameAs":["https:\/\/www.facebook.com\/FundacionComunitaria","https:\/\/x.com\/FComunitaria","https:\/\/www.instagram.com\/fundacioncomunitaria\/","https:\/\/www.youtube.com\/channel\/UCGGW21eIGw6NRin0BrylmWg"]}]}},"campaignId":"","_links":{"self":[{"href":"https:\/\/www.fcpr.org\/en\/wp-json\/wp\/v2\/pages\/17103","targetHints":{"allow":["GET"]}}],"collection":[{"href":"https:\/\/www.fcpr.org\/en\/wp-json\/wp\/v2\/pages"}],"about":[{"href":"https:\/\/www.fcpr.org\/en\/wp-json\/wp\/v2\/types\/page"}],"author":[{"embeddable":true,"href":"https:\/\/www.fcpr.org\/en\/wp-json\/wp\/v2\/users\/4"}],"replies":[{"embeddable":true,"href":"https:\/\/www.fcpr.org\/en\/wp-json\/wp\/v2\/comments?post=17103"}],"version-history":[{"count":4,"href":"https:\/\/www.fcpr.org\/en\/wp-json\/wp\/v2\/pages\/17103\/revisions"}],"predecessor-version":[{"id":17292,"href":"https:\/\/www.fcpr.org\/en\/wp-json\/wp\/v2\/pages\/17103\/revisions\/17292"}],"wp:attachment":[{"href":"https:\/\/www.fcpr.org\/en\/wp-json\/wp\/v2\/media?parent=17103"}],"curies":[{"name":"wp","href":"https:\/\/api.w.org\/{rel}","templated":true}]}}