{"id":17402,"date":"2025-03-27T10:01:50","date_gmt":"2025-03-27T14:01:50","guid":{"rendered":"https:\/\/www.fcpr.org\/?page_id=17402"},"modified":"2026-04-07T12:12:39","modified_gmt":"2026-04-07T16:12:39","slug":"becas-always","status":"publish","type":"page","link":"https:\/\/www.fcpr.org\/en\/becas-always\/","title":{"rendered":"Abre convocatoria para las Becas Always So\u00f1ando 2026-2027"},"content":{"rendered":"<h2 class=\"wp-block-heading\" id=\"h-diez-estudiantes-en-puerto-rico-recibiran-apoyo-economico-para-continuar-sus-estudios-universitarios\">Diez estudiantes en Puerto Rico recibir\u00e1n apoyo econ\u00f3mico para continuar sus estudios universitarios<\/h2>\n\n\n\n<p>La Fundaci\u00f3n Comunitaria de Puerto Rico (FCPR) anunci\u00f3 la apertura de la convocatoria para el programa de Becas Always So\u00f1ando, que por segundo a\u00f1o consecutivo otorgar\u00e1 apoyo econ\u00f3mico a estudiantes en la isla.<\/p>\n\n\n\n<p>A trav\u00e9s de esta iniciativa, se conceder\u00e1n 10 becas de $1,000 cada una a mujeres estudiantes en Puerto Rico, con el prop\u00f3sito de ayudarles a cubrir gastos relacionados a sus estudios &nbsp;postsecundarios durante el a\u00f1o acad\u00e9mico 2026-2027 y apoyar su permanencia en la educaci\u00f3n superior.<\/p>\n\n\n\n<p>Por m\u00e1s de 40 a\u00f1os, Always &nbsp;&#8211; marca de productos para el cuidado menstrual y propiedad de Procter &amp; Gamble Commercial LLC (P&amp;G) &#8211; ha promovido la confianza y el desarrollo de las mujeres, reafirmando su compromiso de que nada debe impedir que alcancen su m\u00e1ximo potencial.<\/p>\n\n\n\n<p><strong>Eligibility Criteria<\/strong><\/p>\n\n\n\n<ul class=\"wp-block-list\">\n<li>Ser mujer o persona con per\u00edodo menstrual<\/li>\n\n\n\n<li>Be a permanent resident of Puerto Rico<\/li>\n\n\n\n<li>Estar cursando estudios conducentes a un grado asociado, bachillerato, maestr\u00eda o doctorado en una instituci\u00f3n acreditada en Puerto Rico, o ser estudiante de escuela superior admitida para comenzar estudios universitarios en agosto de 2026<\/li>\n\n\n\n<li>Mantener una carga acad\u00e9mica completa<\/li>\n\n\n\n<li>Tener inter\u00e9s en generar un impacto positivo en su comunidad<\/li>\n<\/ul>\n\n\n\n<h5 class=\"wp-block-heading\" id=\"h-fecha-limite-31-de-mayo-de-2026\">Fecha l\u00edmite: 31 de mayo de 2026.<\/h5>\n\n\n\n<p><\/p>\n\n\n\n<div class=\"wp-block-buttons is-layout-flex wp-block-buttons-is-layout-flex\">\n<div class=\"wp-block-button is-style-outline is-style-outline--1\"><a class=\"wp-block-button__link wp-element-button\" href=\"https:\/\/www.fcpr.org\/wp-content\/uploads\/2026\/04\/Guia-2026-Becas-Always-Sonando-Tablas.pdf\">Gu\u00eda 2026 Becas Always So\u00f1ando<\/a><\/div>\n\n\n\n<div class=\"wp-block-button is-style-outline is-style-outline--2\"><a class=\"wp-block-button__link wp-element-button\" href=\"https:\/\/us.grantrequest.com\/application.aspx?sid=5494&amp;fid=35390\">Comenzar la solicitud<\/a><\/div>\n<\/div>\n\n\n\n<p><\/p>\n\n\n\n<div class=\"wp-block-buttons is-layout-flex wp-block-buttons-is-layout-flex\">\n<div class=\"wp-block-button is-style-outline is-style-outline--3\"><a class=\"wp-block-button__link wp-element-button\" href=\"https:\/\/us.grantrequest.com\/accountmanager.aspx?sid=5494\">Continue the application<\/a><\/div>\n<\/div>\n\n\n\n<p><\/p>\n\n\n\n<h6 class=\"wp-block-heading\" id=\"h-documentos-adicionales-servicio-comunitario-y-experiencia-de-empleo-o-pasantias\"><strong>Documentos adicionales<\/strong>:<a href=\"https:\/\/www.fcpr.org\/wp-content\/uploads\/2025\/04\/Anejo-A-Servicio-Comunitario-Becas-Always-Sonando.pdf\"> Servicio comunitario<\/a> <strong>y<\/strong> <a href=\"https:\/\/www.fcpr.org\/wp-content\/uploads\/2025\/04\/Anejo-B-Experiencia-de-Empleo-o-Pasantias-Becas-Always-Sonando.pdf\">Experiencia de empleo o pasant\u00edas<\/a><\/h6>\n\n\n\n<p>Para m\u00e1s informaci\u00f3n sobre las Becas Always So\u00f1ando y el proceso de solicitud, las personas interesadas pueden escribir a&nbsp;becasydonativos@fcpr.org<\/p>\n\n\n\n<p><\/p>","protected":false},"excerpt":{"rendered":"<p>Diez estudiantes en Puerto Rico recibir\u00e1n apoyo econ\u00f3mico para continuar sus estudios universitarios La Fundaci\u00f3n Comunitaria de Puerto Rico (FCPR) anunci\u00f3 la apertura de la convocatoria para el programa de Becas Always So\u00f1ando, que por segundo a\u00f1o consecutivo otorgar\u00e1 apoyo econ\u00f3mico a estudiantes en la isla. A trav\u00e9s de esta iniciativa, se conceder\u00e1n 10 becas [&hellip;]<\/p>\n","protected":false},"author":4,"featured_media":18694,"parent":0,"menu_order":0,"comment_status":"closed","ping_status":"closed","template":"","meta":{"give_campaign_id":0,"footnotes":""},"class_list":["post-17402","page","type-page","status-publish","has-post-thumbnail","hentry"],"yoast_head":"<!-- This site is optimized with the Yoast SEO Premium plugin v27.3 (Yoast SEO v27.3) - https:\/\/yoast.com\/product\/yoast-seo-premium-wordpress\/ -->\n<title>Abre convocatoria para las Becas Always So\u00f1ando 2026-2027 - Fundaci\u00f3n Comunitaria de Puerto Rico<\/title>\n<meta name=\"description\" content=\"El Programa de Becas Always So\u00f1ando, en la Fundaci\u00f3n (FCPR), otorgar\u00e1 diez becas a j\u00f3venes mujeres estudiantes de $1,000 cada una.\" \/>\n<meta name=\"robots\" content=\"index, follow, max-snippet:-1, max-image-preview:large, max-video-preview:-1\" \/>\n<link rel=\"canonical\" href=\"https:\/\/www.fcpr.org\/en\/becas-always\/\" \/>\n<meta property=\"og:locale\" content=\"en_US\" \/>\n<meta property=\"og:type\" content=\"article\" \/>\n<meta property=\"og:title\" content=\"Abre convocatoria para las Becas Always So\u00f1ando 2026-2027\" \/>\n<meta property=\"og:description\" content=\"El Programa de Becas Always So\u00f1ando, en la Fundaci\u00f3n (FCPR), otorgar\u00e1 diez becas a j\u00f3venes mujeres estudiantes de $1,000 cada una.\" \/>\n<meta property=\"og:url\" content=\"https:\/\/www.fcpr.org\/en\/becas-always\/\" \/>\n<meta property=\"og:site_name\" content=\"Fundaci\u00f3n Comunitaria de Puerto Rico\" \/>\n<meta property=\"article:publisher\" content=\"https:\/\/www.facebook.com\/FundacionComunitaria\" \/>\n<meta property=\"article:modified_time\" content=\"2026-04-07T16:12:39+00:00\" \/>\n<meta property=\"og:image\" content=\"https:\/\/www.fcpr.org\/wp-content\/uploads\/2026\/03\/Cintillo7.5x2_-AlwysDrmng26.jpg\" \/>\n\t<meta property=\"og:image:width\" content=\"2250\" \/>\n\t<meta property=\"og:image:height\" content=\"600\" \/>\n\t<meta property=\"og:image:type\" content=\"image\/jpeg\" \/>\n<meta name=\"twitter:card\" content=\"summary_large_image\" \/>\n<meta name=\"twitter:site\" content=\"@FComunitaria\" \/>\n<meta name=\"twitter:label1\" content=\"Est. reading time\" \/>\n\t<meta name=\"twitter:data1\" content=\"2 minutes\" \/>\n<script type=\"application\/ld+json\" class=\"yoast-schema-graph\">{\"@context\":\"https:\\\/\\\/schema.org\",\"@graph\":[{\"@type\":\"WebPage\",\"@id\":\"https:\\\/\\\/www.fcpr.org\\\/becas-always\\\/\",\"url\":\"https:\\\/\\\/www.fcpr.org\\\/becas-always\\\/\",\"name\":\"Abre convocatoria para las Becas Always So\u00f1ando 2026-2027 - Fundaci\u00f3n Comunitaria de Puerto Rico\",\"isPartOf\":{\"@id\":\"https:\\\/\\\/www.fcpr.org\\\/#website\"},\"primaryImageOfPage\":{\"@id\":\"https:\\\/\\\/www.fcpr.org\\\/becas-always\\\/#primaryimage\"},\"image\":{\"@id\":\"https:\\\/\\\/www.fcpr.org\\\/becas-always\\\/#primaryimage\"},\"thumbnailUrl\":\"https:\\\/\\\/www.fcpr.org\\\/wp-content\\\/uploads\\\/2026\\\/03\\\/Cintillo7.5x2_-AlwysDrmng26.jpg\",\"datePublished\":\"2025-03-27T14:01:50+00:00\",\"dateModified\":\"2026-04-07T16:12:39+00:00\",\"description\":\"El Programa de Becas Always So\u00f1ando, en la Fundaci\u00f3n (FCPR), otorgar\u00e1 diez becas a j\u00f3venes mujeres estudiantes de $1,000 cada una.\",\"breadcrumb\":{\"@id\":\"https:\\\/\\\/www.fcpr.org\\\/becas-always\\\/#breadcrumb\"},\"inLanguage\":\"en-US\",\"potentialAction\":[{\"@type\":\"ReadAction\",\"target\":[\"https:\\\/\\\/www.fcpr.org\\\/becas-always\\\/\"]}]},{\"@type\":\"ImageObject\",\"inLanguage\":\"en-US\",\"@id\":\"https:\\\/\\\/www.fcpr.org\\\/becas-always\\\/#primaryimage\",\"url\":\"https:\\\/\\\/www.fcpr.org\\\/wp-content\\\/uploads\\\/2026\\\/03\\\/Cintillo7.5x2_-AlwysDrmng26.jpg\",\"contentUrl\":\"https:\\\/\\\/www.fcpr.org\\\/wp-content\\\/uploads\\\/2026\\\/03\\\/Cintillo7.5x2_-AlwysDrmng26.jpg\",\"width\":2250,\"height\":600},{\"@type\":\"BreadcrumbList\",\"@id\":\"https:\\\/\\\/www.fcpr.org\\\/becas-always\\\/#breadcrumb\",\"itemListElement\":[{\"@type\":\"ListItem\",\"position\":1,\"name\":\"Home\",\"item\":\"https:\\\/\\\/www.fcpr.org\\\/\"},{\"@type\":\"ListItem\",\"position\":2,\"name\":\"Abre convocatoria para las Becas Always So\u00f1ando 2026-2027\"}]},{\"@type\":\"WebSite\",\"@id\":\"https:\\\/\\\/www.fcpr.org\\\/#website\",\"url\":\"https:\\\/\\\/www.fcpr.org\\\/\",\"name\":\"Fundaci\u00f3n Comunitaria de Puerto Rico\",\"description\":\"Fortaleciendo el Capital Comunitario\",\"publisher\":{\"@id\":\"https:\\\/\\\/www.fcpr.org\\\/#organization\"},\"potentialAction\":[{\"@type\":\"SearchAction\",\"target\":{\"@type\":\"EntryPoint\",\"urlTemplate\":\"https:\\\/\\\/www.fcpr.org\\\/?s={search_term_string}\"},\"query-input\":{\"@type\":\"PropertyValueSpecification\",\"valueRequired\":true,\"valueName\":\"search_term_string\"}}],\"inLanguage\":\"en-US\"},{\"@type\":\"Organization\",\"@id\":\"https:\\\/\\\/www.fcpr.org\\\/#organization\",\"name\":\"Fundaci\u00f3n Comunitaria de Puerto Rico\",\"url\":\"https:\\\/\\\/www.fcpr.org\\\/\",\"logo\":{\"@type\":\"ImageObject\",\"inLanguage\":\"en-US\",\"@id\":\"https:\\\/\\\/www.fcpr.org\\\/#\\\/schema\\\/logo\\\/image\\\/\",\"url\":\"https:\\\/\\\/www.fcpr.org\\\/wp-content\\\/uploads\\\/2016\\\/08\\\/logo-corp-red.png\",\"contentUrl\":\"https:\\\/\\\/www.fcpr.org\\\/wp-content\\\/uploads\\\/2016\\\/08\\\/logo-corp-red.png\",\"width\":221,\"height\":32,\"caption\":\"Fundaci\u00f3n Comunitaria de Puerto Rico\"},\"image\":{\"@id\":\"https:\\\/\\\/www.fcpr.org\\\/#\\\/schema\\\/logo\\\/image\\\/\"},\"sameAs\":[\"https:\\\/\\\/www.facebook.com\\\/FundacionComunitaria\",\"https:\\\/\\\/x.com\\\/FComunitaria\",\"https:\\\/\\\/www.instagram.com\\\/fundacioncomunitaria\\\/\",\"https:\\\/\\\/www.youtube.com\\\/channel\\\/UCGGW21eIGw6NRin0BrylmWg\"]}]}<\/script>\n<!-- \/ Yoast SEO Premium plugin. -->","yoast_head_json":{"title":"Abre convocatoria para las Becas Always So\u00f1ando 2026-2027 - Fundaci\u00f3n Comunitaria de Puerto Rico","description":"El Programa de Becas Always So\u00f1ando, en la Fundaci\u00f3n (FCPR), otorgar\u00e1 diez becas a j\u00f3venes mujeres estudiantes de $1,000 cada una.","robots":{"index":"index","follow":"follow","max-snippet":"max-snippet:-1","max-image-preview":"max-image-preview:large","max-video-preview":"max-video-preview:-1"},"canonical":"https:\/\/www.fcpr.org\/en\/becas-always\/","og_locale":"en_US","og_type":"article","og_title":"Abre convocatoria para las Becas Always So\u00f1ando 2026-2027","og_description":"El Programa de Becas Always So\u00f1ando, en la Fundaci\u00f3n (FCPR), otorgar\u00e1 diez becas a j\u00f3venes mujeres estudiantes de $1,000 cada una.","og_url":"https:\/\/www.fcpr.org\/en\/becas-always\/","og_site_name":"Fundaci\u00f3n Comunitaria de Puerto Rico","article_publisher":"https:\/\/www.facebook.com\/FundacionComunitaria","article_modified_time":"2026-04-07T16:12:39+00:00","og_image":[{"width":2250,"height":600,"url":"https:\/\/www.fcpr.org\/wp-content\/uploads\/2026\/03\/Cintillo7.5x2_-AlwysDrmng26.jpg","type":"image\/jpeg"}],"twitter_card":"summary_large_image","twitter_site":"@FComunitaria","twitter_misc":{"Est. reading time":"2 minutes"},"schema":{"@context":"https:\/\/schema.org","@graph":[{"@type":"WebPage","@id":"https:\/\/www.fcpr.org\/becas-always\/","url":"https:\/\/www.fcpr.org\/becas-always\/","name":"Abre convocatoria para las Becas Always So\u00f1ando 2026-2027 - Fundaci\u00f3n Comunitaria de Puerto Rico","isPartOf":{"@id":"https:\/\/www.fcpr.org\/#website"},"primaryImageOfPage":{"@id":"https:\/\/www.fcpr.org\/becas-always\/#primaryimage"},"image":{"@id":"https:\/\/www.fcpr.org\/becas-always\/#primaryimage"},"thumbnailUrl":"https:\/\/www.fcpr.org\/wp-content\/uploads\/2026\/03\/Cintillo7.5x2_-AlwysDrmng26.jpg","datePublished":"2025-03-27T14:01:50+00:00","dateModified":"2026-04-07T16:12:39+00:00","description":"El Programa de Becas Always So\u00f1ando, en la Fundaci\u00f3n (FCPR), otorgar\u00e1 diez becas a j\u00f3venes mujeres estudiantes de $1,000 cada una.","breadcrumb":{"@id":"https:\/\/www.fcpr.org\/becas-always\/#breadcrumb"},"inLanguage":"en-US","potentialAction":[{"@type":"ReadAction","target":["https:\/\/www.fcpr.org\/becas-always\/"]}]},{"@type":"ImageObject","inLanguage":"en-US","@id":"https:\/\/www.fcpr.org\/becas-always\/#primaryimage","url":"https:\/\/www.fcpr.org\/wp-content\/uploads\/2026\/03\/Cintillo7.5x2_-AlwysDrmng26.jpg","contentUrl":"https:\/\/www.fcpr.org\/wp-content\/uploads\/2026\/03\/Cintillo7.5x2_-AlwysDrmng26.jpg","width":2250,"height":600},{"@type":"BreadcrumbList","@id":"https:\/\/www.fcpr.org\/becas-always\/#breadcrumb","itemListElement":[{"@type":"ListItem","position":1,"name":"Home","item":"https:\/\/www.fcpr.org\/"},{"@type":"ListItem","position":2,"name":"Abre convocatoria para las Becas Always So\u00f1ando 2026-2027"}]},{"@type":"WebSite","@id":"https:\/\/www.fcpr.org\/#website","url":"https:\/\/www.fcpr.org\/","name":"Puerto Rico Community Foundation","description":"Strengthening Community Capital","publisher":{"@id":"https:\/\/www.fcpr.org\/#organization"},"potentialAction":[{"@type":"SearchAction","target":{"@type":"EntryPoint","urlTemplate":"https:\/\/www.fcpr.org\/?s={search_term_string}"},"query-input":{"@type":"PropertyValueSpecification","valueRequired":true,"valueName":"search_term_string"}}],"inLanguage":"en-US"},{"@type":"Organization","@id":"https:\/\/www.fcpr.org\/#organization","name":"Puerto Rico Community Foundation","url":"https:\/\/www.fcpr.org\/","logo":{"@type":"ImageObject","inLanguage":"en-US","@id":"https:\/\/www.fcpr.org\/#\/schema\/logo\/image\/","url":"https:\/\/www.fcpr.org\/wp-content\/uploads\/2016\/08\/logo-corp-red.png","contentUrl":"https:\/\/www.fcpr.org\/wp-content\/uploads\/2016\/08\/logo-corp-red.png","width":221,"height":32,"caption":"Fundaci\u00f3n Comunitaria de Puerto Rico"},"image":{"@id":"https:\/\/www.fcpr.org\/#\/schema\/logo\/image\/"},"sameAs":["https:\/\/www.facebook.com\/FundacionComunitaria","https:\/\/x.com\/FComunitaria","https:\/\/www.instagram.com\/fundacioncomunitaria\/","https:\/\/www.youtube.com\/channel\/UCGGW21eIGw6NRin0BrylmWg"]}]}},"campaignId":"","_links":{"self":[{"href":"https:\/\/www.fcpr.org\/en\/wp-json\/wp\/v2\/pages\/17402","targetHints":{"allow":["GET"]}}],"collection":[{"href":"https:\/\/www.fcpr.org\/en\/wp-json\/wp\/v2\/pages"}],"about":[{"href":"https:\/\/www.fcpr.org\/en\/wp-json\/wp\/v2\/types\/page"}],"author":[{"embeddable":true,"href":"https:\/\/www.fcpr.org\/en\/wp-json\/wp\/v2\/users\/4"}],"replies":[{"embeddable":true,"href":"https:\/\/www.fcpr.org\/en\/wp-json\/wp\/v2\/comments?post=17402"}],"version-history":[{"count":15,"href":"https:\/\/www.fcpr.org\/en\/wp-json\/wp\/v2\/pages\/17402\/revisions"}],"predecessor-version":[{"id":18707,"href":"https:\/\/www.fcpr.org\/en\/wp-json\/wp\/v2\/pages\/17402\/revisions\/18707"}],"wp:featuredmedia":[{"embeddable":true,"href":"https:\/\/www.fcpr.org\/en\/wp-json\/wp\/v2\/media\/18694"}],"wp:attachment":[{"href":"https:\/\/www.fcpr.org\/en\/wp-json\/wp\/v2\/media?parent=17402"}],"curies":[{"name":"wp","href":"https:\/\/api.w.org\/{rel}","templated":true}]}}