{"id":1753,"date":"2016-09-08T16:31:13","date_gmt":"2016-09-08T16:31:13","guid":{"rendered":"https:\/\/fcpr.org\/nuevaweb\/?page_id=1753"},"modified":"2026-03-11T10:19:09","modified_gmt":"2026-03-11T14:19:09","slug":"nuestra-junta","status":"publish","type":"page","link":"https:\/\/www.fcpr.org\/en\/nuestra-junta\/","title":{"rendered":"Our Board of Directors"},"content":{"rendered":"<h2 class=\"wp-block-heading\" id=\"h-junta-directiva-2026\">Board of Directors 2026<\/h2>\n\n\n\n<p>Chairman | Miguel L. Vargas Jim\u00e9nez<\/p>\n\n\n\n<p>Vice President | Benjam\u00edn Rosario Rosario, CPA<\/p>\n\n\n\n<p>Treasurer : Maritza Arizmendi D\u00edaz, CPA, Esq.<\/p>\n\n\n\n<p>Secretary : Marta E. Fern\u00e1ndez Pabell\u00f3n<\/p>\n\n\n\n<h2 class=\"wp-block-heading\" id=\"h-miembros\">Members<\/h2>\n\n\n\n<p>Michele Franqui Baquero<\/p>\n\n\n\n<p>Ana Yris Guzman<\/p>\n\n\n\n<p>Carlos J. Vivoni<\/p>\n\n\n\n<p>Anita Montaner Sevillano, Esq.<\/p>\n\n\n\n<p>Victor Garcia San Inocencio<\/p>\n\n\n\n<p>Dr. Nelson I. Col\u00f3n Tarrats<\/p>","protected":false},"excerpt":{"rendered":"<p>Junta Directiva 2026 Presidente | Miguel L. Vargas Jim\u00e9nez Vicepresidente |\u00a0 Benjam\u00edn Rosario Rosario, CPA Tesorera | Maritza Arizmendi D\u00edaz, CPA, Esq. Secretaria | Marta E. Fern\u00e1ndez Pabell\u00f3n Miembros Michele Franqui Baquero Ana Yris Guzm\u00e1n Carlos J. Vivoni Lcda. Anita Montaner Sevillano Lcdo. V\u00edctor Garc\u00eda San Inocencio Dr. Nelson I. Col\u00f3n Tarrats<\/p>","protected":false},"author":1,"featured_media":0,"parent":0,"menu_order":0,"comment_status":"closed","ping_status":"closed","template":"","meta":{"give_campaign_id":0,"footnotes":""},"class_list":["post-1753","page","type-page","status-publish","hentry"],"yoast_head":"<!-- This site is optimized with the Yoast SEO Premium plugin v27.3 (Yoast SEO v27.3) - https:\/\/yoast.com\/product\/yoast-seo-premium-wordpress\/ -->\n<title>Nuestra Junta de Directores - Fundaci\u00f3n Comunitaria de Puerto Rico<\/title>\n<meta name=\"robots\" content=\"index, follow, max-snippet:-1, max-image-preview:large, max-video-preview:-1\" \/>\n<link rel=\"canonical\" href=\"https:\/\/www.fcpr.org\/en\/nuestra-junta\/\" \/>\n<meta property=\"og:locale\" content=\"en_US\" \/>\n<meta property=\"og:type\" content=\"article\" \/>\n<meta property=\"og:title\" content=\"Nuestra Junta de Directores\" \/>\n<meta property=\"og:description\" content=\"Junta Directiva 2026 Presidente | Miguel L. Vargas Jim\u00e9nez Vicepresidente |\u00a0 Benjam\u00edn Rosario Rosario, CPA Tesorera | Maritza Arizmendi D\u00edaz, CPA, Esq. Secretaria | Marta E. Fern\u00e1ndez Pabell\u00f3n Miembros Michele Franqui Baquero Ana Yris Guzm\u00e1n Carlos J. Vivoni Lcda. Anita Montaner Sevillano Lcdo. V\u00edctor Garc\u00eda San Inocencio Dr. Nelson I. Col\u00f3n Tarrats\" \/>\n<meta property=\"og:url\" content=\"https:\/\/www.fcpr.org\/en\/nuestra-junta\/\" \/>\n<meta property=\"og:site_name\" content=\"Fundaci\u00f3n Comunitaria de Puerto Rico\" \/>\n<meta property=\"article:publisher\" content=\"https:\/\/www.facebook.com\/FundacionComunitaria\" \/>\n<meta property=\"article:modified_time\" content=\"2026-03-11T14:19:09+00:00\" \/>\n<meta name=\"twitter:card\" content=\"summary_large_image\" \/>\n<meta name=\"twitter:site\" content=\"@FComunitaria\" \/>\n<meta name=\"twitter:label1\" content=\"Est. reading time\" \/>\n\t<meta name=\"twitter:data1\" content=\"1 minute\" \/>\n<script type=\"application\/ld+json\" class=\"yoast-schema-graph\">{\"@context\":\"https:\\\/\\\/schema.org\",\"@graph\":[{\"@type\":\"WebPage\",\"@id\":\"https:\\\/\\\/www.fcpr.org\\\/nuestra-junta\\\/\",\"url\":\"https:\\\/\\\/www.fcpr.org\\\/nuestra-junta\\\/\",\"name\":\"Nuestra Junta de Directores - Fundaci\u00f3n Comunitaria de Puerto Rico\",\"isPartOf\":{\"@id\":\"https:\\\/\\\/www.fcpr.org\\\/#website\"},\"datePublished\":\"2016-09-08T16:31:13+00:00\",\"dateModified\":\"2026-03-11T14:19:09+00:00\",\"breadcrumb\":{\"@id\":\"https:\\\/\\\/www.fcpr.org\\\/nuestra-junta\\\/#breadcrumb\"},\"inLanguage\":\"en-US\",\"potentialAction\":[{\"@type\":\"ReadAction\",\"target\":[\"https:\\\/\\\/www.fcpr.org\\\/nuestra-junta\\\/\"]}]},{\"@type\":\"BreadcrumbList\",\"@id\":\"https:\\\/\\\/www.fcpr.org\\\/nuestra-junta\\\/#breadcrumb\",\"itemListElement\":[{\"@type\":\"ListItem\",\"position\":1,\"name\":\"Home\",\"item\":\"https:\\\/\\\/www.fcpr.org\\\/\"},{\"@type\":\"ListItem\",\"position\":2,\"name\":\"Nuestra Junta de Directores\"}]},{\"@type\":\"WebSite\",\"@id\":\"https:\\\/\\\/www.fcpr.org\\\/#website\",\"url\":\"https:\\\/\\\/www.fcpr.org\\\/\",\"name\":\"Fundaci\u00f3n Comunitaria de Puerto Rico\",\"description\":\"Fortaleciendo el Capital Comunitario\",\"publisher\":{\"@id\":\"https:\\\/\\\/www.fcpr.org\\\/#organization\"},\"potentialAction\":[{\"@type\":\"SearchAction\",\"target\":{\"@type\":\"EntryPoint\",\"urlTemplate\":\"https:\\\/\\\/www.fcpr.org\\\/?s={search_term_string}\"},\"query-input\":{\"@type\":\"PropertyValueSpecification\",\"valueRequired\":true,\"valueName\":\"search_term_string\"}}],\"inLanguage\":\"en-US\"},{\"@type\":\"Organization\",\"@id\":\"https:\\\/\\\/www.fcpr.org\\\/#organization\",\"name\":\"Fundaci\u00f3n Comunitaria de Puerto Rico\",\"url\":\"https:\\\/\\\/www.fcpr.org\\\/\",\"logo\":{\"@type\":\"ImageObject\",\"inLanguage\":\"en-US\",\"@id\":\"https:\\\/\\\/www.fcpr.org\\\/#\\\/schema\\\/logo\\\/image\\\/\",\"url\":\"https:\\\/\\\/www.fcpr.org\\\/wp-content\\\/uploads\\\/2016\\\/08\\\/logo-corp-red.png\",\"contentUrl\":\"https:\\\/\\\/www.fcpr.org\\\/wp-content\\\/uploads\\\/2016\\\/08\\\/logo-corp-red.png\",\"width\":221,\"height\":32,\"caption\":\"Fundaci\u00f3n Comunitaria de Puerto Rico\"},\"image\":{\"@id\":\"https:\\\/\\\/www.fcpr.org\\\/#\\\/schema\\\/logo\\\/image\\\/\"},\"sameAs\":[\"https:\\\/\\\/www.facebook.com\\\/FundacionComunitaria\",\"https:\\\/\\\/x.com\\\/FComunitaria\",\"https:\\\/\\\/www.instagram.com\\\/fundacioncomunitaria\\\/\",\"https:\\\/\\\/www.youtube.com\\\/channel\\\/UCGGW21eIGw6NRin0BrylmWg\"]}]}<\/script>\n<!-- \/ Yoast SEO Premium plugin. -->","yoast_head_json":{"title":"Our Board of Directors - Fundaci\u00f3n Comunitaria de Puerto Rico","robots":{"index":"index","follow":"follow","max-snippet":"max-snippet:-1","max-image-preview":"max-image-preview:large","max-video-preview":"max-video-preview:-1"},"canonical":"https:\/\/www.fcpr.org\/en\/nuestra-junta\/","og_locale":"en_US","og_type":"article","og_title":"Nuestra Junta de Directores","og_description":"Junta Directiva 2026 Presidente | Miguel L. Vargas Jim\u00e9nez Vicepresidente |\u00a0 Benjam\u00edn Rosario Rosario, CPA Tesorera | Maritza Arizmendi D\u00edaz, CPA, Esq. Secretaria | Marta E. Fern\u00e1ndez Pabell\u00f3n Miembros Michele Franqui Baquero Ana Yris Guzm\u00e1n Carlos J. Vivoni Lcda. Anita Montaner Sevillano Lcdo. V\u00edctor Garc\u00eda San Inocencio Dr. Nelson I. Col\u00f3n Tarrats","og_url":"https:\/\/www.fcpr.org\/en\/nuestra-junta\/","og_site_name":"Fundaci\u00f3n Comunitaria de Puerto Rico","article_publisher":"https:\/\/www.facebook.com\/FundacionComunitaria","article_modified_time":"2026-03-11T14:19:09+00:00","twitter_card":"summary_large_image","twitter_site":"@FComunitaria","twitter_misc":{"Est. reading time":"1 minute"},"schema":{"@context":"https:\/\/schema.org","@graph":[{"@type":"WebPage","@id":"https:\/\/www.fcpr.org\/nuestra-junta\/","url":"https:\/\/www.fcpr.org\/nuestra-junta\/","name":"Our Board of Directors - Fundaci\u00f3n Comunitaria de Puerto Rico","isPartOf":{"@id":"https:\/\/www.fcpr.org\/#website"},"datePublished":"2016-09-08T16:31:13+00:00","dateModified":"2026-03-11T14:19:09+00:00","breadcrumb":{"@id":"https:\/\/www.fcpr.org\/nuestra-junta\/#breadcrumb"},"inLanguage":"en-US","potentialAction":[{"@type":"ReadAction","target":["https:\/\/www.fcpr.org\/nuestra-junta\/"]}]},{"@type":"BreadcrumbList","@id":"https:\/\/www.fcpr.org\/nuestra-junta\/#breadcrumb","itemListElement":[{"@type":"ListItem","position":1,"name":"Home","item":"https:\/\/www.fcpr.org\/"},{"@type":"ListItem","position":2,"name":"Nuestra Junta de Directores"}]},{"@type":"WebSite","@id":"https:\/\/www.fcpr.org\/#website","url":"https:\/\/www.fcpr.org\/","name":"Puerto Rico Community Foundation","description":"Strengthening Community Capital","publisher":{"@id":"https:\/\/www.fcpr.org\/#organization"},"potentialAction":[{"@type":"SearchAction","target":{"@type":"EntryPoint","urlTemplate":"https:\/\/www.fcpr.org\/?s={search_term_string}"},"query-input":{"@type":"PropertyValueSpecification","valueRequired":true,"valueName":"search_term_string"}}],"inLanguage":"en-US"},{"@type":"Organization","@id":"https:\/\/www.fcpr.org\/#organization","name":"Puerto Rico Community Foundation","url":"https:\/\/www.fcpr.org\/","logo":{"@type":"ImageObject","inLanguage":"en-US","@id":"https:\/\/www.fcpr.org\/#\/schema\/logo\/image\/","url":"https:\/\/www.fcpr.org\/wp-content\/uploads\/2016\/08\/logo-corp-red.png","contentUrl":"https:\/\/www.fcpr.org\/wp-content\/uploads\/2016\/08\/logo-corp-red.png","width":221,"height":32,"caption":"Fundaci\u00f3n Comunitaria de Puerto Rico"},"image":{"@id":"https:\/\/www.fcpr.org\/#\/schema\/logo\/image\/"},"sameAs":["https:\/\/www.facebook.com\/FundacionComunitaria","https:\/\/x.com\/FComunitaria","https:\/\/www.instagram.com\/fundacioncomunitaria\/","https:\/\/www.youtube.com\/channel\/UCGGW21eIGw6NRin0BrylmWg"]}]}},"campaignId":"","_links":{"self":[{"href":"https:\/\/www.fcpr.org\/en\/wp-json\/wp\/v2\/pages\/1753","targetHints":{"allow":["GET"]}}],"collection":[{"href":"https:\/\/www.fcpr.org\/en\/wp-json\/wp\/v2\/pages"}],"about":[{"href":"https:\/\/www.fcpr.org\/en\/wp-json\/wp\/v2\/types\/page"}],"author":[{"embeddable":true,"href":"https:\/\/www.fcpr.org\/en\/wp-json\/wp\/v2\/users\/1"}],"replies":[{"embeddable":true,"href":"https:\/\/www.fcpr.org\/en\/wp-json\/wp\/v2\/comments?post=1753"}],"version-history":[{"count":32,"href":"https:\/\/www.fcpr.org\/en\/wp-json\/wp\/v2\/pages\/1753\/revisions"}],"predecessor-version":[{"id":18645,"href":"https:\/\/www.fcpr.org\/en\/wp-json\/wp\/v2\/pages\/1753\/revisions\/18645"}],"wp:attachment":[{"href":"https:\/\/www.fcpr.org\/en\/wp-json\/wp\/v2\/media?parent=1753"}],"curies":[{"name":"wp","href":"https:\/\/api.w.org\/{rel}","templated":true}]}}