{"id":1755,"date":"2016-09-08T16:31:44","date_gmt":"2016-09-08T16:31:44","guid":{"rendered":"https:\/\/fcpr.org\/nuevaweb\/?page_id=1755"},"modified":"2025-04-03T09:23:54","modified_gmt":"2025-04-03T13:23:54","slug":"nuestro-equipo","status":"publish","type":"page","link":"https:\/\/www.fcpr.org\/en\/nuestro-equipo\/","title":{"rendered":"Our team"},"content":{"rendered":"<p>The<strong> Puerto Rico Community Foundation<\/strong> is committed to supporting you in your journey of love for others through philanthropy. We offer you personalized philanthropic advice, philanthropic and community experience, and effective structure. Meet our team!<\/p>\n\n\n\n<h5 class=\"wp-block-heading\" id=\"h-gerencia\">Management <\/h5>\n\n\n\n<p>Dr. Nelson I. Col\u00f3n Tarrats , President and Chief Executive Officer<\/p>\n\n\n\n<p>Noelia Mar\u00edn Oquendo | Chief Financial Officer<\/p>\n\n\n\n<p>Mar\u00eda del C. Rond\u00f3n Ruiz | President's Office Coordinator<\/p>\n\n\n\n<h5 class=\"wp-block-heading has-black-color has-text-color has-link-color wp-elements-2b62a72c8f369f20b7975e6134e69d3b\" id=\"h-desarrollo\">Development <\/h5>\n\n\n\n<p>Diana M. Gali\u00f1anes Gir\u00e1ldez : Executive Coordinator<\/p>\n\n\n\n<h4 class=\"wp-block-heading\" id=\"h-\"><\/h4>\n\n\n\n<h5 class=\"wp-block-heading\" id=\"h-servicios-filantropicos\">Philanthropic Services<\/h5>\n\n\n\n<p>Jocelyn G. Capeles Perez | Manager of Philanthropic Services and Relationship Management<\/p>\n\n\n\n<p>Evelina Henriquez Ramirez | Philanthropic Services Officer (donations)<\/p>\n\n\n\n<p>Karely E. Santiago Rosa | Philanthropic Services Officer (grants)<\/p>\n\n\n\n<p>Kiria Vel\u00e1zquez Ramos , Philanthropic Services Coordinator <\/p>\n\n\n\n<h5 class=\"wp-block-heading\" id=\"h-\"><\/h5>\n\n\n\n<h5 class=\"wp-block-heading has-black-color has-text-color has-link-color wp-elements-8177e5431a0536a8459f344c43e912aa\" id=\"h-programa\">Program<\/h5>\n\n\n\n<h6 class=\"wp-block-heading has-black-color has-text-color has-link-color wp-elements-1b4ff808307de2288981c48614500c3c\" id=\"h-redundancia-energetica-para-acueductos-comunitarios-nbsp\">Energy Redundancy for Community Aqueducts&nbsp;<\/h6>\n\n\n\n<p>Israel A. Rivera V\u00e9lez : Field Operations Manager <\/p>\n\n\n\n<p>Yexenia Vel\u00e1zquez Guti\u00e9rrez : Regional Manager of Community Coordination <\/p>\n\n\n\n<p>Neritte Suro Pag\u00e1n | Administrative Assistant<\/p>\n\n\n\n<h6 class=\"wp-block-heading has-black-color has-text-color has-link-color wp-elements-f6ef2cdf7e0568e50e9ec6372fd966fc\" id=\"h-energia\">Energy<\/h6>\n\n\n\n<p>Alison Mason | Program Officer <\/p>\n\n\n\n<p><\/p>\n\n\n\n<h6 class=\"wp-block-heading has-black-color has-text-color has-link-color wp-elements-8b8b7cca1a16d180674fb1cd67630625\" id=\"h-instituto-para-la-construccion-de-equidad-racial-en-las-americas-rebia-por-sus-siglas-en-ingles\">Racial Equity Building Institute of the Americas (REBIA)<\/h6>\n\n\n\n<p>Hiram Williams Figueroa , Director <\/p>\n\n\n\n<p>Alondra D. Hern\u00e1ndez Qui\u00f1ones : Program Officer <\/p>\n\n\n\n<h6 class=\"wp-block-heading has-black-color has-text-color has-link-color wp-elements-2c9c4b056eb542b667a3b6a0e5d429f6\" id=\"h-cdbg-dr-programs-small-business-incubator-sbi-amp-workforce-training-program-wtp\">CDBG-DR Programs - Small Business Incubator (SBI) &amp; Workforce Training Program (WTP)<\/h6>\n\n\n\n<p>Alma N. D\u00edaz Carri\u00f3n | Project Manager CDBG-DR<\/p>\n\n\n\n<p>Aida E. Mej\u00eda Pacheco : Project Coordinator (SBI)<\/p>\n\n\n\n<p> Jos\u00e9 Carlos Rivera | Job Training Program Coordinator (WFT)&nbsp; &nbsp;&nbsp;<\/p>\n\n\n\n<p>Jainnette Silva G\u00f3mez : Administrative Assistant (WTP)<\/p>\n\n\n\n<h4 class=\"wp-block-heading has-black-color has-text-color has-link-color wp-elements-e2b99a39144f4283fec8f46d7ac413a9\" id=\"h-\"><\/h4>\n\n\n\n<h5 class=\"wp-block-heading\" id=\"h-administracion-y-finanzas\">Administration and Finance <\/h5>\n\n\n\n<p>Noelia Mar\u00edn Oquendo | Chief Financial Officer<\/p>\n\n\n\n<p>Lorette Rivera Mel\u00e9ndez : Accounting Officer<\/p>\n\n\n\n<p>Nelson J. D\u00edaz Hern\u00e1ndez | Administrator<\/p>\n\n\n\n<p>Evelyn Romero Vel\u00e1zquez : Human Resources and Office Manager<\/p>\n\n\n\n<p>Hilda Mart\u00ednez Tizol : Senior Executive Secretary<\/p>\n\n\n\n<p>Alexander Parrilla Carrasquillo | Administration and Accounting Coordinator<\/p>","protected":false},"excerpt":{"rendered":"<p>La Fundaci\u00f3n Comunitaria de Puerto Rico est\u00e1 comprometida con apoyarte en tu ruta de amor al pr\u00f3jimo por medio de la filantrop\u00eda. Te ofrecemos asesor\u00eda filantr\u00f3pica personalizada, experiencia en el \u00e1mbito filantr\u00f3pico y comunitario, y estructura efectiva. \u00a1Conoce a nuestro equipo! Gerencia Dr. Nelson I. Col\u00f3n Tarrats | Presidente y Principal Oficial Ejecutivo Noelia Mar\u00edn [&hellip;]<\/p>\n","protected":false},"author":1,"featured_media":0,"parent":0,"menu_order":0,"comment_status":"closed","ping_status":"closed","template":"","meta":{"give_campaign_id":0,"footnotes":""},"class_list":["post-1755","page","type-page","status-publish","hentry"],"yoast_head":"<!-- This site is optimized with the Yoast SEO Premium plugin v27.2 (Yoast SEO v27.3) - https:\/\/yoast.com\/product\/yoast-seo-premium-wordpress\/ -->\n<title>Nuestro equipo - Fundaci\u00f3n Comunitaria de Puerto Rico<\/title>\n<meta name=\"robots\" content=\"index, follow, max-snippet:-1, max-image-preview:large, max-video-preview:-1\" \/>\n<link rel=\"canonical\" href=\"https:\/\/www.fcpr.org\/en\/nuestro-equipo\/\" \/>\n<meta property=\"og:locale\" content=\"en_US\" \/>\n<meta property=\"og:type\" content=\"article\" \/>\n<meta property=\"og:title\" content=\"Nuestro equipo\" \/>\n<meta property=\"og:description\" content=\"La Fundaci\u00f3n Comunitaria de Puerto Rico est\u00e1 comprometida con apoyarte en tu ruta de amor al pr\u00f3jimo por medio de la filantrop\u00eda. Te ofrecemos asesor\u00eda filantr\u00f3pica personalizada, experiencia en el \u00e1mbito filantr\u00f3pico y comunitario, y estructura efectiva. \u00a1Conoce a nuestro equipo! Gerencia Dr. Nelson I. Col\u00f3n Tarrats | Presidente y Principal Oficial Ejecutivo Noelia Mar\u00edn [&hellip;]\" \/>\n<meta property=\"og:url\" content=\"https:\/\/www.fcpr.org\/en\/nuestro-equipo\/\" \/>\n<meta property=\"og:site_name\" content=\"Fundaci\u00f3n Comunitaria de Puerto Rico\" \/>\n<meta property=\"article:publisher\" content=\"https:\/\/www.facebook.com\/FundacionComunitaria\" \/>\n<meta property=\"article:modified_time\" content=\"2025-04-03T13:23:54+00:00\" \/>\n<meta name=\"twitter:card\" content=\"summary_large_image\" \/>\n<meta name=\"twitter:site\" content=\"@FComunitaria\" \/>\n<meta name=\"twitter:label1\" content=\"Est. reading time\" \/>\n\t<meta name=\"twitter:data1\" content=\"2 minutes\" \/>\n<script type=\"application\/ld+json\" class=\"yoast-schema-graph\">{\"@context\":\"https:\\\/\\\/schema.org\",\"@graph\":[{\"@type\":\"WebPage\",\"@id\":\"https:\\\/\\\/www.fcpr.org\\\/nuestro-equipo\\\/\",\"url\":\"https:\\\/\\\/www.fcpr.org\\\/nuestro-equipo\\\/\",\"name\":\"Nuestro equipo - Fundaci\u00f3n Comunitaria de Puerto Rico\",\"isPartOf\":{\"@id\":\"https:\\\/\\\/www.fcpr.org\\\/#website\"},\"datePublished\":\"2016-09-08T16:31:44+00:00\",\"dateModified\":\"2025-04-03T13:23:54+00:00\",\"breadcrumb\":{\"@id\":\"https:\\\/\\\/www.fcpr.org\\\/nuestro-equipo\\\/#breadcrumb\"},\"inLanguage\":\"en-US\",\"potentialAction\":[{\"@type\":\"ReadAction\",\"target\":[\"https:\\\/\\\/www.fcpr.org\\\/nuestro-equipo\\\/\"]}]},{\"@type\":\"BreadcrumbList\",\"@id\":\"https:\\\/\\\/www.fcpr.org\\\/nuestro-equipo\\\/#breadcrumb\",\"itemListElement\":[{\"@type\":\"ListItem\",\"position\":1,\"name\":\"Home\",\"item\":\"https:\\\/\\\/www.fcpr.org\\\/\"},{\"@type\":\"ListItem\",\"position\":2,\"name\":\"Nuestro equipo\"}]},{\"@type\":\"WebSite\",\"@id\":\"https:\\\/\\\/www.fcpr.org\\\/#website\",\"url\":\"https:\\\/\\\/www.fcpr.org\\\/\",\"name\":\"Fundaci\u00f3n Comunitaria de Puerto Rico\",\"description\":\"Fortaleciendo el Capital Comunitario\",\"publisher\":{\"@id\":\"https:\\\/\\\/www.fcpr.org\\\/#organization\"},\"potentialAction\":[{\"@type\":\"SearchAction\",\"target\":{\"@type\":\"EntryPoint\",\"urlTemplate\":\"https:\\\/\\\/www.fcpr.org\\\/?s={search_term_string}\"},\"query-input\":{\"@type\":\"PropertyValueSpecification\",\"valueRequired\":true,\"valueName\":\"search_term_string\"}}],\"inLanguage\":\"en-US\"},{\"@type\":\"Organization\",\"@id\":\"https:\\\/\\\/www.fcpr.org\\\/#organization\",\"name\":\"Fundaci\u00f3n Comunitaria de Puerto Rico\",\"url\":\"https:\\\/\\\/www.fcpr.org\\\/\",\"logo\":{\"@type\":\"ImageObject\",\"inLanguage\":\"en-US\",\"@id\":\"https:\\\/\\\/www.fcpr.org\\\/#\\\/schema\\\/logo\\\/image\\\/\",\"url\":\"https:\\\/\\\/www.fcpr.org\\\/wp-content\\\/uploads\\\/2016\\\/08\\\/logo-corp-red.png\",\"contentUrl\":\"https:\\\/\\\/www.fcpr.org\\\/wp-content\\\/uploads\\\/2016\\\/08\\\/logo-corp-red.png\",\"width\":221,\"height\":32,\"caption\":\"Fundaci\u00f3n Comunitaria de Puerto Rico\"},\"image\":{\"@id\":\"https:\\\/\\\/www.fcpr.org\\\/#\\\/schema\\\/logo\\\/image\\\/\"},\"sameAs\":[\"https:\\\/\\\/www.facebook.com\\\/FundacionComunitaria\",\"https:\\\/\\\/x.com\\\/FComunitaria\",\"https:\\\/\\\/www.instagram.com\\\/fundacioncomunitaria\\\/\",\"https:\\\/\\\/www.youtube.com\\\/channel\\\/UCGGW21eIGw6NRin0BrylmWg\"]}]}<\/script>\n<!-- \/ Yoast SEO Premium plugin. -->","yoast_head_json":{"title":"Our team - Puerto Rico Community Foundation","robots":{"index":"index","follow":"follow","max-snippet":"max-snippet:-1","max-image-preview":"max-image-preview:large","max-video-preview":"max-video-preview:-1"},"canonical":"https:\/\/www.fcpr.org\/en\/nuestro-equipo\/","og_locale":"en_US","og_type":"article","og_title":"Nuestro equipo","og_description":"La Fundaci\u00f3n Comunitaria de Puerto Rico est\u00e1 comprometida con apoyarte en tu ruta de amor al pr\u00f3jimo por medio de la filantrop\u00eda. Te ofrecemos asesor\u00eda filantr\u00f3pica personalizada, experiencia en el \u00e1mbito filantr\u00f3pico y comunitario, y estructura efectiva. \u00a1Conoce a nuestro equipo! Gerencia Dr. Nelson I. Col\u00f3n Tarrats | Presidente y Principal Oficial Ejecutivo Noelia Mar\u00edn [&hellip;]","og_url":"https:\/\/www.fcpr.org\/en\/nuestro-equipo\/","og_site_name":"Fundaci\u00f3n Comunitaria de Puerto Rico","article_publisher":"https:\/\/www.facebook.com\/FundacionComunitaria","article_modified_time":"2025-04-03T13:23:54+00:00","twitter_card":"summary_large_image","twitter_site":"@FComunitaria","twitter_misc":{"Est. reading time":"2 minutes"},"schema":{"@context":"https:\/\/schema.org","@graph":[{"@type":"WebPage","@id":"https:\/\/www.fcpr.org\/nuestro-equipo\/","url":"https:\/\/www.fcpr.org\/nuestro-equipo\/","name":"Our team - Puerto Rico Community Foundation","isPartOf":{"@id":"https:\/\/www.fcpr.org\/#website"},"datePublished":"2016-09-08T16:31:44+00:00","dateModified":"2025-04-03T13:23:54+00:00","breadcrumb":{"@id":"https:\/\/www.fcpr.org\/nuestro-equipo\/#breadcrumb"},"inLanguage":"en-US","potentialAction":[{"@type":"ReadAction","target":["https:\/\/www.fcpr.org\/nuestro-equipo\/"]}]},{"@type":"BreadcrumbList","@id":"https:\/\/www.fcpr.org\/nuestro-equipo\/#breadcrumb","itemListElement":[{"@type":"ListItem","position":1,"name":"Home","item":"https:\/\/www.fcpr.org\/"},{"@type":"ListItem","position":2,"name":"Nuestro equipo"}]},{"@type":"WebSite","@id":"https:\/\/www.fcpr.org\/#website","url":"https:\/\/www.fcpr.org\/","name":"Puerto Rico Community Foundation","description":"Strengthening Community Capital","publisher":{"@id":"https:\/\/www.fcpr.org\/#organization"},"potentialAction":[{"@type":"SearchAction","target":{"@type":"EntryPoint","urlTemplate":"https:\/\/www.fcpr.org\/?s={search_term_string}"},"query-input":{"@type":"PropertyValueSpecification","valueRequired":true,"valueName":"search_term_string"}}],"inLanguage":"en-US"},{"@type":"Organization","@id":"https:\/\/www.fcpr.org\/#organization","name":"Puerto Rico Community Foundation","url":"https:\/\/www.fcpr.org\/","logo":{"@type":"ImageObject","inLanguage":"en-US","@id":"https:\/\/www.fcpr.org\/#\/schema\/logo\/image\/","url":"https:\/\/www.fcpr.org\/wp-content\/uploads\/2016\/08\/logo-corp-red.png","contentUrl":"https:\/\/www.fcpr.org\/wp-content\/uploads\/2016\/08\/logo-corp-red.png","width":221,"height":32,"caption":"Fundaci\u00f3n Comunitaria de Puerto Rico"},"image":{"@id":"https:\/\/www.fcpr.org\/#\/schema\/logo\/image\/"},"sameAs":["https:\/\/www.facebook.com\/FundacionComunitaria","https:\/\/x.com\/FComunitaria","https:\/\/www.instagram.com\/fundacioncomunitaria\/","https:\/\/www.youtube.com\/channel\/UCGGW21eIGw6NRin0BrylmWg"]}]}},"campaignId":"","_links":{"self":[{"href":"https:\/\/www.fcpr.org\/en\/wp-json\/wp\/v2\/pages\/1755","targetHints":{"allow":["GET"]}}],"collection":[{"href":"https:\/\/www.fcpr.org\/en\/wp-json\/wp\/v2\/pages"}],"about":[{"href":"https:\/\/www.fcpr.org\/en\/wp-json\/wp\/v2\/types\/page"}],"author":[{"embeddable":true,"href":"https:\/\/www.fcpr.org\/en\/wp-json\/wp\/v2\/users\/1"}],"replies":[{"embeddable":true,"href":"https:\/\/www.fcpr.org\/en\/wp-json\/wp\/v2\/comments?post=1755"}],"version-history":[{"count":79,"href":"https:\/\/www.fcpr.org\/en\/wp-json\/wp\/v2\/pages\/1755\/revisions"}],"predecessor-version":[{"id":17625,"href":"https:\/\/www.fcpr.org\/en\/wp-json\/wp\/v2\/pages\/1755\/revisions\/17625"}],"wp:attachment":[{"href":"https:\/\/www.fcpr.org\/en\/wp-json\/wp\/v2\/media?parent=1755"}],"curies":[{"name":"wp","href":"https:\/\/api.w.org\/{rel}","templated":true}]}}