{"id":1762,"date":"2016-09-08T16:33:36","date_gmt":"2016-09-08T16:33:36","guid":{"rendered":"https:\/\/fcpr.org\/nuevaweb\/?page_id=1762"},"modified":"2018-03-16T13:41:48","modified_gmt":"2018-03-16T13:41:48","slug":"nuestros-inversionistas","status":"publish","type":"page","link":"https:\/\/www.fcpr.org\/en\/nuestros-inversionistas\/","title":{"rendered":"Servicios y tipos de inversi\u00f3n"},"content":{"rendered":"<p>Invertir es sumamente sencillo. Es importante que consulte con su asesor profesional la manera de donar que m\u00e1s te beneficia. Cuando eres parte de la Fundaci\u00f3n Comunitaria de Puerto Rico recibes asesor\u00eda filantr\u00f3pica individualizada que incluye: inversi\u00f3n filantr\u00f3pica y conexi\u00f3n con la comunidad.<\/p>\n<p><strong>Nuestros servicios b\u00e1sicos de asesor\u00eda filantr\u00f3pica incluyen:<\/strong><\/p>\n<ul>\n<li><strong>Dinero en Efectivo<br \/>\n<\/strong>Es la manera tradicional de hacer donativos.<\/li>\n<\/ul>\n<ul>\n<li><strong>Valores<br \/>\n<\/strong>La donaci\u00f3n de valores resulta atractiva para aquellas personas que han pose\u00eddo acciones o bonos durante un largo per\u00edodo de tiempo, especialmente cuando han apreciado tanto de valor que la contribuci\u00f3n sobre ganancias de capital le restar\u00eda una parte sustancial de ese valor si se fueran a liquidar.<\/li>\n<\/ul>\n<ul>\n<li><strong>Legados<br \/>\n<\/strong>El donante puede establecer un fondo en la Fundaci\u00f3n Comunitaria de Puerto Rico mediante una donaci\u00f3n identificada en su testamento o fideicomiso. Se puede donar una cantidad espec\u00edfica en d\u00f3lares o en una propiedad designada a esos efectos. La donaci\u00f3n debe ser de los bienes presentes del donante, nunca de los bienes futuros.<\/li>\n<\/ul>\n<p><em>Nota: Seg\u00fan el C\u00f3digo Civil vigente en Puerto Rico, ning\u00fan donante podr\u00e1 dar ni recibir por v\u00eda de donaci\u00f3n m\u00e1s de lo que pueda dar o recibir por testamento.<\/em><\/p>\n<ul>\n<li><strong>Acciones Previo a Venta<br \/>\n<\/strong>Un donante que posea acciones de una corporaci\u00f3n y que interese venderlas o a redimirlas, puede donarlas a la Fundaci\u00f3n Comunitaria de Puerto Rico y deducir su valor en ese momento. Cuando la persona compra o redime las acciones, permite que la Fundaci\u00f3n reciba el efectivo y el donante se ahorra las contribuciones sobre la ganancia acumulada por los fondos invertidos en las acciones, si estas fueran compradas y redimidas directamente al donante.<\/li>\n<\/ul>\n<ul>\n<li><strong>Bienes Ra\u00edces<br \/>\n<\/strong>Puedes donar bienes ra\u00edces, tales como terrenos, edificios o residencias que hayan apreciado de valor. Si la propiedad constituye una ganancia de capital a largo plazo, el valor total de la propiedad, en ese momento, es una donaci\u00f3n ben\u00e9fica.<\/li>\n<\/ul>\n<p><em>Note: The Puerto Rico Community Foundation will evaluate the grant in question prior to acceptance.<\/em><em><br \/>\n<\/em><\/p>\n<ul>\n<li><strong>Planes de Retiro<br \/>\n<\/strong>El donante puede designar a la Fundaci\u00f3n Comunitaria de Puerto Rico como beneficiaria de una Cuenta Individual de Retiro (IRA), un plan 401(k) o cualquier otro plan de retiro.<\/li>\n<\/ul>\n<ul>\n<li><strong>Seguros de Vida \u00a0 \u00a0 \u00a0 \u00a0 \u00a0 \u00a0 \u00a0 \u00a0 \u00a0 \u00a0 \u00a0 \u00a0<\/strong><\/li>\n<\/ul>\n<p>Un donante puede designar a la Fundaci\u00f3n Comunitaria de Puerto Rico como beneficiaria de una p\u00f3liza de seguro de vida.<\/p>\n<ul>\n<li><strong>Afiliaci\u00f3n de Fundaciones Privadas<br \/>\n<\/strong>Una fundaci\u00f3n privada puede transferir sus activos netos a la Fundaci\u00f3n Comunitaria de Puerto Rico. Los activos dejar\u00e1n de estar sujetos al pago de impuestos y a otras disposiciones del C\u00f3digo de Rentas Internas aplicables a fundaciones privadas.<\/li>\n<\/ul>\n<ul>\n<li><strong>Propiedad Personal Tangible<br \/>\n<\/strong>Hay diferentes tipos de activos, como obras de arte y antig\u00fcedades, que pueden ser donados a la Fundaci\u00f3n Comunitaria de Puerto Rico. Si la propiedad se utiliza en la consecuci\u00f3n de los prop\u00f3sitos caritativos de la Fundaci\u00f3n y la propiedad es un activo de capital a largo plazo, el valor total constituye una donaci\u00f3n ben\u00e9fica.<\/li>\n<\/ul>\n<p><em>Note: The Puerto Rico Community Foundation will evaluate the grant in question prior to acceptance.<\/em><\/p>\n<hr \/>\n<p><em><strong>La FCPR reconocer\u00e1 cada donativo, para efectos contributivos, en el a\u00f1o en que el mismo fue otorgado.<\/strong><\/em><\/p>\n<hr \/>\n<p><strong>\u00bfCu\u00e1les son los beneficios de ser un inversionista social junto a la Fundaci\u00f3n Comunitaria de Puerto Rico?<\/strong><\/p>\n<p>La FCPR es una organizaci\u00f3n caritativa exenta para los efectos de las leyes contributivas en Puerto Rico, por lo que esta contribuci\u00f3n podr\u00eda ser deducible de tu Planilla de Contribuci\u00f3n sobre Ingresos de Individuos para el periodo contributivo correspondiente. Adem\u00e1s, a partir del 1 de enero de 2011, entr\u00f3 en vigor el nuevo\u00a0<em><strong>C\u00f3digo de Rentas Internas para un Nuevo Puerto Rico,<\/strong><\/em><em>\u00a0<\/em>donde usted puede deducir para prop\u00f3sitos de contribuci\u00f3n sobre ingresos el 100% de\u00a0tus aportaciones o donativos a entidades calificadas, incluyendo la FCPR, hasta un m\u00e1ximo del 50% de tu ingreso bruto ajustado para el a\u00f1o contributivo en el que realizas dichas aportaciones y\u00a0donativos. Le instamos a consultar, al respecto, con su asesor contributivo.<\/p>\n<p><strong>Estatus contributivo local y federal<\/strong><strong><br \/>\n<\/strong>La Fundaci\u00f3n Comunitaria de Puerto Rico se rige bajo el c\u00f3digo 1101 del Departamento de Hacienda del Estado Libre Asociado de Puerto Rico y bajo el c\u00f3digo de Rentas Internas Federal 501\u00a9 (3). Lo cual le permite recibir los cr\u00e9ditos correspondientes en tus planillas locales y federales.<\/p>\n<p>Otras preguntas frecuentes vea el enlace:\u00a0<a href=\"https:\/\/fcpr.org\/wp-content\/uploads\/2016\/09\/Preguntas-Frecuentas.pdf\" target=\"_blank\" rel=\"noopener\">Preguntas Frecuentes<\/a><\/p>","protected":false},"excerpt":{"rendered":"<p>Invertir es sumamente sencillo. Es importante que consulte con su asesor profesional la manera de donar que m\u00e1s te beneficia. Cuando eres parte de la Fundaci\u00f3n Comunitaria de Puerto Rico recibes asesor\u00eda filantr\u00f3pica individualizada que incluye: inversi\u00f3n filantr\u00f3pica y conexi\u00f3n con la comunidad. Nuestros servicios b\u00e1sicos de asesor\u00eda filantr\u00f3pica incluyen: Dinero en Efectivo Es la [&hellip;]<\/p>\n","protected":false},"author":1,"featured_media":0,"parent":0,"menu_order":0,"comment_status":"closed","ping_status":"closed","template":"","meta":{"give_campaign_id":0,"footnotes":""},"class_list":["post-1762","page","type-page","status-publish","hentry"],"yoast_head":"<!-- This site is optimized with the Yoast SEO Premium plugin v27.5 (Yoast SEO v27.5) - https:\/\/yoast.com\/product\/yoast-seo-premium-wordpress\/ -->\n<title>Servicios y tipos de inversi\u00f3n - Fundaci\u00f3n Comunitaria de Puerto Rico<\/title>\n<meta name=\"robots\" content=\"index, follow, max-snippet:-1, max-image-preview:large, max-video-preview:-1\" \/>\n<link rel=\"canonical\" href=\"https:\/\/www.fcpr.org\/en\/nuestros-inversionistas\/\" \/>\n<meta property=\"og:locale\" content=\"en_US\" \/>\n<meta property=\"og:type\" content=\"article\" \/>\n<meta property=\"og:title\" content=\"Servicios y tipos de inversi\u00f3n\" \/>\n<meta property=\"og:description\" content=\"Invertir es sumamente sencillo. Es importante que consulte con su asesor profesional la manera de donar que m\u00e1s te beneficia. Cuando eres parte de la Fundaci\u00f3n Comunitaria de Puerto Rico recibes asesor\u00eda filantr\u00f3pica individualizada que incluye: inversi\u00f3n filantr\u00f3pica y conexi\u00f3n con la comunidad. Nuestros servicios b\u00e1sicos de asesor\u00eda filantr\u00f3pica incluyen: Dinero en Efectivo Es la [&hellip;]\" \/>\n<meta property=\"og:url\" content=\"https:\/\/www.fcpr.org\/en\/nuestros-inversionistas\/\" \/>\n<meta property=\"og:site_name\" content=\"Fundaci\u00f3n Comunitaria de Puerto Rico\" \/>\n<meta property=\"article:publisher\" content=\"https:\/\/www.facebook.com\/FundacionComunitaria\" \/>\n<meta property=\"article:modified_time\" content=\"2018-03-16T13:41:48+00:00\" \/>\n<meta name=\"twitter:card\" content=\"summary_large_image\" \/>\n<meta name=\"twitter:site\" content=\"@FComunitaria\" \/>\n<meta name=\"twitter:label1\" content=\"Est. reading time\" \/>\n\t<meta name=\"twitter:data1\" content=\"4 minutes\" \/>\n<script type=\"application\/ld+json\" class=\"yoast-schema-graph\">{\"@context\":\"https:\\\/\\\/schema.org\",\"@graph\":[{\"@type\":\"WebPage\",\"@id\":\"https:\\\/\\\/www.fcpr.org\\\/nuestros-inversionistas\\\/\",\"url\":\"https:\\\/\\\/www.fcpr.org\\\/nuestros-inversionistas\\\/\",\"name\":\"Servicios y tipos de inversi\u00f3n - Fundaci\u00f3n Comunitaria de Puerto Rico\",\"isPartOf\":{\"@id\":\"https:\\\/\\\/www.fcpr.org\\\/#website\"},\"datePublished\":\"2016-09-08T16:33:36+00:00\",\"dateModified\":\"2018-03-16T13:41:48+00:00\",\"breadcrumb\":{\"@id\":\"https:\\\/\\\/www.fcpr.org\\\/nuestros-inversionistas\\\/#breadcrumb\"},\"inLanguage\":\"en-US\",\"potentialAction\":[{\"@type\":\"ReadAction\",\"target\":[\"https:\\\/\\\/www.fcpr.org\\\/nuestros-inversionistas\\\/\"]}]},{\"@type\":\"BreadcrumbList\",\"@id\":\"https:\\\/\\\/www.fcpr.org\\\/nuestros-inversionistas\\\/#breadcrumb\",\"itemListElement\":[{\"@type\":\"ListItem\",\"position\":1,\"name\":\"Home\",\"item\":\"https:\\\/\\\/www.fcpr.org\\\/\"},{\"@type\":\"ListItem\",\"position\":2,\"name\":\"Servicios y tipos de inversi\u00f3n\"}]},{\"@type\":\"WebSite\",\"@id\":\"https:\\\/\\\/www.fcpr.org\\\/#website\",\"url\":\"https:\\\/\\\/www.fcpr.org\\\/\",\"name\":\"Fundaci\u00f3n Comunitaria de Puerto Rico\",\"description\":\"Fortaleciendo el Capital Comunitario\",\"publisher\":{\"@id\":\"https:\\\/\\\/www.fcpr.org\\\/#organization\"},\"potentialAction\":[{\"@type\":\"SearchAction\",\"target\":{\"@type\":\"EntryPoint\",\"urlTemplate\":\"https:\\\/\\\/www.fcpr.org\\\/?s={search_term_string}\"},\"query-input\":{\"@type\":\"PropertyValueSpecification\",\"valueRequired\":true,\"valueName\":\"search_term_string\"}}],\"inLanguage\":\"en-US\"},{\"@type\":\"Organization\",\"@id\":\"https:\\\/\\\/www.fcpr.org\\\/#organization\",\"name\":\"Fundaci\u00f3n Comunitaria de Puerto Rico\",\"url\":\"https:\\\/\\\/www.fcpr.org\\\/\",\"logo\":{\"@type\":\"ImageObject\",\"inLanguage\":\"en-US\",\"@id\":\"https:\\\/\\\/www.fcpr.org\\\/#\\\/schema\\\/logo\\\/image\\\/\",\"url\":\"https:\\\/\\\/www.fcpr.org\\\/wp-content\\\/uploads\\\/2016\\\/08\\\/logo-corp-red.png\",\"contentUrl\":\"https:\\\/\\\/www.fcpr.org\\\/wp-content\\\/uploads\\\/2016\\\/08\\\/logo-corp-red.png\",\"width\":221,\"height\":32,\"caption\":\"Fundaci\u00f3n Comunitaria de Puerto Rico\"},\"image\":{\"@id\":\"https:\\\/\\\/www.fcpr.org\\\/#\\\/schema\\\/logo\\\/image\\\/\"},\"sameAs\":[\"https:\\\/\\\/www.facebook.com\\\/FundacionComunitaria\",\"https:\\\/\\\/x.com\\\/FComunitaria\",\"https:\\\/\\\/www.instagram.com\\\/fundacioncomunitaria\\\/\",\"https:\\\/\\\/www.youtube.com\\\/channel\\\/UCGGW21eIGw6NRin0BrylmWg\"]}]}<\/script>\n<!-- \/ Yoast SEO Premium plugin. -->","yoast_head_json":{"title":"Servicios y tipos de inversi\u00f3n - Fundaci\u00f3n Comunitaria de Puerto Rico","robots":{"index":"index","follow":"follow","max-snippet":"max-snippet:-1","max-image-preview":"max-image-preview:large","max-video-preview":"max-video-preview:-1"},"canonical":"https:\/\/www.fcpr.org\/en\/nuestros-inversionistas\/","og_locale":"en_US","og_type":"article","og_title":"Servicios y tipos de inversi\u00f3n","og_description":"Invertir es sumamente sencillo. Es importante que consulte con su asesor profesional la manera de donar que m\u00e1s te beneficia. Cuando eres parte de la Fundaci\u00f3n Comunitaria de Puerto Rico recibes asesor\u00eda filantr\u00f3pica individualizada que incluye: inversi\u00f3n filantr\u00f3pica y conexi\u00f3n con la comunidad. Nuestros servicios b\u00e1sicos de asesor\u00eda filantr\u00f3pica incluyen: Dinero en Efectivo Es la [&hellip;]","og_url":"https:\/\/www.fcpr.org\/en\/nuestros-inversionistas\/","og_site_name":"Fundaci\u00f3n Comunitaria de Puerto Rico","article_publisher":"https:\/\/www.facebook.com\/FundacionComunitaria","article_modified_time":"2018-03-16T13:41:48+00:00","twitter_card":"summary_large_image","twitter_site":"@FComunitaria","twitter_misc":{"Est. reading time":"4 minutes"},"schema":{"@context":"https:\/\/schema.org","@graph":[{"@type":"WebPage","@id":"https:\/\/www.fcpr.org\/nuestros-inversionistas\/","url":"https:\/\/www.fcpr.org\/nuestros-inversionistas\/","name":"Servicios y tipos de inversi\u00f3n - Fundaci\u00f3n Comunitaria de Puerto Rico","isPartOf":{"@id":"https:\/\/www.fcpr.org\/#website"},"datePublished":"2016-09-08T16:33:36+00:00","dateModified":"2018-03-16T13:41:48+00:00","breadcrumb":{"@id":"https:\/\/www.fcpr.org\/nuestros-inversionistas\/#breadcrumb"},"inLanguage":"en-US","potentialAction":[{"@type":"ReadAction","target":["https:\/\/www.fcpr.org\/nuestros-inversionistas\/"]}]},{"@type":"BreadcrumbList","@id":"https:\/\/www.fcpr.org\/nuestros-inversionistas\/#breadcrumb","itemListElement":[{"@type":"ListItem","position":1,"name":"Home","item":"https:\/\/www.fcpr.org\/"},{"@type":"ListItem","position":2,"name":"Servicios y tipos de inversi\u00f3n"}]},{"@type":"WebSite","@id":"https:\/\/www.fcpr.org\/#website","url":"https:\/\/www.fcpr.org\/","name":"Puerto Rico Community Foundation","description":"Strengthening Community Capital","publisher":{"@id":"https:\/\/www.fcpr.org\/#organization"},"potentialAction":[{"@type":"SearchAction","target":{"@type":"EntryPoint","urlTemplate":"https:\/\/www.fcpr.org\/?s={search_term_string}"},"query-input":{"@type":"PropertyValueSpecification","valueRequired":true,"valueName":"search_term_string"}}],"inLanguage":"en-US"},{"@type":"Organization","@id":"https:\/\/www.fcpr.org\/#organization","name":"Puerto Rico Community Foundation","url":"https:\/\/www.fcpr.org\/","logo":{"@type":"ImageObject","inLanguage":"en-US","@id":"https:\/\/www.fcpr.org\/#\/schema\/logo\/image\/","url":"https:\/\/www.fcpr.org\/wp-content\/uploads\/2016\/08\/logo-corp-red.png","contentUrl":"https:\/\/www.fcpr.org\/wp-content\/uploads\/2016\/08\/logo-corp-red.png","width":221,"height":32,"caption":"Fundaci\u00f3n Comunitaria de Puerto Rico"},"image":{"@id":"https:\/\/www.fcpr.org\/#\/schema\/logo\/image\/"},"sameAs":["https:\/\/www.facebook.com\/FundacionComunitaria","https:\/\/x.com\/FComunitaria","https:\/\/www.instagram.com\/fundacioncomunitaria\/","https:\/\/www.youtube.com\/channel\/UCGGW21eIGw6NRin0BrylmWg"]}]}},"campaignId":"","_links":{"self":[{"href":"https:\/\/www.fcpr.org\/en\/wp-json\/wp\/v2\/pages\/1762","targetHints":{"allow":["GET"]}}],"collection":[{"href":"https:\/\/www.fcpr.org\/en\/wp-json\/wp\/v2\/pages"}],"about":[{"href":"https:\/\/www.fcpr.org\/en\/wp-json\/wp\/v2\/types\/page"}],"author":[{"embeddable":true,"href":"https:\/\/www.fcpr.org\/en\/wp-json\/wp\/v2\/users\/1"}],"replies":[{"embeddable":true,"href":"https:\/\/www.fcpr.org\/en\/wp-json\/wp\/v2\/comments?post=1762"}],"version-history":[{"count":12,"href":"https:\/\/www.fcpr.org\/en\/wp-json\/wp\/v2\/pages\/1762\/revisions"}],"predecessor-version":[{"id":3620,"href":"https:\/\/www.fcpr.org\/en\/wp-json\/wp\/v2\/pages\/1762\/revisions\/3620"}],"wp:attachment":[{"href":"https:\/\/www.fcpr.org\/en\/wp-json\/wp\/v2\/media?parent=1762"}],"curies":[{"name":"wp","href":"https:\/\/api.w.org\/{rel}","templated":true}]}}