{"id":1766,"date":"2016-09-08T16:34:07","date_gmt":"2016-09-08T16:34:07","guid":{"rendered":"https:\/\/fcpr.org\/nuevaweb\/?page_id=1766"},"modified":"2016-11-14T21:13:20","modified_gmt":"2016-11-14T21:13:20","slug":"asesores-profesionales","status":"publish","type":"page","link":"https:\/\/www.fcpr.org\/en\/asesores-profesionales\/","title":{"rendered":"Tipos de fondos"},"content":{"rendered":"<p>La Fundaci\u00f3n Comunitaria de Puerto Rico le ofrece una variedad de opciones de fondos y servicios para ayudarle a alcanzar sus objetivos filantr\u00f3picos y responder a las necesidades de la comunidad, obteniendo beneficios y mayor rendimiento con cada inversi\u00f3n. Desde <strong>fondos permanentes<\/strong>, en los cuales puedes construir y garantizar tu legado perpetuo, a <strong>fondos no permanentes<\/strong>, si prefieres una opci\u00f3n costo y tiempo-efectiva para otorgar donativos o becas.<\/p>\n<ul>\n<li><strong>Donativo irrestricto<br \/>\n<\/strong>El donante otorga un donativo para que la Fundaci\u00f3n determine la mejor manera de invertirlo en la comunidad o para el fortalecimiento de la FCPR.<\/li>\n<\/ul>\n<ul>\n<li><strong>Fondo para el otorgamiento de donativos<br \/>\n<\/strong>Establece un fondo enfocado en un \u00e1rea de particular inter\u00e9s para el otorgamiento de donativos a organizaciones sin fines de lucro que atienden su \u00e1rea de inter\u00e9s.<\/li>\n<\/ul>\n<ul>\n<li><strong>Fondo para el otorgamiento de becas<br \/>\n<\/strong>Establece un fondo enfocado en un \u00e1rea de particular inter\u00e9s para el otorgamiento de becas o reconocimiento a individuos.<\/li>\n<\/ul>\n<ul>\n<li><strong>Fondo temporero o permanente\u00a0<\/strong><\/li>\n<\/ul>\n<p>Puede establecer un fondo de manera permanente, el cual se regir\u00eda por la Pol\u00edtica de Inversiones y Pol\u00edtica de \u00a0 Desembolso que rige a los fondos perpetuos de la Fundaci\u00f3n Comunitaria de Puerto Rico. Tambi\u00e9n puede establecer un fondo temporero que no se invierte en el mercado de valores.<\/p>\n<hr \/>\n<p>La administraci\u00f3n de un fondo conlleva un costo administrativo:<\/p>\n<ul>\n<li><strong>Permanent Fund<\/strong>\u2013 1% del valor del fondo<\/li>\n<li><strong>Temporary Fund<\/strong>\u2013 15% del valor de la aportaci\u00f3n<\/li>\n<\/ul>\n<hr \/>\n<p>Conoce qu\u00e9 conlleva\u00a0cada uno:\u00a0<a href=\"https:\/\/fcpr.org\/wp-content\/uploads\/2016\/09\/Tipos-de-Fondos.pdf\" target=\"_blank\">Tipos de fondos<\/a><\/p>","protected":false},"excerpt":{"rendered":"<p>La Fundaci\u00f3n Comunitaria de Puerto Rico le ofrece una variedad de opciones de fondos y servicios para ayudarle a alcanzar sus objetivos filantr\u00f3picos y responder a las necesidades de la comunidad, obteniendo beneficios y mayor rendimiento con cada inversi\u00f3n. Desde fondos permanentes, en los cuales puedes construir y garantizar tu legado perpetuo, a fondos no [&hellip;]<\/p>\n","protected":false},"author":1,"featured_media":0,"parent":0,"menu_order":0,"comment_status":"closed","ping_status":"closed","template":"","meta":{"give_campaign_id":0,"footnotes":""},"class_list":["post-1766","page","type-page","status-publish","hentry"],"yoast_head":"<!-- This site is optimized with the Yoast SEO Premium plugin v27.5 (Yoast SEO v27.5) - https:\/\/yoast.com\/product\/yoast-seo-premium-wordpress\/ -->\n<title>Tipos de fondos - Fundaci\u00f3n Comunitaria de Puerto Rico<\/title>\n<meta name=\"robots\" content=\"index, follow, max-snippet:-1, max-image-preview:large, max-video-preview:-1\" \/>\n<link rel=\"canonical\" href=\"https:\/\/www.fcpr.org\/en\/asesores-profesionales\/\" \/>\n<meta property=\"og:locale\" content=\"en_US\" \/>\n<meta property=\"og:type\" content=\"article\" \/>\n<meta property=\"og:title\" content=\"Tipos de fondos\" \/>\n<meta property=\"og:description\" content=\"La Fundaci\u00f3n Comunitaria de Puerto Rico le ofrece una variedad de opciones de fondos y servicios para ayudarle a alcanzar sus objetivos filantr\u00f3picos y responder a las necesidades de la comunidad, obteniendo beneficios y mayor rendimiento con cada inversi\u00f3n. Desde fondos permanentes, en los cuales puedes construir y garantizar tu legado perpetuo, a fondos no [&hellip;]\" \/>\n<meta property=\"og:url\" content=\"https:\/\/www.fcpr.org\/en\/asesores-profesionales\/\" \/>\n<meta property=\"og:site_name\" content=\"Fundaci\u00f3n Comunitaria de Puerto Rico\" \/>\n<meta property=\"article:publisher\" content=\"https:\/\/www.facebook.com\/FundacionComunitaria\" \/>\n<meta property=\"article:modified_time\" content=\"2016-11-14T21:13:20+00:00\" \/>\n<meta name=\"twitter:card\" content=\"summary_large_image\" \/>\n<meta name=\"twitter:site\" content=\"@FComunitaria\" \/>\n<meta name=\"twitter:label1\" content=\"Est. reading time\" \/>\n\t<meta name=\"twitter:data1\" content=\"1 minute\" \/>\n<script type=\"application\/ld+json\" class=\"yoast-schema-graph\">{\"@context\":\"https:\\\/\\\/schema.org\",\"@graph\":[{\"@type\":\"WebPage\",\"@id\":\"https:\\\/\\\/www.fcpr.org\\\/asesores-profesionales\\\/\",\"url\":\"https:\\\/\\\/www.fcpr.org\\\/asesores-profesionales\\\/\",\"name\":\"Tipos de fondos - Fundaci\u00f3n Comunitaria de Puerto Rico\",\"isPartOf\":{\"@id\":\"https:\\\/\\\/www.fcpr.org\\\/#website\"},\"datePublished\":\"2016-09-08T16:34:07+00:00\",\"dateModified\":\"2016-11-14T21:13:20+00:00\",\"breadcrumb\":{\"@id\":\"https:\\\/\\\/www.fcpr.org\\\/asesores-profesionales\\\/#breadcrumb\"},\"inLanguage\":\"en-US\",\"potentialAction\":[{\"@type\":\"ReadAction\",\"target\":[\"https:\\\/\\\/www.fcpr.org\\\/asesores-profesionales\\\/\"]}]},{\"@type\":\"BreadcrumbList\",\"@id\":\"https:\\\/\\\/www.fcpr.org\\\/asesores-profesionales\\\/#breadcrumb\",\"itemListElement\":[{\"@type\":\"ListItem\",\"position\":1,\"name\":\"Home\",\"item\":\"https:\\\/\\\/www.fcpr.org\\\/\"},{\"@type\":\"ListItem\",\"position\":2,\"name\":\"Tipos de fondos\"}]},{\"@type\":\"WebSite\",\"@id\":\"https:\\\/\\\/www.fcpr.org\\\/#website\",\"url\":\"https:\\\/\\\/www.fcpr.org\\\/\",\"name\":\"Fundaci\u00f3n Comunitaria de Puerto Rico\",\"description\":\"Fortaleciendo el Capital Comunitario\",\"publisher\":{\"@id\":\"https:\\\/\\\/www.fcpr.org\\\/#organization\"},\"potentialAction\":[{\"@type\":\"SearchAction\",\"target\":{\"@type\":\"EntryPoint\",\"urlTemplate\":\"https:\\\/\\\/www.fcpr.org\\\/?s={search_term_string}\"},\"query-input\":{\"@type\":\"PropertyValueSpecification\",\"valueRequired\":true,\"valueName\":\"search_term_string\"}}],\"inLanguage\":\"en-US\"},{\"@type\":\"Organization\",\"@id\":\"https:\\\/\\\/www.fcpr.org\\\/#organization\",\"name\":\"Fundaci\u00f3n Comunitaria de Puerto Rico\",\"url\":\"https:\\\/\\\/www.fcpr.org\\\/\",\"logo\":{\"@type\":\"ImageObject\",\"inLanguage\":\"en-US\",\"@id\":\"https:\\\/\\\/www.fcpr.org\\\/#\\\/schema\\\/logo\\\/image\\\/\",\"url\":\"https:\\\/\\\/www.fcpr.org\\\/wp-content\\\/uploads\\\/2016\\\/08\\\/logo-corp-red.png\",\"contentUrl\":\"https:\\\/\\\/www.fcpr.org\\\/wp-content\\\/uploads\\\/2016\\\/08\\\/logo-corp-red.png\",\"width\":221,\"height\":32,\"caption\":\"Fundaci\u00f3n Comunitaria de Puerto Rico\"},\"image\":{\"@id\":\"https:\\\/\\\/www.fcpr.org\\\/#\\\/schema\\\/logo\\\/image\\\/\"},\"sameAs\":[\"https:\\\/\\\/www.facebook.com\\\/FundacionComunitaria\",\"https:\\\/\\\/x.com\\\/FComunitaria\",\"https:\\\/\\\/www.instagram.com\\\/fundacioncomunitaria\\\/\",\"https:\\\/\\\/www.youtube.com\\\/channel\\\/UCGGW21eIGw6NRin0BrylmWg\"]}]}<\/script>\n<!-- \/ Yoast SEO Premium plugin. -->","yoast_head_json":{"title":"Tipos de fondos - Fundaci\u00f3n Comunitaria de Puerto Rico","robots":{"index":"index","follow":"follow","max-snippet":"max-snippet:-1","max-image-preview":"max-image-preview:large","max-video-preview":"max-video-preview:-1"},"canonical":"https:\/\/www.fcpr.org\/en\/asesores-profesionales\/","og_locale":"en_US","og_type":"article","og_title":"Tipos de fondos","og_description":"La Fundaci\u00f3n Comunitaria de Puerto Rico le ofrece una variedad de opciones de fondos y servicios para ayudarle a alcanzar sus objetivos filantr\u00f3picos y responder a las necesidades de la comunidad, obteniendo beneficios y mayor rendimiento con cada inversi\u00f3n. Desde fondos permanentes, en los cuales puedes construir y garantizar tu legado perpetuo, a fondos no [&hellip;]","og_url":"https:\/\/www.fcpr.org\/en\/asesores-profesionales\/","og_site_name":"Fundaci\u00f3n Comunitaria de Puerto Rico","article_publisher":"https:\/\/www.facebook.com\/FundacionComunitaria","article_modified_time":"2016-11-14T21:13:20+00:00","twitter_card":"summary_large_image","twitter_site":"@FComunitaria","twitter_misc":{"Est. reading time":"1 minute"},"schema":{"@context":"https:\/\/schema.org","@graph":[{"@type":"WebPage","@id":"https:\/\/www.fcpr.org\/asesores-profesionales\/","url":"https:\/\/www.fcpr.org\/asesores-profesionales\/","name":"Tipos de fondos - Fundaci\u00f3n Comunitaria de Puerto Rico","isPartOf":{"@id":"https:\/\/www.fcpr.org\/#website"},"datePublished":"2016-09-08T16:34:07+00:00","dateModified":"2016-11-14T21:13:20+00:00","breadcrumb":{"@id":"https:\/\/www.fcpr.org\/asesores-profesionales\/#breadcrumb"},"inLanguage":"en-US","potentialAction":[{"@type":"ReadAction","target":["https:\/\/www.fcpr.org\/asesores-profesionales\/"]}]},{"@type":"BreadcrumbList","@id":"https:\/\/www.fcpr.org\/asesores-profesionales\/#breadcrumb","itemListElement":[{"@type":"ListItem","position":1,"name":"Home","item":"https:\/\/www.fcpr.org\/"},{"@type":"ListItem","position":2,"name":"Tipos de fondos"}]},{"@type":"WebSite","@id":"https:\/\/www.fcpr.org\/#website","url":"https:\/\/www.fcpr.org\/","name":"Puerto Rico Community Foundation","description":"Strengthening Community Capital","publisher":{"@id":"https:\/\/www.fcpr.org\/#organization"},"potentialAction":[{"@type":"SearchAction","target":{"@type":"EntryPoint","urlTemplate":"https:\/\/www.fcpr.org\/?s={search_term_string}"},"query-input":{"@type":"PropertyValueSpecification","valueRequired":true,"valueName":"search_term_string"}}],"inLanguage":"en-US"},{"@type":"Organization","@id":"https:\/\/www.fcpr.org\/#organization","name":"Puerto Rico Community Foundation","url":"https:\/\/www.fcpr.org\/","logo":{"@type":"ImageObject","inLanguage":"en-US","@id":"https:\/\/www.fcpr.org\/#\/schema\/logo\/image\/","url":"https:\/\/www.fcpr.org\/wp-content\/uploads\/2016\/08\/logo-corp-red.png","contentUrl":"https:\/\/www.fcpr.org\/wp-content\/uploads\/2016\/08\/logo-corp-red.png","width":221,"height":32,"caption":"Fundaci\u00f3n Comunitaria de Puerto Rico"},"image":{"@id":"https:\/\/www.fcpr.org\/#\/schema\/logo\/image\/"},"sameAs":["https:\/\/www.facebook.com\/FundacionComunitaria","https:\/\/x.com\/FComunitaria","https:\/\/www.instagram.com\/fundacioncomunitaria\/","https:\/\/www.youtube.com\/channel\/UCGGW21eIGw6NRin0BrylmWg"]}]}},"campaignId":"","_links":{"self":[{"href":"https:\/\/www.fcpr.org\/en\/wp-json\/wp\/v2\/pages\/1766","targetHints":{"allow":["GET"]}}],"collection":[{"href":"https:\/\/www.fcpr.org\/en\/wp-json\/wp\/v2\/pages"}],"about":[{"href":"https:\/\/www.fcpr.org\/en\/wp-json\/wp\/v2\/types\/page"}],"author":[{"embeddable":true,"href":"https:\/\/www.fcpr.org\/en\/wp-json\/wp\/v2\/users\/1"}],"replies":[{"embeddable":true,"href":"https:\/\/www.fcpr.org\/en\/wp-json\/wp\/v2\/comments?post=1766"}],"version-history":[{"count":11,"href":"https:\/\/www.fcpr.org\/en\/wp-json\/wp\/v2\/pages\/1766\/revisions"}],"predecessor-version":[{"id":2375,"href":"https:\/\/www.fcpr.org\/en\/wp-json\/wp\/v2\/pages\/1766\/revisions\/2375"}],"wp:attachment":[{"href":"https:\/\/www.fcpr.org\/en\/wp-json\/wp\/v2\/media?parent=1766"}],"curies":[{"name":"wp","href":"https:\/\/api.w.org\/{rel}","templated":true}]}}