{"id":1820,"date":"2016-10-17T20:15:44","date_gmt":"2016-10-17T20:15:44","guid":{"rendered":"https:\/\/fcpr.org\/nuevaweb\/?page_id=1820"},"modified":"2024-09-11T04:38:37","modified_gmt":"2024-09-11T08:38:37","slug":"nuestra-historia","status":"publish","type":"page","link":"https:\/\/www.fcpr.org\/en\/nuestra-historia\/","title":{"rendered":"What we are"},"content":{"rendered":"<p>The <strong>Puerto Rico Community Foundation <\/strong>(FCPR) is a philanthropic platform that for more than 39 years has mobilized resources for the communities. It is considered a non-profit organization, exempt under Sections 1101.01 of the Puerto Rico Internal Revenue Code and Section 501(c)(3) of the U.S. Internal Revenue Code.<\/p>\n\n\n\n<h5 class=\"wp-block-heading\" id=\"h-lo-que-hacemos\">What we do<\/h5>\n\n\n\n<p>Since 1984, donors have contributed to the development of Puerto Rican communities through the FCPR. Individuals, families, corporations or foundations have found in the FCPR the ideal philanthropic ally, an entity that has helped them turn into reality the desire to support the causes they are passionate about through the establishment, custody and administration of funds, which grant <strong>scholarships to university students or donations to non-profit organizations<\/strong>. In addition, the FCPR has <strong>programmatic approaches<\/strong> that also facilitate transformation processes<strong>&nbsp;<\/strong>in communities. These drive access to water and energy, racial and gender equity, and the Sustainable Development Goals (SDGs), as well as activating economic development.<\/p>\n\n\n\n<div style=\"height:23px\" aria-hidden=\"true\" class=\"wp-block-spacer\"><\/div>\n\n\n\n<div class=\"wp-block-columns alignfull is-layout-flex wp-container-core-columns-is-layout-28f84493 wp-block-columns-is-layout-flex\">\n<div class=\"wp-block-column is-layout-flow wp-block-column-is-layout-flow\" style=\"flex-basis:50%\">\n<div class=\"wp-block-cover is-light\" style=\"min-height:600px;aspect-ratio:unset;\"><span aria-hidden=\"true\" class=\"wp-block-cover__background has-background-dim-100 has-background-dim\" style=\"background-color:#f6f6f6\"><\/span><div class=\"wp-block-cover__inner-container is-layout-flow wp-block-cover-is-layout-flow\"><div class=\"wp-block-image\">\n<figure class=\"aligncenter size-medium\"><img loading=\"lazy\" decoding=\"async\" width=\"300\" height=\"200\" src=\"https:\/\/www.fcpr.org\/wp-content\/uploads\/2023\/12\/qtq80-EcQWxc-300x200.jpeg\" alt=\"\" class=\"wp-image-15153\" srcset=\"https:\/\/www.fcpr.org\/wp-content\/uploads\/2023\/12\/qtq80-EcQWxc-300x200.jpeg 300w, https:\/\/www.fcpr.org\/wp-content\/uploads\/2023\/12\/qtq80-EcQWxc-1024x683.jpeg 1024w, https:\/\/www.fcpr.org\/wp-content\/uploads\/2023\/12\/qtq80-EcQWxc-768x512.jpeg 768w, https:\/\/www.fcpr.org\/wp-content\/uploads\/2023\/12\/qtq80-EcQWxc-1536x1024.jpeg 1536w, https:\/\/www.fcpr.org\/wp-content\/uploads\/2023\/12\/qtq80-EcQWxc-2048x1365.jpeg 2048w\" sizes=\"auto, (max-width: 300px) 100vw, 300px\" \/><\/figure>\n<\/div><\/div><\/div>\n<\/div>\n\n\n\n<div class=\"wp-block-column is-vertically-aligned-center is-layout-flow wp-block-column-is-layout-flow\" style=\"padding-top:1em;padding-right:1em;padding-bottom:1em;padding-left:1em\">\n<div class=\"wp-block-columns is-layout-flex wp-container-core-columns-is-layout-28f84493 wp-block-columns-is-layout-flex\">\n<div class=\"wp-block-column is-layout-flow wp-block-column-is-layout-flow\" style=\"flex-basis:320px\">\n<h4 class=\"wp-block-heading has-medium-font-size\" id=\"h-en-fundacion-comunitaria-de-puerto-rico\"><strong>At Fundaci\u00f3n Comunitaria de Puerto Rico... <\/strong><\/h4>\n\n\n\n<p class=\"has-medium-font-size\" style=\"line-height:1.6\"><em>We strengthen community capital to achieve equity, community prosperity and social justice.<\/em><\/p>\n<\/div>\n<\/div>\n<\/div>\n<\/div>\n\n\n\n<div style=\"height:23px\" aria-hidden=\"true\" class=\"wp-block-spacer\"><\/div>\n\n\n\n<h5 class=\"wp-block-heading\" id=\"h-la-primera-y-unica-fundacion-comunitaria-en-puerto-rico\">The first and only community foundation in Puerto Rico<\/h5>\n\n\n\n<div style=\"height:23px\" aria-hidden=\"true\" class=\"wp-block-spacer\"><\/div>\n\n\n\n<p>The idea of creating a Puerto Rico Community Foundation began to take shape at a forum sponsored by the National Puerto Rican Coalition (NPRC), a non-profit organization run by Puerto Ricans in the United States.<\/p>\n\n\n\n<p>The idea received strong support from the Puerto Rican diaspora and foundations in the United States, which supported the creation of a community-based organization that would mobilize local and international resources to be channeled through grants to community and non-profit organizations.<\/p>\n\n\n\n<p><span style=\"font-size: revert; color: initial;\">The FCPR is the first community foundation in the Caribbean and Latin America, and today the only one in Puerto Rico. <\/span>It belongs to a network of over 1,600 that exist around the world. It has awarded more than $77 million in grants, scholarships, training and technical assistance in the areas of education, housing, economic and community development, energy, water, health, arts and others.<\/p>\n\n\n\n<div style=\"height:23px\" aria-hidden=\"true\" class=\"wp-block-spacer\"><\/div>\n\n\n\n<div class=\"wp-block-columns alignfull is-layout-flex wp-container-core-columns-is-layout-28f84493 wp-block-columns-is-layout-flex\">\n<div class=\"wp-block-column is-layout-flow wp-block-column-is-layout-flow\" style=\"flex-basis:50%\">\n<div class=\"wp-block-cover\" style=\"min-height:600px;aspect-ratio:unset;\"><span aria-hidden=\"true\" class=\"wp-block-cover__background has-background-dim-100 has-background-dim\" style=\"background-color:#f6f6f6\"><\/span><div class=\"wp-block-cover__inner-container is-layout-flow wp-block-cover-is-layout-flow\"><div class=\"wp-block-image\">\n<figure class=\"aligncenter size-medium\"><img loading=\"lazy\" decoding=\"async\" width=\"300\" height=\"197\" src=\"https:\/\/www.fcpr.org\/wp-content\/uploads\/2024\/08\/qtq80-xYY8jb-300x197.jpeg\" alt=\"\" class=\"wp-image-16518\" srcset=\"https:\/\/www.fcpr.org\/wp-content\/uploads\/2024\/08\/qtq80-xYY8jb-300x197.jpeg 300w, https:\/\/www.fcpr.org\/wp-content\/uploads\/2024\/08\/qtq80-xYY8jb-1024x672.jpeg 1024w, https:\/\/www.fcpr.org\/wp-content\/uploads\/2024\/08\/qtq80-xYY8jb-768x504.jpeg 768w, https:\/\/www.fcpr.org\/wp-content\/uploads\/2024\/08\/qtq80-xYY8jb-1536x1008.jpeg 1536w, https:\/\/www.fcpr.org\/wp-content\/uploads\/2024\/08\/qtq80-xYY8jb-2048x1344.jpeg 2048w\" sizes=\"auto, (max-width: 300px) 100vw, 300px\" \/><\/figure>\n<\/div><\/div><\/div>\n<\/div>\n\n\n\n<div class=\"wp-block-column is-vertically-aligned-center is-layout-flow wp-block-column-is-layout-flow\" style=\"padding-top:1em;padding-right:1em;padding-bottom:1em;padding-left:1em\">\n<div class=\"wp-block-columns is-layout-flex wp-container-core-columns-is-layout-28f84493 wp-block-columns-is-layout-flex\">\n<div class=\"wp-block-column is-layout-flow wp-block-column-is-layout-flow\" style=\"flex-basis:320px\">\n<p class=\"has-medium-font-size\" style=\"line-height:1.6\"><strong>What is a community foundation?<\/strong><\/p>\n\n\n\n<p class=\"has-medium-font-size\" style=\"line-height:1.6\">A community foundation<strong>&nbsp;<\/strong>is a philanthropic institution that responds to the diverse needs of its community, town or region. Their financial resources come from multiple sources, including philanthropists who entrust community foundations with the strategic execution to benefit their social causes. They are considered the community's philanthropic fund, where the community invests and the community receives. <\/p>\n<\/div>\n<\/div>\n<\/div>\n<\/div>\n\n\n\n<h2 class=\"wp-block-heading\" id=\"h-nbsp\">&nbsp;<\/h2>\n\n\n\n<h2 class=\"wp-block-heading\" id=\"h-nbsp-0\">&nbsp;<\/h2>","protected":false},"excerpt":{"rendered":"<p>La Fundaci\u00f3n Comunitaria de Puerto Rico (FCPR) es una plataforma filantr\u00f3pica que por m\u00e1s de 39 a\u00f1os ha movilizado recursos hacia las comunidades. Es considerada una organizaci\u00f3n sin fines de lucro, exenta bajo las Secciones 1101.01 del C\u00f3digo de Rentas Internas de Puerto Rico y la Secci\u00f3n 501(c)(3) del C\u00f3digo de Rentas Internas de Estados [&hellip;]<\/p>\n","protected":false},"author":1,"featured_media":0,"parent":0,"menu_order":0,"comment_status":"closed","ping_status":"closed","template":"","meta":{"give_campaign_id":0,"footnotes":""},"class_list":["post-1820","page","type-page","status-publish","hentry"],"yoast_head":"<!-- This site is optimized with the Yoast SEO Premium plugin v27.3 (Yoast SEO v27.3) - https:\/\/yoast.com\/product\/yoast-seo-premium-wordpress\/ -->\n<title>Una plataforma filantr\u00f3pica para las comunidades-Lo que somos<\/title>\n<meta name=\"description\" content=\"Descubre la historia de la Fundaci\u00f3n Comunitaria de Puerto Rico, una plataforma filantr\u00f3pica impulsando las comunidades desde 1985.\" \/>\n<meta name=\"robots\" content=\"index, follow, max-snippet:-1, max-image-preview:large, max-video-preview:-1\" \/>\n<link rel=\"canonical\" href=\"https:\/\/www.fcpr.org\/en\/nuestra-historia\/\" \/>\n<meta property=\"og:locale\" content=\"en_US\" \/>\n<meta property=\"og:type\" content=\"article\" \/>\n<meta property=\"og:title\" content=\"Una plataforma filantr\u00f3pica para las comunidades-Lo que somos\" \/>\n<meta property=\"og:description\" content=\"Descubre la historia de la Fundaci\u00f3n Comunitaria de Puerto Rico, una plataforma filantr\u00f3pica impulsando las comunidades desde 1985.\" \/>\n<meta property=\"og:url\" content=\"https:\/\/www.fcpr.org\/en\/nuestra-historia\/\" \/>\n<meta property=\"og:site_name\" content=\"Fundaci\u00f3n Comunitaria de Puerto Rico\" \/>\n<meta property=\"article:publisher\" content=\"https:\/\/www.facebook.com\/FundacionComunitaria\" \/>\n<meta property=\"article:modified_time\" content=\"2024-09-11T08:38:37+00:00\" \/>\n<meta property=\"og:image\" content=\"https:\/\/www.fcpr.org\/wp-content\/uploads\/2023\/12\/qtq80-EcQWxc-300x200.jpeg\" \/>\n<meta name=\"twitter:card\" content=\"summary_large_image\" \/>\n<meta name=\"twitter:title\" content=\"Lo que somos\" \/>\n<meta name=\"twitter:site\" content=\"@FComunitaria\" \/>\n<meta name=\"twitter:label1\" content=\"Est. reading time\" \/>\n\t<meta name=\"twitter:data1\" content=\"3 minutes\" \/>\n<script type=\"application\/ld+json\" class=\"yoast-schema-graph\">{\"@context\":\"https:\\\/\\\/schema.org\",\"@graph\":[{\"@type\":\"WebPage\",\"@id\":\"https:\\\/\\\/www.fcpr.org\\\/nuestra-historia\\\/\",\"url\":\"https:\\\/\\\/www.fcpr.org\\\/nuestra-historia\\\/\",\"name\":\"Una plataforma filantr\u00f3pica para las comunidades-Lo que somos\",\"isPartOf\":{\"@id\":\"https:\\\/\\\/www.fcpr.org\\\/#website\"},\"primaryImageOfPage\":{\"@id\":\"https:\\\/\\\/www.fcpr.org\\\/nuestra-historia\\\/#primaryimage\"},\"image\":{\"@id\":\"https:\\\/\\\/www.fcpr.org\\\/nuestra-historia\\\/#primaryimage\"},\"thumbnailUrl\":\"https:\\\/\\\/www.fcpr.org\\\/wp-content\\\/uploads\\\/2023\\\/12\\\/qtq80-EcQWxc-300x200.jpeg\",\"datePublished\":\"2016-10-17T20:15:44+00:00\",\"dateModified\":\"2024-09-11T08:38:37+00:00\",\"description\":\"Descubre la historia de la Fundaci\u00f3n Comunitaria de Puerto Rico, una plataforma filantr\u00f3pica impulsando las comunidades desde 1985.\",\"breadcrumb\":{\"@id\":\"https:\\\/\\\/www.fcpr.org\\\/nuestra-historia\\\/#breadcrumb\"},\"inLanguage\":\"en-US\",\"potentialAction\":[{\"@type\":\"ReadAction\",\"target\":[\"https:\\\/\\\/www.fcpr.org\\\/nuestra-historia\\\/\"]}]},{\"@type\":\"ImageObject\",\"inLanguage\":\"en-US\",\"@id\":\"https:\\\/\\\/www.fcpr.org\\\/nuestra-historia\\\/#primaryimage\",\"url\":\"https:\\\/\\\/www.fcpr.org\\\/wp-content\\\/uploads\\\/2023\\\/12\\\/qtq80-EcQWxc-300x200.jpeg\",\"contentUrl\":\"https:\\\/\\\/www.fcpr.org\\\/wp-content\\\/uploads\\\/2023\\\/12\\\/qtq80-EcQWxc-300x200.jpeg\"},{\"@type\":\"BreadcrumbList\",\"@id\":\"https:\\\/\\\/www.fcpr.org\\\/nuestra-historia\\\/#breadcrumb\",\"itemListElement\":[{\"@type\":\"ListItem\",\"position\":1,\"name\":\"Home\",\"item\":\"https:\\\/\\\/www.fcpr.org\\\/\"},{\"@type\":\"ListItem\",\"position\":2,\"name\":\"Lo que somos\"}]},{\"@type\":\"WebSite\",\"@id\":\"https:\\\/\\\/www.fcpr.org\\\/#website\",\"url\":\"https:\\\/\\\/www.fcpr.org\\\/\",\"name\":\"Fundaci\u00f3n Comunitaria de Puerto Rico\",\"description\":\"Fortaleciendo el Capital Comunitario\",\"publisher\":{\"@id\":\"https:\\\/\\\/www.fcpr.org\\\/#organization\"},\"potentialAction\":[{\"@type\":\"SearchAction\",\"target\":{\"@type\":\"EntryPoint\",\"urlTemplate\":\"https:\\\/\\\/www.fcpr.org\\\/?s={search_term_string}\"},\"query-input\":{\"@type\":\"PropertyValueSpecification\",\"valueRequired\":true,\"valueName\":\"search_term_string\"}}],\"inLanguage\":\"en-US\"},{\"@type\":\"Organization\",\"@id\":\"https:\\\/\\\/www.fcpr.org\\\/#organization\",\"name\":\"Fundaci\u00f3n Comunitaria de Puerto Rico\",\"url\":\"https:\\\/\\\/www.fcpr.org\\\/\",\"logo\":{\"@type\":\"ImageObject\",\"inLanguage\":\"en-US\",\"@id\":\"https:\\\/\\\/www.fcpr.org\\\/#\\\/schema\\\/logo\\\/image\\\/\",\"url\":\"https:\\\/\\\/www.fcpr.org\\\/wp-content\\\/uploads\\\/2016\\\/08\\\/logo-corp-red.png\",\"contentUrl\":\"https:\\\/\\\/www.fcpr.org\\\/wp-content\\\/uploads\\\/2016\\\/08\\\/logo-corp-red.png\",\"width\":221,\"height\":32,\"caption\":\"Fundaci\u00f3n Comunitaria de Puerto Rico\"},\"image\":{\"@id\":\"https:\\\/\\\/www.fcpr.org\\\/#\\\/schema\\\/logo\\\/image\\\/\"},\"sameAs\":[\"https:\\\/\\\/www.facebook.com\\\/FundacionComunitaria\",\"https:\\\/\\\/x.com\\\/FComunitaria\",\"https:\\\/\\\/www.instagram.com\\\/fundacioncomunitaria\\\/\",\"https:\\\/\\\/www.youtube.com\\\/channel\\\/UCGGW21eIGw6NRin0BrylmWg\"]}]}<\/script>\n<!-- \/ Yoast SEO Premium plugin. -->","yoast_head_json":{"title":"A philanthropic platform for communities-What we are","description":"Discover the history of the Puerto Rico Community Foundation, a philanthropic platform driving communities since 1985.","robots":{"index":"index","follow":"follow","max-snippet":"max-snippet:-1","max-image-preview":"max-image-preview:large","max-video-preview":"max-video-preview:-1"},"canonical":"https:\/\/www.fcpr.org\/en\/nuestra-historia\/","og_locale":"en_US","og_type":"article","og_title":"Una plataforma filantr\u00f3pica para las comunidades-Lo que somos","og_description":"Descubre la historia de la Fundaci\u00f3n Comunitaria de Puerto Rico, una plataforma filantr\u00f3pica impulsando las comunidades desde 1985.","og_url":"https:\/\/www.fcpr.org\/en\/nuestra-historia\/","og_site_name":"Fundaci\u00f3n Comunitaria de Puerto Rico","article_publisher":"https:\/\/www.facebook.com\/FundacionComunitaria","article_modified_time":"2024-09-11T08:38:37+00:00","og_image":[{"url":"https:\/\/www.fcpr.org\/wp-content\/uploads\/2023\/12\/qtq80-EcQWxc-300x200.jpeg","type":"","width":"","height":""}],"twitter_card":"summary_large_image","twitter_title":"Lo que somos","twitter_site":"@FComunitaria","twitter_misc":{"Est. reading time":"3 minutes"},"schema":{"@context":"https:\/\/schema.org","@graph":[{"@type":"WebPage","@id":"https:\/\/www.fcpr.org\/nuestra-historia\/","url":"https:\/\/www.fcpr.org\/nuestra-historia\/","name":"A philanthropic platform for communities-What we are","isPartOf":{"@id":"https:\/\/www.fcpr.org\/#website"},"primaryImageOfPage":{"@id":"https:\/\/www.fcpr.org\/nuestra-historia\/#primaryimage"},"image":{"@id":"https:\/\/www.fcpr.org\/nuestra-historia\/#primaryimage"},"thumbnailUrl":"https:\/\/www.fcpr.org\/wp-content\/uploads\/2023\/12\/qtq80-EcQWxc-300x200.jpeg","datePublished":"2016-10-17T20:15:44+00:00","dateModified":"2024-09-11T08:38:37+00:00","description":"Discover the history of the Puerto Rico Community Foundation, a philanthropic platform driving communities since 1985.","breadcrumb":{"@id":"https:\/\/www.fcpr.org\/nuestra-historia\/#breadcrumb"},"inLanguage":"en-US","potentialAction":[{"@type":"ReadAction","target":["https:\/\/www.fcpr.org\/nuestra-historia\/"]}]},{"@type":"ImageObject","inLanguage":"en-US","@id":"https:\/\/www.fcpr.org\/nuestra-historia\/#primaryimage","url":"https:\/\/www.fcpr.org\/wp-content\/uploads\/2023\/12\/qtq80-EcQWxc-300x200.jpeg","contentUrl":"https:\/\/www.fcpr.org\/wp-content\/uploads\/2023\/12\/qtq80-EcQWxc-300x200.jpeg"},{"@type":"BreadcrumbList","@id":"https:\/\/www.fcpr.org\/nuestra-historia\/#breadcrumb","itemListElement":[{"@type":"ListItem","position":1,"name":"Home","item":"https:\/\/www.fcpr.org\/"},{"@type":"ListItem","position":2,"name":"Lo que somos"}]},{"@type":"WebSite","@id":"https:\/\/www.fcpr.org\/#website","url":"https:\/\/www.fcpr.org\/","name":"Puerto Rico Community Foundation","description":"Strengthening Community Capital","publisher":{"@id":"https:\/\/www.fcpr.org\/#organization"},"potentialAction":[{"@type":"SearchAction","target":{"@type":"EntryPoint","urlTemplate":"https:\/\/www.fcpr.org\/?s={search_term_string}"},"query-input":{"@type":"PropertyValueSpecification","valueRequired":true,"valueName":"search_term_string"}}],"inLanguage":"en-US"},{"@type":"Organization","@id":"https:\/\/www.fcpr.org\/#organization","name":"Puerto Rico Community Foundation","url":"https:\/\/www.fcpr.org\/","logo":{"@type":"ImageObject","inLanguage":"en-US","@id":"https:\/\/www.fcpr.org\/#\/schema\/logo\/image\/","url":"https:\/\/www.fcpr.org\/wp-content\/uploads\/2016\/08\/logo-corp-red.png","contentUrl":"https:\/\/www.fcpr.org\/wp-content\/uploads\/2016\/08\/logo-corp-red.png","width":221,"height":32,"caption":"Fundaci\u00f3n Comunitaria de Puerto Rico"},"image":{"@id":"https:\/\/www.fcpr.org\/#\/schema\/logo\/image\/"},"sameAs":["https:\/\/www.facebook.com\/FundacionComunitaria","https:\/\/x.com\/FComunitaria","https:\/\/www.instagram.com\/fundacioncomunitaria\/","https:\/\/www.youtube.com\/channel\/UCGGW21eIGw6NRin0BrylmWg"]}]}},"campaignId":"","_links":{"self":[{"href":"https:\/\/www.fcpr.org\/en\/wp-json\/wp\/v2\/pages\/1820","targetHints":{"allow":["GET"]}}],"collection":[{"href":"https:\/\/www.fcpr.org\/en\/wp-json\/wp\/v2\/pages"}],"about":[{"href":"https:\/\/www.fcpr.org\/en\/wp-json\/wp\/v2\/types\/page"}],"author":[{"embeddable":true,"href":"https:\/\/www.fcpr.org\/en\/wp-json\/wp\/v2\/users\/1"}],"replies":[{"embeddable":true,"href":"https:\/\/www.fcpr.org\/en\/wp-json\/wp\/v2\/comments?post=1820"}],"version-history":[{"count":69,"href":"https:\/\/www.fcpr.org\/en\/wp-json\/wp\/v2\/pages\/1820\/revisions"}],"predecessor-version":[{"id":16643,"href":"https:\/\/www.fcpr.org\/en\/wp-json\/wp\/v2\/pages\/1820\/revisions\/16643"}],"wp:attachment":[{"href":"https:\/\/www.fcpr.org\/en\/wp-json\/wp\/v2\/media?parent=1820"}],"curies":[{"name":"wp","href":"https:\/\/api.w.org\/{rel}","templated":true}]}}