{"id":2,"date":"2016-08-21T19:23:12","date_gmt":"2016-08-21T19:23:12","guid":{"rendered":"https:\/\/fcpr.org\/nuevaweb\/?page_id=2"},"modified":"2024-08-29T15:52:42","modified_gmt":"2024-08-29T19:52:42","slug":"sample-page","status":"publish","type":"page","link":"https:\/\/www.fcpr.org\/en\/sample-page\/","title":{"rendered":"Our track record..."},"content":{"rendered":"<p>We invite you to learn more about our trajectory with <a href=\"https:\/\/secureservercdn.net\/198.71.233.235\/nzm.af5.myftpupload.com\/wp-content\/uploads\/2015\/11\/35-an%E2%95%A0aos-FCPR.pdf\">this retrospective <\/a>commemorating our 35th anniversary. You can also check out the progress of our most recent work at <a href=\"https:\/\/www.fcpr.org\/en\/publicaciones-2021\/\">Publications<\/a>, where you will see our annual reports. <\/p>\n\n\n\n<p><\/p>","protected":false},"excerpt":{"rendered":"<p>We invite you to learn about our trajectory with this retrospective commemorating our 35th anniversary. You can also learn about the progress of our most recent work in Publications, where you will find our annual reports.<\/p>","protected":false},"author":4,"featured_media":10473,"parent":0,"menu_order":0,"comment_status":"closed","ping_status":"open","template":"","meta":{"give_campaign_id":0,"footnotes":""},"class_list":["post-2","page","type-page","status-publish","has-post-thumbnail","hentry"],"yoast_head":"<!-- This site is optimized with the Yoast SEO Premium plugin v27.2 (Yoast SEO v27.3) - https:\/\/yoast.com\/product\/yoast-seo-premium-wordpress\/ -->\n<title>Nuestra trayectoria... - Fundaci\u00f3n Comunitaria de Puerto Rico<\/title>\n<meta name=\"robots\" content=\"index, follow, max-snippet:-1, max-image-preview:large, max-video-preview:-1\" \/>\n<link rel=\"canonical\" href=\"https:\/\/www.fcpr.org\/en\/sample-page\/\" \/>\n<meta property=\"og:locale\" content=\"en_US\" \/>\n<meta property=\"og:type\" content=\"article\" \/>\n<meta property=\"og:title\" content=\"Nuestra trayectoria...\" \/>\n<meta property=\"og:description\" content=\"Te invitamos a conocer nuestra trayectoria con esta retrospectiva conmemorativa de nuestro 35 aniversario. Tambi\u00e9n puedes conocer el progreso de nuestro trabajo m\u00e1s reciente en Publicaciones, donde ver\u00e1s nuestros informes anuales.\" \/>\n<meta property=\"og:url\" content=\"https:\/\/www.fcpr.org\/en\/sample-page\/\" \/>\n<meta property=\"og:site_name\" content=\"Fundaci\u00f3n Comunitaria de Puerto Rico\" \/>\n<meta property=\"article:publisher\" content=\"https:\/\/www.facebook.com\/FundacionComunitaria\" \/>\n<meta property=\"article:modified_time\" content=\"2024-08-29T19:52:42+00:00\" \/>\n<meta property=\"og:image\" content=\"https:\/\/www.fcpr.org\/wp-content\/uploads\/2021\/08\/retro-min.png\" \/>\n\t<meta property=\"og:image:width\" content=\"1373\" \/>\n\t<meta property=\"og:image:height\" content=\"840\" \/>\n\t<meta property=\"og:image:type\" content=\"image\/png\" \/>\n<meta name=\"twitter:card\" content=\"summary_large_image\" \/>\n<meta name=\"twitter:site\" content=\"@FComunitaria\" \/>\n<script type=\"application\/ld+json\" class=\"yoast-schema-graph\">{\"@context\":\"https:\\\/\\\/schema.org\",\"@graph\":[{\"@type\":\"WebPage\",\"@id\":\"https:\\\/\\\/www.fcpr.org\\\/sample-page\\\/\",\"url\":\"https:\\\/\\\/www.fcpr.org\\\/sample-page\\\/\",\"name\":\"Nuestra trayectoria... - Fundaci\u00f3n Comunitaria de Puerto Rico\",\"isPartOf\":{\"@id\":\"https:\\\/\\\/www.fcpr.org\\\/#website\"},\"primaryImageOfPage\":{\"@id\":\"https:\\\/\\\/www.fcpr.org\\\/sample-page\\\/#primaryimage\"},\"image\":{\"@id\":\"https:\\\/\\\/www.fcpr.org\\\/sample-page\\\/#primaryimage\"},\"thumbnailUrl\":\"https:\\\/\\\/www.fcpr.org\\\/wp-content\\\/uploads\\\/2021\\\/08\\\/retro-min.png\",\"datePublished\":\"2016-08-21T19:23:12+00:00\",\"dateModified\":\"2024-08-29T19:52:42+00:00\",\"breadcrumb\":{\"@id\":\"https:\\\/\\\/www.fcpr.org\\\/sample-page\\\/#breadcrumb\"},\"inLanguage\":\"en-US\",\"potentialAction\":[{\"@type\":\"ReadAction\",\"target\":[\"https:\\\/\\\/www.fcpr.org\\\/sample-page\\\/\"]}]},{\"@type\":\"ImageObject\",\"inLanguage\":\"en-US\",\"@id\":\"https:\\\/\\\/www.fcpr.org\\\/sample-page\\\/#primaryimage\",\"url\":\"https:\\\/\\\/www.fcpr.org\\\/wp-content\\\/uploads\\\/2021\\\/08\\\/retro-min.png\",\"contentUrl\":\"https:\\\/\\\/www.fcpr.org\\\/wp-content\\\/uploads\\\/2021\\\/08\\\/retro-min.png\",\"width\":1373,\"height\":840},{\"@type\":\"BreadcrumbList\",\"@id\":\"https:\\\/\\\/www.fcpr.org\\\/sample-page\\\/#breadcrumb\",\"itemListElement\":[{\"@type\":\"ListItem\",\"position\":1,\"name\":\"Home\",\"item\":\"https:\\\/\\\/www.fcpr.org\\\/\"},{\"@type\":\"ListItem\",\"position\":2,\"name\":\"Nuestra trayectoria&#8230;\"}]},{\"@type\":\"WebSite\",\"@id\":\"https:\\\/\\\/www.fcpr.org\\\/#website\",\"url\":\"https:\\\/\\\/www.fcpr.org\\\/\",\"name\":\"Fundaci\u00f3n Comunitaria de Puerto Rico\",\"description\":\"Fortaleciendo el Capital Comunitario\",\"publisher\":{\"@id\":\"https:\\\/\\\/www.fcpr.org\\\/#organization\"},\"potentialAction\":[{\"@type\":\"SearchAction\",\"target\":{\"@type\":\"EntryPoint\",\"urlTemplate\":\"https:\\\/\\\/www.fcpr.org\\\/?s={search_term_string}\"},\"query-input\":{\"@type\":\"PropertyValueSpecification\",\"valueRequired\":true,\"valueName\":\"search_term_string\"}}],\"inLanguage\":\"en-US\"},{\"@type\":\"Organization\",\"@id\":\"https:\\\/\\\/www.fcpr.org\\\/#organization\",\"name\":\"Fundaci\u00f3n Comunitaria de Puerto Rico\",\"url\":\"https:\\\/\\\/www.fcpr.org\\\/\",\"logo\":{\"@type\":\"ImageObject\",\"inLanguage\":\"en-US\",\"@id\":\"https:\\\/\\\/www.fcpr.org\\\/#\\\/schema\\\/logo\\\/image\\\/\",\"url\":\"https:\\\/\\\/www.fcpr.org\\\/wp-content\\\/uploads\\\/2016\\\/08\\\/logo-corp-red.png\",\"contentUrl\":\"https:\\\/\\\/www.fcpr.org\\\/wp-content\\\/uploads\\\/2016\\\/08\\\/logo-corp-red.png\",\"width\":221,\"height\":32,\"caption\":\"Fundaci\u00f3n Comunitaria de Puerto Rico\"},\"image\":{\"@id\":\"https:\\\/\\\/www.fcpr.org\\\/#\\\/schema\\\/logo\\\/image\\\/\"},\"sameAs\":[\"https:\\\/\\\/www.facebook.com\\\/FundacionComunitaria\",\"https:\\\/\\\/x.com\\\/FComunitaria\",\"https:\\\/\\\/www.instagram.com\\\/fundacioncomunitaria\\\/\",\"https:\\\/\\\/www.youtube.com\\\/channel\\\/UCGGW21eIGw6NRin0BrylmWg\"]}]}<\/script>\n<!-- \/ Yoast SEO Premium plugin. -->","yoast_head_json":{"title":"Our trajectory... - Puerto Rico Community Foundation","robots":{"index":"index","follow":"follow","max-snippet":"max-snippet:-1","max-image-preview":"max-image-preview:large","max-video-preview":"max-video-preview:-1"},"canonical":"https:\/\/www.fcpr.org\/en\/sample-page\/","og_locale":"en_US","og_type":"article","og_title":"Nuestra trayectoria...","og_description":"Te invitamos a conocer nuestra trayectoria con esta retrospectiva conmemorativa de nuestro 35 aniversario. Tambi\u00e9n puedes conocer el progreso de nuestro trabajo m\u00e1s reciente en Publicaciones, donde ver\u00e1s nuestros informes anuales.","og_url":"https:\/\/www.fcpr.org\/en\/sample-page\/","og_site_name":"Fundaci\u00f3n Comunitaria de Puerto Rico","article_publisher":"https:\/\/www.facebook.com\/FundacionComunitaria","article_modified_time":"2024-08-29T19:52:42+00:00","og_image":[{"width":1373,"height":840,"url":"https:\/\/www.fcpr.org\/wp-content\/uploads\/2021\/08\/retro-min.png","type":"image\/png"}],"twitter_card":"summary_large_image","twitter_site":"@FComunitaria","schema":{"@context":"https:\/\/schema.org","@graph":[{"@type":"WebPage","@id":"https:\/\/www.fcpr.org\/sample-page\/","url":"https:\/\/www.fcpr.org\/sample-page\/","name":"Our trajectory... - Puerto Rico Community Foundation","isPartOf":{"@id":"https:\/\/www.fcpr.org\/#website"},"primaryImageOfPage":{"@id":"https:\/\/www.fcpr.org\/sample-page\/#primaryimage"},"image":{"@id":"https:\/\/www.fcpr.org\/sample-page\/#primaryimage"},"thumbnailUrl":"https:\/\/www.fcpr.org\/wp-content\/uploads\/2021\/08\/retro-min.png","datePublished":"2016-08-21T19:23:12+00:00","dateModified":"2024-08-29T19:52:42+00:00","breadcrumb":{"@id":"https:\/\/www.fcpr.org\/sample-page\/#breadcrumb"},"inLanguage":"en-US","potentialAction":[{"@type":"ReadAction","target":["https:\/\/www.fcpr.org\/sample-page\/"]}]},{"@type":"ImageObject","inLanguage":"en-US","@id":"https:\/\/www.fcpr.org\/sample-page\/#primaryimage","url":"https:\/\/www.fcpr.org\/wp-content\/uploads\/2021\/08\/retro-min.png","contentUrl":"https:\/\/www.fcpr.org\/wp-content\/uploads\/2021\/08\/retro-min.png","width":1373,"height":840},{"@type":"BreadcrumbList","@id":"https:\/\/www.fcpr.org\/sample-page\/#breadcrumb","itemListElement":[{"@type":"ListItem","position":1,"name":"Home","item":"https:\/\/www.fcpr.org\/"},{"@type":"ListItem","position":2,"name":"Nuestra trayectoria&#8230;"}]},{"@type":"WebSite","@id":"https:\/\/www.fcpr.org\/#website","url":"https:\/\/www.fcpr.org\/","name":"Puerto Rico Community Foundation","description":"Strengthening Community Capital","publisher":{"@id":"https:\/\/www.fcpr.org\/#organization"},"potentialAction":[{"@type":"SearchAction","target":{"@type":"EntryPoint","urlTemplate":"https:\/\/www.fcpr.org\/?s={search_term_string}"},"query-input":{"@type":"PropertyValueSpecification","valueRequired":true,"valueName":"search_term_string"}}],"inLanguage":"en-US"},{"@type":"Organization","@id":"https:\/\/www.fcpr.org\/#organization","name":"Puerto Rico Community Foundation","url":"https:\/\/www.fcpr.org\/","logo":{"@type":"ImageObject","inLanguage":"en-US","@id":"https:\/\/www.fcpr.org\/#\/schema\/logo\/image\/","url":"https:\/\/www.fcpr.org\/wp-content\/uploads\/2016\/08\/logo-corp-red.png","contentUrl":"https:\/\/www.fcpr.org\/wp-content\/uploads\/2016\/08\/logo-corp-red.png","width":221,"height":32,"caption":"Fundaci\u00f3n Comunitaria de Puerto Rico"},"image":{"@id":"https:\/\/www.fcpr.org\/#\/schema\/logo\/image\/"},"sameAs":["https:\/\/www.facebook.com\/FundacionComunitaria","https:\/\/x.com\/FComunitaria","https:\/\/www.instagram.com\/fundacioncomunitaria\/","https:\/\/www.youtube.com\/channel\/UCGGW21eIGw6NRin0BrylmWg"]}]}},"campaignId":"","_links":{"self":[{"href":"https:\/\/www.fcpr.org\/en\/wp-json\/wp\/v2\/pages\/2","targetHints":{"allow":["GET"]}}],"collection":[{"href":"https:\/\/www.fcpr.org\/en\/wp-json\/wp\/v2\/pages"}],"about":[{"href":"https:\/\/www.fcpr.org\/en\/wp-json\/wp\/v2\/types\/page"}],"author":[{"embeddable":true,"href":"https:\/\/www.fcpr.org\/en\/wp-json\/wp\/v2\/users\/4"}],"replies":[{"embeddable":true,"href":"https:\/\/www.fcpr.org\/en\/wp-json\/wp\/v2\/comments?post=2"}],"version-history":[{"count":23,"href":"https:\/\/www.fcpr.org\/en\/wp-json\/wp\/v2\/pages\/2\/revisions"}],"predecessor-version":[{"id":16488,"href":"https:\/\/www.fcpr.org\/en\/wp-json\/wp\/v2\/pages\/2\/revisions\/16488"}],"wp:featuredmedia":[{"embeddable":true,"href":"https:\/\/www.fcpr.org\/en\/wp-json\/wp\/v2\/media\/10473"}],"wp:attachment":[{"href":"https:\/\/www.fcpr.org\/en\/wp-json\/wp\/v2\/media?parent=2"}],"curies":[{"name":"wp","href":"https:\/\/api.w.org\/{rel}","templated":true}]}}