{"id":4456,"date":"2018-08-18T18:42:01","date_gmt":"2018-08-18T18:42:01","guid":{"rendered":"https:\/\/fcpr.org\/?page_id=4456"},"modified":"2024-08-30T16:12:26","modified_gmt":"2024-08-30T20:12:26","slug":"lo-que-hacemos","status":"publish","type":"page","link":"https:\/\/www.fcpr.org\/en\/lo-que-hacemos\/","title":{"rendered":"Philanthropic funds"},"content":{"rendered":"<div class=\"wp-block-media-text alignfull has-media-on-the-right is-stacked-on-mobile is-vertically-aligned-top has-white-color has-text-color has-background has-link-color wp-elements-32d67447e87ed4ff4141061f1792ec56\" style=\"background-color:#7fbc42;grid-template-columns:auto 60%\"><div class=\"wp-block-media-text__content\">\n<div class=\"wp-block-group has-link-color has-small-font-size wp-elements-bd7771b5319b43cdaa810a6cbd378251\" style=\"padding-top:2em;padding-right:2em;padding-bottom:2em;padding-left:2em\"><div class=\"wp-block-group__inner-container is-layout-flow wp-block-group-is-layout-flow\">\n<h4 class=\"wp-block-heading has-white-color has-text-color has-background has-link-color wp-elements-79320c82f20f146cd926a5afebbbcc1a\" style=\"background-color:#7fbd4287;font-size:25px;line-height:1.15\">We make it easy for you to strategically connect with the causes you are passionate about.<\/h4>\n\n\n\n<p class=\"has-text-color has-link-color wp-elements-0f9be5098f24d476af91540f4b48940b\" style=\"color:#fffdc7\"><\/p>\n<\/div><\/div>\n<\/div><figure class=\"wp-block-media-text__media\"><img loading=\"lazy\" decoding=\"async\" width=\"1024\" height=\"683\" src=\"https:\/\/www.fcpr.org\/wp-content\/uploads\/2023\/03\/IMG_4315-min-1024x683.jpg\" alt=\"\" class=\"wp-image-13337 size-large\" srcset=\"https:\/\/www.fcpr.org\/wp-content\/uploads\/2023\/03\/IMG_4315-min-1024x683.jpg 1024w, https:\/\/www.fcpr.org\/wp-content\/uploads\/2023\/03\/IMG_4315-min-300x200.jpg 300w, https:\/\/www.fcpr.org\/wp-content\/uploads\/2023\/03\/IMG_4315-min-768x512.jpg 768w\" sizes=\"auto, (max-width: 1024px) 100vw, 1024px\" \/><\/figure><\/div>\n\n\n\n<div style=\"height:100px\" aria-hidden=\"true\" class=\"wp-block-spacer\"><\/div>\n\n\n\n<p class=\"has-text-align-left\">Through the <strong>Puerto Rico Community Foundation<\/strong> (FCPR), donors have contributed to the development of Puerto Rican communities. Individuals, families, corporations or foundations have found in the FCPR the ideal philanthropic ally, an entity that has helped them turn into reality the desire to support the causes they are passionate about through the establishment, custody and administration of philanthropic funds.<\/p>\n\n\n\n<div style=\"height:100px\" aria-hidden=\"true\" class=\"wp-block-spacer\"><\/div>\n\n\n\n<h4 class=\"wp-block-heading has-text-align-center has-white-color has-text-color has-background has-link-color wp-elements-ccc4098e3ec812a9716d14bec7eba5a6\" style=\"background-color:#7fbc42\">Establishment of philanthropic funds<\/h4>\n\n\n\n<div style=\"height:23px\" aria-hidden=\"true\" class=\"wp-block-spacer\"><\/div>\n\n\n\n<p class=\"has-text-align-left\">An individual or family member who wants to leave a legacy to the community, a socially responsible company or a foundation, can channel his or her philanthropic contribution through the FCPR. There are three ways to do this.<\/p>\n\n\n\n<div style=\"height:23px\" aria-hidden=\"true\" class=\"wp-block-spacer\"><\/div>\n\n\n\n<div class=\"wp-block-columns alignwide is-layout-flex wp-container-core-columns-is-layout-d2da2050 wp-block-columns-is-layout-flex\" style=\"margin-bottom:0\">\n<div class=\"wp-block-column has-text-color has-background has-link-color wp-elements-152dc4e0a7a0af72dd29a0a75451539e is-layout-flow wp-block-column-is-layout-flow\" style=\"color:#000000;background-color:#7fbd42b3;padding-top:2em;padding-right:2em;padding-bottom:2em;padding-left:2em\">\n<h5 class=\"wp-block-heading has-white-color has-text-color has-link-color wp-elements-ed9d4bffc049fa99fff037f843a1d42e\" id=\"family\" style=\"font-size:24px\"><strong>Socially responsible companies<\/strong><\/h5>\n\n\n\n<p class=\"has-normal-font-size\" style=\"line-height:1.5\">FCPR helps you with the strategic design of your corporate grant plans. We provide structure, transparency and follow-up for each grant. That way, the company can focus on its business, while the Foundation helps you execute your philanthropic plans.<\/p>\n\n\n\n<hr class=\"wp-block-separator has-css-opacity is-style-wide\"\/>\n<\/div>\n\n\n\n<div class=\"wp-block-column has-text-color has-background has-link-color wp-elements-c844910b2aaff9e085000d3b0dd80b0d is-layout-flow wp-block-column-is-layout-flow\" style=\"color:#000000;background-color:#f25b29cf;padding-top:2em;padding-right:2em;padding-bottom:2em;padding-left:2em\">\n<h2 class=\"wp-block-heading has-white-color has-text-color has-link-color wp-elements-7d443f2ce574c8b7d4cfb65be03412c7\" id=\"single\" style=\"font-size:24px\"><strong>Leaving a legacy<\/strong><\/h2>\n\n\n\n<p class=\"has-normal-font-size\" style=\"line-height:1.5\">Individuals and\/or families can establish a fund to perpetuate and celebrate the memory of a loved one, or celebrate family history and trajectory, leaving a legacy in the community.<\/p>\n\n\n\n<hr class=\"wp-block-separator has-text-color has-css-opacity has-background is-style-wide\" style=\"background-color:#000000;color:#000000\"\/>\n<\/div>\n\n\n\n<div class=\"wp-block-column has-text-color has-background has-link-color wp-elements-2f6e3eade6b3e83a38044a0a934feb11 is-layout-flow wp-block-column-is-layout-flow\" style=\"color:#000000;background-color:#65665c47;padding-top:2em;padding-right:2em;padding-bottom:2em;padding-left:2em\">\n<h2 class=\"wp-block-heading has-white-color has-text-color has-link-color wp-elements-5861b77f6a8d459a731ec3dd64cbc465\" id=\"patron\" style=\"font-size:24px\"><strong>Foundations inside and outside PR<\/strong><\/h2>\n\n\n\n<p class=\"has-normal-font-size\">Foundations wishing to provide grants, scholarships, awards, community recognition and funding to nonprofit organizations in Puerto Rico can also count on the FCPR to execute their philanthropic plans. In this way, they are freed from the administrative functions involved in the implementation of a programmatic structure.&nbsp; <\/p>\n\n\n\n<hr class=\"wp-block-separator has-css-opacity is-style-wide\"\/>\n<\/div>\n<\/div>\n\n\n\n<div style=\"height:23px\" aria-hidden=\"true\" class=\"wp-block-spacer\"><\/div>\n\n\n\n<p class=\"has-text-align-center\"><em>The <strong>FCPR<\/strong> is governed under Code 1101 of the Treasury Department of the Commonwealth of Puerto Rico and under the Federal Internal Revenue Code 501c (3), which allows those who make contributions to receive the corresponding credits in local and federal income tax returns.<\/em><\/p>\n\n\n\n<div style=\"height:23px\" aria-hidden=\"true\" class=\"wp-block-spacer\"><\/div>\n\n\n\n<div style=\"height:23px\" aria-hidden=\"true\" class=\"wp-block-spacer\"><\/div>\n\n\n\n<h4 class=\"wp-block-heading has-text-align-center has-black-color has-text-color has-background has-link-color wp-elements-a41f67fa3c810bcdae09a2522c9da2a5\" style=\"background-color:#65665c47\"><b>Types of funds and their objectives <\/b><\/h4>\n\n\n\n<p>Individuals, families, corporations and foundations wishing to invest in the community can establish: scholarship fund, endowment fund, awards and recognitions. The types of funds are: permanent, temporary and combined (see the following link for more information). <a href=\"https:\/\/fcpr.org\/wp-content\/uploads\/2016\/09\/Tipos-de-Fondos.pdf\">other types of funds<\/a>).<\/p>\n\n\n\n<p><b>Permanent Fund<\/b><\/p>\n\n\n\n<p>The permanent fund is perpetual and the principal is not encroached upon, only its disbursement capacity is used. The fund is invested together with the<em> The Foundation's Philanthropic Pooled Fund, <\/em>The permanent fund grows during a specific period of time, while it continues to provide donations, grants, scholarships, awards or recognitions. In this way, the permanent fund grows during a specific period, while continuing to provide donations, scholarships, awards or recognitions.<\/p>\n\n\n\n<p><em>Management cost: 1% of fund value per year&nbsp;<\/em><\/p>\n\n\n\n<p><b>Temporary Fund <\/b><\/p>\n\n\n\n<p>The temporary fund is not invested, it is granted in its entirety or at the donor's discretion. <span class=\"Apple-converted-space\">&nbsp; &nbsp; &nbsp; &nbsp;<\/span><\/p>\n\n\n\n<p><em>Cost of administration: 10-15% of what is contributed to the fund&nbsp;<\/em><\/p>\n\n\n\n<p><b>Combined fund <\/b><\/p>\n\n\n\n<p>The combined fund has a permanent and a temporary portion, and allows for immediate grants, scholarships, awards and recognitions, while the permanent portion seeks the perpetuity of the fund.<span class=\"Apple-converted-space\">&nbsp; &nbsp;<\/span><\/p>\n\n\n\n<p><em>Cost of administration: Combined&nbsp;<\/em><\/p>\n\n\n\n<h6 class=\"wp-block-heading has-text-align-center\"><em>All contributions made to the Puerto Rico Community Foundation may be deductible at 100 percent or up to 50 percent of the adjusted gross income for the taxable year in which the contribution or gift is made.<\/em><\/h6>\n\n\n\n<div style=\"height:23px\" aria-hidden=\"true\" class=\"wp-block-spacer\"><\/div>\n\n\n\n<figure class=\"wp-block-image alignfull size-large\"><img loading=\"lazy\" decoding=\"async\" width=\"1024\" height=\"644\" src=\"https:\/\/www.fcpr.org\/wp-content\/uploads\/2024\/08\/IMG_9502-min-e1724437880489-1024x644.jpeg\" alt=\"\" class=\"wp-image-16173\" srcset=\"https:\/\/www.fcpr.org\/wp-content\/uploads\/2024\/08\/IMG_9502-min-e1724437880489-1024x644.jpeg 1024w, https:\/\/www.fcpr.org\/wp-content\/uploads\/2024\/08\/IMG_9502-min-e1724437880489-300x189.jpeg 300w, https:\/\/www.fcpr.org\/wp-content\/uploads\/2024\/08\/IMG_9502-min-e1724437880489-768x483.jpeg 768w, https:\/\/www.fcpr.org\/wp-content\/uploads\/2024\/08\/IMG_9502-min-e1724437880489-1536x966.jpeg 1536w, https:\/\/www.fcpr.org\/wp-content\/uploads\/2024\/08\/IMG_9502-min-e1724437880489.jpeg 1887w\" sizes=\"auto, (max-width: 1024px) 100vw, 1024px\" \/><\/figure>\n\n\n\n<div style=\"height:23px\" aria-hidden=\"true\" class=\"wp-block-spacer\"><\/div>\n\n\n\n<h4 class=\"wp-block-heading has-text-align-center has-background\" style=\"background-color:#65665c47\"><b>I want to establish a fund, what do I do now? <\/b><\/h4>\n\n\n\n<p>FCPR offers the following services to help you achieve your philanthropic goal.<\/p>\n\n\n\n<ul class=\"wp-block-list\">\n<li>Consultancy to define the focus of the fund<span class=\"Apple-converted-space\">&nbsp;<\/span><\/li>\n\n\n\n<li>Collaboration in the drafting of guidelines for applying to the fund<span class=\"Apple-converted-space\">&nbsp;<\/span><\/li>\n\n\n\n<li>Dissemination of the call for applications in social networks and places related to the purpose of the fund.<\/li>\n\n\n\n<li>Guidance, as required, to potential beneficiaries of the fund<span class=\"Apple-converted-space\">&nbsp;<\/span><\/li>\n\n\n\n<li>Receipt of applications and initial scrutiny<span class=\"Apple-converted-space\">&nbsp;<\/span><\/li>\n\n\n\n<li>Convening of an evaluation committee, composed of experts on the subject and community participation.<span class=\"Apple-converted-space\">&nbsp;<\/span><\/li>\n\n\n\n<li>Presentation of donations, scholarships, prizes and awards<span class=\"Apple-converted-space\">&nbsp;<\/span><\/li>\n\n\n\n<li>Monitoring of the use of the money awarded<span class=\"Apple-converted-space\">&nbsp;<\/span><\/li>\n<\/ul>\n\n\n\n<h4 class=\"wp-block-heading has-text-align-center\"><b>Types of assets you can use to implement your social investment plan<\/b><\/h4>\n\n\n\n<p>In addition to making a cash gift, which is the traditional way, the philanthropically minded person may opt for other forms of investment; these are: securities, bequests, stocks (pre-sale), real estate, retirement plans, life insurance, private foundation memberships, tangible personal property.<span class=\"Apple-converted-space\">&nbsp;<\/span><\/p>\n\n\n\n<p><i>Note: The Puerto Rico Community Foundation will evaluate the grant in question prior to acceptance.<\/i>&nbsp;<\/p>\n\n\n\n<div style=\"height:23px\" aria-hidden=\"true\" class=\"wp-block-spacer\"><\/div>\n\n\n\n<h4 class=\"wp-block-heading has-text-align-center has-background\" style=\"background-color:#65665c47\"><b>Do you want to create a fund? Tell us about it! <\/b><\/h4>\n\n\n\n<p><b><\/b><span class=\"Apple-converted-space\">Describe your goals in the following form with the following.<\/span><\/p>\n\n\n\n<ul class=\"wp-block-list\">\n<li>Why do you want to create a fund?<\/li>\n\n\n\n<li>Purpose of the fund?<\/li>\n\n\n\n<li>How do you expect the donation to be made, by grant, donation, award or otherwise?<\/li>\n<\/ul>\n\n\n\n<div class=\"wpcf7 no-js\" id=\"wpcf7-f4461-o1\" lang=\"en-US\" dir=\"ltr\" data-wpcf7-id=\"4461\">\n<div class=\"screen-reader-response\"><p role=\"status\" aria-live=\"polite\" aria-atomic=\"true\"><\/p> <ul><\/ul><\/div>\n<form action=\"\/en\/wp-json\/wp\/v2\/pages\/4456#wpcf7-f4461-o1\" method=\"post\" class=\"wpcf7-form init\" aria-label=\"Contact form\" novalidate=\"novalidate\" data-status=\"init\" data-trp-original-action=\"\/en\/wp-json\/wp\/v2\/pages\/4456#wpcf7-f4461-o1\">\n<fieldset class=\"hidden-fields-container\"><input type=\"hidden\" name=\"_wpcf7\" value=\"4461\" \/><input type=\"hidden\" name=\"_wpcf7_version\" value=\"6.1.5\" \/><input type=\"hidden\" name=\"_wpcf7_locale\" value=\"en_US\" \/><input type=\"hidden\" name=\"_wpcf7_unit_tag\" value=\"wpcf7-f4461-o1\" \/><input type=\"hidden\" name=\"_wpcf7_container_post\" value=\"0\" \/><input type=\"hidden\" name=\"_wpcf7_posted_data_hash\" value=\"\" \/><input type=\"hidden\" name=\"_wpcf7_recaptcha_response\" value=\"\" \/>\n<\/fieldset>\n<p><label> Name (required)<br \/>\n<span class=\"wpcf7-form-control-wrap\" data-name=\"your-name\"><input size=\"40\" maxlength=\"400\" class=\"wpcf7-form-control wpcf7-text wpcf7-validates-as-required\" aria-required=\"true\" aria-invalid=\"false\" value=\"\" type=\"text\" name=\"your-name\" \/><\/span> <\/label>\n<\/p>\n<p><label> Email (required)<br \/>\n<span class=\"wpcf7-form-control-wrap\" data-name=\"your-email\"><input size=\"40\" maxlength=\"400\" class=\"wpcf7-form-control wpcf7-email wpcf7-validates-as-required wpcf7-text wpcf7-validates-as-email\" aria-required=\"true\" aria-invalid=\"false\" value=\"\" type=\"email\" name=\"your-email\" \/><\/span> <\/label>\n<\/p>\n<p><label> Subject<br \/>\n<span class=\"wpcf7-form-control-wrap\" data-name=\"your-subject\"><input size=\"40\" maxlength=\"400\" class=\"wpcf7-form-control wpcf7-text\" aria-invalid=\"false\" value=\"\" type=\"text\" name=\"your-subject\" \/><\/span> <\/label>\n<\/p>\n<p><label> Description<br \/>\n<span class=\"wpcf7-form-control-wrap\" data-name=\"your-message\"><textarea cols=\"40\" rows=\"10\" maxlength=\"2000\" class=\"wpcf7-form-control wpcf7-textarea\" aria-invalid=\"false\" name=\"your-message\"><\/textarea><\/span> <\/label>\n<\/p>\n<p><input class=\"wpcf7-form-control wpcf7-submit has-spinner\" type=\"submit\" value=\"Send\" \/>\n<\/p><input type='hidden' class='wpcf7-pum' value='{\"closepopup\":false,\"closedelay\":0,\"openpopup\":false,\"openpopup_id\":0}' \/><div class=\"wpcf7-response-output\" aria-hidden=\"true\"><\/div>\n<input type=\"hidden\" name=\"trp-form-language\" value=\"en\"\/><\/form>\n<\/div>","protected":false},"excerpt":{"rendered":"<p>A trav\u00e9s de la Fundaci\u00f3n Comunitaria de Puerto Rico (FCPR), donantes han aportado al desarrollo de las comunidades puertorrique\u00f1as. Individuos, familias, corporaciones o fundaciones, han encontrado en la FCPR al aliado filantr\u00f3pico id\u00f3neo, una entidad que les ha ayudado a convertir en realidad el deseo de apoyar las causas que les apasionan mediante el establecimiento, [&hellip;]<\/p>\n","protected":false},"author":1,"featured_media":0,"parent":0,"menu_order":0,"comment_status":"closed","ping_status":"closed","template":"","meta":{"give_campaign_id":0,"footnotes":""},"class_list":["post-4456","page","type-page","status-publish","hentry"],"yoast_head":"<!-- This site is optimized with the Yoast SEO Premium plugin v27.3 (Yoast SEO v27.3) - https:\/\/yoast.com\/product\/yoast-seo-premium-wordpress\/ -->\n<title>Fondos filantr\u00f3picos - Fundaci\u00f3n Comunitaria de Puerto Rico<\/title>\n<meta name=\"robots\" content=\"index, follow, max-snippet:-1, max-image-preview:large, max-video-preview:-1\" \/>\n<link rel=\"canonical\" href=\"https:\/\/www.fcpr.org\/en\/lo-que-hacemos\/\" \/>\n<meta property=\"og:locale\" content=\"en_US\" \/>\n<meta property=\"og:type\" content=\"article\" \/>\n<meta property=\"og:title\" content=\"Fondos filantr\u00f3picos\" \/>\n<meta property=\"og:description\" content=\"A trav\u00e9s de la Fundaci\u00f3n Comunitaria de Puerto Rico (FCPR), donantes han aportado al desarrollo de las comunidades puertorrique\u00f1as. Individuos, familias, corporaciones o fundaciones, han encontrado en la FCPR al aliado filantr\u00f3pico id\u00f3neo, una entidad que les ha ayudado a convertir en realidad el deseo de apoyar las causas que les apasionan mediante el establecimiento, [&hellip;]\" \/>\n<meta property=\"og:url\" content=\"https:\/\/www.fcpr.org\/en\/lo-que-hacemos\/\" \/>\n<meta property=\"og:site_name\" content=\"Fundaci\u00f3n Comunitaria de Puerto Rico\" \/>\n<meta property=\"article:publisher\" content=\"https:\/\/www.facebook.com\/FundacionComunitaria\" \/>\n<meta property=\"article:modified_time\" content=\"2024-08-30T20:12:26+00:00\" \/>\n<meta property=\"og:image\" content=\"https:\/\/www.fcpr.org\/wp-content\/uploads\/2023\/03\/IMG_4315-min-1024x683.jpg\" \/>\n<meta name=\"twitter:card\" content=\"summary_large_image\" \/>\n<meta name=\"twitter:site\" content=\"@FComunitaria\" \/>\n<meta name=\"twitter:label1\" content=\"Est. reading time\" \/>\n\t<meta name=\"twitter:data1\" content=\"4 minutes\" \/>\n<script type=\"application\/ld+json\" class=\"yoast-schema-graph\">{\"@context\":\"https:\\\/\\\/schema.org\",\"@graph\":[{\"@type\":\"WebPage\",\"@id\":\"https:\\\/\\\/www.fcpr.org\\\/lo-que-hacemos\\\/\",\"url\":\"https:\\\/\\\/www.fcpr.org\\\/lo-que-hacemos\\\/\",\"name\":\"Fondos filantr\u00f3picos - Fundaci\u00f3n Comunitaria de Puerto Rico\",\"isPartOf\":{\"@id\":\"https:\\\/\\\/www.fcpr.org\\\/#website\"},\"primaryImageOfPage\":{\"@id\":\"https:\\\/\\\/www.fcpr.org\\\/lo-que-hacemos\\\/#primaryimage\"},\"image\":{\"@id\":\"https:\\\/\\\/www.fcpr.org\\\/lo-que-hacemos\\\/#primaryimage\"},\"thumbnailUrl\":\"https:\\\/\\\/www.fcpr.org\\\/wp-content\\\/uploads\\\/2023\\\/03\\\/IMG_4315-min-1024x683.jpg\",\"datePublished\":\"2018-08-18T18:42:01+00:00\",\"dateModified\":\"2024-08-30T20:12:26+00:00\",\"breadcrumb\":{\"@id\":\"https:\\\/\\\/www.fcpr.org\\\/lo-que-hacemos\\\/#breadcrumb\"},\"inLanguage\":\"en-US\",\"potentialAction\":[{\"@type\":\"ReadAction\",\"target\":[\"https:\\\/\\\/www.fcpr.org\\\/lo-que-hacemos\\\/\"]}]},{\"@type\":\"ImageObject\",\"inLanguage\":\"en-US\",\"@id\":\"https:\\\/\\\/www.fcpr.org\\\/lo-que-hacemos\\\/#primaryimage\",\"url\":\"https:\\\/\\\/www.fcpr.org\\\/wp-content\\\/uploads\\\/2023\\\/03\\\/IMG_4315-min-1024x683.jpg\",\"contentUrl\":\"https:\\\/\\\/www.fcpr.org\\\/wp-content\\\/uploads\\\/2023\\\/03\\\/IMG_4315-min-1024x683.jpg\"},{\"@type\":\"BreadcrumbList\",\"@id\":\"https:\\\/\\\/www.fcpr.org\\\/lo-que-hacemos\\\/#breadcrumb\",\"itemListElement\":[{\"@type\":\"ListItem\",\"position\":1,\"name\":\"Home\",\"item\":\"https:\\\/\\\/www.fcpr.org\\\/\"},{\"@type\":\"ListItem\",\"position\":2,\"name\":\"Fondos filantr\u00f3picos\"}]},{\"@type\":\"WebSite\",\"@id\":\"https:\\\/\\\/www.fcpr.org\\\/#website\",\"url\":\"https:\\\/\\\/www.fcpr.org\\\/\",\"name\":\"Fundaci\u00f3n Comunitaria de Puerto Rico\",\"description\":\"Fortaleciendo el Capital Comunitario\",\"publisher\":{\"@id\":\"https:\\\/\\\/www.fcpr.org\\\/#organization\"},\"potentialAction\":[{\"@type\":\"SearchAction\",\"target\":{\"@type\":\"EntryPoint\",\"urlTemplate\":\"https:\\\/\\\/www.fcpr.org\\\/?s={search_term_string}\"},\"query-input\":{\"@type\":\"PropertyValueSpecification\",\"valueRequired\":true,\"valueName\":\"search_term_string\"}}],\"inLanguage\":\"en-US\"},{\"@type\":\"Organization\",\"@id\":\"https:\\\/\\\/www.fcpr.org\\\/#organization\",\"name\":\"Fundaci\u00f3n Comunitaria de Puerto Rico\",\"url\":\"https:\\\/\\\/www.fcpr.org\\\/\",\"logo\":{\"@type\":\"ImageObject\",\"inLanguage\":\"en-US\",\"@id\":\"https:\\\/\\\/www.fcpr.org\\\/#\\\/schema\\\/logo\\\/image\\\/\",\"url\":\"https:\\\/\\\/www.fcpr.org\\\/wp-content\\\/uploads\\\/2016\\\/08\\\/logo-corp-red.png\",\"contentUrl\":\"https:\\\/\\\/www.fcpr.org\\\/wp-content\\\/uploads\\\/2016\\\/08\\\/logo-corp-red.png\",\"width\":221,\"height\":32,\"caption\":\"Fundaci\u00f3n Comunitaria de Puerto Rico\"},\"image\":{\"@id\":\"https:\\\/\\\/www.fcpr.org\\\/#\\\/schema\\\/logo\\\/image\\\/\"},\"sameAs\":[\"https:\\\/\\\/www.facebook.com\\\/FundacionComunitaria\",\"https:\\\/\\\/x.com\\\/FComunitaria\",\"https:\\\/\\\/www.instagram.com\\\/fundacioncomunitaria\\\/\",\"https:\\\/\\\/www.youtube.com\\\/channel\\\/UCGGW21eIGw6NRin0BrylmWg\"]}]}<\/script>\n<!-- \/ Yoast SEO Premium plugin. -->","yoast_head_json":{"title":"Philanthropic Funds - Puerto Rico Community Foundation","robots":{"index":"index","follow":"follow","max-snippet":"max-snippet:-1","max-image-preview":"max-image-preview:large","max-video-preview":"max-video-preview:-1"},"canonical":"https:\/\/www.fcpr.org\/en\/lo-que-hacemos\/","og_locale":"en_US","og_type":"article","og_title":"Fondos filantr\u00f3picos","og_description":"A trav\u00e9s de la Fundaci\u00f3n Comunitaria de Puerto Rico (FCPR), donantes han aportado al desarrollo de las comunidades puertorrique\u00f1as. Individuos, familias, corporaciones o fundaciones, han encontrado en la FCPR al aliado filantr\u00f3pico id\u00f3neo, una entidad que les ha ayudado a convertir en realidad el deseo de apoyar las causas que les apasionan mediante el establecimiento, [&hellip;]","og_url":"https:\/\/www.fcpr.org\/en\/lo-que-hacemos\/","og_site_name":"Fundaci\u00f3n Comunitaria de Puerto Rico","article_publisher":"https:\/\/www.facebook.com\/FundacionComunitaria","article_modified_time":"2024-08-30T20:12:26+00:00","og_image":[{"url":"https:\/\/www.fcpr.org\/wp-content\/uploads\/2023\/03\/IMG_4315-min-1024x683.jpg","type":"","width":"","height":""}],"twitter_card":"summary_large_image","twitter_site":"@FComunitaria","twitter_misc":{"Est. reading time":"4 minutes"},"schema":{"@context":"https:\/\/schema.org","@graph":[{"@type":"WebPage","@id":"https:\/\/www.fcpr.org\/lo-que-hacemos\/","url":"https:\/\/www.fcpr.org\/lo-que-hacemos\/","name":"Philanthropic Funds - Puerto Rico Community Foundation","isPartOf":{"@id":"https:\/\/www.fcpr.org\/#website"},"primaryImageOfPage":{"@id":"https:\/\/www.fcpr.org\/lo-que-hacemos\/#primaryimage"},"image":{"@id":"https:\/\/www.fcpr.org\/lo-que-hacemos\/#primaryimage"},"thumbnailUrl":"https:\/\/www.fcpr.org\/wp-content\/uploads\/2023\/03\/IMG_4315-min-1024x683.jpg","datePublished":"2018-08-18T18:42:01+00:00","dateModified":"2024-08-30T20:12:26+00:00","breadcrumb":{"@id":"https:\/\/www.fcpr.org\/lo-que-hacemos\/#breadcrumb"},"inLanguage":"en-US","potentialAction":[{"@type":"ReadAction","target":["https:\/\/www.fcpr.org\/lo-que-hacemos\/"]}]},{"@type":"ImageObject","inLanguage":"en-US","@id":"https:\/\/www.fcpr.org\/lo-que-hacemos\/#primaryimage","url":"https:\/\/www.fcpr.org\/wp-content\/uploads\/2023\/03\/IMG_4315-min-1024x683.jpg","contentUrl":"https:\/\/www.fcpr.org\/wp-content\/uploads\/2023\/03\/IMG_4315-min-1024x683.jpg"},{"@type":"BreadcrumbList","@id":"https:\/\/www.fcpr.org\/lo-que-hacemos\/#breadcrumb","itemListElement":[{"@type":"ListItem","position":1,"name":"Home","item":"https:\/\/www.fcpr.org\/"},{"@type":"ListItem","position":2,"name":"Fondos filantr\u00f3picos"}]},{"@type":"WebSite","@id":"https:\/\/www.fcpr.org\/#website","url":"https:\/\/www.fcpr.org\/","name":"Puerto Rico Community Foundation","description":"Strengthening Community Capital","publisher":{"@id":"https:\/\/www.fcpr.org\/#organization"},"potentialAction":[{"@type":"SearchAction","target":{"@type":"EntryPoint","urlTemplate":"https:\/\/www.fcpr.org\/?s={search_term_string}"},"query-input":{"@type":"PropertyValueSpecification","valueRequired":true,"valueName":"search_term_string"}}],"inLanguage":"en-US"},{"@type":"Organization","@id":"https:\/\/www.fcpr.org\/#organization","name":"Puerto Rico Community Foundation","url":"https:\/\/www.fcpr.org\/","logo":{"@type":"ImageObject","inLanguage":"en-US","@id":"https:\/\/www.fcpr.org\/#\/schema\/logo\/image\/","url":"https:\/\/www.fcpr.org\/wp-content\/uploads\/2016\/08\/logo-corp-red.png","contentUrl":"https:\/\/www.fcpr.org\/wp-content\/uploads\/2016\/08\/logo-corp-red.png","width":221,"height":32,"caption":"Fundaci\u00f3n Comunitaria de Puerto Rico"},"image":{"@id":"https:\/\/www.fcpr.org\/#\/schema\/logo\/image\/"},"sameAs":["https:\/\/www.facebook.com\/FundacionComunitaria","https:\/\/x.com\/FComunitaria","https:\/\/www.instagram.com\/fundacioncomunitaria\/","https:\/\/www.youtube.com\/channel\/UCGGW21eIGw6NRin0BrylmWg"]}]}},"campaignId":"","_links":{"self":[{"href":"https:\/\/www.fcpr.org\/en\/wp-json\/wp\/v2\/pages\/4456","targetHints":{"allow":["GET"]}}],"collection":[{"href":"https:\/\/www.fcpr.org\/en\/wp-json\/wp\/v2\/pages"}],"about":[{"href":"https:\/\/www.fcpr.org\/en\/wp-json\/wp\/v2\/types\/page"}],"author":[{"embeddable":true,"href":"https:\/\/www.fcpr.org\/en\/wp-json\/wp\/v2\/users\/1"}],"replies":[{"embeddable":true,"href":"https:\/\/www.fcpr.org\/en\/wp-json\/wp\/v2\/comments?post=4456"}],"version-history":[{"count":61,"href":"https:\/\/www.fcpr.org\/en\/wp-json\/wp\/v2\/pages\/4456\/revisions"}],"predecessor-version":[{"id":16572,"href":"https:\/\/www.fcpr.org\/en\/wp-json\/wp\/v2\/pages\/4456\/revisions\/16572"}],"wp:attachment":[{"href":"https:\/\/www.fcpr.org\/en\/wp-json\/wp\/v2\/media?parent=4456"}],"curies":[{"name":"wp","href":"https:\/\/api.w.org\/{rel}","templated":true}]}}