{"id":4464,"date":"2018-08-18T19:03:39","date_gmt":"2018-08-18T19:03:39","guid":{"rendered":"https:\/\/fcpr.org\/?page_id=4464"},"modified":"2025-10-23T15:54:12","modified_gmt":"2025-10-23T19:54:12","slug":"fundacion-comunitaria-puerto-rico","status":"publish","type":"page","link":"https:\/\/www.fcpr.org\/en\/","title":{"rendered":""},"content":{"rendered":"<div class=\"wp-block-group alignfull has-text-color has-background\" style=\"color:#000000;background-color:#ffffff\"><div class=\"wp-block-group__inner-container is-layout-flow wp-block-group-is-layout-flow\">\n<div style=\"height:64px\" aria-hidden=\"true\" class=\"wp-block-spacer\"><\/div>\n\n\n\n<p class=\"has-text-align-center has-small-font-size\" style=\"line-height:.9\"><strong>PUERTO RICO COMMUNITY FOUNDATION <\/strong><\/p>\n\n\n\n<h2 class=\"wp-block-heading has-text-align-center\" id=\"schedule-a-visit\" style=\"font-size:59px;line-height:1.15\"><strong><strong> 40 YEARS SERVING COMMUNITIES  <\/strong> <\/strong><\/h2>\n\n\n\n<div style=\"height:40px\" aria-hidden=\"true\" class=\"wp-block-spacer\"><\/div>\n<\/div><\/div>\n\n\n\n<div class=\"wp-block-media-text alignfull has-media-on-the-right is-stacked-on-mobile\"><div class=\"wp-block-media-text__content\">\n<h3 class=\"wp-block-heading\">Connecting donors to philanthropic opportunities and facilitating scholarships and grants<\/h3>\n\n\n\n<p>Since 1985, the <strong>Puerto Rico Community Foundation <\/strong>(FCPR) connects donors to the causes they are passionate about and facilitates the contributions they make to advance community development. They do this through the establishment of<strong> philanthropic funds <\/strong>in the foundation, which allow us to grant<strong> student grants<\/strong> university students, <strong>donations to non-profit organizations<\/strong>, We also provide training, technical assistance and emergency donations to organizations and individuals. &nbsp;<\/p>\n\n\n\n<p><\/p>\n<\/div><figure class=\"wp-block-media-text__media\"><a href=\"https:\/\/www.fcpr.org\/en\/2023\/03\/23\/encuentro-entre-un-donante-y-su-becario\/\"><img loading=\"lazy\" decoding=\"async\" width=\"1024\" height=\"683\" src=\"https:\/\/www.fcpr.org\/wp-content\/uploads\/2021\/05\/Becaria-de-Becas-Masso-1024x683.jpg\" alt=\"Conectamos a donantes con oportunidades filantr\u00f3picas y facilitamos becas y donativos\" class=\"wp-image-9930 size-full\" srcset=\"https:\/\/www.fcpr.org\/wp-content\/uploads\/2021\/05\/Becaria-de-Becas-Masso-1024x683.jpg 1024w, https:\/\/www.fcpr.org\/wp-content\/uploads\/2021\/05\/Becaria-de-Becas-Masso-300x200.jpg 300w, https:\/\/www.fcpr.org\/wp-content\/uploads\/2021\/05\/Becaria-de-Becas-Masso-768x512.jpg 768w, https:\/\/www.fcpr.org\/wp-content\/uploads\/2021\/05\/Becaria-de-Becas-Masso-1536x1024.jpg 1536w, https:\/\/www.fcpr.org\/wp-content\/uploads\/2021\/05\/Becaria-de-Becas-Masso-2048x1365.jpg 2048w\" sizes=\"auto, (max-width: 1024px) 100vw, 1024px\" \/><\/a><\/figure><\/div>\n\n\n\n<div class=\"wp-block-media-text alignfull is-stacked-on-mobile\"><figure class=\"wp-block-media-text__media\"><a href=\"https:\/\/www.fcpr.org\/en\/2023\/03\/23\/encuentro-entre-un-donante-y-su-becario\/\"><img loading=\"lazy\" decoding=\"async\" width=\"1024\" height=\"703\" src=\"https:\/\/www.fcpr.org\/wp-content\/uploads\/2023\/10\/32-min-1-e1702388632661-1024x703.jpg\" alt=\"Desarrollamos enfoques program\u00e1ticos para impulsar procesos de transformaci\u00f3n en las comunidades\" class=\"wp-image-14661 size-large\" srcset=\"https:\/\/www.fcpr.org\/wp-content\/uploads\/2023\/10\/32-min-1-e1702388632661-1024x703.jpg 1024w, https:\/\/www.fcpr.org\/wp-content\/uploads\/2023\/10\/32-min-1-e1702388632661-300x206.jpg 300w, https:\/\/www.fcpr.org\/wp-content\/uploads\/2023\/10\/32-min-1-e1702388632661-768x527.jpg 768w, https:\/\/www.fcpr.org\/wp-content\/uploads\/2023\/10\/32-min-1-e1702388632661.jpg 1199w\" sizes=\"auto, (max-width: 1024px) 100vw, 1024px\" \/><\/a><\/figure><div class=\"wp-block-media-text__content\">\n<h3 class=\"wp-block-heading\">We develop programmatic approaches to drive transformation processes in communities.<\/h3>\n\n\n\n<p>The <strong>Puerto Rico Community Foundation<\/strong> also develops programmatic approaches that allow us to <strong>facilitate transformation processes&nbsp;<\/strong>in communities. Our current approaches drive access to renewable energy and clean water; and economic development through small business incubation and acceleration and vocational training; and promote gender and racial equity and the Sustainable Development Goals (SDGs).&nbsp;<\/p>\n\n\n\n<p><\/p>\n<\/div><\/div>\n\n\n\n<div style=\"height:31px\" aria-hidden=\"true\" class=\"wp-block-spacer\"><\/div>\n\n\n\n<div class=\"wp-block-columns has-white-background-color has-background is-layout-flex wp-container-core-columns-is-layout-28f84493 wp-block-columns-is-layout-flex\">\n<div class=\"wp-block-column is-layout-flow wp-block-column-is-layout-flow\">\n<h2 class=\"wp-block-heading has-text-align-center\"><strong>EMPRENDE<\/strong><\/h2>\n\n\n\n<figure class=\"wp-block-image alignfull size-full\"><a href=\"https:\/\/www.fcpr.org\/en\/programa-de-incubadoras-y-aceleradoras-de-empresas-pequenas\/\"><img loading=\"lazy\" decoding=\"async\" width=\"750\" height=\"563\" src=\"https:\/\/www.fcpr.org\/wp-content\/uploads\/2025\/01\/alma-min-min.jpg\" alt=\"\" class=\"wp-image-17365\" srcset=\"https:\/\/www.fcpr.org\/wp-content\/uploads\/2025\/01\/alma-min-min.jpg 750w, https:\/\/www.fcpr.org\/wp-content\/uploads\/2025\/01\/alma-min-min-300x225.jpg 300w\" sizes=\"auto, (max-width: 750px) 100vw, 750px\" \/><\/a><\/figure>\n\n\n\n<p><\/p>\n<\/div>\n\n\n\n<div class=\"wp-block-column is-layout-flow wp-block-column-is-layout-flow\">\n<h2 class=\"wp-block-heading has-text-align-center\" id=\"h-ceri\"><strong>CERI<\/strong><\/h2>\n\n\n\n<figure class=\"wp-block-image alignfull size-large\"><a href=\"https:\/\/www.fcpr.org\/en\/ceri\/\"><img loading=\"lazy\" decoding=\"async\" width=\"1024\" height=\"745\" src=\"https:\/\/www.fcpr.org\/wp-content\/uploads\/2025\/01\/jomari-3-min-1-1024x745.jpg\" alt=\"\" class=\"wp-image-17361\" srcset=\"https:\/\/www.fcpr.org\/wp-content\/uploads\/2025\/01\/jomari-3-min-1-1024x745.jpg 1024w, https:\/\/www.fcpr.org\/wp-content\/uploads\/2025\/01\/jomari-3-min-1-300x218.jpg 300w, https:\/\/www.fcpr.org\/wp-content\/uploads\/2025\/01\/jomari-3-min-1-768x559.jpg 768w, https:\/\/www.fcpr.org\/wp-content\/uploads\/2025\/01\/jomari-3-min-1.jpg 1284w\" sizes=\"auto, (max-width: 1024px) 100vw, 1024px\" \/><\/a><\/figure>\n<\/div>\n\n\n\n<div class=\"wp-block-column is-layout-flow wp-block-column-is-layout-flow\">\n<h2 class=\"wp-block-heading has-text-align-center\"><strong>WATER<\/strong> <\/h2>\n\n\n\n<figure class=\"wp-block-image alignfull size-full\"><a href=\"https:\/\/www.fcpr.org\/en\/redundancia-energetica-para-acueductos\/\"><img loading=\"lazy\" decoding=\"async\" width=\"665\" height=\"470\" src=\"https:\/\/www.fcpr.org\/wp-content\/uploads\/2020\/02\/FOTO-INFORME-ANUAL-2017-2018-1-e1588858800909.jpg\" alt=\"Objetivos de Desarrollo Sostenible (ODS)\" class=\"wp-image-7373\" srcset=\"https:\/\/www.fcpr.org\/wp-content\/uploads\/2020\/02\/FOTO-INFORME-ANUAL-2017-2018-1-e1588858800909.jpg 665w, https:\/\/www.fcpr.org\/wp-content\/uploads\/2020\/02\/FOTO-INFORME-ANUAL-2017-2018-1-e1588858800909-300x212.jpg 300w\" sizes=\"auto, (max-width: 665px) 100vw, 665px\" \/><\/a><\/figure>\n<\/div>\n\n\n\n<div class=\"wp-block-column is-layout-flow wp-block-column-is-layout-flow\">\n<h2 class=\"wp-block-heading has-text-align-center\"><strong>REBIA<\/strong><\/h2>\n\n\n\n<figure class=\"wp-block-image alignfull size-full\"><a href=\"https:\/\/www.fcpr.org\/en\/rebia\/\"><img loading=\"lazy\" decoding=\"async\" width=\"2160\" height=\"1440\" src=\"https:\/\/www.fcpr.org\/wp-content\/uploads\/2023\/12\/qtq80-8Hsngo.jpeg\" alt=\"capacitaci\u00f3n profesional\" class=\"wp-image-15150\" srcset=\"https:\/\/www.fcpr.org\/wp-content\/uploads\/2023\/12\/qtq80-8Hsngo.jpeg 2160w, https:\/\/www.fcpr.org\/wp-content\/uploads\/2023\/12\/qtq80-8Hsngo-300x200.jpeg 300w, https:\/\/www.fcpr.org\/wp-content\/uploads\/2023\/12\/qtq80-8Hsngo-1024x683.jpeg 1024w, https:\/\/www.fcpr.org\/wp-content\/uploads\/2023\/12\/qtq80-8Hsngo-768x512.jpeg 768w, https:\/\/www.fcpr.org\/wp-content\/uploads\/2023\/12\/qtq80-8Hsngo-1536x1024.jpeg 1536w, https:\/\/www.fcpr.org\/wp-content\/uploads\/2023\/12\/qtq80-8Hsngo-2048x1365.jpeg 2048w\" sizes=\"auto, (max-width: 2160px) 100vw, 2160px\" \/><\/a><\/figure>\n<\/div>\n<\/div>\n\n\n\n<div class=\"wp-block-cover\"><img loading=\"lazy\" decoding=\"async\" width=\"2560\" height=\"1707\" class=\"wp-block-cover__image-background wp-image-13336\" alt=\"Conecta con lo que te apasiona\" src=\"https:\/\/www.fcpr.org\/wp-content\/uploads\/2023\/03\/IMG_4369-Copy-min-scaled.jpg\" data-object-fit=\"cover\" srcset=\"https:\/\/www.fcpr.org\/wp-content\/uploads\/2023\/03\/IMG_4369-Copy-min-scaled.jpg 2560w, https:\/\/www.fcpr.org\/wp-content\/uploads\/2023\/03\/IMG_4369-Copy-min-300x200.jpg 300w, https:\/\/www.fcpr.org\/wp-content\/uploads\/2023\/03\/IMG_4369-Copy-min-1024x683.jpg 1024w, https:\/\/www.fcpr.org\/wp-content\/uploads\/2023\/03\/IMG_4369-Copy-min-768x512.jpg 768w, https:\/\/www.fcpr.org\/wp-content\/uploads\/2023\/03\/IMG_4369-Copy-min-1536x1024.jpg 1536w, https:\/\/www.fcpr.org\/wp-content\/uploads\/2023\/03\/IMG_4369-Copy-min-2048x1365.jpg 2048w\" sizes=\"auto, (max-width: 2560px) 100vw, 2560px\" \/><span aria-hidden=\"true\" class=\"wp-block-cover__background has-background-dim\"><\/span><div class=\"wp-block-cover__inner-container is-layout-flow wp-block-cover-is-layout-flow\">\n<p class=\"has-text-align-center has-large-font-size\"><strong>Establish your background<\/strong> <strong>philanthropic<\/strong>:<\/p>\n\n\n\n<p class=\"has-text-align-center has-large-font-size\">An opportunity to connect with and support the cause you are passionate about... <\/p>\n<\/div><\/div>\n\n\n\n<div class=\"wp-block-buttons is-content-justification-center is-layout-flex wp-container-core-buttons-is-layout-a89b3969 wp-block-buttons-is-layout-flex\">\n<div class=\"wp-block-button is-style-fill\"><a class=\"wp-block-button__link has-black-color has-luminous-vivid-amber-background-color has-text-color has-background has-link-color has-medium-font-size has-text-align-center has-custom-font-size wp-element-button\" href=\"https:\/\/www.fcpr.org\/en\/lo-que-hacemos\/\" style=\"padding-top:var(--wp--preset--spacing--20);padding-bottom:var(--wp--preset--spacing--20)\">Learn more<\/a><\/div>\n<\/div>\n\n\n\n<p><\/p>\n\n\n\n<h6 class=\"wp-block-heading has-text-align-center\" id=\"h-la-fcpr-es-una-organizacion-filantropica-exenta-bajo-las-secciones-1101-01-del-codigo-de-rentas-internas-de-puerto-rico-y-la-seccion-501-c-3-del-codigo-de-rentas-internas-de-estados-unidos-si-necesita-ayuda-individualizada-contacte-a-una-organizacion-sin-fines-de-lucro-cercana-a-usted-que-trabaje-con-su-area-de-necesidad\"><em>FCPR is a philanthropic organization exempt under Sections 1101.01 of the Puerto Rico Internal Revenue Code and Section 501(c)(3) of the United States Internal Revenue Code.\u00a0<strong>If you need individualized help<\/strong>, Contact a nonprofit organization near you that works with your area of need.<\/em><\/h6>\n\n\n\n<p><\/p>\n\n\n\n<p class=\"wp-block-heading\"><\/p>\n\n\n\n<p class=\"has-text-align-center\"><\/p>\n\n\n\n<p><\/p>\n\n\n\n<p><\/p>","protected":false},"excerpt":{"rendered":"<p>FUNDACI\u00d3N COMUNITARIA DE PUERTO RICO 40 A\u00d1OS SIRVIENDO A LAS COMUNIDADES Conectamos a donantes con oportunidades filantr\u00f3picas y facilitamos becas y donativos Desde 1985, la Fundaci\u00f3n Comunitaria de Puerto Rico (FCPR) conecta a donantes con las causas que les apasionan y facilita las aportaciones que hacen para impulsar el desarrollo de las comunidades. Lo hacen [&hellip;]<\/p>\n","protected":false},"author":1,"featured_media":0,"parent":0,"menu_order":0,"comment_status":"closed","ping_status":"closed","template":"","meta":{"give_campaign_id":0,"footnotes":""},"class_list":["post-4464","page","type-page","status-publish","hentry"],"yoast_head":"<!-- This site is optimized with the Yoast SEO Premium plugin v27.3 (Yoast SEO v27.4) - https:\/\/yoast.com\/product\/yoast-seo-premium-wordpress\/ -->\n<title>Fundaci\u00f3n Comunitaria de Puerto Rico<\/title>\n<meta name=\"description\" content=\"Conectamos a donantes con causas, becas y donativos. Impulsamos el desarrollo comunitario con fondos, capacitaciones y asistencia t\u00e9cnica.\" \/>\n<meta name=\"robots\" content=\"index, follow, max-snippet:-1, max-image-preview:large, max-video-preview:-1\" \/>\n<link rel=\"canonical\" href=\"https:\/\/www.fcpr.org\/en\/\" \/>\n<meta property=\"og:locale\" content=\"en_US\" \/>\n<meta property=\"og:type\" content=\"article\" \/>\n<meta property=\"og:title\" content=\"Fundaci\u00f3n Comunitaria de Puerto Rico\" \/>\n<meta property=\"og:description\" content=\"Conectamos a donantes con oportunidades filantr\u00f3picas y facilitamos becas y donativos desde el 1985,\" \/>\n<meta property=\"og:url\" content=\"https:\/\/www.fcpr.org\/en\/\" \/>\n<meta property=\"og:site_name\" content=\"Fundaci\u00f3n Comunitaria de Puerto Rico\" \/>\n<meta property=\"article:publisher\" content=\"https:\/\/www.facebook.com\/FundacionComunitaria\" \/>\n<meta property=\"article:modified_time\" content=\"2025-10-23T19:54:12+00:00\" \/>\n<meta property=\"og:image\" content=\"https:\/\/www.fcpr.org\/wp-content\/uploads\/2021\/05\/Becaria-de-Becas-Masso-1024x683.jpg\" \/>\n<meta name=\"twitter:card\" content=\"summary_large_image\" \/>\n<meta name=\"twitter:title\" content=\"Fundaci\u00f3n Comunitaria de Puerto Rico\" \/>\n<meta name=\"twitter:description\" content=\"Conectamos a donantes con oportunidades filantr\u00f3picas y facilitamos becas y donativos desde el 1985,\" \/>\n<meta name=\"twitter:site\" content=\"@FComunitaria\" \/>\n<meta name=\"twitter:label1\" content=\"Est. reading time\" \/>\n\t<meta name=\"twitter:data1\" content=\"3 minutes\" \/>\n<script type=\"application\/ld+json\" class=\"yoast-schema-graph\">{\"@context\":\"https:\\\/\\\/schema.org\",\"@graph\":[{\"@type\":\"WebPage\",\"@id\":\"https:\\\/\\\/www.fcpr.org\\\/\",\"url\":\"https:\\\/\\\/www.fcpr.org\\\/\",\"name\":\"Fundaci\u00f3n Comunitaria de Puerto Rico\",\"isPartOf\":{\"@id\":\"https:\\\/\\\/www.fcpr.org\\\/#website\"},\"primaryImageOfPage\":{\"@id\":\"https:\\\/\\\/www.fcpr.org\\\/#primaryimage\"},\"image\":{\"@id\":\"https:\\\/\\\/www.fcpr.org\\\/#primaryimage\"},\"thumbnailUrl\":\"https:\\\/\\\/www.fcpr.org\\\/wp-content\\\/uploads\\\/2021\\\/05\\\/Becaria-de-Becas-Masso-1024x683.jpg\",\"datePublished\":\"2018-08-18T19:03:39+00:00\",\"dateModified\":\"2025-10-23T19:54:12+00:00\",\"description\":\"Conectamos a donantes con causas, becas y donativos. Impulsamos el desarrollo comunitario con fondos, capacitaciones y asistencia t\u00e9cnica.\",\"inLanguage\":\"en-US\",\"potentialAction\":[{\"@type\":\"ReadAction\",\"target\":[\"https:\\\/\\\/www.fcpr.org\\\/\"]}]},{\"@type\":\"ImageObject\",\"inLanguage\":\"en-US\",\"@id\":\"https:\\\/\\\/www.fcpr.org\\\/#primaryimage\",\"url\":\"https:\\\/\\\/www.fcpr.org\\\/wp-content\\\/uploads\\\/2021\\\/05\\\/Becaria-de-Becas-Masso-1024x683.jpg\",\"contentUrl\":\"https:\\\/\\\/www.fcpr.org\\\/wp-content\\\/uploads\\\/2021\\\/05\\\/Becaria-de-Becas-Masso-1024x683.jpg\"},{\"@type\":\"WebSite\",\"@id\":\"https:\\\/\\\/www.fcpr.org\\\/#website\",\"url\":\"https:\\\/\\\/www.fcpr.org\\\/\",\"name\":\"Fundaci\u00f3n Comunitaria de Puerto Rico\",\"description\":\"Fortaleciendo el Capital Comunitario\",\"publisher\":{\"@id\":\"https:\\\/\\\/www.fcpr.org\\\/#organization\"},\"potentialAction\":[{\"@type\":\"SearchAction\",\"target\":{\"@type\":\"EntryPoint\",\"urlTemplate\":\"https:\\\/\\\/www.fcpr.org\\\/?s={search_term_string}\"},\"query-input\":{\"@type\":\"PropertyValueSpecification\",\"valueRequired\":true,\"valueName\":\"search_term_string\"}}],\"inLanguage\":\"en-US\"},{\"@type\":\"Organization\",\"@id\":\"https:\\\/\\\/www.fcpr.org\\\/#organization\",\"name\":\"Fundaci\u00f3n Comunitaria de Puerto Rico\",\"url\":\"https:\\\/\\\/www.fcpr.org\\\/\",\"logo\":{\"@type\":\"ImageObject\",\"inLanguage\":\"en-US\",\"@id\":\"https:\\\/\\\/www.fcpr.org\\\/#\\\/schema\\\/logo\\\/image\\\/\",\"url\":\"https:\\\/\\\/www.fcpr.org\\\/wp-content\\\/uploads\\\/2016\\\/08\\\/logo-corp-red.png\",\"contentUrl\":\"https:\\\/\\\/www.fcpr.org\\\/wp-content\\\/uploads\\\/2016\\\/08\\\/logo-corp-red.png\",\"width\":221,\"height\":32,\"caption\":\"Fundaci\u00f3n Comunitaria de Puerto Rico\"},\"image\":{\"@id\":\"https:\\\/\\\/www.fcpr.org\\\/#\\\/schema\\\/logo\\\/image\\\/\"},\"sameAs\":[\"https:\\\/\\\/www.facebook.com\\\/FundacionComunitaria\",\"https:\\\/\\\/x.com\\\/FComunitaria\",\"https:\\\/\\\/www.instagram.com\\\/fundacioncomunitaria\\\/\",\"https:\\\/\\\/www.youtube.com\\\/channel\\\/UCGGW21eIGw6NRin0BrylmWg\"]}]}<\/script>\n<!-- \/ Yoast SEO Premium plugin. -->","yoast_head_json":{"title":"Puerto Rico Community Foundation","description":"We connect donors with causes, scholarships and grants. We promote community development with funding, training and technical assistance.","robots":{"index":"index","follow":"follow","max-snippet":"max-snippet:-1","max-image-preview":"max-image-preview:large","max-video-preview":"max-video-preview:-1"},"canonical":"https:\/\/www.fcpr.org\/en\/","og_locale":"en_US","og_type":"article","og_title":"Fundaci\u00f3n Comunitaria de Puerto Rico","og_description":"Conectamos a donantes con oportunidades filantr\u00f3picas y facilitamos becas y donativos desde el 1985,","og_url":"https:\/\/www.fcpr.org\/en\/","og_site_name":"Fundaci\u00f3n Comunitaria de Puerto Rico","article_publisher":"https:\/\/www.facebook.com\/FundacionComunitaria","article_modified_time":"2025-10-23T19:54:12+00:00","og_image":[{"url":"https:\/\/www.fcpr.org\/wp-content\/uploads\/2021\/05\/Becaria-de-Becas-Masso-1024x683.jpg","type":"","width":"","height":""}],"twitter_card":"summary_large_image","twitter_title":"Fundaci\u00f3n Comunitaria de Puerto Rico","twitter_description":"Conectamos a donantes con oportunidades filantr\u00f3picas y facilitamos becas y donativos desde el 1985,","twitter_site":"@FComunitaria","twitter_misc":{"Est. reading time":"3 minutes"},"schema":{"@context":"https:\/\/schema.org","@graph":[{"@type":"WebPage","@id":"https:\/\/www.fcpr.org\/","url":"https:\/\/www.fcpr.org\/","name":"Puerto Rico Community Foundation","isPartOf":{"@id":"https:\/\/www.fcpr.org\/#website"},"primaryImageOfPage":{"@id":"https:\/\/www.fcpr.org\/#primaryimage"},"image":{"@id":"https:\/\/www.fcpr.org\/#primaryimage"},"thumbnailUrl":"https:\/\/www.fcpr.org\/wp-content\/uploads\/2021\/05\/Becaria-de-Becas-Masso-1024x683.jpg","datePublished":"2018-08-18T19:03:39+00:00","dateModified":"2025-10-23T19:54:12+00:00","description":"We connect donors with causes, scholarships and grants. We promote community development with funding, training and technical assistance.","inLanguage":"en-US","potentialAction":[{"@type":"ReadAction","target":["https:\/\/www.fcpr.org\/"]}]},{"@type":"ImageObject","inLanguage":"en-US","@id":"https:\/\/www.fcpr.org\/#primaryimage","url":"https:\/\/www.fcpr.org\/wp-content\/uploads\/2021\/05\/Becaria-de-Becas-Masso-1024x683.jpg","contentUrl":"https:\/\/www.fcpr.org\/wp-content\/uploads\/2021\/05\/Becaria-de-Becas-Masso-1024x683.jpg"},{"@type":"WebSite","@id":"https:\/\/www.fcpr.org\/#website","url":"https:\/\/www.fcpr.org\/","name":"Puerto Rico Community Foundation","description":"Strengthening Community Capital","publisher":{"@id":"https:\/\/www.fcpr.org\/#organization"},"potentialAction":[{"@type":"SearchAction","target":{"@type":"EntryPoint","urlTemplate":"https:\/\/www.fcpr.org\/?s={search_term_string}"},"query-input":{"@type":"PropertyValueSpecification","valueRequired":true,"valueName":"search_term_string"}}],"inLanguage":"en-US"},{"@type":"Organization","@id":"https:\/\/www.fcpr.org\/#organization","name":"Puerto Rico Community Foundation","url":"https:\/\/www.fcpr.org\/","logo":{"@type":"ImageObject","inLanguage":"en-US","@id":"https:\/\/www.fcpr.org\/#\/schema\/logo\/image\/","url":"https:\/\/www.fcpr.org\/wp-content\/uploads\/2016\/08\/logo-corp-red.png","contentUrl":"https:\/\/www.fcpr.org\/wp-content\/uploads\/2016\/08\/logo-corp-red.png","width":221,"height":32,"caption":"Fundaci\u00f3n Comunitaria de Puerto Rico"},"image":{"@id":"https:\/\/www.fcpr.org\/#\/schema\/logo\/image\/"},"sameAs":["https:\/\/www.facebook.com\/FundacionComunitaria","https:\/\/x.com\/FComunitaria","https:\/\/www.instagram.com\/fundacioncomunitaria\/","https:\/\/www.youtube.com\/channel\/UCGGW21eIGw6NRin0BrylmWg"]}]}},"campaignId":"","_links":{"self":[{"href":"https:\/\/www.fcpr.org\/en\/wp-json\/wp\/v2\/pages\/4464","targetHints":{"allow":["GET"]}}],"collection":[{"href":"https:\/\/www.fcpr.org\/en\/wp-json\/wp\/v2\/pages"}],"about":[{"href":"https:\/\/www.fcpr.org\/en\/wp-json\/wp\/v2\/types\/page"}],"author":[{"embeddable":true,"href":"https:\/\/www.fcpr.org\/en\/wp-json\/wp\/v2\/users\/1"}],"replies":[{"embeddable":true,"href":"https:\/\/www.fcpr.org\/en\/wp-json\/wp\/v2\/comments?post=4464"}],"version-history":[{"count":332,"href":"https:\/\/www.fcpr.org\/en\/wp-json\/wp\/v2\/pages\/4464\/revisions"}],"predecessor-version":[{"id":18445,"href":"https:\/\/www.fcpr.org\/en\/wp-json\/wp\/v2\/pages\/4464\/revisions\/18445"}],"wp:attachment":[{"href":"https:\/\/www.fcpr.org\/en\/wp-json\/wp\/v2\/media?parent=4464"}],"curies":[{"name":"wp","href":"https:\/\/api.w.org\/{rel}","templated":true}]}}