{"id":4476,"date":"2018-08-18T19:52:09","date_gmt":"2018-08-18T19:52:09","guid":{"rendered":"https:\/\/fcpr.org\/?page_id=4476"},"modified":"2024-09-04T15:12:57","modified_gmt":"2024-09-04T19:12:57","slug":"fondo-de-inversion-comunitaria","status":"publish","type":"page","link":"https:\/\/www.fcpr.org\/en\/fondo-de-inversion-comunitaria\/","title":{"rendered":"Community Investment Fund"},"content":{"rendered":"<div class=\"wp-block-media-text alignfull has-media-on-the-right is-stacked-on-mobile is-vertically-aligned-top has-text-color has-background has-link-color wp-elements-e8710aac98d9f1e49a117c7a14d6c976\" style=\"color:#fffdc7;background-color:#7fbc42;grid-template-columns:auto 60%\"><div class=\"wp-block-media-text__content\">\n<div class=\"wp-block-group has-link-color wp-elements-41a892bdc607397b330ed33dc93859ac\" style=\"padding-top:2em;padding-right:2em;padding-bottom:2em;padding-left:2em\"><div class=\"wp-block-group__inner-container is-layout-flow wp-block-group-is-layout-flow\">\n<h2 class=\"wp-block-heading has-white-color has-text-color has-link-color wp-elements-01abaa69edca6693e6cad6dfdb61e1bb\" style=\"font-size:25px;font-weight:700;line-height:1.15\">The Community Investment Fund (CIF) is a financing program for nonprofit organizations.<\/h2>\n<\/div><\/div>\n<\/div><figure class=\"wp-block-media-text__media\"><img loading=\"lazy\" decoding=\"async\" width=\"1024\" height=\"631\" src=\"https:\/\/www.fcpr.org\/wp-content\/uploads\/2022\/11\/1-min-3-1024x631.jpg\" alt=\"\" class=\"wp-image-12258 size-full\" srcset=\"https:\/\/www.fcpr.org\/wp-content\/uploads\/2022\/11\/1-min-3-1024x631.jpg 1024w, https:\/\/www.fcpr.org\/wp-content\/uploads\/2022\/11\/1-min-3-300x185.jpg 300w, https:\/\/www.fcpr.org\/wp-content\/uploads\/2022\/11\/1-min-3-768x473.jpg 768w, https:\/\/www.fcpr.org\/wp-content\/uploads\/2022\/11\/1-min-3-1536x946.jpg 1536w, https:\/\/www.fcpr.org\/wp-content\/uploads\/2022\/11\/1-min-3-2048x1261.jpg 2048w\" sizes=\"auto, (max-width: 1024px) 100vw, 1024px\" \/><\/figure><\/div>\n\n\n\n<div style=\"height:50px\" aria-hidden=\"true\" class=\"wp-block-spacer\"><\/div>\n\n\n\n<p>The <strong>Community Investment Fund (CIF) <\/strong>is an innovative financing program that provides access to capital to nonprofit organizations to activate community economic development. The <strong>Puerto Rico Community Foundation<\/strong> (FCPR) established the CIF in 2016.<\/p>\n\n\n\n<p>The instrument is similar to funds created in the United States by community foundations, with their own financial injection. The FCPR made a first injection of $500,000 and was followed by other investors: Angel Ramos Foundation, Presbyterian Church Foundation, Banco Popular, Scotiabank, First Bank, Oriental Bank and Banco Santander (2016-2018).<\/p>\n\n\n\n<p>The FIC represents a unique opportunity for the Third Sector since interest rates are low, repayment terms are comfortable, and the entity is offered counseling and financial and administrative support to control risk.<\/p>\n\n\n\n<div style=\"height:50px\" aria-hidden=\"true\" class=\"wp-block-spacer\"><\/div>\n\n\n\n<div class=\"wp-block-columns alignwide is-layout-flex wp-container-core-columns-is-layout-d2da2050 wp-block-columns-is-layout-flex\" style=\"margin-bottom:0\">\n<div class=\"wp-block-column has-text-color has-background has-link-color wp-elements-4f35f941d8849cff27575799013dbba1 is-layout-flow wp-block-column-is-layout-flow\" style=\"color:#000000;background-color:#f25b29cf;padding-top:2em;padding-right:2em;padding-bottom:2em;padding-left:2em\">\n<h2 class=\"wp-block-heading\" id=\"family\" style=\"font-size:40px\"><strong>Eligible activities<\/strong><\/h2>\n\n\n\n<hr class=\"wp-block-separator has-css-opacity is-style-wide\"\/>\n\n\n\n<ul class=\"wp-block-list\">\n<li>Capitalize community lending programs<\/li>\n\n\n\n<li>Buying and rehabilitating low-income housing<\/li>\n\n\n\n<li>Obtain operating capital<\/li>\n\n\n\n<li>Finance projects that generate economic and social returns.<\/li>\n<\/ul>\n<\/div>\n\n\n\n<div class=\"wp-block-column has-text-color has-background has-link-color wp-elements-bb04d509c2a3ca0a67d8270c68c9d3fa is-layout-flow wp-block-column-is-layout-flow\" style=\"color:#000000;background-color:#65665c47;padding-top:2em;padding-right:2em;padding-bottom:2em;padding-left:2em\">\n<h2 class=\"wp-block-heading\" id=\"patron\" style=\"font-size:40px\"><strong>Minimum requirements <\/strong><\/h2>\n\n\n\n<hr class=\"wp-block-separator has-css-opacity is-style-wide\"\/>\n\n\n\n<ul class=\"wp-block-list\">\n<li>FCPR compliant mission<\/li>\n\n\n\n<li>+3 years operating as a non-profit organization<\/li>\n\n\n\n<li>Operating budget of more than $$100,000<\/li>\n\n\n\n<li>Financial statements for the past 3 years<\/li>\n\n\n\n<li>Financial projections for the next 3 years<\/li>\n<\/ul>\n<\/div>\n<\/div>\n\n\n\n<div style=\"height:50px\" aria-hidden=\"true\" class=\"wp-block-spacer\"><\/div>\n\n\n\n<div class=\"wp-block-media-text has-media-on-the-right is-stacked-on-mobile is-vertically-aligned-top\" style=\"grid-template-columns:auto 45%\"><div class=\"wp-block-media-text__content\">\n<p><\/p>\n\n\n\n<p class=\"has-text-align-center\">The Colegio de Aprendizaje y Desarrollo Educativo Integrado (CADEI) in Moca used the FIC to obtain operating capital and equipment. CADEI seeks to provide its students, including those with specific learning disabilities, with an integrated educational system.  <\/p>\n<\/div><figure class=\"wp-block-media-text__media\"><img loading=\"lazy\" decoding=\"async\" width=\"1024\" height=\"598\" src=\"https:\/\/fcpr.org\/wp-content\/uploads\/2019\/02\/cadei-cut-2-1024x598.jpg\" alt=\"\" class=\"wp-image-5398 size-full\" srcset=\"https:\/\/www.fcpr.org\/wp-content\/uploads\/2019\/02\/cadei-cut-2-1024x598.jpg 1024w, https:\/\/www.fcpr.org\/wp-content\/uploads\/2019\/02\/cadei-cut-2-300x175.jpg 300w, https:\/\/www.fcpr.org\/wp-content\/uploads\/2019\/02\/cadei-cut-2-768x448.jpg 768w, https:\/\/www.fcpr.org\/wp-content\/uploads\/2019\/02\/cadei-cut-2.jpg 1980w\" sizes=\"auto, (max-width: 1024px) 100vw, 1024px\" \/><\/figure><\/div>\n\n\n\n<div class=\"wp-block-media-text is-stacked-on-mobile\" style=\"grid-template-columns:45% auto\"><figure class=\"wp-block-media-text__media\"><img loading=\"lazy\" decoding=\"async\" width=\"1024\" height=\"576\" src=\"https:\/\/fcpr.org\/wp-content\/uploads\/2019\/02\/cmtas-2-1024x576.jpg\" alt=\"\" class=\"wp-image-5413 size-full\" srcset=\"https:\/\/www.fcpr.org\/wp-content\/uploads\/2019\/02\/cmtas-2-1024x576.jpg 1024w, https:\/\/www.fcpr.org\/wp-content\/uploads\/2019\/02\/cmtas-2-300x169.jpg 300w, https:\/\/www.fcpr.org\/wp-content\/uploads\/2019\/02\/cmtas-2-768x432.jpg 768w, https:\/\/www.fcpr.org\/wp-content\/uploads\/2019\/02\/cmtas-2.jpg 1980w\" sizes=\"auto, (max-width: 1024px) 100vw, 1024px\" \/><\/figure><div class=\"wp-block-media-text__content\">\n<p><\/p>\n\n\n\n<p class=\"has-text-align-center\">The Yauco Center for Microenterprises and Sustainable Agricultural Technologies (CMTAS) is one of the projects that during 2018<br>benefited from FIC. CMTAS seeks to create and maintain community-based agricultural micro-entrepreneurs in areas that are socioeconomically disadvantaged by providing training and educational services. <\/p>\n<\/div><\/div>\n\n\n\n<p class=\"has-text-align-center\"><em>Terms* Interest Rate: Up to 8% | Maximum Term: Up to 60 months | Maximum Amount: $250,000<\/em><\/p>\n\n\n\n<h2 class=\"wp-block-heading alignwide has-text-align-center\" id=\"we-re-a-studio-in-berlin-with-an-international-practice-in-architecture-urban-planning-and-interior-design-we-believe-in-sharing-knowledge-and-promoting-dialogue-to-increase-the-creative-potential-of-collaboration\" style=\"font-size:37px;line-height:1.1\">The Community Investment Fund provides i<span style=\"font-size: revert; color: initial;\">ood interest rates, flexible repayment terms, and c<span style=\"font-size: revert; background-color: rgb(255, 255, 255); color: initial;\">onseling and accompaniment.<\/span><\/span><\/h2>\n\n\n\n<div style=\"height:50px\" aria-hidden=\"true\" class=\"wp-block-spacer\"><\/div>\n\n\n\n<h2 class=\"wp-block-heading has-text-align-center has-white-color has-text-color has-background has-link-color wp-elements-41803477f258e8a44bfd0cdc4d1d81e4\" style=\"background-color:#7fbc42\">With FIC you can do it! Learn more! <\/h2>\n\n\n\n<p>Contact the Puerto Rico Community Foundation for guidance on how to access the capital provided by the Community Investment Fund. Let's be part of the renewal of our communities by generating businesses and jobs that stimulate the economic activity of our island. <\/p>\n\n\n\n<p class=\"has-text-align-left\"><em>Note | The interest rate is up to 8%, the maximum term is up to 60 months, and the maximum amount is $250,000 - subject to credit approval.&nbsp;<\/em><\/p>\n\n\n\n<p class=\"has-text-align-left\"><\/p>\n\n\n<div class=\"wp-block-image\">\n<figure class=\"aligncenter size-full\"><img loading=\"lazy\" decoding=\"async\" width=\"320\" height=\"210\" src=\"https:\/\/www.fcpr.org\/wp-content\/uploads\/2016\/10\/FIC-LogoPost.jpg\" alt=\"\" class=\"wp-image-2052\" srcset=\"https:\/\/www.fcpr.org\/wp-content\/uploads\/2016\/10\/FIC-LogoPost.jpg 320w, https:\/\/www.fcpr.org\/wp-content\/uploads\/2016\/10\/FIC-LogoPost-300x197.jpg 300w\" sizes=\"auto, (max-width: 320px) 100vw, 320px\" \/><\/figure>\n<\/div>\n\n\n<h2 class=\"wp-block-heading has-text-align-center\">Contact information<\/h2>\n\n\n\n<p class=\"has-text-align-center\"><em> 787-721-1037 \/ Finance Director, Noelia Mar\u00edn Oquendo, nmarin@fcpr.org \/ Administration and Accounting Coordinator, Alexander Parrilla Carrasquillo, aparrilla@fcpr.org <\/em><\/p>","protected":false},"excerpt":{"rendered":"<p>El Fondo de Inversi\u00f3n Comunitaria (FIC) es un programa innovador de financiamiento que provee acceso a capital a organizaciones sin fines de lucro para activar el desarrollo econ\u00f3mico comunitario. La Fundaci\u00f3n Comunitaria de Puerto Rico (FCPR) estableci\u00f3 el FIC en el 2016. El instrumento es similar a fondos creados en Estados Unidos por fundaciones comunitarias, [&hellip;]<\/p>\n","protected":false},"author":1,"featured_media":0,"parent":0,"menu_order":0,"comment_status":"closed","ping_status":"closed","template":"","meta":{"give_campaign_id":0,"footnotes":""},"class_list":["post-4476","page","type-page","status-publish","hentry"],"yoast_head":"<!-- This site is optimized with the Yoast SEO Premium plugin v27.3 (Yoast SEO v27.3) - https:\/\/yoast.com\/product\/yoast-seo-premium-wordpress\/ -->\n<title>Fondo de Inversi\u00f3n Comunitaria - Fundaci\u00f3n Comunitaria de Puerto Rico<\/title>\n<meta name=\"robots\" content=\"index, follow, max-snippet:-1, max-image-preview:large, max-video-preview:-1\" \/>\n<link rel=\"canonical\" href=\"https:\/\/www.fcpr.org\/en\/fondo-de-inversion-comunitaria\/\" \/>\n<meta property=\"og:locale\" content=\"en_US\" \/>\n<meta property=\"og:type\" content=\"article\" \/>\n<meta property=\"og:title\" content=\"Fondo de Inversi\u00f3n Comunitaria\" \/>\n<meta property=\"og:description\" content=\"El Fondo de Inversi\u00f3n Comunitaria (FIC) es un programa innovador de financiamiento que provee acceso a capital a organizaciones sin fines de lucro para activar el desarrollo econ\u00f3mico comunitario. La Fundaci\u00f3n Comunitaria de Puerto Rico (FCPR) estableci\u00f3 el FIC en el 2016. El instrumento es similar a fondos creados en Estados Unidos por fundaciones comunitarias, [&hellip;]\" \/>\n<meta property=\"og:url\" content=\"https:\/\/www.fcpr.org\/en\/fondo-de-inversion-comunitaria\/\" \/>\n<meta property=\"og:site_name\" content=\"Fundaci\u00f3n Comunitaria de Puerto Rico\" \/>\n<meta property=\"article:publisher\" content=\"https:\/\/www.facebook.com\/FundacionComunitaria\" \/>\n<meta property=\"article:modified_time\" content=\"2024-09-04T19:12:57+00:00\" \/>\n<meta property=\"og:image\" content=\"https:\/\/www.fcpr.org\/wp-content\/uploads\/2022\/11\/1-min-3-1024x631.jpg\" \/>\n<meta name=\"twitter:card\" content=\"summary_large_image\" \/>\n<meta name=\"twitter:site\" content=\"@FComunitaria\" \/>\n<meta name=\"twitter:label1\" content=\"Est. reading time\" \/>\n\t<meta name=\"twitter:data1\" content=\"2 minutes\" \/>\n<script type=\"application\/ld+json\" class=\"yoast-schema-graph\">{\"@context\":\"https:\\\/\\\/schema.org\",\"@graph\":[{\"@type\":\"WebPage\",\"@id\":\"https:\\\/\\\/www.fcpr.org\\\/fondo-de-inversion-comunitaria\\\/\",\"url\":\"https:\\\/\\\/www.fcpr.org\\\/fondo-de-inversion-comunitaria\\\/\",\"name\":\"Fondo de Inversi\u00f3n Comunitaria - Fundaci\u00f3n Comunitaria de Puerto Rico\",\"isPartOf\":{\"@id\":\"https:\\\/\\\/www.fcpr.org\\\/#website\"},\"primaryImageOfPage\":{\"@id\":\"https:\\\/\\\/www.fcpr.org\\\/fondo-de-inversion-comunitaria\\\/#primaryimage\"},\"image\":{\"@id\":\"https:\\\/\\\/www.fcpr.org\\\/fondo-de-inversion-comunitaria\\\/#primaryimage\"},\"thumbnailUrl\":\"https:\\\/\\\/www.fcpr.org\\\/wp-content\\\/uploads\\\/2022\\\/11\\\/1-min-3-1024x631.jpg\",\"datePublished\":\"2018-08-18T19:52:09+00:00\",\"dateModified\":\"2024-09-04T19:12:57+00:00\",\"breadcrumb\":{\"@id\":\"https:\\\/\\\/www.fcpr.org\\\/fondo-de-inversion-comunitaria\\\/#breadcrumb\"},\"inLanguage\":\"en-US\",\"potentialAction\":[{\"@type\":\"ReadAction\",\"target\":[\"https:\\\/\\\/www.fcpr.org\\\/fondo-de-inversion-comunitaria\\\/\"]}]},{\"@type\":\"ImageObject\",\"inLanguage\":\"en-US\",\"@id\":\"https:\\\/\\\/www.fcpr.org\\\/fondo-de-inversion-comunitaria\\\/#primaryimage\",\"url\":\"https:\\\/\\\/www.fcpr.org\\\/wp-content\\\/uploads\\\/2022\\\/11\\\/1-min-3-1024x631.jpg\",\"contentUrl\":\"https:\\\/\\\/www.fcpr.org\\\/wp-content\\\/uploads\\\/2022\\\/11\\\/1-min-3-1024x631.jpg\"},{\"@type\":\"BreadcrumbList\",\"@id\":\"https:\\\/\\\/www.fcpr.org\\\/fondo-de-inversion-comunitaria\\\/#breadcrumb\",\"itemListElement\":[{\"@type\":\"ListItem\",\"position\":1,\"name\":\"Home\",\"item\":\"https:\\\/\\\/www.fcpr.org\\\/\"},{\"@type\":\"ListItem\",\"position\":2,\"name\":\"Fondo de Inversi\u00f3n Comunitaria\"}]},{\"@type\":\"WebSite\",\"@id\":\"https:\\\/\\\/www.fcpr.org\\\/#website\",\"url\":\"https:\\\/\\\/www.fcpr.org\\\/\",\"name\":\"Fundaci\u00f3n Comunitaria de Puerto Rico\",\"description\":\"Fortaleciendo el Capital Comunitario\",\"publisher\":{\"@id\":\"https:\\\/\\\/www.fcpr.org\\\/#organization\"},\"potentialAction\":[{\"@type\":\"SearchAction\",\"target\":{\"@type\":\"EntryPoint\",\"urlTemplate\":\"https:\\\/\\\/www.fcpr.org\\\/?s={search_term_string}\"},\"query-input\":{\"@type\":\"PropertyValueSpecification\",\"valueRequired\":true,\"valueName\":\"search_term_string\"}}],\"inLanguage\":\"en-US\"},{\"@type\":\"Organization\",\"@id\":\"https:\\\/\\\/www.fcpr.org\\\/#organization\",\"name\":\"Fundaci\u00f3n Comunitaria de Puerto Rico\",\"url\":\"https:\\\/\\\/www.fcpr.org\\\/\",\"logo\":{\"@type\":\"ImageObject\",\"inLanguage\":\"en-US\",\"@id\":\"https:\\\/\\\/www.fcpr.org\\\/#\\\/schema\\\/logo\\\/image\\\/\",\"url\":\"https:\\\/\\\/www.fcpr.org\\\/wp-content\\\/uploads\\\/2016\\\/08\\\/logo-corp-red.png\",\"contentUrl\":\"https:\\\/\\\/www.fcpr.org\\\/wp-content\\\/uploads\\\/2016\\\/08\\\/logo-corp-red.png\",\"width\":221,\"height\":32,\"caption\":\"Fundaci\u00f3n Comunitaria de Puerto Rico\"},\"image\":{\"@id\":\"https:\\\/\\\/www.fcpr.org\\\/#\\\/schema\\\/logo\\\/image\\\/\"},\"sameAs\":[\"https:\\\/\\\/www.facebook.com\\\/FundacionComunitaria\",\"https:\\\/\\\/x.com\\\/FComunitaria\",\"https:\\\/\\\/www.instagram.com\\\/fundacioncomunitaria\\\/\",\"https:\\\/\\\/www.youtube.com\\\/channel\\\/UCGGW21eIGw6NRin0BrylmWg\"]}]}<\/script>\n<!-- \/ Yoast SEO Premium plugin. -->","yoast_head_json":{"title":"Community Investment Fund - Puerto Rico Community Foundation","robots":{"index":"index","follow":"follow","max-snippet":"max-snippet:-1","max-image-preview":"max-image-preview:large","max-video-preview":"max-video-preview:-1"},"canonical":"https:\/\/www.fcpr.org\/en\/fondo-de-inversion-comunitaria\/","og_locale":"en_US","og_type":"article","og_title":"Fondo de Inversi\u00f3n Comunitaria","og_description":"El Fondo de Inversi\u00f3n Comunitaria (FIC) es un programa innovador de financiamiento que provee acceso a capital a organizaciones sin fines de lucro para activar el desarrollo econ\u00f3mico comunitario. La Fundaci\u00f3n Comunitaria de Puerto Rico (FCPR) estableci\u00f3 el FIC en el 2016. El instrumento es similar a fondos creados en Estados Unidos por fundaciones comunitarias, [&hellip;]","og_url":"https:\/\/www.fcpr.org\/en\/fondo-de-inversion-comunitaria\/","og_site_name":"Fundaci\u00f3n Comunitaria de Puerto Rico","article_publisher":"https:\/\/www.facebook.com\/FundacionComunitaria","article_modified_time":"2024-09-04T19:12:57+00:00","og_image":[{"url":"https:\/\/www.fcpr.org\/wp-content\/uploads\/2022\/11\/1-min-3-1024x631.jpg","type":"","width":"","height":""}],"twitter_card":"summary_large_image","twitter_site":"@FComunitaria","twitter_misc":{"Est. reading time":"2 minutes"},"schema":{"@context":"https:\/\/schema.org","@graph":[{"@type":"WebPage","@id":"https:\/\/www.fcpr.org\/fondo-de-inversion-comunitaria\/","url":"https:\/\/www.fcpr.org\/fondo-de-inversion-comunitaria\/","name":"Community Investment Fund - Puerto Rico Community Foundation","isPartOf":{"@id":"https:\/\/www.fcpr.org\/#website"},"primaryImageOfPage":{"@id":"https:\/\/www.fcpr.org\/fondo-de-inversion-comunitaria\/#primaryimage"},"image":{"@id":"https:\/\/www.fcpr.org\/fondo-de-inversion-comunitaria\/#primaryimage"},"thumbnailUrl":"https:\/\/www.fcpr.org\/wp-content\/uploads\/2022\/11\/1-min-3-1024x631.jpg","datePublished":"2018-08-18T19:52:09+00:00","dateModified":"2024-09-04T19:12:57+00:00","breadcrumb":{"@id":"https:\/\/www.fcpr.org\/fondo-de-inversion-comunitaria\/#breadcrumb"},"inLanguage":"en-US","potentialAction":[{"@type":"ReadAction","target":["https:\/\/www.fcpr.org\/fondo-de-inversion-comunitaria\/"]}]},{"@type":"ImageObject","inLanguage":"en-US","@id":"https:\/\/www.fcpr.org\/fondo-de-inversion-comunitaria\/#primaryimage","url":"https:\/\/www.fcpr.org\/wp-content\/uploads\/2022\/11\/1-min-3-1024x631.jpg","contentUrl":"https:\/\/www.fcpr.org\/wp-content\/uploads\/2022\/11\/1-min-3-1024x631.jpg"},{"@type":"BreadcrumbList","@id":"https:\/\/www.fcpr.org\/fondo-de-inversion-comunitaria\/#breadcrumb","itemListElement":[{"@type":"ListItem","position":1,"name":"Home","item":"https:\/\/www.fcpr.org\/"},{"@type":"ListItem","position":2,"name":"Fondo de Inversi\u00f3n Comunitaria"}]},{"@type":"WebSite","@id":"https:\/\/www.fcpr.org\/#website","url":"https:\/\/www.fcpr.org\/","name":"Puerto Rico Community Foundation","description":"Strengthening Community Capital","publisher":{"@id":"https:\/\/www.fcpr.org\/#organization"},"potentialAction":[{"@type":"SearchAction","target":{"@type":"EntryPoint","urlTemplate":"https:\/\/www.fcpr.org\/?s={search_term_string}"},"query-input":{"@type":"PropertyValueSpecification","valueRequired":true,"valueName":"search_term_string"}}],"inLanguage":"en-US"},{"@type":"Organization","@id":"https:\/\/www.fcpr.org\/#organization","name":"Puerto Rico Community Foundation","url":"https:\/\/www.fcpr.org\/","logo":{"@type":"ImageObject","inLanguage":"en-US","@id":"https:\/\/www.fcpr.org\/#\/schema\/logo\/image\/","url":"https:\/\/www.fcpr.org\/wp-content\/uploads\/2016\/08\/logo-corp-red.png","contentUrl":"https:\/\/www.fcpr.org\/wp-content\/uploads\/2016\/08\/logo-corp-red.png","width":221,"height":32,"caption":"Fundaci\u00f3n Comunitaria de Puerto Rico"},"image":{"@id":"https:\/\/www.fcpr.org\/#\/schema\/logo\/image\/"},"sameAs":["https:\/\/www.facebook.com\/FundacionComunitaria","https:\/\/x.com\/FComunitaria","https:\/\/www.instagram.com\/fundacioncomunitaria\/","https:\/\/www.youtube.com\/channel\/UCGGW21eIGw6NRin0BrylmWg"]}]}},"campaignId":"","_links":{"self":[{"href":"https:\/\/www.fcpr.org\/en\/wp-json\/wp\/v2\/pages\/4476","targetHints":{"allow":["GET"]}}],"collection":[{"href":"https:\/\/www.fcpr.org\/en\/wp-json\/wp\/v2\/pages"}],"about":[{"href":"https:\/\/www.fcpr.org\/en\/wp-json\/wp\/v2\/types\/page"}],"author":[{"embeddable":true,"href":"https:\/\/www.fcpr.org\/en\/wp-json\/wp\/v2\/users\/1"}],"replies":[{"embeddable":true,"href":"https:\/\/www.fcpr.org\/en\/wp-json\/wp\/v2\/comments?post=4476"}],"version-history":[{"count":89,"href":"https:\/\/www.fcpr.org\/en\/wp-json\/wp\/v2\/pages\/4476\/revisions"}],"predecessor-version":[{"id":16584,"href":"https:\/\/www.fcpr.org\/en\/wp-json\/wp\/v2\/pages\/4476\/revisions\/16584"}],"wp:attachment":[{"href":"https:\/\/www.fcpr.org\/en\/wp-json\/wp\/v2\/media?parent=4476"}],"curies":[{"name":"wp","href":"https:\/\/api.w.org\/{rel}","templated":true}]}}