{"id":4492,"date":"2018-08-21T23:55:45","date_gmt":"2018-08-21T23:55:45","guid":{"rendered":"https:\/\/fcpr.org\/?page_id=4492"},"modified":"2024-08-30T11:06:54","modified_gmt":"2024-08-30T15:06:54","slug":"enfoque","status":"publish","type":"page","link":"https:\/\/www.fcpr.org\/en\/enfoque\/","title":{"rendered":"Programmatic approaches"},"content":{"rendered":"<div class=\"wp-block-media-text alignfull has-media-on-the-right is-stacked-on-mobile is-vertically-aligned-top has-text-color has-background has-link-color wp-elements-121d09b003b79354a92aa8dc9a9086a7\" style=\"color:#fffdc7;background-color:#7fbc42;grid-template-columns:auto 60%\"><div class=\"wp-block-media-text__content\">\n<div class=\"wp-block-group has-background has-link-color wp-elements-2154da9d1fd45d19bff5e9f7279ea939\" style=\"background-color:#7fbc42;padding-top:2em;padding-right:2em;padding-bottom:2em;padding-left:2em\"><div class=\"wp-block-group__inner-container is-layout-flow wp-block-group-is-layout-flow\">\n<h4 class=\"wp-block-heading has-white-color has-text-color has-link-color wp-elements-b58c93820b99d3900996d4d4e5016496\" style=\"font-size:21px;font-weight:700;line-height:1.15\">We facilitate access to clean water and renewable energy; promote racial and gender equity and the Sustainable Development Goals (SDGs); and drive the activation of economic development.<\/h4>\n\n\n\n<p class=\"has-text-color has-link-color wp-elements-0f9be5098f24d476af91540f4b48940b\" style=\"color:#fffdc7\"><\/p>\n<\/div><\/div>\n<\/div><figure class=\"wp-block-media-text__media\"><img loading=\"lazy\" decoding=\"async\" width=\"768\" height=\"384\" src=\"https:\/\/www.fcpr.org\/wp-content\/uploads\/2022\/12\/Banner-Home-001-1-768x384-1.jpg\" alt=\"\" class=\"wp-image-12452 size-large\" srcset=\"https:\/\/www.fcpr.org\/wp-content\/uploads\/2022\/12\/Banner-Home-001-1-768x384-1.jpg 768w, https:\/\/www.fcpr.org\/wp-content\/uploads\/2022\/12\/Banner-Home-001-1-768x384-1-300x150.jpg 300w\" sizes=\"auto, (max-width: 768px) 100vw, 768px\" \/><\/figure><\/div>\n\n\n\n<div style=\"height:105px\" aria-hidden=\"true\" class=\"wp-block-spacer\"><\/div>\n\n\n\n<p class=\"has-text-align-left\">The goal of the <strong>Puerto Rico Community Foundation<\/strong> (FCPR) is to build <strong>equity, social justice and community prosperity<\/strong> by strengthening community capital: human, social, ecological, financial, physical and cultural. Each of these is <strong>identified and strengthened<\/strong> in our current strategic focuses: water, solar energy, economic development, gender and racial equity, and the Sustainable Development Goals (SDGs).<\/p>\n\n\n\n<p><strong>We do this through <\/strong>of grants, technical assistance, training, and training and<a href=\"https:\/\/www.fcpr.org\/en\/fondo-de-inversion-comunitaria\/\" target=\"_blank\" rel=\"noreferrer noopener\"> financing<\/a>. In addition, convening to generate knowledge and opportunities; connecting to strengthen networks and stimulate social capital; and amplifying experiences and lessons learned from working with communities. <\/p>\n\n\n\n<div style=\"height:50px\" aria-hidden=\"true\" class=\"wp-block-spacer\"><\/div>\n\n\n\n<div class=\"wp-block-buttons is-content-justification-center is-layout-flex wp-container-core-buttons-is-layout-a89b3969 wp-block-buttons-is-layout-flex\">\n<div class=\"wp-block-button is-style-outline is-style-outline--1\"><a class=\"wp-block-button__link wp-element-button\" href=\"https:\/\/www.fcpr.org\/en\/redundancia-energetica-para-acueductos\/\">Water<\/a><\/div>\n\n\n\n<div class=\"wp-block-button is-style-outline is-style-outline--2\"><a class=\"wp-block-button__link wp-element-button\">Energy<\/a><\/div>\n\n\n\n<div class=\"wp-block-button is-style-outline is-style-outline--3\"><a class=\"wp-block-button__link wp-element-button\" href=\"https:\/\/www.fcpr.org\/en\/programa-de-incubadoras-y-aceleradoras-de-empresas-pequenas\/\">Economic Development<\/a><\/div>\n\n\n\n<div class=\"wp-block-button is-style-outline is-style-outline--4\"><a class=\"wp-block-button__link wp-element-button\" href=\"https:\/\/www.fcpr.org\/en\/rebia\/\">Racial equity<\/a><\/div>\n\n\n\n<div class=\"wp-block-button is-style-outline is-style-outline--5\"><a class=\"wp-block-button__link wp-element-button\" href=\"https:\/\/www.fcpr.org\/en\/puerto-rico-acoge-dialogo-sobre-los-objetivos-de-desarrollo-sostenible\/\">ODS<\/a><\/div>\n<\/div>\n\n\n\n<div style=\"height:105px\" aria-hidden=\"true\" class=\"wp-block-spacer\"><\/div>\n\n\n\n<figure class=\"wp-block-image alignfull size-full\"><img loading=\"lazy\" decoding=\"async\" width=\"2560\" height=\"1707\" src=\"https:\/\/www.fcpr.org\/wp-content\/uploads\/2022\/11\/IMG_3580-min-scaled.jpg\" alt=\"\" class=\"wp-image-11960\" srcset=\"https:\/\/www.fcpr.org\/wp-content\/uploads\/2022\/11\/IMG_3580-min-scaled.jpg 2560w, https:\/\/www.fcpr.org\/wp-content\/uploads\/2022\/11\/IMG_3580-min-300x200.jpg 300w, https:\/\/www.fcpr.org\/wp-content\/uploads\/2022\/11\/IMG_3580-min-1024x683.jpg 1024w, https:\/\/www.fcpr.org\/wp-content\/uploads\/2022\/11\/IMG_3580-min-768x512.jpg 768w, https:\/\/www.fcpr.org\/wp-content\/uploads\/2022\/11\/IMG_3580-min-1536x1024.jpg 1536w, https:\/\/www.fcpr.org\/wp-content\/uploads\/2022\/11\/IMG_3580-min-2048x1365.jpg 2048w\" sizes=\"auto, (max-width: 2560px) 100vw, 2560px\" \/><\/figure>\n\n\n\n<h4 class=\"wp-block-heading has-text-align-center\" style=\"font-size:25px;line-height:1.4\"><strong>1TP5CommunityCapitalPromotion <\/strong><\/h4>\n\n\n\n<div class=\"wp-block-columns is-layout-flex wp-container-core-columns-is-layout-28f84493 wp-block-columns-is-layout-flex\">\n<div class=\"wp-block-column is-layout-flow wp-block-column-is-layout-flow\">\n<p style=\"font-size:18px\"><strong>FINANCIAL CAPITAL <\/strong>The promotion of financial capital occurs when opportunities arise to generate new sources of funds, income and employment in the community. It also includes the income generated by a social enterprise, as well as financing for microenterprises.&nbsp;<strong>PHYSICAL CAPITAL <\/strong>The increase in physical capital occurs when infrastructure is developed within an organization for the realization of a certain project.&nbsp;<strong>HUMAN CAPITAL <\/strong>Access to training, courses, coaching and skills development allows us to increase the human capital in our communities. In addition, the development of job skills in members of a community.<\/p>\n<\/div>\n\n\n\n<div class=\"wp-block-column is-layout-flow wp-block-column-is-layout-flow\">\n<p style=\"font-size:18px\"><strong>CAPITAL STOCK <\/strong>The growth of social capital occurs when the development or expansion of networks, collaboration agreements or alliances with other community, governmental or private entities is promoted. It is also achieved through citizen empowerment and participation.&nbsp;<strong>ENVIRONMENTAL CAPITAL <\/strong>Environmental capital refers to the expansion and conservation of environmental resources or the development of a philosophy of environmentally sustainable development. It also includes the protection or restoration of ecological and historical resources, and community outreach activities or services.&nbsp;<strong>CULTURAL CAPITAL <\/strong>Cultural capital is promoted through education and the dissemination of historical and cultural heritage. It also includes the development of its economic potential.<\/p>\n<\/div>\n<\/div>\n\n\n\n<h4 class=\"wp-block-heading has-text-align-center\"><\/h4>","protected":false},"excerpt":{"rendered":"<p>La meta de la Fundaci\u00f3n Comunitaria de Puerto Rico (FCPR) es construir equidad, justicia social y prosperidad comunitaria mediante eL fortalecimiento de los capitales comunitarios: humano, social, ecol\u00f3gico, financiero, f\u00edsico y cultural. Cada uno de estos es identificado y robustecido en nuestros enfoques estrat\u00e9gicos actuales: agua, energ\u00eda solar, desarrollo econ\u00f3mico, equidad racial y de g\u00e9nero [&hellip;]<\/p>\n","protected":false},"author":1,"featured_media":0,"parent":0,"menu_order":0,"comment_status":"closed","ping_status":"closed","template":"","meta":{"give_campaign_id":0,"footnotes":""},"class_list":["post-4492","page","type-page","status-publish","hentry"],"yoast_head":"<!-- This site is optimized with the Yoast SEO Premium plugin v27.2 (Yoast SEO v27.3) - https:\/\/yoast.com\/product\/yoast-seo-premium-wordpress\/ -->\n<title>Enfoques program\u00e1ticos - Fundaci\u00f3n Comunitaria de Puerto Rico<\/title>\n<meta name=\"robots\" content=\"index, follow, max-snippet:-1, max-image-preview:large, max-video-preview:-1\" \/>\n<link rel=\"canonical\" href=\"https:\/\/www.fcpr.org\/en\/enfoque\/\" \/>\n<meta property=\"og:locale\" content=\"en_US\" \/>\n<meta property=\"og:type\" content=\"article\" \/>\n<meta property=\"og:title\" content=\"Enfoques program\u00e1ticos\" \/>\n<meta property=\"og:description\" content=\"La meta de la Fundaci\u00f3n Comunitaria de Puerto Rico (FCPR) es construir equidad, justicia social y prosperidad comunitaria mediante eL fortalecimiento de los capitales comunitarios: humano, social, ecol\u00f3gico, financiero, f\u00edsico y cultural. Cada uno de estos es identificado y robustecido en nuestros enfoques estrat\u00e9gicos actuales: agua, energ\u00eda solar, desarrollo econ\u00f3mico, equidad racial y de g\u00e9nero [&hellip;]\" \/>\n<meta property=\"og:url\" content=\"https:\/\/www.fcpr.org\/en\/enfoque\/\" \/>\n<meta property=\"og:site_name\" content=\"Fundaci\u00f3n Comunitaria de Puerto Rico\" \/>\n<meta property=\"article:publisher\" content=\"https:\/\/www.facebook.com\/FundacionComunitaria\" \/>\n<meta property=\"article:modified_time\" content=\"2024-08-30T15:06:54+00:00\" \/>\n<meta property=\"og:image\" content=\"https:\/\/www.fcpr.org\/wp-content\/uploads\/2022\/12\/Banner-Home-001-1-768x384-1.jpg\" \/>\n<meta name=\"twitter:card\" content=\"summary_large_image\" \/>\n<meta name=\"twitter:site\" content=\"@FComunitaria\" \/>\n<meta name=\"twitter:label1\" content=\"Est. reading time\" \/>\n\t<meta name=\"twitter:data1\" content=\"2 minutes\" \/>\n<script type=\"application\/ld+json\" class=\"yoast-schema-graph\">{\"@context\":\"https:\\\/\\\/schema.org\",\"@graph\":[{\"@type\":\"WebPage\",\"@id\":\"https:\\\/\\\/www.fcpr.org\\\/enfoque\\\/\",\"url\":\"https:\\\/\\\/www.fcpr.org\\\/enfoque\\\/\",\"name\":\"Enfoques program\u00e1ticos - Fundaci\u00f3n Comunitaria de Puerto Rico\",\"isPartOf\":{\"@id\":\"https:\\\/\\\/www.fcpr.org\\\/#website\"},\"primaryImageOfPage\":{\"@id\":\"https:\\\/\\\/www.fcpr.org\\\/enfoque\\\/#primaryimage\"},\"image\":{\"@id\":\"https:\\\/\\\/www.fcpr.org\\\/enfoque\\\/#primaryimage\"},\"thumbnailUrl\":\"https:\\\/\\\/www.fcpr.org\\\/wp-content\\\/uploads\\\/2022\\\/12\\\/Banner-Home-001-1-768x384-1.jpg\",\"datePublished\":\"2018-08-21T23:55:45+00:00\",\"dateModified\":\"2024-08-30T15:06:54+00:00\",\"breadcrumb\":{\"@id\":\"https:\\\/\\\/www.fcpr.org\\\/enfoque\\\/#breadcrumb\"},\"inLanguage\":\"en-US\",\"potentialAction\":[{\"@type\":\"ReadAction\",\"target\":[\"https:\\\/\\\/www.fcpr.org\\\/enfoque\\\/\"]}]},{\"@type\":\"ImageObject\",\"inLanguage\":\"en-US\",\"@id\":\"https:\\\/\\\/www.fcpr.org\\\/enfoque\\\/#primaryimage\",\"url\":\"https:\\\/\\\/www.fcpr.org\\\/wp-content\\\/uploads\\\/2022\\\/12\\\/Banner-Home-001-1-768x384-1.jpg\",\"contentUrl\":\"https:\\\/\\\/www.fcpr.org\\\/wp-content\\\/uploads\\\/2022\\\/12\\\/Banner-Home-001-1-768x384-1.jpg\"},{\"@type\":\"BreadcrumbList\",\"@id\":\"https:\\\/\\\/www.fcpr.org\\\/enfoque\\\/#breadcrumb\",\"itemListElement\":[{\"@type\":\"ListItem\",\"position\":1,\"name\":\"Home\",\"item\":\"https:\\\/\\\/www.fcpr.org\\\/\"},{\"@type\":\"ListItem\",\"position\":2,\"name\":\"Enfoques program\u00e1ticos\"}]},{\"@type\":\"WebSite\",\"@id\":\"https:\\\/\\\/www.fcpr.org\\\/#website\",\"url\":\"https:\\\/\\\/www.fcpr.org\\\/\",\"name\":\"Fundaci\u00f3n Comunitaria de Puerto Rico\",\"description\":\"Fortaleciendo el Capital Comunitario\",\"publisher\":{\"@id\":\"https:\\\/\\\/www.fcpr.org\\\/#organization\"},\"potentialAction\":[{\"@type\":\"SearchAction\",\"target\":{\"@type\":\"EntryPoint\",\"urlTemplate\":\"https:\\\/\\\/www.fcpr.org\\\/?s={search_term_string}\"},\"query-input\":{\"@type\":\"PropertyValueSpecification\",\"valueRequired\":true,\"valueName\":\"search_term_string\"}}],\"inLanguage\":\"en-US\"},{\"@type\":\"Organization\",\"@id\":\"https:\\\/\\\/www.fcpr.org\\\/#organization\",\"name\":\"Fundaci\u00f3n Comunitaria de Puerto Rico\",\"url\":\"https:\\\/\\\/www.fcpr.org\\\/\",\"logo\":{\"@type\":\"ImageObject\",\"inLanguage\":\"en-US\",\"@id\":\"https:\\\/\\\/www.fcpr.org\\\/#\\\/schema\\\/logo\\\/image\\\/\",\"url\":\"https:\\\/\\\/www.fcpr.org\\\/wp-content\\\/uploads\\\/2016\\\/08\\\/logo-corp-red.png\",\"contentUrl\":\"https:\\\/\\\/www.fcpr.org\\\/wp-content\\\/uploads\\\/2016\\\/08\\\/logo-corp-red.png\",\"width\":221,\"height\":32,\"caption\":\"Fundaci\u00f3n Comunitaria de Puerto Rico\"},\"image\":{\"@id\":\"https:\\\/\\\/www.fcpr.org\\\/#\\\/schema\\\/logo\\\/image\\\/\"},\"sameAs\":[\"https:\\\/\\\/www.facebook.com\\\/FundacionComunitaria\",\"https:\\\/\\\/x.com\\\/FComunitaria\",\"https:\\\/\\\/www.instagram.com\\\/fundacioncomunitaria\\\/\",\"https:\\\/\\\/www.youtube.com\\\/channel\\\/UCGGW21eIGw6NRin0BrylmWg\"]}]}<\/script>\n<!-- \/ Yoast SEO Premium plugin. -->","yoast_head_json":{"title":"Programmatic Approaches - Community Foundation of Puerto Rico","robots":{"index":"index","follow":"follow","max-snippet":"max-snippet:-1","max-image-preview":"max-image-preview:large","max-video-preview":"max-video-preview:-1"},"canonical":"https:\/\/www.fcpr.org\/en\/enfoque\/","og_locale":"en_US","og_type":"article","og_title":"Enfoques program\u00e1ticos","og_description":"La meta de la Fundaci\u00f3n Comunitaria de Puerto Rico (FCPR) es construir equidad, justicia social y prosperidad comunitaria mediante eL fortalecimiento de los capitales comunitarios: humano, social, ecol\u00f3gico, financiero, f\u00edsico y cultural. Cada uno de estos es identificado y robustecido en nuestros enfoques estrat\u00e9gicos actuales: agua, energ\u00eda solar, desarrollo econ\u00f3mico, equidad racial y de g\u00e9nero [&hellip;]","og_url":"https:\/\/www.fcpr.org\/en\/enfoque\/","og_site_name":"Fundaci\u00f3n Comunitaria de Puerto Rico","article_publisher":"https:\/\/www.facebook.com\/FundacionComunitaria","article_modified_time":"2024-08-30T15:06:54+00:00","og_image":[{"url":"https:\/\/www.fcpr.org\/wp-content\/uploads\/2022\/12\/Banner-Home-001-1-768x384-1.jpg","type":"","width":"","height":""}],"twitter_card":"summary_large_image","twitter_site":"@FComunitaria","twitter_misc":{"Est. reading time":"2 minutes"},"schema":{"@context":"https:\/\/schema.org","@graph":[{"@type":"WebPage","@id":"https:\/\/www.fcpr.org\/enfoque\/","url":"https:\/\/www.fcpr.org\/enfoque\/","name":"Programmatic Approaches - Community Foundation of Puerto Rico","isPartOf":{"@id":"https:\/\/www.fcpr.org\/#website"},"primaryImageOfPage":{"@id":"https:\/\/www.fcpr.org\/enfoque\/#primaryimage"},"image":{"@id":"https:\/\/www.fcpr.org\/enfoque\/#primaryimage"},"thumbnailUrl":"https:\/\/www.fcpr.org\/wp-content\/uploads\/2022\/12\/Banner-Home-001-1-768x384-1.jpg","datePublished":"2018-08-21T23:55:45+00:00","dateModified":"2024-08-30T15:06:54+00:00","breadcrumb":{"@id":"https:\/\/www.fcpr.org\/enfoque\/#breadcrumb"},"inLanguage":"en-US","potentialAction":[{"@type":"ReadAction","target":["https:\/\/www.fcpr.org\/enfoque\/"]}]},{"@type":"ImageObject","inLanguage":"en-US","@id":"https:\/\/www.fcpr.org\/enfoque\/#primaryimage","url":"https:\/\/www.fcpr.org\/wp-content\/uploads\/2022\/12\/Banner-Home-001-1-768x384-1.jpg","contentUrl":"https:\/\/www.fcpr.org\/wp-content\/uploads\/2022\/12\/Banner-Home-001-1-768x384-1.jpg"},{"@type":"BreadcrumbList","@id":"https:\/\/www.fcpr.org\/enfoque\/#breadcrumb","itemListElement":[{"@type":"ListItem","position":1,"name":"Home","item":"https:\/\/www.fcpr.org\/"},{"@type":"ListItem","position":2,"name":"Enfoques program\u00e1ticos"}]},{"@type":"WebSite","@id":"https:\/\/www.fcpr.org\/#website","url":"https:\/\/www.fcpr.org\/","name":"Puerto Rico Community Foundation","description":"Strengthening Community Capital","publisher":{"@id":"https:\/\/www.fcpr.org\/#organization"},"potentialAction":[{"@type":"SearchAction","target":{"@type":"EntryPoint","urlTemplate":"https:\/\/www.fcpr.org\/?s={search_term_string}"},"query-input":{"@type":"PropertyValueSpecification","valueRequired":true,"valueName":"search_term_string"}}],"inLanguage":"en-US"},{"@type":"Organization","@id":"https:\/\/www.fcpr.org\/#organization","name":"Puerto Rico Community Foundation","url":"https:\/\/www.fcpr.org\/","logo":{"@type":"ImageObject","inLanguage":"en-US","@id":"https:\/\/www.fcpr.org\/#\/schema\/logo\/image\/","url":"https:\/\/www.fcpr.org\/wp-content\/uploads\/2016\/08\/logo-corp-red.png","contentUrl":"https:\/\/www.fcpr.org\/wp-content\/uploads\/2016\/08\/logo-corp-red.png","width":221,"height":32,"caption":"Fundaci\u00f3n Comunitaria de Puerto Rico"},"image":{"@id":"https:\/\/www.fcpr.org\/#\/schema\/logo\/image\/"},"sameAs":["https:\/\/www.facebook.com\/FundacionComunitaria","https:\/\/x.com\/FComunitaria","https:\/\/www.instagram.com\/fundacioncomunitaria\/","https:\/\/www.youtube.com\/channel\/UCGGW21eIGw6NRin0BrylmWg"]}]}},"campaignId":"","_links":{"self":[{"href":"https:\/\/www.fcpr.org\/en\/wp-json\/wp\/v2\/pages\/4492","targetHints":{"allow":["GET"]}}],"collection":[{"href":"https:\/\/www.fcpr.org\/en\/wp-json\/wp\/v2\/pages"}],"about":[{"href":"https:\/\/www.fcpr.org\/en\/wp-json\/wp\/v2\/types\/page"}],"author":[{"embeddable":true,"href":"https:\/\/www.fcpr.org\/en\/wp-json\/wp\/v2\/users\/1"}],"replies":[{"embeddable":true,"href":"https:\/\/www.fcpr.org\/en\/wp-json\/wp\/v2\/comments?post=4492"}],"version-history":[{"count":111,"href":"https:\/\/www.fcpr.org\/en\/wp-json\/wp\/v2\/pages\/4492\/revisions"}],"predecessor-version":[{"id":16539,"href":"https:\/\/www.fcpr.org\/en\/wp-json\/wp\/v2\/pages\/4492\/revisions\/16539"}],"wp:attachment":[{"href":"https:\/\/www.fcpr.org\/en\/wp-json\/wp\/v2\/media?parent=4492"}],"curies":[{"name":"wp","href":"https:\/\/api.w.org\/{rel}","templated":true}]}}