{"id":7475,"date":"2020-03-19T14:15:45","date_gmt":"2020-03-19T14:15:45","guid":{"rendered":"https:\/\/fcpr.org\/?page_id=7475"},"modified":"2022-03-10T18:13:20","modified_gmt":"2022-03-10T18:13:20","slug":"approaches","status":"publish","type":"page","link":"https:\/\/www.fcpr.org\/en\/approaches\/","title":{"rendered":"Our strategy"},"content":{"rendered":"<p>[vc_row][vc_column][vc_column_text]<\/p>\r\n\r\n<h6 class=\"wp-block-heading\" style=\"text-align: center;\">Fundaci\u00f3n Comunitaria de Puerto Rico<\/h6>\r\n<h2 style=\"text-align: center;\">Strenthening Community Capital<\/h2>\r\n\r\n<p>OUR GOAL is to reach <strong>equity, social justice, and community prosperity<\/strong>,\u00a0 through the <strong>growth and strengthening of community capital<\/strong>: human, social, ecological, cultural, financial and physical. These capitals are the center of our strategic foci: quality education and capacity building, renewable energy, safe housing, potable water, and economic development.<\/p>\r\n\r\n<p>To accomplish it, we award to non-profit organizations grants, technical assistance, and capacity building (to learn about financing to non-profit, press <a href=\"https:\/\/fcpr.org\/community-investment-fund\/\">here<\/a>).<\/p>\r\n<blockquote>\r\n<p>\u00abWe contribute to the development of our communities while promoting social justice\u00bb, Dr. Nelson Col\u00f3n, FCPR&#8217;s president.<\/p>\r\n<\/blockquote>\r\n<p>[\/vc_column_text][\/vc_column][\/vc_row][vc_row][vc_column][vc_tta_tabs][vc_tta_section title=\u00bbRenewable Energy\u00bb tab_id=\u00bb1585662375864-c1aef5be-2f8a\u00bb][vc_column_text]<\/p>\r\n<p><strong>Access to renewable energy<\/strong><\/p>\r\n<ul>\r\n<li><strong>Toro Negro, Ciales,<\/strong> became the first solar community in Puerto Rico owned and managed by its residents, connecting 28 homes through 20 microgrid.<\/li>\r\n<li><strong>Pirucho Coop<\/strong>,<strong> Caguas,<\/strong> became the first solar community with a cooperative energy model<\/li>\r\n<li><strong>9 low-income rental homes in Esperanza Village,<\/strong> Juncos, have their own microgrid, recognized as the first solar microgrid certified by the Puerto Rico Energy Bureau.<\/li>\r\n<li><strong>30 homes<\/strong> in Loiza have solar energy systems<\/li>\r\n<li><strong>37 community health care clinics<\/strong> with access to solar energy for their emergency rooms and\/or refrigerators<\/li>\r\n<li><strong>1 hydroponic<\/strong> center<\/li>\r\n<li><strong>3 mobile<\/strong> renewable energy systems<\/li>\r\n<li><strong>3 community resiliency hubs<\/strong><\/li>\r\n<li><strong>6 community aqueducts<\/strong> empowered with solar systems<\/li>\r\n<\/ul>\r\n<p><strong>IN PROGRESS&#8230;<\/strong><\/p>\r\n<ul>\r\n<li><strong>Solarizing the Island of Culebra.<\/strong> The U.S. Economic Development Administration awarded a $4.1 million grant to Fundaci\u00f3n Comunitaria de Puerto Rico for a project that will provide business and nonprofits organizations in Culebra access to solar energy and storage infrastructure.<\/li>\r\n<li><strong>Non-PRASA Back-Up Energy Project<\/strong>: Solar energy system for 242 <strong>community aqueducts<\/strong> that include solar panels, a high-efficiency solar pump, complemented by a power generator with transfer switch and fuel storage capacity for three (3) days.<\/li>\r\n<li><strong>Puerto Rico Community Energy Resilience Initiative (CERI)<\/strong>, an ongoing initiative* designed specifically to use blended finance to scale clean-energy solutions to hundreds of critical facilities in Puerto Rico. *<em>CERI was founded by The Rockefeller Foundation; RMI; Fundaci\u00f3n Comunitaria de Puerto Rico; The Puerto Rico Science, Technology, and Research Trust; the Association of Renewable Energy Consultants and Contractors for Puerto Rico; and Resilient Power Puerto Rico.<\/em><\/li>\r\n<li><strong>Community Green Energy Corridor<\/strong> | A study to explore the potential of boosting solar communities in the central area of the island.\u00a0<\/li>\r\n<\/ul>\r\n<p><em>Learn more<a href=\"https:\/\/secureservercdn.net\/198.71.233.235\/nzm.af5.myftpupload.com\/wp-content\/uploads\/2015\/11\/FCPR-Anuario-2019-20-15-febrero-WEB.pdf\"> Informe Anual 2019-2020<\/a> (Spanish Only)<\/em><\/p>\r\n<p>[\/vc_column_text][\/vc_tta_section][vc_tta_section title=\u00bbWater\u00bb tab_id=\u00bb1585662375880-4ce18a6c-2c2a\u00bb][vc_column_text]<\/p>\r\n<p><strong>Access to Water<\/strong><\/p>\r\n<p><strong>Agua Pa \u2019Nosotros <\/strong>is a program of Fundaci\u00f3n Comunitaria de Puerto Rico that provides access to potable water by strengthening the community aqueducts in four essential areas: infrastructure, community organization, administration, and compliance with regulatory agencies.<\/p>\r\n<p>At present, Agua Pa \u2019Nosotros has had relations with 102 communities with community aqueducts, of which 60 aqueducts have received technical assistance, 20 communities have received grants to improve their infrastructure; two emergency centers have been developed in communities with community aqueducts; three gatherings among peers have been celebrated, and 13 community aqueducts received grants to support community actions against the Covid-19 pandemic.<\/p>\r\n<p><strong>IN PROGRESS&#8230;\u00a0\u00a0<\/strong><\/p>\r\n<ul>\r\n<li><strong>Non-PRASA Back-Up Energy Project (FEMA\/COR3)<\/strong>: Solar energy system for approximately 242 community aqueducts that include solar panels, a high-efficiency solar pump, complemented by a power generator with transfer switch and fuel storage capacity for three (3) days.<\/li>\r\n<li><strong>Puerto Rico Community Aqueducts Network\u00a0<\/strong><\/li>\r\n<li><strong>Strengthening community aqueducts in the southern region<\/strong> <strong>of Puerto Rico<\/strong> affected by the earthquakes.<\/li>\r\n<\/ul>\r\n<p>This FCPR program has had the following partners and donors: Hispanic Federation, Global Giving, Oxfam, and Conrad N. Hilton Foundation.<\/p>\r\n<p>[\/vc_column_text][\/vc_tta_section][vc_tta_section title=\u00bbHousing\u00bb tab_id=\u00bb1585662436485-237dedf9-79b4&#8243;][vc_column_text]<\/p>\r\n<p><strong>Access to Housing<\/strong><\/p>\r\n<p>For decades, Fundaci\u00f3n Comunitaria de Puerto Rico has facilitated affordable housing through philanthropic investments to home building organizations. With the passage of Hurricanes Irma and Mar\u00eda, and then with the earthquakes of 2020, the need to provide safe homes to families increased. With funds granted in 2018, during the past two years (2019 and 2020), four organizations managed to complete the rehabilitation of 64 homes in 17 municipalities. Also, more than 5,000 people supported in their housing relocation process.<\/p>\r\n<p>[\/vc_column_text][\/vc_tta_section][vc_tta_section title=\u00bbEconomic Development\u00bb tab_id=\u00bb1585662437192-63bd0048-991f\u00bb][vc_column_text]<\/p>\r\n<p><strong>Investing in Community Economic Development<\/strong><\/p>\r\n<p>Community Economic Development has been one of Fundaci\u00f3n Comunitaria de Puerto Rico foci throughout its history, as well as access to housing, community development and education. During 2019 and 2020, Fundaci\u00f3n Comunitaria de Puerto Rico has facilitated the strengthening of community incubators and social and solidarity economy initiatives. Also, the Community Investment Fund (FIC), established in 2014, is nurtured by private investors who wish to invest in social responsibility mechanisms in their own land &#8211; Puerto Rico. It has become the only source of financing for non-profit organizations interested in capitalizing community loan programs, buying and rehabilitating affordable housing, obtaining operational capital and financing projects that generate economic and social returns.<\/p>\r\n<p>[\/vc_column_text][\/vc_tta_section][vc_tta_section title=\u00bbEducation\u00bb tab_id=\u00bb1585662439421-2d0ef993-8358&#8243;][vc_column_text]<\/p>\r\n<p><strong>Strengthening education\u00a0<\/strong><\/p>\r\n<p>Fundaci\u00f3n Comunitaria de Puerto Rico is committed to strengthening education in Puerto Rico through various philanthropic initiatives that include the scholarship program and funding opportunities to educators to strengthen their educational strategies.<\/p>\r\n<p>[\/vc_column_text][\/vc_tta_section][vc_tta_section title=\u00bbLo\u00edza\u00bb tab_id=\u00bb1621435703240-de3cd41a-257e\u00bb][vc_column_text]<\/p>\r\n<p>During 2019 and 2020, Fundaci\u00f3n Comunitaria de Puerto Rico implemented a community development strategy in Lo\u00edza. With the aspiration of reducing the inequality gap, the support to Lo\u00edza has been multidimensional, working with non-profit organizations, many of them from<em> lo\u00edce\u00f1as <\/em>(from Lo\u00edza), to address the development of emotional and family health and expand educational, economic and housing opportunities. In addition, support the violence reduction strategies that were already being implemented. Its implementation is the result of efforts begun in 2015, aimed at promoting opportunities for racial and social justice in a municipality with a predominantly afro-descendant population. The strategies of the past two years have been supported by W.K. Kellogg Foundation, Obama Foundation (My Brother\u2019s Keeper \/ Alianza por la Paz: Por un Nuevo Lo\u00edza), NBPA Foundation, Enterprise, Marguerite Casey Foundation through Hispanic in Philanthropy; Benny&#8217;s Circle of Friends, Peter Alfond Foundation and Amgen Foundation, among other donors.<\/p>\r\n<p>[\/vc_column_text][\/vc_tta_section][\/vc_tta_tabs][\/vc_column][\/vc_row][vc_row][vc_column][vc_column_text]<\/p>\r\n<h2>#ImpulsoAlCapitalComunitario<\/h2>\r\n<p><strong>FINANCIAL CAPITAL <\/strong>Financial capital is stimulated when the community receives a grant to install water metering equipment.\u00a0The metering system will allow measuring water consumption per family in order to charge families for the use of the water. This is a very important step for community residents, as the amount charged will allow for maintenance, repair of the infrastructure and, better yet, becoming self-sustainable.\u00a0<strong><!-- \/wp:post-content --><\/strong><\/p>\r\n<p><!-- wp:paragraph --><strong>PHYSICAL CAPITAL<\/strong> Physical capital is strengthened through infrastructure improvements facilitated by grants, such as the ones given to support repairs and reinforcement of community aqueducts. It is also evident in each house rehabilitated through a Community Housing Development Organizations (CHDOs).<\/p>\r\n<p><strong>HUMAN CAPITAL<\/strong> \u00a0Human capital is strengthened with capacity building and education received by community members in areas like incubation of micro-enterprises, housing development, and teachers\u2019 leadership skills.\u00a0It&#8217;s also reinforced with each scholarship awarded to support youth education.<\/p>\r\n<p><strong>SOCIAL CAPITAL \u00a0<\/strong>Social capital is strengthened with the development and expansion of networks and alliances that promote long-term relationships and build trust.\u00a0This is evident when 75 community aqueducts leaders convened at the Corujas community in Aguas Buenas to share lessons learning and experiences.<strong>\u00a0<\/strong><\/p>\r\n<p><strong>ECOLOGICAL CAPITAL \u00a0<\/strong>Environmental capital is present in each solar energy project but also in grants made to support hydroponics, replant coral reefs, plant coffee, and create water collection and treatment systems for consumption.<\/p>\r\n<p><strong>CULTURAL\u00a0CAPITAL <\/strong>Cultural capital is present through education and the dissemination of history and traditions and their conversion into economic activity.\u00a0<!-- wp:paragraph -->The support given to creative industries and to teachers to implement innovative strategies in the classroom are strategies set forth by the Foundation.<\/p>\r\n<p><!-- wp:paragraph \/-->\u00a0<\/p>\r\n<p><!-- wp:paragraph \/-->\u00a0<\/p>\r\n<p><!-- wp:paragraph \/-->\u00a0<\/p>\r\n<!-- wp:paragraph \/-->\r\n\r\n<!-- wp:paragraph \/-->\r\n<p><!-- wp:paragraph \/-->[\/vc_column_text][\/vc_column][\/vc_row]<\/p><!-- \/wp:paragraph -->","protected":false},"excerpt":{"rendered":"<p>[vc_row][vc_column][vc_column_text] Fundaci\u00f3n Comunitaria de Puerto Rico Strenthening Community Capital OUR GOAL is to reach equity, social justice, and community prosperity,\u00a0 through the growth and strengthening of community capital: human, social, ecological, cultural, financial and physical. These capitals are the center of our strategic foci: quality education and capacity building, renewable energy, safe housing, potable water, [&hellip;]<\/p>\n","protected":false},"author":1,"featured_media":0,"parent":0,"menu_order":0,"comment_status":"closed","ping_status":"closed","template":"","meta":{"give_campaign_id":0,"footnotes":""},"class_list":["post-7475","page","type-page","status-publish","hentry"],"yoast_head":"<!-- This site is optimized with the Yoast SEO Premium plugin v27.3 (Yoast SEO v27.4) - https:\/\/yoast.com\/product\/yoast-seo-premium-wordpress\/ -->\n<title>Our strategy - Fundaci\u00f3n Comunitaria de Puerto Rico<\/title>\n<meta name=\"robots\" content=\"index, follow, max-snippet:-1, max-image-preview:large, max-video-preview:-1\" \/>\n<link rel=\"canonical\" href=\"https:\/\/www.fcpr.org\/en\/approaches\/\" \/>\n<meta property=\"og:locale\" content=\"en_US\" \/>\n<meta property=\"og:type\" content=\"article\" \/>\n<meta property=\"og:title\" content=\"Our strategy\" \/>\n<meta property=\"og:description\" content=\"[vc_row][vc_column][vc_column_text] Fundaci\u00f3n Comunitaria de Puerto Rico Strenthening Community Capital OUR GOAL is to reach equity, social justice, and community prosperity,\u00a0 through the growth and strengthening of community capital: human, social, ecological, cultural, financial and physical. These capitals are the center of our strategic foci: quality education and capacity building, renewable energy, safe housing, potable water, [&hellip;]\" \/>\n<meta property=\"og:url\" content=\"https:\/\/www.fcpr.org\/en\/approaches\/\" \/>\n<meta property=\"og:site_name\" content=\"Fundaci\u00f3n Comunitaria de Puerto Rico\" \/>\n<meta property=\"article:publisher\" content=\"https:\/\/www.facebook.com\/FundacionComunitaria\" \/>\n<meta property=\"article:modified_time\" content=\"2022-03-10T18:13:20+00:00\" \/>\n<meta name=\"twitter:card\" content=\"summary_large_image\" \/>\n<meta name=\"twitter:site\" content=\"@FComunitaria\" \/>\n<meta name=\"twitter:label1\" content=\"Est. reading time\" \/>\n\t<meta name=\"twitter:data1\" content=\"7 minutes\" \/>\n<script type=\"application\/ld+json\" class=\"yoast-schema-graph\">{\"@context\":\"https:\\\/\\\/schema.org\",\"@graph\":[{\"@type\":\"WebPage\",\"@id\":\"https:\\\/\\\/www.fcpr.org\\\/approaches\\\/\",\"url\":\"https:\\\/\\\/www.fcpr.org\\\/approaches\\\/\",\"name\":\"Our strategy - Fundaci\u00f3n Comunitaria de Puerto Rico\",\"isPartOf\":{\"@id\":\"https:\\\/\\\/www.fcpr.org\\\/#website\"},\"datePublished\":\"2020-03-19T14:15:45+00:00\",\"dateModified\":\"2022-03-10T18:13:20+00:00\",\"breadcrumb\":{\"@id\":\"https:\\\/\\\/www.fcpr.org\\\/approaches\\\/#breadcrumb\"},\"inLanguage\":\"en-US\",\"potentialAction\":[{\"@type\":\"ReadAction\",\"target\":[\"https:\\\/\\\/www.fcpr.org\\\/approaches\\\/\"]}]},{\"@type\":\"BreadcrumbList\",\"@id\":\"https:\\\/\\\/www.fcpr.org\\\/approaches\\\/#breadcrumb\",\"itemListElement\":[{\"@type\":\"ListItem\",\"position\":1,\"name\":\"Home\",\"item\":\"https:\\\/\\\/www.fcpr.org\\\/\"},{\"@type\":\"ListItem\",\"position\":2,\"name\":\"Our strategy\"}]},{\"@type\":\"WebSite\",\"@id\":\"https:\\\/\\\/www.fcpr.org\\\/#website\",\"url\":\"https:\\\/\\\/www.fcpr.org\\\/\",\"name\":\"Fundaci\u00f3n Comunitaria de Puerto Rico\",\"description\":\"Fortaleciendo el Capital Comunitario\",\"publisher\":{\"@id\":\"https:\\\/\\\/www.fcpr.org\\\/#organization\"},\"potentialAction\":[{\"@type\":\"SearchAction\",\"target\":{\"@type\":\"EntryPoint\",\"urlTemplate\":\"https:\\\/\\\/www.fcpr.org\\\/?s={search_term_string}\"},\"query-input\":{\"@type\":\"PropertyValueSpecification\",\"valueRequired\":true,\"valueName\":\"search_term_string\"}}],\"inLanguage\":\"en-US\"},{\"@type\":\"Organization\",\"@id\":\"https:\\\/\\\/www.fcpr.org\\\/#organization\",\"name\":\"Fundaci\u00f3n Comunitaria de Puerto Rico\",\"url\":\"https:\\\/\\\/www.fcpr.org\\\/\",\"logo\":{\"@type\":\"ImageObject\",\"inLanguage\":\"en-US\",\"@id\":\"https:\\\/\\\/www.fcpr.org\\\/#\\\/schema\\\/logo\\\/image\\\/\",\"url\":\"https:\\\/\\\/www.fcpr.org\\\/wp-content\\\/uploads\\\/2016\\\/08\\\/logo-corp-red.png\",\"contentUrl\":\"https:\\\/\\\/www.fcpr.org\\\/wp-content\\\/uploads\\\/2016\\\/08\\\/logo-corp-red.png\",\"width\":221,\"height\":32,\"caption\":\"Fundaci\u00f3n Comunitaria de Puerto Rico\"},\"image\":{\"@id\":\"https:\\\/\\\/www.fcpr.org\\\/#\\\/schema\\\/logo\\\/image\\\/\"},\"sameAs\":[\"https:\\\/\\\/www.facebook.com\\\/FundacionComunitaria\",\"https:\\\/\\\/x.com\\\/FComunitaria\",\"https:\\\/\\\/www.instagram.com\\\/fundacioncomunitaria\\\/\",\"https:\\\/\\\/www.youtube.com\\\/channel\\\/UCGGW21eIGw6NRin0BrylmWg\"]}]}<\/script>\n<!-- \/ Yoast SEO Premium plugin. -->","yoast_head_json":{"title":"Our strategy - Fundaci\u00f3n Comunitaria de Puerto Rico","robots":{"index":"index","follow":"follow","max-snippet":"max-snippet:-1","max-image-preview":"max-image-preview:large","max-video-preview":"max-video-preview:-1"},"canonical":"https:\/\/www.fcpr.org\/en\/approaches\/","og_locale":"en_US","og_type":"article","og_title":"Our strategy","og_description":"[vc_row][vc_column][vc_column_text] Fundaci\u00f3n Comunitaria de Puerto Rico Strenthening Community Capital OUR GOAL is to reach equity, social justice, and community prosperity,\u00a0 through the growth and strengthening of community capital: human, social, ecological, cultural, financial and physical. These capitals are the center of our strategic foci: quality education and capacity building, renewable energy, safe housing, potable water, [&hellip;]","og_url":"https:\/\/www.fcpr.org\/en\/approaches\/","og_site_name":"Fundaci\u00f3n Comunitaria de Puerto Rico","article_publisher":"https:\/\/www.facebook.com\/FundacionComunitaria","article_modified_time":"2022-03-10T18:13:20+00:00","twitter_card":"summary_large_image","twitter_site":"@FComunitaria","twitter_misc":{"Est. reading time":"7 minutes"},"schema":{"@context":"https:\/\/schema.org","@graph":[{"@type":"WebPage","@id":"https:\/\/www.fcpr.org\/approaches\/","url":"https:\/\/www.fcpr.org\/approaches\/","name":"Our strategy - Fundaci\u00f3n Comunitaria de Puerto Rico","isPartOf":{"@id":"https:\/\/www.fcpr.org\/#website"},"datePublished":"2020-03-19T14:15:45+00:00","dateModified":"2022-03-10T18:13:20+00:00","breadcrumb":{"@id":"https:\/\/www.fcpr.org\/approaches\/#breadcrumb"},"inLanguage":"en-US","potentialAction":[{"@type":"ReadAction","target":["https:\/\/www.fcpr.org\/approaches\/"]}]},{"@type":"BreadcrumbList","@id":"https:\/\/www.fcpr.org\/approaches\/#breadcrumb","itemListElement":[{"@type":"ListItem","position":1,"name":"Home","item":"https:\/\/www.fcpr.org\/"},{"@type":"ListItem","position":2,"name":"Our strategy"}]},{"@type":"WebSite","@id":"https:\/\/www.fcpr.org\/#website","url":"https:\/\/www.fcpr.org\/","name":"Puerto Rico Community Foundation","description":"Strengthening Community Capital","publisher":{"@id":"https:\/\/www.fcpr.org\/#organization"},"potentialAction":[{"@type":"SearchAction","target":{"@type":"EntryPoint","urlTemplate":"https:\/\/www.fcpr.org\/?s={search_term_string}"},"query-input":{"@type":"PropertyValueSpecification","valueRequired":true,"valueName":"search_term_string"}}],"inLanguage":"en-US"},{"@type":"Organization","@id":"https:\/\/www.fcpr.org\/#organization","name":"Puerto Rico Community Foundation","url":"https:\/\/www.fcpr.org\/","logo":{"@type":"ImageObject","inLanguage":"en-US","@id":"https:\/\/www.fcpr.org\/#\/schema\/logo\/image\/","url":"https:\/\/www.fcpr.org\/wp-content\/uploads\/2016\/08\/logo-corp-red.png","contentUrl":"https:\/\/www.fcpr.org\/wp-content\/uploads\/2016\/08\/logo-corp-red.png","width":221,"height":32,"caption":"Fundaci\u00f3n Comunitaria de Puerto Rico"},"image":{"@id":"https:\/\/www.fcpr.org\/#\/schema\/logo\/image\/"},"sameAs":["https:\/\/www.facebook.com\/FundacionComunitaria","https:\/\/x.com\/FComunitaria","https:\/\/www.instagram.com\/fundacioncomunitaria\/","https:\/\/www.youtube.com\/channel\/UCGGW21eIGw6NRin0BrylmWg"]}]}},"campaignId":"","_links":{"self":[{"href":"https:\/\/www.fcpr.org\/en\/wp-json\/wp\/v2\/pages\/7475","targetHints":{"allow":["GET"]}}],"collection":[{"href":"https:\/\/www.fcpr.org\/en\/wp-json\/wp\/v2\/pages"}],"about":[{"href":"https:\/\/www.fcpr.org\/en\/wp-json\/wp\/v2\/types\/page"}],"author":[{"embeddable":true,"href":"https:\/\/www.fcpr.org\/en\/wp-json\/wp\/v2\/users\/1"}],"replies":[{"embeddable":true,"href":"https:\/\/www.fcpr.org\/en\/wp-json\/wp\/v2\/comments?post=7475"}],"version-history":[{"count":39,"href":"https:\/\/www.fcpr.org\/en\/wp-json\/wp\/v2\/pages\/7475\/revisions"}],"predecessor-version":[{"id":11001,"href":"https:\/\/www.fcpr.org\/en\/wp-json\/wp\/v2\/pages\/7475\/revisions\/11001"}],"wp:attachment":[{"href":"https:\/\/www.fcpr.org\/en\/wp-json\/wp\/v2\/media?parent=7475"}],"curies":[{"name":"wp","href":"https:\/\/api.w.org\/{rel}","templated":true}]}}