{"id":9354,"date":"2021-01-15T20:37:29","date_gmt":"2021-01-15T20:37:29","guid":{"rendered":"https:\/\/fcpr.org\/?page_id=9354"},"modified":"2025-09-15T13:57:19","modified_gmt":"2025-09-15T17:57:19","slug":"publicaciones-2021","status":"publish","type":"page","link":"https:\/\/www.fcpr.org\/en\/publicaciones-2021\/","title":{"rendered":"Publications"},"content":{"rendered":"<div class=\"wp-block-media-text has-media-on-the-right is-stacked-on-mobile\"><div class=\"wp-block-media-text__content\">\n<h3 class=\"wp-block-heading\">Puerto Rico Local Voluntary Report <\/h3>\n\n\n\n<p>The study reveals in a single document the situation of Puerto Rico with regard to the 17&nbsp;<strong>Sustainable Development Goals<\/strong>&nbsp;(ODS) and the research was conducted by Dr. Palmira N. R\u00edos Gonz\u00e1lez. <\/p>\n\n\n\n<p><strong><a href=\"https:\/\/www.fcpr.org\/en\/puerto-rico-acoge-dialogo-sobre-los-objetivos-de-desarrollo-sostenible\/\">See the report (English and Spanish).<\/a><\/strong><\/p>\n<\/div><figure class=\"wp-block-media-text__media\"><a href=\"https:\/\/www.fcpr.org\/wp-content\/uploads\/2023\/11\/Informe-Local-Voluntario-de-PR-ODS.pdf\"><img loading=\"lazy\" decoding=\"async\" width=\"1024\" height=\"683\" src=\"https:\/\/www.fcpr.org\/wp-content\/uploads\/2023\/11\/Informe-FCPR-min-1024x683.jpg\" alt=\"\" class=\"wp-image-15055 size-full\" srcset=\"https:\/\/www.fcpr.org\/wp-content\/uploads\/2023\/11\/Informe-FCPR-min-1024x683.jpg 1024w, https:\/\/www.fcpr.org\/wp-content\/uploads\/2023\/11\/Informe-FCPR-min-300x200.jpg 300w, https:\/\/www.fcpr.org\/wp-content\/uploads\/2023\/11\/Informe-FCPR-min-768x512.jpg 768w, https:\/\/www.fcpr.org\/wp-content\/uploads\/2023\/11\/Informe-FCPR-min-1536x1024.jpg 1536w, https:\/\/www.fcpr.org\/wp-content\/uploads\/2023\/11\/Informe-FCPR-min-2048x1365.jpg 2048w\" sizes=\"auto, (max-width: 1024px) 100vw, 1024px\" \/><\/a><\/figure><\/div>\n\n\n\n<h3 class=\"wp-block-heading\" id=\"publicaciones-fcpr-y-otras\"><strong>INSTITUTIONAL DOCUMENT <\/strong><\/h3>\n\n\n\n<p><a href=\"https:\/\/issuu.com\/fundacioncomunitaria\/docs\/opusculo_institucional__web_?fr=sM2JlYjYxNTk4Mg\">Institutional brochure: Philanthropic investment for maximum social and financial returns<\/a> <a class=\"rank-math-link\" href=\"https:\/\/issuu.com\/fundacioncomunitaria\/docs\/opusculo_institucional__ingles__exterior\">ESPA\u00d1OL version<\/a> <\/p>\n\n\n\n<p>Booklet of <a href=\"https:\/\/www.fcpr.org\/wp-content\/uploads\/2025\/03\/BROCHURE-CERI-WEB.pdf\">CERI <\/a><\/p>\n\n\n\n<h3 class=\"wp-block-heading\"><strong>RECENT ANNUAL REPORTS<\/strong><\/h3>\n\n\n\n<p><a href=\"https:\/\/www.fcpr.org\/wp-content\/uploads\/2025\/08\/Informe-Anual-2024.pdf\">Annual Report 2024<\/a><\/p>\n\n\n\n<p><a href=\"https:\/\/www.fcpr.org\/wp-content\/uploads\/2024\/07\/Informe-Anual-2023-final-Web.pdf\">Annual Report 2023<\/a><\/p>\n\n\n\n<p><a href=\"https:\/\/www.fcpr.org\/wp-content\/uploads\/2023\/10\/FCPR-Informe-Anual-2022.pdf\">Annual Report 2022 <\/a><\/p>\n\n\n\n<p><a href=\"https:\/\/nzmaf5.a2cdn1.secureserver.net\/wp-content\/uploads\/2022\/11\/Informe-Anual-2021-f.pdf\" target=\"_blank\" rel=\"noreferrer noopener\">Annual Report 2021<\/a><strong> <\/strong><\/p>\n\n\n\n<p><a href=\"https:\/\/issuu.com\/fundacioncomunitaria\/docs\/fcpr_informe_anual_2019-2020_f_b8926cec4bf0cd\">Annual Report 2019-2020 <\/a>(only Spanish)<\/p>\n\n\n\n<p><a href=\"https:\/\/issuu.com\/fundacioncomunitaria\/docs\/informe_anual_fcpr_2017-2018?fr=sZDIzMTYxNTk4Mg\">Annual Report 2017-2018 <\/a>&nbsp;(See <a class=\"rank-math-link\" href=\"https:\/\/issuu.com\/fundacioncomunitaria\/docs\/informe_anual_fcpr__ingles__web__2017-2018\">ESPA\u00d1OL version)  <\/a> <\/p>\n\n\n\n<p><a href=\"https:\/\/issuu.com\/fundacioncomunitaria\/docs\/2do_aniversario__11_dic_2019__web_1?fr=sNDM3YjYxNTcwMA\">Transparency Report: Two Years After Hurricane Mar\u00eda<\/a><\/p>\n\n\n\n<p><a href=\"https:\/\/www.fcpr.org\/wp-content\/uploads\/2025\/09\/Sustainable-Renovation-Transparency-Report-1-Year-after-WEB-version.pdf\">Sustainable Renovation for Puerto Rico : Transparency Report : One Year After Hurricane Mar\u00eda<\/a><\/p>\n\n\n\n<p>To request information from previous years, please call 787.721.1037 or send an email to fcpr@fcpr.org.<\/p>\n\n\n\n<h3 class=\"wp-block-heading\"><strong>OTHER PUBLICATIONS  <\/strong><\/h3>\n\n\n\n<p><a href=\"https:\/\/observatoriopr.org\/informes-especiales\/?fbclid=IwAR0--6nBtTwUmWOdDwjgLX2H24X2ArXvDWskZ7hQtAR4Kt9dbOWIS0CzehA\">Intimate Feminicides: Analysis of judicial processes in Puerto Rico (2014-2019).<\/a><\/p>\n\n\n\n<p>Special publication (profiles of community leaders) <a href=\"https:\/\/issuu.com\/fundacioncomunitaria\/docs\/folleto_conmemorativo_35_forjadores_de_esperanza_f?fbclid=IwAR0JuT3heYpyM-4rWRc1xn7XdsZCIICvGHsOcmm_Gi9GfB3xpvLf43QTFjo\">35 Builders of Hope, Rafael and Celestina Cordero Award 2021)<\/a><\/p>\n\n\n\n<div class=\"wp-block-media-text alignwide is-stacked-on-mobile\"><figure class=\"wp-block-media-text__media\"><a href=\"file:\/\/\/C:\/Users\/lsanjurjo\/Downloads\/Folleto%20conmemorativo%2035%20Forjadores%20de%20esperanza%20F%20(5).pdf\"><img loading=\"lazy\" decoding=\"async\" width=\"504\" height=\"360\" src=\"https:\/\/fcpr.org\/wp-content\/uploads\/2021\/11\/35-GALARDONADOS-min-1.png\" alt=\"\" class=\"wp-image-10577 size-full\" srcset=\"https:\/\/www.fcpr.org\/wp-content\/uploads\/2021\/11\/35-GALARDONADOS-min-1.png 504w, https:\/\/www.fcpr.org\/wp-content\/uploads\/2021\/11\/35-GALARDONADOS-min-1-300x214.png 300w\" sizes=\"auto, (max-width: 504px) 100vw, 504px\" \/><\/a><\/figure><div class=\"wp-block-media-text__content\">\n<p>In 2015, the Community Foundation of<br>Puerto Rico celebrated its thirtieth anniversary<br>with the first presentation of the Maestro Award<br>Rafael Cordero, to emphasize the impact of a group<br>of leaders in our society. The recognition<br>was awarded to 30 outstanding individuals<br>for collaborating with the construction of a better country<br>from different social scenarios.<\/p>\n\n\n\n<p>Meet <a href=\"https:\/\/issuu.com\/fundacioncomunitaria\/docs\/folleto_conmemorativo_35_forjadores_de_esperanza_f\">here <\/a>who they are. <\/p>\n<\/div><\/div>\n\n\n\n<div style=\"height:29px\" aria-hidden=\"true\" class=\"wp-block-spacer\"><\/div>\n\n\n\n<p>Retrospective: <a href=\"https:\/\/issuu.com\/fundacioncomunitaria\/docs\/retrospectiva_?fr=xKAE9_zU1NQ\">35 Years of philanthropic action... strengthening community capital (2021)<\/a><\/p>\n\n\n\n<p><a href=\"https:\/\/issuu.com\/fundacioncomunitaria\/docs\/-retratos_de_esperanza-_fundaci__n_\">Portraits of Hope, 2015 <\/a>&nbsp;<\/p>\n\n\n\n<p><a href=\"https:\/\/secureservercdn.net\/198.71.233.204\/nzm.af5.myftpupload.com\/wp-content\/uploads\/2019\/05\/Plan-Estrategico-Lo%C3%ADza-14NOV2016-versi%C3%B3n-letter.pdf\">Strategic Plan, Youth of Lo\u00edza 2016<\/a><\/p>\n\n\n\n<p><a href=\"https:\/\/issuu.com\/fundacioncomunitaria\/docs\/entrelazando_junio_2016\">Entrelazando, June 2016<\/a><\/p>\n\n\n\n<p><a href=\"https:\/\/issuu.com\/fundacioncomunitaria\/docs\/entrelazando_diciembre_2015\">Entrelazando, December 2015<\/a><\/p>\n\n\n\n<h3 class=\"wp-block-heading\"><strong>EXTERNAL SOURCES (THIRD SECTOR AND TOPICS OF INTEREST) <\/strong><\/h3>\n\n\n\n<p><a href=\"https:\/\/www.fcpr.org\/wp-content\/uploads\/2023\/09\/Caraballo-Cueto-Colorism-and-Health.pdf\">Colorism and Health Disparities in Home Countries: The Case of Puerto Rico <\/a><\/p>\n\n\n\n<p><a href=\"https:\/\/www.fcpr.org\/wp-content\/uploads\/2023\/09\/NPQ-2023-Economic-Justice-Magazine.pdf\">Movement Economies <\/a><\/p>\n\n\n\n<p>Philanthropy and Puerto Rico After Hurricane Mar\u00eda: <a href=\"http:\/\/filantropiapr.org\/wp-content\/uploads\/2019\/11\/Philantropy_PR_v328770.pdf\">How A Natural Disaster put Puerto Rico on the Philanthropy Map and Implications for the Future<\/a><\/p>\n\n\n\n<p><a href=\"https:\/\/secureservercdn.net\/198.71.233.204\/nzm.af5.myftpupload.com\/wp-content\/uploads\/2019\/06\/GLOBAL-IMPACT.jpg\">Local Leadership, Local Impact: Community Foundations and the Sustainable Developments Goals<\/a><\/p>\n\n\n\n<p><a href=\"https:\/\/secureservercdn.net\/198.71.233.204\/nzm.af5.myftpupload.com\/wp-content\/uploads\/2019\/06\/CEPAL.jpg\">Sustainable Development Goals<\/a><\/p>\n\n\n\n<p><a href=\"https:\/\/issuu.com\/fundacioncomunitaria\/docs\/informe_final_estudio_osfl_2015\">Final Report NPO Study 2015<\/a><\/p>\n\n\n\n<p><a href=\"https:\/\/secureservercdn.net\/198.71.233.204\/nzm.af5.myftpupload.com\/wp-content\/uploads\/2016\/09\/Estudio-OSFLs-2002.pdf\">2002 NPO Study<\/a><\/p>\n\n\n\n<p>CDBG-DR 101: Fundamentals of nonprofit participation<\/p>\n\n\n\n<p><a href=\"https:\/\/secureservercdn.net\/198.71.233.204\/nzm.af5.myftpupload.com\/wp-content\/uploads\/2016\/09\/OSFLs-Estudio-Necesidades-Sociales-20071.pdf\">Studies on social needs in Puerto Rico, 2007.<\/a> &nbsp;<\/p>","protected":false},"excerpt":{"rendered":"<p>Informe Local Voluntario de Puerto Rico El estudio revela en un solo documento la situaci\u00f3n de Puerto Rico ante los 17&nbsp;Objetivos de Desarrollo Sostenible&nbsp;(ODS) y la investigaci\u00f3n estuvo a cargo de la Dra. Palmira N. R\u00edos Gonz\u00e1lez. Ver el informe (espa\u00f1ol e ingl\u00e9s). OP\u00daSCULO INSTITUCIONAL Op\u00fasculo institucional | Inversi\u00f3n filantr\u00f3pica para el m\u00e1ximo rendimiento social [&hellip;]<\/p>\n","protected":false},"author":7,"featured_media":0,"parent":0,"menu_order":0,"comment_status":"closed","ping_status":"closed","template":"","meta":{"give_campaign_id":0,"footnotes":""},"class_list":["post-9354","page","type-page","status-publish","hentry"],"yoast_head":"<!-- This site is optimized with the Yoast SEO Premium plugin v27.2 (Yoast SEO v27.3) - https:\/\/yoast.com\/product\/yoast-seo-premium-wordpress\/ -->\n<title>Publicaciones - Fundaci\u00f3n Comunitaria de Puerto Rico<\/title>\n<meta name=\"robots\" content=\"index, follow, max-snippet:-1, max-image-preview:large, max-video-preview:-1\" \/>\n<link rel=\"canonical\" href=\"https:\/\/www.fcpr.org\/en\/publicaciones-2021\/\" \/>\n<meta property=\"og:locale\" content=\"en_US\" \/>\n<meta property=\"og:type\" content=\"article\" \/>\n<meta property=\"og:title\" content=\"Publicaciones\" \/>\n<meta property=\"og:description\" content=\"Informe Local Voluntario de Puerto Rico El estudio revela en un solo documento la situaci\u00f3n de Puerto Rico ante los 17&nbsp;Objetivos de Desarrollo Sostenible&nbsp;(ODS) y la investigaci\u00f3n estuvo a cargo de la Dra. Palmira N. R\u00edos Gonz\u00e1lez. Ver el informe (espa\u00f1ol e ingl\u00e9s). OP\u00daSCULO INSTITUCIONAL Op\u00fasculo institucional | Inversi\u00f3n filantr\u00f3pica para el m\u00e1ximo rendimiento social [&hellip;]\" \/>\n<meta property=\"og:url\" content=\"https:\/\/www.fcpr.org\/en\/publicaciones-2021\/\" \/>\n<meta property=\"og:site_name\" content=\"Fundaci\u00f3n Comunitaria de Puerto Rico\" \/>\n<meta property=\"article:publisher\" content=\"https:\/\/www.facebook.com\/FundacionComunitaria\" \/>\n<meta property=\"article:modified_time\" content=\"2025-09-15T17:57:19+00:00\" \/>\n<meta property=\"og:image\" content=\"https:\/\/www.fcpr.org\/wp-content\/uploads\/2023\/11\/Informe-FCPR-min-1024x683.jpg\" \/>\n<meta name=\"twitter:card\" content=\"summary_large_image\" \/>\n<meta name=\"twitter:site\" content=\"@FComunitaria\" \/>\n<meta name=\"twitter:label1\" content=\"Est. reading time\" \/>\n\t<meta name=\"twitter:data1\" content=\"2 minutes\" \/>\n<script type=\"application\/ld+json\" class=\"yoast-schema-graph\">{\"@context\":\"https:\\\/\\\/schema.org\",\"@graph\":[{\"@type\":\"WebPage\",\"@id\":\"https:\\\/\\\/www.fcpr.org\\\/publicaciones-2021\\\/\",\"url\":\"https:\\\/\\\/www.fcpr.org\\\/publicaciones-2021\\\/\",\"name\":\"Publicaciones - Fundaci\u00f3n Comunitaria de Puerto Rico\",\"isPartOf\":{\"@id\":\"https:\\\/\\\/www.fcpr.org\\\/#website\"},\"primaryImageOfPage\":{\"@id\":\"https:\\\/\\\/www.fcpr.org\\\/publicaciones-2021\\\/#primaryimage\"},\"image\":{\"@id\":\"https:\\\/\\\/www.fcpr.org\\\/publicaciones-2021\\\/#primaryimage\"},\"thumbnailUrl\":\"https:\\\/\\\/www.fcpr.org\\\/wp-content\\\/uploads\\\/2023\\\/11\\\/Informe-FCPR-min-1024x683.jpg\",\"datePublished\":\"2021-01-15T20:37:29+00:00\",\"dateModified\":\"2025-09-15T17:57:19+00:00\",\"breadcrumb\":{\"@id\":\"https:\\\/\\\/www.fcpr.org\\\/publicaciones-2021\\\/#breadcrumb\"},\"inLanguage\":\"en-US\",\"potentialAction\":[{\"@type\":\"ReadAction\",\"target\":[\"https:\\\/\\\/www.fcpr.org\\\/publicaciones-2021\\\/\"]}]},{\"@type\":\"ImageObject\",\"inLanguage\":\"en-US\",\"@id\":\"https:\\\/\\\/www.fcpr.org\\\/publicaciones-2021\\\/#primaryimage\",\"url\":\"https:\\\/\\\/www.fcpr.org\\\/wp-content\\\/uploads\\\/2023\\\/11\\\/Informe-FCPR-min-1024x683.jpg\",\"contentUrl\":\"https:\\\/\\\/www.fcpr.org\\\/wp-content\\\/uploads\\\/2023\\\/11\\\/Informe-FCPR-min-1024x683.jpg\"},{\"@type\":\"BreadcrumbList\",\"@id\":\"https:\\\/\\\/www.fcpr.org\\\/publicaciones-2021\\\/#breadcrumb\",\"itemListElement\":[{\"@type\":\"ListItem\",\"position\":1,\"name\":\"Home\",\"item\":\"https:\\\/\\\/www.fcpr.org\\\/\"},{\"@type\":\"ListItem\",\"position\":2,\"name\":\"Publicaciones\"}]},{\"@type\":\"WebSite\",\"@id\":\"https:\\\/\\\/www.fcpr.org\\\/#website\",\"url\":\"https:\\\/\\\/www.fcpr.org\\\/\",\"name\":\"Fundaci\u00f3n Comunitaria de Puerto Rico\",\"description\":\"Fortaleciendo el Capital Comunitario\",\"publisher\":{\"@id\":\"https:\\\/\\\/www.fcpr.org\\\/#organization\"},\"potentialAction\":[{\"@type\":\"SearchAction\",\"target\":{\"@type\":\"EntryPoint\",\"urlTemplate\":\"https:\\\/\\\/www.fcpr.org\\\/?s={search_term_string}\"},\"query-input\":{\"@type\":\"PropertyValueSpecification\",\"valueRequired\":true,\"valueName\":\"search_term_string\"}}],\"inLanguage\":\"en-US\"},{\"@type\":\"Organization\",\"@id\":\"https:\\\/\\\/www.fcpr.org\\\/#organization\",\"name\":\"Fundaci\u00f3n Comunitaria de Puerto Rico\",\"url\":\"https:\\\/\\\/www.fcpr.org\\\/\",\"logo\":{\"@type\":\"ImageObject\",\"inLanguage\":\"en-US\",\"@id\":\"https:\\\/\\\/www.fcpr.org\\\/#\\\/schema\\\/logo\\\/image\\\/\",\"url\":\"https:\\\/\\\/www.fcpr.org\\\/wp-content\\\/uploads\\\/2016\\\/08\\\/logo-corp-red.png\",\"contentUrl\":\"https:\\\/\\\/www.fcpr.org\\\/wp-content\\\/uploads\\\/2016\\\/08\\\/logo-corp-red.png\",\"width\":221,\"height\":32,\"caption\":\"Fundaci\u00f3n Comunitaria de Puerto Rico\"},\"image\":{\"@id\":\"https:\\\/\\\/www.fcpr.org\\\/#\\\/schema\\\/logo\\\/image\\\/\"},\"sameAs\":[\"https:\\\/\\\/www.facebook.com\\\/FundacionComunitaria\",\"https:\\\/\\\/x.com\\\/FComunitaria\",\"https:\\\/\\\/www.instagram.com\\\/fundacioncomunitaria\\\/\",\"https:\\\/\\\/www.youtube.com\\\/channel\\\/UCGGW21eIGw6NRin0BrylmWg\"]}]}<\/script>\n<!-- \/ Yoast SEO Premium plugin. -->","yoast_head_json":{"title":"Publications - Puerto Rico Community Foundation","robots":{"index":"index","follow":"follow","max-snippet":"max-snippet:-1","max-image-preview":"max-image-preview:large","max-video-preview":"max-video-preview:-1"},"canonical":"https:\/\/www.fcpr.org\/en\/publicaciones-2021\/","og_locale":"en_US","og_type":"article","og_title":"Publicaciones","og_description":"Informe Local Voluntario de Puerto Rico El estudio revela en un solo documento la situaci\u00f3n de Puerto Rico ante los 17&nbsp;Objetivos de Desarrollo Sostenible&nbsp;(ODS) y la investigaci\u00f3n estuvo a cargo de la Dra. Palmira N. R\u00edos Gonz\u00e1lez. Ver el informe (espa\u00f1ol e ingl\u00e9s). OP\u00daSCULO INSTITUCIONAL Op\u00fasculo institucional | Inversi\u00f3n filantr\u00f3pica para el m\u00e1ximo rendimiento social [&hellip;]","og_url":"https:\/\/www.fcpr.org\/en\/publicaciones-2021\/","og_site_name":"Fundaci\u00f3n Comunitaria de Puerto Rico","article_publisher":"https:\/\/www.facebook.com\/FundacionComunitaria","article_modified_time":"2025-09-15T17:57:19+00:00","og_image":[{"url":"https:\/\/www.fcpr.org\/wp-content\/uploads\/2023\/11\/Informe-FCPR-min-1024x683.jpg","type":"","width":"","height":""}],"twitter_card":"summary_large_image","twitter_site":"@FComunitaria","twitter_misc":{"Est. reading time":"2 minutes"},"schema":{"@context":"https:\/\/schema.org","@graph":[{"@type":"WebPage","@id":"https:\/\/www.fcpr.org\/publicaciones-2021\/","url":"https:\/\/www.fcpr.org\/publicaciones-2021\/","name":"Publications - Puerto Rico Community Foundation","isPartOf":{"@id":"https:\/\/www.fcpr.org\/#website"},"primaryImageOfPage":{"@id":"https:\/\/www.fcpr.org\/publicaciones-2021\/#primaryimage"},"image":{"@id":"https:\/\/www.fcpr.org\/publicaciones-2021\/#primaryimage"},"thumbnailUrl":"https:\/\/www.fcpr.org\/wp-content\/uploads\/2023\/11\/Informe-FCPR-min-1024x683.jpg","datePublished":"2021-01-15T20:37:29+00:00","dateModified":"2025-09-15T17:57:19+00:00","breadcrumb":{"@id":"https:\/\/www.fcpr.org\/publicaciones-2021\/#breadcrumb"},"inLanguage":"en-US","potentialAction":[{"@type":"ReadAction","target":["https:\/\/www.fcpr.org\/publicaciones-2021\/"]}]},{"@type":"ImageObject","inLanguage":"en-US","@id":"https:\/\/www.fcpr.org\/publicaciones-2021\/#primaryimage","url":"https:\/\/www.fcpr.org\/wp-content\/uploads\/2023\/11\/Informe-FCPR-min-1024x683.jpg","contentUrl":"https:\/\/www.fcpr.org\/wp-content\/uploads\/2023\/11\/Informe-FCPR-min-1024x683.jpg"},{"@type":"BreadcrumbList","@id":"https:\/\/www.fcpr.org\/publicaciones-2021\/#breadcrumb","itemListElement":[{"@type":"ListItem","position":1,"name":"Home","item":"https:\/\/www.fcpr.org\/"},{"@type":"ListItem","position":2,"name":"Publicaciones"}]},{"@type":"WebSite","@id":"https:\/\/www.fcpr.org\/#website","url":"https:\/\/www.fcpr.org\/","name":"Puerto Rico Community Foundation","description":"Strengthening Community Capital","publisher":{"@id":"https:\/\/www.fcpr.org\/#organization"},"potentialAction":[{"@type":"SearchAction","target":{"@type":"EntryPoint","urlTemplate":"https:\/\/www.fcpr.org\/?s={search_term_string}"},"query-input":{"@type":"PropertyValueSpecification","valueRequired":true,"valueName":"search_term_string"}}],"inLanguage":"en-US"},{"@type":"Organization","@id":"https:\/\/www.fcpr.org\/#organization","name":"Puerto Rico Community Foundation","url":"https:\/\/www.fcpr.org\/","logo":{"@type":"ImageObject","inLanguage":"en-US","@id":"https:\/\/www.fcpr.org\/#\/schema\/logo\/image\/","url":"https:\/\/www.fcpr.org\/wp-content\/uploads\/2016\/08\/logo-corp-red.png","contentUrl":"https:\/\/www.fcpr.org\/wp-content\/uploads\/2016\/08\/logo-corp-red.png","width":221,"height":32,"caption":"Fundaci\u00f3n Comunitaria de Puerto Rico"},"image":{"@id":"https:\/\/www.fcpr.org\/#\/schema\/logo\/image\/"},"sameAs":["https:\/\/www.facebook.com\/FundacionComunitaria","https:\/\/x.com\/FComunitaria","https:\/\/www.instagram.com\/fundacioncomunitaria\/","https:\/\/www.youtube.com\/channel\/UCGGW21eIGw6NRin0BrylmWg"]}]}},"campaignId":"","_links":{"self":[{"href":"https:\/\/www.fcpr.org\/en\/wp-json\/wp\/v2\/pages\/9354","targetHints":{"allow":["GET"]}}],"collection":[{"href":"https:\/\/www.fcpr.org\/en\/wp-json\/wp\/v2\/pages"}],"about":[{"href":"https:\/\/www.fcpr.org\/en\/wp-json\/wp\/v2\/types\/page"}],"author":[{"embeddable":true,"href":"https:\/\/www.fcpr.org\/en\/wp-json\/wp\/v2\/users\/7"}],"replies":[{"embeddable":true,"href":"https:\/\/www.fcpr.org\/en\/wp-json\/wp\/v2\/comments?post=9354"}],"version-history":[{"count":53,"href":"https:\/\/www.fcpr.org\/en\/wp-json\/wp\/v2\/pages\/9354\/revisions"}],"predecessor-version":[{"id":18388,"href":"https:\/\/www.fcpr.org\/en\/wp-json\/wp\/v2\/pages\/9354\/revisions\/18388"}],"wp:attachment":[{"href":"https:\/\/www.fcpr.org\/en\/wp-json\/wp\/v2\/media?parent=9354"}],"curies":[{"name":"wp","href":"https:\/\/api.w.org\/{rel}","templated":true}]}}