{"id":9717,"date":"2021-04-01T15:17:16","date_gmt":"2021-04-01T15:17:16","guid":{"rendered":"https:\/\/fcpr.org\/?page_id=9717"},"modified":"2024-08-30T11:57:07","modified_gmt":"2024-08-30T15:57:07","slug":"redundancia-energetica-para-acueductos","status":"publish","type":"page","link":"https:\/\/www.fcpr.org\/en\/redundancia-energetica-para-acueductos\/","title":{"rendered":"Energy for community aqueducts"},"content":{"rendered":"<div class=\"wp-block-media-text alignfull has-media-on-the-right is-stacked-on-mobile is-vertically-aligned-top has-text-color has-background has-link-color wp-elements-091f09a4af38e7254b375470a6b88c16\" style=\"color:#fffdc7;background-color:#7fbc42;grid-template-columns:auto 60%\"><div class=\"wp-block-media-text__content\">\n<div class=\"wp-block-group has-link-color wp-elements-d4fed4ed46cf2aadd8db1352650d89d7\" style=\"padding-top:2em;padding-right:2em;padding-bottom:2em;padding-left:2em\"><div class=\"wp-block-group__inner-container is-layout-flow wp-block-group-is-layout-flow\">\n<h2 class=\"wp-block-heading has-white-color has-text-color has-link-color wp-elements-9b25b4d14fc3daac824c29b4aea6ab8a\" style=\"font-size:21px;font-weight:700;line-height:1.15\">Energy Redundancy Project for Community Aqueducts<\/h2>\n\n\n\n<p class=\"has-text-color has-link-color wp-elements-0f9be5098f24d476af91540f4b48940b\" style=\"color:#fffdc7\"><\/p>\n<\/div><\/div>\n<\/div><figure class=\"wp-block-media-text__media\"><img loading=\"lazy\" decoding=\"async\" width=\"1024\" height=\"618\" src=\"https:\/\/www.fcpr.org\/wp-content\/uploads\/2021\/04\/CORUJAS-1-1024x618.jpg\" alt=\"\" class=\"wp-image-9732 size-full\"\/><\/figure><\/div>\n\n\n\n<div style=\"height:50px\" aria-hidden=\"true\" class=\"wp-block-spacer\"><\/div>\n\n\n\n<p>In the aftermath of the ravages of Hurricane Maria in September 2017, the&nbsp;<strong>Puerto Rico Community Foundation&nbsp;<\/strong>(FCPR) created the&nbsp;<strong>Water For Us<\/strong>. Its primary focus is to provide access to safe drinking water by strengthening community aqueducts. To achieve this, it strengthens four essential areas of community aqueducts: infrastructure, community organization, management, and compliance with regulatory agencies.<\/p>\n\n\n\n<p>One of the projects of this program - currently under development - is the Energy Redundancy for Community Aqueducts. Learn more about this social justice, equity and community prosperity project.<\/p>\n\n\n\n<div style=\"height:55px\" aria-hidden=\"true\" class=\"wp-block-spacer\"><\/div>\n\n\n\n<h3 class=\"wp-block-heading\" id=\"proyecto-de-redundancia-energetica-para-acueductos-comunitarios\">About the project  <\/h3>\n\n\n\n<p>The Energy Redundancy for Community Aqueducts project is being carried out under the <strong>Federal Emergency Management Agency (FEMA) Hazard Mitigation Program (HMP)<\/strong>, which is implemented through the <strong>Central Office for Recovery, Reconstruction and Resiliency (COR3)<\/strong>. <\/p>\n\n\n\n<p>The project will provide the communities with water pumping equipment, photovoltaic equipment and an emergency generator to allow uninterrupted operation during emergencies, blackouts or power outages.<\/p>\n\n\n\n<div class=\"wp-block-columns alignwide is-layout-flex wp-container-core-columns-is-layout-d2da2050 wp-block-columns-is-layout-flex\" style=\"margin-bottom:0\">\n<div class=\"wp-block-column has-text-color has-background has-link-color wp-elements-8c1665a02cee25457a703bd4af571680 is-layout-flow wp-block-column-is-layout-flow\" style=\"color:#000000;background-color:#7fbd42b3;padding-top:2em;padding-right:2em;padding-bottom:2em;padding-left:2em\">\n<h2 class=\"wp-block-heading\" id=\"single\" style=\"font-size:55px\"><strong>1<\/strong><\/h2>\n\n\n\n<p class=\"has-normal-font-size\" style=\"line-height:1.5\">High efficiency water pumping equipment with the capacity to operate with solar energy, electricity from the Electric Energy Authority (AEE) grid or by means of an emergency generator.<\/p>\n\n\n\n<hr class=\"wp-block-separator has-text-color has-css-opacity has-background is-style-wide\" style=\"background-color:#000000;color:#000000\"\/>\n<\/div>\n\n\n\n<div class=\"wp-block-column has-text-color has-background has-link-color wp-elements-08f308014c14cdbf1c9ff55dacfec776 is-layout-flow wp-block-column-is-layout-flow\" style=\"color:#000000;background-color:#f25b29cf;padding-top:2em;padding-right:2em;padding-bottom:2em;padding-left:2em\">\n<h2 class=\"wp-block-heading\" id=\"family\" style=\"font-size:55px\"><strong>2<\/strong><\/h2>\n\n\n\n<p class=\"has-normal-font-size\" style=\"line-height:1.5\">Photovoltaic equipment for solar energy generation.<\/p>\n\n\n\n<hr class=\"wp-block-separator has-css-opacity is-style-wide\"\/>\n<\/div>\n\n\n\n<div class=\"wp-block-column has-text-color has-background has-link-color wp-elements-e761d3192825d91607034442ac7536d5 is-layout-flow wp-block-column-is-layout-flow\" style=\"color:#000000;background-color:#65665c47;padding-top:2em;padding-right:2em;padding-bottom:2em;padding-left:2em\">\n<h2 class=\"wp-block-heading\" id=\"patron\" style=\"font-size:55px\"><strong>3<\/strong><\/h2>\n\n\n\n<p class=\"has-normal-font-size\">Emergency generator with integrated fuel storage tank.<\/p>\n\n\n\n<hr class=\"wp-block-separator has-css-opacity is-style-wide\"\/>\n<\/div>\n<\/div>\n\n\n\n<div style=\"height:50px\" aria-hidden=\"true\" class=\"wp-block-spacer\"><\/div>\n\n\n\n<div class=\"wp-block-columns is-layout-flex wp-container-core-columns-is-layout-28f84493 wp-block-columns-is-layout-flex\">\n<div class=\"wp-block-column is-layout-flow wp-block-column-is-layout-flow\" style=\"flex-basis:100%\">\n<div class=\"wp-block-columns is-layout-flex wp-container-core-columns-is-layout-28f84493 wp-block-columns-is-layout-flex\">\n<div class=\"wp-block-column is-layout-flow wp-block-column-is-layout-flow\" style=\"flex-basis:100%\">\n<div class=\"wp-block-group\"><div class=\"wp-block-group__inner-container is-layout-flow wp-block-group-is-layout-flow\">\n<div class=\"wp-block-columns is-layout-flex wp-container-core-columns-is-layout-28f84493 wp-block-columns-is-layout-flex\">\n<div class=\"wp-block-column is-layout-flow wp-block-column-is-layout-flow\" style=\"flex-basis:100%\">\n<figure class=\"wp-block-gallery has-nested-images columns-default is-cropped wp-block-gallery-1 is-layout-flex wp-block-gallery-is-layout-flex\">\n<figure class=\"wp-block-image size-large\"><img loading=\"lazy\" decoding=\"async\" width=\"1024\" height=\"683\" data-id=\"4530\" src=\"https:\/\/fcpr.org\/wp-content\/uploads\/2018\/08\/tanque-1024x683.jpg\" alt=\"\" class=\"wp-image-4530\" srcset=\"https:\/\/www.fcpr.org\/wp-content\/uploads\/2018\/08\/tanque-1024x683.jpg 1024w, https:\/\/www.fcpr.org\/wp-content\/uploads\/2018\/08\/tanque-300x200.jpg 300w, https:\/\/www.fcpr.org\/wp-content\/uploads\/2018\/08\/tanque-768x512.jpg 768w, https:\/\/www.fcpr.org\/wp-content\/uploads\/2018\/08\/tanque.jpg 1800w\" sizes=\"auto, (max-width: 1024px) 100vw, 1024px\" \/><\/figure>\n\n\n\n<figure class=\"wp-block-image size-large\"><img loading=\"lazy\" decoding=\"async\" width=\"800\" height=\"340\" data-id=\"9724\" src=\"https:\/\/fcpr.org\/wp-content\/uploads\/2021\/04\/Acueducto-comunal-en-Rio-Chiquito-Ponce-e1617287288221.jpg\" alt=\"\" class=\"wp-image-9724\" srcset=\"https:\/\/www.fcpr.org\/wp-content\/uploads\/2021\/04\/Acueducto-comunal-en-Rio-Chiquito-Ponce-e1617287288221.jpg 800w, https:\/\/www.fcpr.org\/wp-content\/uploads\/2021\/04\/Acueducto-comunal-en-Rio-Chiquito-Ponce-e1617287288221-300x128.jpg 300w, https:\/\/www.fcpr.org\/wp-content\/uploads\/2021\/04\/Acueducto-comunal-en-Rio-Chiquito-Ponce-e1617287288221-768x326.jpg 768w\" sizes=\"auto, (max-width: 800px) 100vw, 800px\" \/><\/figure>\n\n\n\n<figure class=\"wp-block-image size-large\"><img loading=\"lazy\" decoding=\"async\" width=\"1024\" height=\"496\" data-id=\"15254\" src=\"https:\/\/www.fcpr.org\/wp-content\/uploads\/2023\/12\/agua-min-e1703170063178-1024x496.jpg\" alt=\"\" class=\"wp-image-15254\" srcset=\"https:\/\/www.fcpr.org\/wp-content\/uploads\/2023\/12\/agua-min-e1703170063178-1024x496.jpg 1024w, https:\/\/www.fcpr.org\/wp-content\/uploads\/2023\/12\/agua-min-e1703170063178-300x145.jpg 300w, https:\/\/www.fcpr.org\/wp-content\/uploads\/2023\/12\/agua-min-e1703170063178-768x372.jpg 768w, https:\/\/www.fcpr.org\/wp-content\/uploads\/2023\/12\/agua-min-e1703170063178-1536x745.jpg 1536w, https:\/\/www.fcpr.org\/wp-content\/uploads\/2023\/12\/agua-min-e1703170063178.jpg 2032w\" sizes=\"auto, (max-width: 1024px) 100vw, 1024px\" \/><\/figure>\n<\/figure>\n<\/div>\n<\/div>\n<\/div><\/div>\n<\/div>\n<\/div>\n<\/div>\n<\/div>\n\n\n\n<h3 class=\"wp-block-heading\" id=\"beneficios-del-proyecto\">Project benefits <\/h3>\n\n\n\n<ul class=\"wp-block-list\">\n<li>Provides power backup systems to community aqueducts to achieve continuity of water service during emergencies.<\/li>\n\n\n\n<li>Reduces health risks and vulnerabilities associated with lack of potable water. <\/li>\n\n\n\n<li>It increases community resilience, disaster preparedness, improves access to safe drinking water and empowers communities through capacity building. <\/li>\n<\/ul>\n\n\n\n<div style=\"height:50px\" aria-hidden=\"true\" class=\"wp-block-spacer\"><\/div>\n\n\n\n<h3 class=\"wp-block-heading has-background\" id=\"fases-del-proyecto-planificacion-y-diseno-fase-1-y-permisos-y-construccion-fase2\" style=\"background-color:#65665c47\">Project phases: planning and design (phase 1) and permitting and construction (phase 2)   <\/h3>\n\n\n\n<div style=\"height:50px\" aria-hidden=\"true\" class=\"wp-block-spacer\"><\/div>\n\n\n\n<p>We are located in the <strong>Phase I<\/strong>. As part of this phase, information on the communities and community aqueduct systems has been collected. In addition, we are conducting feasibility analyses to determine the optimal equipment, preliminary design and location of the project components in each community. \u201cThe experience with the project has been totally positive, we see effectiveness, that is, there have been many communications, many calls and visits to the project; and steps have been taken to move us to the next stage, and the next stage would be the construction stage,\u201d shared Feliciano Santiago, administrator of the San Diego Residents Association, in Coamo. \u201cWe decided to participate in the project because the board of directors is interested in moving the aqueduct to a stage of sustainability and efficiency to better serve our subscribers. And we found this project to be a very effective tool to achieve that sustainability,\u201d he added. This first phase will also include community participation and training processes, as well as collaboration agreements between the FCPR and the communities.<\/p>\n\n\n\n<div style=\"height:50px\" aria-hidden=\"true\" class=\"wp-block-spacer\"><\/div>\n\n\n\n<div class=\"wp-block-media-text alignfull has-media-on-the-right is-stacked-on-mobile is-vertically-aligned-top has-white-color has-text-color has-background has-link-color wp-elements-0415b2e2234d68182edded1efee6cffd\" style=\"background-color:#f25b29cf;grid-template-columns:auto 60%\"><div class=\"wp-block-media-text__content\">\n<div class=\"wp-block-group has-link-color wp-elements-34f2672c99abeb5c8f64dcbff89bcea3\" style=\"padding-top:2em;padding-right:2em;padding-bottom:2em;padding-left:2em\"><div class=\"wp-block-group__inner-container is-layout-flow wp-block-group-is-layout-flow\">\n<h2 class=\"wp-block-heading has-white-color has-text-color has-link-color wp-elements-a7bc92b5f52d404f46347528123cb46c\" style=\"font-size:48px;font-weight:700;line-height:1.15\">May water never be lacking.... <\/h2>\n\n\n\n<p class=\"has-white-color has-text-color has-link-color wp-elements-5e19b5f51cc6421f47bb471b0c3b6a28\"><a href=\"https:\/\/www.fcpr.org\/en\/2022\/11\/09\/que-el-agua-nunca-les-falte\/\">Read the story<\/a><\/p>\n<\/div><\/div>\n<\/div><figure class=\"wp-block-media-text__media\"><a href=\"https:\/\/www.fcpr.org\/en\/2022\/11\/09\/que-el-agua-nunca-les-falte\/\"><img loading=\"lazy\" decoding=\"async\" width=\"1024\" height=\"683\" src=\"https:\/\/www.fcpr.org\/wp-content\/uploads\/2023\/04\/AGUA-COR-3-1024x683.jpg\" alt=\"\" class=\"wp-image-13539 size-full\" srcset=\"https:\/\/www.fcpr.org\/wp-content\/uploads\/2023\/04\/AGUA-COR-3-1024x683.jpg 1024w, https:\/\/www.fcpr.org\/wp-content\/uploads\/2023\/04\/AGUA-COR-3-300x200.jpg 300w, https:\/\/www.fcpr.org\/wp-content\/uploads\/2023\/04\/AGUA-COR-3-768x512.jpg 768w, https:\/\/www.fcpr.org\/wp-content\/uploads\/2023\/04\/AGUA-COR-3-1536x1024.jpg 1536w, https:\/\/www.fcpr.org\/wp-content\/uploads\/2023\/04\/AGUA-COR-3-2048x1366.jpg 2048w\" sizes=\"auto, (max-width: 1024px) 100vw, 1024px\" \/><\/a><\/figure><\/div>\n\n\n\n<div style=\"height:50px\" aria-hidden=\"true\" class=\"wp-block-spacer\"><\/div>\n\n\n\n<div class=\"wp-block-buttons is-layout-flex wp-block-buttons-is-layout-flex\">\n<div class=\"wp-block-button is-style-fill\"><a class=\"wp-block-button__link has-black-color has-text-color has-background wp-element-button\" href=\"https:\/\/conversaciones.elnuevodia.com\/e\/hacia-un-puerto-rico-sostenible-e-inclusivo-ep-4-seguridad-hidrica-en-puerto-rico\/\" style=\"background-color:#7fbd42b3\" target=\"_blank\" rel=\"noreferrer noopener\">P\u00d3DCAST: Water Security in Puerto Rico : Interview Luis A. Ferr\u00e9 Rangel with Jos\u00e9 R\u00edos, President of the Association of Community Aqueducts of Puerto Rico.<\/a><\/div>\n<\/div>\n\n\n\n<div style=\"height:50px\" aria-hidden=\"true\" class=\"wp-block-spacer\"><\/div>\n\n\n\n<h3 class=\"wp-block-heading\">Did you know*...?<\/h3>\n\n\n\n<ul class=\"wp-block-list\">\n<li><strong>35<\/strong> of 164 community aqueduct boards have the following as their <strong>president to a woman <\/strong>(129 men).  <\/li>\n\n\n\n<li><strong>12 <\/strong>of 86 community aqueduct boards have the following as their <strong>vice-president to a woman<\/strong> (74 men).<\/li>\n\n\n\n<li><strong>103<\/strong> of 113 community aqueduct boards have a woman as a member. <strong>secretary <\/strong>(10 men)<\/li>\n\n\n\n<li>In the case of the position of<strong> treasurer<\/strong>, 63 are women and 65 are men. <\/li>\n\n\n\n<li>47 community aqueducts are equipped with an <strong>certified aqueduct operator<\/strong> by the State Department and of these, five are operated by women.<\/li>\n<\/ul>\n\n\n\n<p><em>*Data from a survey of community aqueducts participating in FCPR's Community Aqueduct Energy Redundancy project. 212 community aqueducts were surveyed, of which 172 had information on their community boards (the number of aqueducts providing data on each of the positions varies).  <\/em><\/p>\n\n\n<div class=\"wp-block-image\">\n<figure class=\"aligncenter size-full is-resized\"><img loading=\"lazy\" decoding=\"async\" width=\"331\" height=\"331\" src=\"https:\/\/www.fcpr.org\/wp-content\/uploads\/2024\/08\/LOGO-AGUA-min.jpg\" alt=\"\" class=\"wp-image-16555\" style=\"width:153px;height:auto\" srcset=\"https:\/\/www.fcpr.org\/wp-content\/uploads\/2024\/08\/LOGO-AGUA-min.jpg 331w, https:\/\/www.fcpr.org\/wp-content\/uploads\/2024\/08\/LOGO-AGUA-min-300x300.jpg 300w, https:\/\/www.fcpr.org\/wp-content\/uploads\/2024\/08\/LOGO-AGUA-min-150x150.jpg 150w\" sizes=\"auto, (max-width: 331px) 100vw, 331px\" \/><\/figure>\n<\/div>\n\n\n<p class=\"has-text-align-center\"><em>acueductoscomunitarios@fcpr.org 787-349-7652.<\/em><\/p>\n\n\n\n<div style=\"height:50px\" aria-hidden=\"true\" class=\"wp-block-spacer\"><\/div>","protected":false},"excerpt":{"rendered":"<p>Tras los estragos del hurac\u00e1n Mar\u00eda en septiembre de 2017, la&nbsp;Fundaci\u00f3n Comunitaria de Puerto Rico&nbsp;(FCPR) cre\u00f3 el programa&nbsp;Agua Pa\u2019 Nosotros. Su enfoque primordial es brindar acceso a agua potable a trav\u00e9s del fortalecimiento de los acueductos comunitarios. Para lograrlo robustece cuatro \u00e1reas esenciales de los acueductos comunitarios: la infraestructura, la organizaci\u00f3n comunitaria, la administraci\u00f3n y [&hellip;]<\/p>\n","protected":false},"author":7,"featured_media":0,"parent":0,"menu_order":0,"comment_status":"closed","ping_status":"closed","template":"","meta":{"give_campaign_id":0,"footnotes":""},"class_list":["post-9717","page","type-page","status-publish","hentry"],"yoast_head":"<!-- This site is optimized with the Yoast SEO Premium plugin v27.3 (Yoast SEO v27.3) - https:\/\/yoast.com\/product\/yoast-seo-premium-wordpress\/ -->\n<title>Energ\u00eda para acueductos comunitarios - Fundaci\u00f3n Comunitaria de Puerto Rico<\/title>\n<meta name=\"robots\" content=\"index, follow, max-snippet:-1, max-image-preview:large, max-video-preview:-1\" \/>\n<link rel=\"canonical\" href=\"https:\/\/www.fcpr.org\/en\/redundancia-energetica-para-acueductos\/\" \/>\n<meta property=\"og:locale\" content=\"en_US\" \/>\n<meta property=\"og:type\" content=\"article\" \/>\n<meta property=\"og:title\" content=\"Energ\u00eda para acueductos comunitarios\" \/>\n<meta property=\"og:description\" content=\"Tras los estragos del hurac\u00e1n Mar\u00eda en septiembre de 2017, la&nbsp;Fundaci\u00f3n Comunitaria de Puerto Rico&nbsp;(FCPR) cre\u00f3 el programa&nbsp;Agua Pa\u2019 Nosotros. Su enfoque primordial es brindar acceso a agua potable a trav\u00e9s del fortalecimiento de los acueductos comunitarios. Para lograrlo robustece cuatro \u00e1reas esenciales de los acueductos comunitarios: la infraestructura, la organizaci\u00f3n comunitaria, la administraci\u00f3n y [&hellip;]\" \/>\n<meta property=\"og:url\" content=\"https:\/\/www.fcpr.org\/en\/redundancia-energetica-para-acueductos\/\" \/>\n<meta property=\"og:site_name\" content=\"Fundaci\u00f3n Comunitaria de Puerto Rico\" \/>\n<meta property=\"article:publisher\" content=\"https:\/\/www.facebook.com\/FundacionComunitaria\" \/>\n<meta property=\"article:modified_time\" content=\"2024-08-30T15:57:07+00:00\" \/>\n<meta property=\"og:image\" content=\"https:\/\/www.fcpr.org\/wp-content\/uploads\/2021\/04\/CORUJAS-1-1024x618.jpg\" \/>\n<meta name=\"twitter:card\" content=\"summary_large_image\" \/>\n<meta name=\"twitter:site\" content=\"@FComunitaria\" \/>\n<meta name=\"twitter:label1\" content=\"Est. reading time\" \/>\n\t<meta name=\"twitter:data1\" content=\"3 minutes\" \/>\n<script type=\"application\/ld+json\" class=\"yoast-schema-graph\">{\"@context\":\"https:\\\/\\\/schema.org\",\"@graph\":[{\"@type\":\"WebPage\",\"@id\":\"https:\\\/\\\/www.fcpr.org\\\/redundancia-energetica-para-acueductos\\\/\",\"url\":\"https:\\\/\\\/www.fcpr.org\\\/redundancia-energetica-para-acueductos\\\/\",\"name\":\"Energ\u00eda para acueductos comunitarios - Fundaci\u00f3n Comunitaria de Puerto Rico\",\"isPartOf\":{\"@id\":\"https:\\\/\\\/www.fcpr.org\\\/#website\"},\"primaryImageOfPage\":{\"@id\":\"https:\\\/\\\/www.fcpr.org\\\/redundancia-energetica-para-acueductos\\\/#primaryimage\"},\"image\":{\"@id\":\"https:\\\/\\\/www.fcpr.org\\\/redundancia-energetica-para-acueductos\\\/#primaryimage\"},\"thumbnailUrl\":\"https:\\\/\\\/www.fcpr.org\\\/wp-content\\\/uploads\\\/2021\\\/04\\\/CORUJAS-1-1024x618.jpg\",\"datePublished\":\"2021-04-01T15:17:16+00:00\",\"dateModified\":\"2024-08-30T15:57:07+00:00\",\"breadcrumb\":{\"@id\":\"https:\\\/\\\/www.fcpr.org\\\/redundancia-energetica-para-acueductos\\\/#breadcrumb\"},\"inLanguage\":\"en-US\",\"potentialAction\":[{\"@type\":\"ReadAction\",\"target\":[\"https:\\\/\\\/www.fcpr.org\\\/redundancia-energetica-para-acueductos\\\/\"]}]},{\"@type\":\"ImageObject\",\"inLanguage\":\"en-US\",\"@id\":\"https:\\\/\\\/www.fcpr.org\\\/redundancia-energetica-para-acueductos\\\/#primaryimage\",\"url\":\"https:\\\/\\\/www.fcpr.org\\\/wp-content\\\/uploads\\\/2021\\\/04\\\/CORUJAS-1-1024x618.jpg\",\"contentUrl\":\"https:\\\/\\\/www.fcpr.org\\\/wp-content\\\/uploads\\\/2021\\\/04\\\/CORUJAS-1-1024x618.jpg\"},{\"@type\":\"BreadcrumbList\",\"@id\":\"https:\\\/\\\/www.fcpr.org\\\/redundancia-energetica-para-acueductos\\\/#breadcrumb\",\"itemListElement\":[{\"@type\":\"ListItem\",\"position\":1,\"name\":\"Home\",\"item\":\"https:\\\/\\\/www.fcpr.org\\\/\"},{\"@type\":\"ListItem\",\"position\":2,\"name\":\"Energ\u00eda para acueductos comunitarios\"}]},{\"@type\":\"WebSite\",\"@id\":\"https:\\\/\\\/www.fcpr.org\\\/#website\",\"url\":\"https:\\\/\\\/www.fcpr.org\\\/\",\"name\":\"Fundaci\u00f3n Comunitaria de Puerto Rico\",\"description\":\"Fortaleciendo el Capital Comunitario\",\"publisher\":{\"@id\":\"https:\\\/\\\/www.fcpr.org\\\/#organization\"},\"potentialAction\":[{\"@type\":\"SearchAction\",\"target\":{\"@type\":\"EntryPoint\",\"urlTemplate\":\"https:\\\/\\\/www.fcpr.org\\\/?s={search_term_string}\"},\"query-input\":{\"@type\":\"PropertyValueSpecification\",\"valueRequired\":true,\"valueName\":\"search_term_string\"}}],\"inLanguage\":\"en-US\"},{\"@type\":\"Organization\",\"@id\":\"https:\\\/\\\/www.fcpr.org\\\/#organization\",\"name\":\"Fundaci\u00f3n Comunitaria de Puerto Rico\",\"url\":\"https:\\\/\\\/www.fcpr.org\\\/\",\"logo\":{\"@type\":\"ImageObject\",\"inLanguage\":\"en-US\",\"@id\":\"https:\\\/\\\/www.fcpr.org\\\/#\\\/schema\\\/logo\\\/image\\\/\",\"url\":\"https:\\\/\\\/www.fcpr.org\\\/wp-content\\\/uploads\\\/2016\\\/08\\\/logo-corp-red.png\",\"contentUrl\":\"https:\\\/\\\/www.fcpr.org\\\/wp-content\\\/uploads\\\/2016\\\/08\\\/logo-corp-red.png\",\"width\":221,\"height\":32,\"caption\":\"Fundaci\u00f3n Comunitaria de Puerto Rico\"},\"image\":{\"@id\":\"https:\\\/\\\/www.fcpr.org\\\/#\\\/schema\\\/logo\\\/image\\\/\"},\"sameAs\":[\"https:\\\/\\\/www.facebook.com\\\/FundacionComunitaria\",\"https:\\\/\\\/x.com\\\/FComunitaria\",\"https:\\\/\\\/www.instagram.com\\\/fundacioncomunitaria\\\/\",\"https:\\\/\\\/www.youtube.com\\\/channel\\\/UCGGW21eIGw6NRin0BrylmWg\"]}]}<\/script>\n<!-- \/ Yoast SEO Premium plugin. -->","yoast_head_json":{"title":"Energy for community aqueducts - Fundaci\u00f3n Comunitaria de Puerto Rico","robots":{"index":"index","follow":"follow","max-snippet":"max-snippet:-1","max-image-preview":"max-image-preview:large","max-video-preview":"max-video-preview:-1"},"canonical":"https:\/\/www.fcpr.org\/en\/redundancia-energetica-para-acueductos\/","og_locale":"en_US","og_type":"article","og_title":"Energ\u00eda para acueductos comunitarios","og_description":"Tras los estragos del hurac\u00e1n Mar\u00eda en septiembre de 2017, la&nbsp;Fundaci\u00f3n Comunitaria de Puerto Rico&nbsp;(FCPR) cre\u00f3 el programa&nbsp;Agua Pa\u2019 Nosotros. Su enfoque primordial es brindar acceso a agua potable a trav\u00e9s del fortalecimiento de los acueductos comunitarios. Para lograrlo robustece cuatro \u00e1reas esenciales de los acueductos comunitarios: la infraestructura, la organizaci\u00f3n comunitaria, la administraci\u00f3n y [&hellip;]","og_url":"https:\/\/www.fcpr.org\/en\/redundancia-energetica-para-acueductos\/","og_site_name":"Fundaci\u00f3n Comunitaria de Puerto Rico","article_publisher":"https:\/\/www.facebook.com\/FundacionComunitaria","article_modified_time":"2024-08-30T15:57:07+00:00","og_image":[{"url":"https:\/\/www.fcpr.org\/wp-content\/uploads\/2021\/04\/CORUJAS-1-1024x618.jpg","type":"","width":"","height":""}],"twitter_card":"summary_large_image","twitter_site":"@FComunitaria","twitter_misc":{"Est. reading time":"3 minutes"},"schema":{"@context":"https:\/\/schema.org","@graph":[{"@type":"WebPage","@id":"https:\/\/www.fcpr.org\/redundancia-energetica-para-acueductos\/","url":"https:\/\/www.fcpr.org\/redundancia-energetica-para-acueductos\/","name":"Energy for community aqueducts - Fundaci\u00f3n Comunitaria de Puerto Rico","isPartOf":{"@id":"https:\/\/www.fcpr.org\/#website"},"primaryImageOfPage":{"@id":"https:\/\/www.fcpr.org\/redundancia-energetica-para-acueductos\/#primaryimage"},"image":{"@id":"https:\/\/www.fcpr.org\/redundancia-energetica-para-acueductos\/#primaryimage"},"thumbnailUrl":"https:\/\/www.fcpr.org\/wp-content\/uploads\/2021\/04\/CORUJAS-1-1024x618.jpg","datePublished":"2021-04-01T15:17:16+00:00","dateModified":"2024-08-30T15:57:07+00:00","breadcrumb":{"@id":"https:\/\/www.fcpr.org\/redundancia-energetica-para-acueductos\/#breadcrumb"},"inLanguage":"en-US","potentialAction":[{"@type":"ReadAction","target":["https:\/\/www.fcpr.org\/redundancia-energetica-para-acueductos\/"]}]},{"@type":"ImageObject","inLanguage":"en-US","@id":"https:\/\/www.fcpr.org\/redundancia-energetica-para-acueductos\/#primaryimage","url":"https:\/\/www.fcpr.org\/wp-content\/uploads\/2021\/04\/CORUJAS-1-1024x618.jpg","contentUrl":"https:\/\/www.fcpr.org\/wp-content\/uploads\/2021\/04\/CORUJAS-1-1024x618.jpg"},{"@type":"BreadcrumbList","@id":"https:\/\/www.fcpr.org\/redundancia-energetica-para-acueductos\/#breadcrumb","itemListElement":[{"@type":"ListItem","position":1,"name":"Home","item":"https:\/\/www.fcpr.org\/"},{"@type":"ListItem","position":2,"name":"Energ\u00eda para acueductos comunitarios"}]},{"@type":"WebSite","@id":"https:\/\/www.fcpr.org\/#website","url":"https:\/\/www.fcpr.org\/","name":"Puerto Rico Community Foundation","description":"Strengthening Community Capital","publisher":{"@id":"https:\/\/www.fcpr.org\/#organization"},"potentialAction":[{"@type":"SearchAction","target":{"@type":"EntryPoint","urlTemplate":"https:\/\/www.fcpr.org\/?s={search_term_string}"},"query-input":{"@type":"PropertyValueSpecification","valueRequired":true,"valueName":"search_term_string"}}],"inLanguage":"en-US"},{"@type":"Organization","@id":"https:\/\/www.fcpr.org\/#organization","name":"Puerto Rico Community Foundation","url":"https:\/\/www.fcpr.org\/","logo":{"@type":"ImageObject","inLanguage":"en-US","@id":"https:\/\/www.fcpr.org\/#\/schema\/logo\/image\/","url":"https:\/\/www.fcpr.org\/wp-content\/uploads\/2016\/08\/logo-corp-red.png","contentUrl":"https:\/\/www.fcpr.org\/wp-content\/uploads\/2016\/08\/logo-corp-red.png","width":221,"height":32,"caption":"Fundaci\u00f3n Comunitaria de Puerto Rico"},"image":{"@id":"https:\/\/www.fcpr.org\/#\/schema\/logo\/image\/"},"sameAs":["https:\/\/www.facebook.com\/FundacionComunitaria","https:\/\/x.com\/FComunitaria","https:\/\/www.instagram.com\/fundacioncomunitaria\/","https:\/\/www.youtube.com\/channel\/UCGGW21eIGw6NRin0BrylmWg"]}]}},"campaignId":"","_links":{"self":[{"href":"https:\/\/www.fcpr.org\/en\/wp-json\/wp\/v2\/pages\/9717","targetHints":{"allow":["GET"]}}],"collection":[{"href":"https:\/\/www.fcpr.org\/en\/wp-json\/wp\/v2\/pages"}],"about":[{"href":"https:\/\/www.fcpr.org\/en\/wp-json\/wp\/v2\/types\/page"}],"author":[{"embeddable":true,"href":"https:\/\/www.fcpr.org\/en\/wp-json\/wp\/v2\/users\/7"}],"replies":[{"embeddable":true,"href":"https:\/\/www.fcpr.org\/en\/wp-json\/wp\/v2\/comments?post=9717"}],"version-history":[{"count":100,"href":"https:\/\/www.fcpr.org\/en\/wp-json\/wp\/v2\/pages\/9717\/revisions"}],"predecessor-version":[{"id":16564,"href":"https:\/\/www.fcpr.org\/en\/wp-json\/wp\/v2\/pages\/9717\/revisions\/16564"}],"wp:attachment":[{"href":"https:\/\/www.fcpr.org\/en\/wp-json\/wp\/v2\/media?parent=9717"}],"curies":[{"name":"wp","href":"https:\/\/api.w.org\/{rel}","templated":true}]}}